{"id":3155,"date":"2018-12-18T19:03:29","date_gmt":"2018-12-18T18:03:29","guid":{"rendered":"http:\/\/www.cinam.univ-mrs.fr\/cinam\/science-pour-tous\/pourquoi-le-gecko-grimpe-aux-vitres-et-pas-moi\/"},"modified":"2018-12-18T19:03:29","modified_gmt":"2018-12-18T18:03:29","slug":"pourquoi-le-gecko-grimpe-aux-vitres-et-pas-moi","status":"publish","type":"page","link":"https:\/\/www.cinam.univ-mrs.fr\/cinam\/en\/events\/science-pour-tous\/pourquoi-le-gecko-grimpe-aux-vitres-et-pas-moi\/","title":{"rendered":"Pourquoi le gecko grimpe aux vitres et pas moi ?"},"content":{"rendered":"<div id=\"pl-3155\"  class=\"panel-layout\" ><div id=\"pg-3155-0\"  class=\"panel-grid panel-has-style\" ><div class=\"panel-row-style panel-row-style-for-3155-0\" ><div id=\"pgc-3155-0-0\"  class=\"panel-grid-cell\" ><div id=\"panel-3155-0-0-0\" class=\"so-panel widget widget_sow-editor panel-first-child panel-last-child\" data-index=\"0\" ><div\n\t\t\t\n\t\t\tclass=\"so-widget-sow-editor so-widget-sow-editor-base\"\n\t\t\t\n\t\t><h3 class=\"widget-title\">Forces \u00e0 grandes\/courtes distances<\/h3>\n<div class=\"siteorigin-widget-tinymce textwidget\">\n\t<p><em>Par Hubert Klein<\/em><\/p>\n<p>Le gecko a, au bout de ses pattes des millions de petits poils (les setae) de quelques centaines de nanom\u00e8tres de diam\u00e8tre, plus fins que des cheveux humains. Ces poils assurent un contact tr\u00e8s \u00e9troit avec les surfaces, m\u00eame rugueuses.<\/p>\n<p>Ces tr\u00e8s faibles distances entre l'extr\u00e9mit\u00e9 du poil et la surface de contact font que les\u00a0<strong>interactions de van der Waals<\/strong>\u00a0sont intenses, et permettent \u00e0 l'animal d'adh\u00e9rer \u00e0 tous les mat\u00e9riaux, m\u00eame les plus lisses.<br \/>\nA l'inverse nos doigts sont rugueux, et ne permettent pas un contact intime avec les surfaces sauf si elles sont elles-m\u00eame rugueuses. Il est donc hors de question pour nous de gravir une vitre...<br \/>\nLes interactions de type van der Waals sont des forces \u00e0 courte port\u00e9e, dont l'effet n'est g\u00e9n\u00e9ralement pas sensible \u00e0 l'\u00e9chelle macroscopique, \u00e0 l'inverse de la gravitation ou de la force \u00e9lectrostatique qui sont des forces \u00e0 grande port\u00e9e.<\/p>\n<\/div>\n<\/div><\/div><\/div><div id=\"pgc-3155-0-1\"  class=\"panel-grid-cell\" ><div id=\"panel-3155-0-1-0\" class=\"so-panel widget widget_sow-editor panel-first-child panel-last-child\" data-index=\"1\" ><div\n\t\t\t\n\t\t\tclass=\"so-widget-sow-editor so-widget-sow-editor-base\"\n\t\t\t\n\t\t>\n<div class=\"siteorigin-widget-tinymce textwidget\">\n\t<p><a href=\"http:\/\/www.cinam.univ-mrs.fr\/cinam\/wp-content\/uploads\/2019\/01\/pourquoi-le-gecko-grimpe-aux-vitres-et-pas-moi.jpg\"><img decoding=\"async\" loading=\"lazy\" class=\"alignleft wp-image-1957\" src=\"http:\/\/www.cinam.univ-mrs.fr\/cinam\/wp-content\/uploads\/2019\/01\/pourquoi-le-gecko-grimpe-aux-vitres-et-pas-moi.jpg\" alt=\"Pourquoi le gecko grimpe aux vitres et pas moi ?\" width=\"400\" height=\"400\" srcset=\"https:\/\/www.cinam.univ-mrs.fr\/cinam\/wp-content\/uploads\/2019\/01\/pourquoi-le-gecko-grimpe-aux-vitres-et-pas-moi.jpg 240w, https:\/\/www.cinam.univ-mrs.fr\/cinam\/wp-content\/uploads\/2019\/01\/pourquoi-le-gecko-grimpe-aux-vitres-et-pas-moi-150x150.jpg 150w\" sizes=\"(max-width: 400px) 100vw, 400px\" \/><\/a><\/p>\n<\/div>\n<\/div><\/div><\/div><\/div><\/div><div id=\"pg-3155-1\"  class=\"panel-grid panel-has-style\" ><div class=\"blueRow panel-row-style panel-row-style-for-3155-1\" ><div id=\"pgc-3155-1-0\"  class=\"panel-grid-cell\" ><div id=\"panel-3155-1-0-0\" class=\"so-panel widget widget_sow-editor panel-first-child panel-last-child\" data-index=\"2\" ><div\n\t\t\t\n\t\t\tclass=\"so-widget-sow-editor so-widget-sow-editor-base\"\n\t\t\t\n\t\t>\n<div class=\"siteorigin-widget-tinymce textwidget\">\n\t<figure id=\"attachment_1959\" aria-describedby=\"caption-attachment-1959\" style=\"width: 300px\" class=\"wp-caption alignnone\"><a href=\"http:\/\/www.cinam.univ-mrs.fr\/cinam\/wp-content\/uploads\/2019\/01\/pourquoi-le-gecko-grimpe-aux-vitres-et-pas-moi-2.gif\"><img decoding=\"async\" loading=\"lazy\" class=\"wp-image-1959 size-medium\" src=\"http:\/\/www.cinam.univ-mrs.fr\/cinam\/wp-content\/uploads\/2019\/01\/pourquoi-le-gecko-grimpe-aux-vitres-et-pas-moi-2-300x86.gif\" alt=\"Pourquoi le gecko grimpe aux vitres et pas moi ? 1\" width=\"300\" height=\"86\" \/><\/a><figcaption id=\"caption-attachment-1959\" class=\"wp-caption-text\">Illustration de l'attraction gravitationnelle mutuelle entre 2 objets<\/figcaption><\/figure>\n<\/div>\n<\/div><\/div><\/div><div id=\"pgc-3155-1-1\"  class=\"panel-grid-cell\" ><div id=\"panel-3155-1-1-0\" class=\"so-panel widget widget_sow-editor panel-first-child panel-last-child\" data-index=\"3\" ><div class=\"panel-widget-style panel-widget-style-for-3155-1-1-0\" ><div\n\t\t\t\n\t\t\tclass=\"so-widget-sow-editor so-widget-sow-editor-base\"\n\t\t\t\n\t\t>\n<div class=\"siteorigin-widget-tinymce textwidget\">\n\t<h2>Grande distance : la gravitation et la force \u00e9lectrostatique<\/h2>\n<p>Nous sommes familiaris\u00e9s avec l'action des forces \u00e0 grande distance, notamment la gravitation et la force \u00e9lectrostatique :<\/p>\n<ul>\n<li>La gravitation r\u00e9sulte de l'attraction mutuelle entre deux objets massifs<\/li>\n<li>La force \u00e9lectrostatique r\u00e9sulte des interactions entres charges \u00e9lectriques, et peut \u00eatre attractive ou r\u00e9pulsive entre charges de signes oppos\u00e9es ou identiques<\/li>\n<\/ul>\n<p><strong>Le point commun de ces deux forces, est que leur effet se fait sentir \u00e0 grandes distances.<\/strong><br \/>\nUn scientifique dira qu'elles varient comme l'inverse du carr\u00e9 de la distance s\u00e9parant les objets. Cela signifie concr\u00e8tement que si la distance entre objets est<\/p>\n<ul>\n<li>multipli\u00e9e par 2, la force d'interaction est divis\u00e9e par 4<\/li>\n<li>multipli\u00e9e par 10, la force d'interaction est divis\u00e9e par 100<\/li>\n<\/ul>\n<\/div>\n<\/div><\/div><\/div><\/div><\/div><\/div><div id=\"pg-3155-2\"  class=\"panel-grid panel-no-style\" ><div id=\"pgc-3155-2-0\"  class=\"panel-grid-cell\" ><div id=\"panel-3155-2-0-0\" class=\"so-panel widget widget_sow-editor panel-first-child panel-last-child\" data-index=\"4\" ><div\n\t\t\t\n\t\t\tclass=\"so-widget-sow-editor so-widget-sow-editor-base\"\n\t\t\t\n\t\t>\n<div class=\"siteorigin-widget-tinymce textwidget\">\n\t<h2>Courte distance : force de van der Waals<\/h2>\n<p>Il existe cependant des forces qui ne sont sensibles qu'\u00e0 de tr\u00e8s courtes distances, et auxquelles nous sommes moins familiaris\u00e9s. Ces forces sont responsables de la coh\u00e9sion des solides, de l'interaction entre mol\u00e9cules au sein d'un liquide par exemple.<br \/>\nLa force de van der Waals est une force dont les effets se font sentir \u00e0 des distances de l'ordre du nanom\u00e8tre (un milliardi\u00e8me de m\u00e8tre). Elle trouve son origine dans la d\u00e9formation (la polarisabilit\u00e9) des atomes. Un atome est constitu\u00e9 d'un noyau poss\u00e9dant une charge \u00e9lectrique positive, entour\u00e9 d'un nuage de charges n\u00e9gatives, les \u00e9lectrons. Ce nuage \u00e9lectronique peut se d\u00e9former spontan\u00e9ment au cours du temps. Sa d\u00e9formation engendre des d\u00e9formations \u00e9quivalentes des nuages \u00e9lectroniques des atomes dans son voisinage. La r\u00e9sultante de ces d\u00e9formations est une interaction (g\u00e9n\u00e9ralement attractive) entre atomes voisins.<\/p>\n<p>Ces forces ne sont g\u00e9n\u00e9ralement pas perceptibles directement \u00e0 notre \u00e9chelle, mais sont cependant responsables de ph\u00e9nom\u00e8nes connus, comme la tension de surface des liquides par exemple. Elles sont \u00e0 l'origine par exemple de la formation de gouttes sur une surface, ou encore de la fragmentation d'un jet de liquide.<\/p>\n<\/div>\n<\/div><\/div><\/div><\/div><div id=\"pg-3155-3\"  class=\"panel-grid panel-no-style\" ><div id=\"pgc-3155-3-0\"  class=\"panel-grid-cell\" ><div id=\"panel-3155-3-0-0\" class=\"so-panel widget widget_sow-editor panel-first-child panel-last-child\" data-index=\"5\" ><div\n\t\t\t\n\t\t\tclass=\"so-widget-sow-editor so-widget-sow-editor-base\"\n\t\t\t\n\t\t>\n<div class=\"siteorigin-widget-tinymce textwidget\">\n\t<div align=\"center\"><iframe loading=\"lazy\" src=\"https:\/\/www.youtube.com\/embed\/G1jGeeSWhXY\" width=\"560\" height=\"315\" frameborder=\"0\" allowfullscreen=\"allowfullscreen\"><\/iframe><\/div>\n<\/div>\n<\/div><\/div><\/div><\/div><div id=\"pg-3155-4\"  class=\"panel-grid panel-has-style\" ><div class=\"blueRow panel-row-style panel-row-style-for-3155-4\" ><div id=\"pgc-3155-4-0\"  class=\"panel-grid-cell\" ><div id=\"panel-3155-4-0-0\" class=\"so-panel widget widget_sow-editor panel-first-child panel-last-child\" data-index=\"6\" ><div\n\t\t\t\n\t\t\tclass=\"so-widget-sow-editor so-widget-sow-editor-base\"\n\t\t\t\n\t\t>\n<div class=\"siteorigin-widget-tinymce textwidget\">\n\t<figure id=\"attachment_1963\" aria-describedby=\"caption-attachment-1963\" style=\"width: 300px\" class=\"wp-caption alignnone\"><a href=\"http:\/\/www.cinam.univ-mrs.fr\/cinam\/wp-content\/uploads\/2019\/01\/pourquoi-le-gecko-grimpe-aux-vitres-et-pas-moi-4.jpg\"><img decoding=\"async\" loading=\"lazy\" class=\"wp-image-1963 size-medium\" src=\"http:\/\/www.cinam.univ-mrs.fr\/cinam\/wp-content\/uploads\/2019\/01\/pourquoi-le-gecko-grimpe-aux-vitres-et-pas-moi-4-300x226.jpg\" alt=\"Pourquoi le gecko grimpe aux vitres et pas moi ? 3\" width=\"300\" height=\"226\" srcset=\"https:\/\/www.cinam.univ-mrs.fr\/cinam\/wp-content\/uploads\/2019\/01\/pourquoi-le-gecko-grimpe-aux-vitres-et-pas-moi-4-300x226.jpg 300w, https:\/\/www.cinam.univ-mrs.fr\/cinam\/wp-content\/uploads\/2019\/01\/pourquoi-le-gecko-grimpe-aux-vitres-et-pas-moi-4.jpg 760w\" sizes=\"(max-width: 300px) 100vw, 300px\" \/><\/a><figcaption id=\"caption-attachment-1963\" class=\"wp-caption-text\">Image r\u00e9alis\u00e9e par microscopie \u00e9lectronique en transmission d'un film m\u00e9tallique dont l'\u00e9paisseur n'est que de 3 atomes (un nanom\u00e8tre).<\/figcaption><\/figure>\n<p><a href=\"http:\/\/www.cinam.univ-mrs.fr\/cinam\/wp-content\/uploads\/2019\/01\/pourquoi-le-gecko-grimpe-aux-vitres-et-pas-moi-3.jpg\"><img decoding=\"async\" loading=\"lazy\" class=\"alignnone wp-image-1961 size-full\" src=\"http:\/\/www.cinam.univ-mrs.fr\/cinam\/wp-content\/uploads\/2019\/01\/pourquoi-le-gecko-grimpe-aux-vitres-et-pas-moi-3.jpg\" alt=\"Pourquoi le gecko grimpe aux vitres et pas moi ? 2\" width=\"493\" height=\"339\" srcset=\"https:\/\/www.cinam.univ-mrs.fr\/cinam\/wp-content\/uploads\/2019\/01\/pourquoi-le-gecko-grimpe-aux-vitres-et-pas-moi-3.jpg 493w, https:\/\/www.cinam.univ-mrs.fr\/cinam\/wp-content\/uploads\/2019\/01\/pourquoi-le-gecko-grimpe-aux-vitres-et-pas-moi-3-300x206.jpg 300w\" sizes=\"(max-width: 493px) 100vw, 493px\" \/><\/a><\/p>\n<\/div>\n<\/div><\/div><\/div><div id=\"pgc-3155-4-1\"  class=\"panel-grid-cell\" ><div id=\"panel-3155-4-1-0\" class=\"so-panel widget widget_sow-editor panel-first-child panel-last-child\" data-index=\"7\" ><div class=\"panel-widget-style panel-widget-style-for-3155-4-1-0\" ><div\n\t\t\t\n\t\t\tclass=\"so-widget-sow-editor so-widget-sow-editor-base\"\n\t\t\t\n\t\t>\n<div class=\"siteorigin-widget-tinymce textwidget\">\n\t<h2>Pourquoi le pont s'\u00e9croule-t-il et pas le film m\u00e9tallique ?<\/h2>\n<p>Comme un pont, ce film n'est en appui que sur les parties gris fonc\u00e9 de l'image. Sur la partie centrale de l'image, le film n'a pas d'appuis sur une distance sup\u00e9rieure \u00e0 dix microns (l'\u00e9paisseur approximative d'un cheveu).<br \/>\nA grande \u00e9chelle cela correspondrait \u00e0 un pont dont le tablier ferait un m\u00e8tre d'\u00e9paisseur, et dont les piles seraient distantes de dix kilom\u00e8tres.<br \/>\nDans le cas du pont, dont le poids est important, l'interaction gravitationnelle provoquera \u00e0 coup s\u00fbr son \u00e9croulement ! Pour le film autosupport\u00e9 dont le poids est n\u00e9gligeable, ce sont les forces de coh\u00e9sion \u00e0 courte distance qui l'emportent.<br \/>\nDes chercheurs du CINAM utilisent cette propri\u00e9t\u00e9 pour fabriquer des films m\u00e9talliques ultra-minces et autosupport\u00e9s. Ces films, du fait de leur tr\u00e8s faible \u00e9paisseur, pr\u00e9sentent des propri\u00e9t\u00e9s particuli\u00e8res et sont utilis\u00e9s dans des exp\u00e9riences de microscopie \u00e9lectronique (<a href=\"http:\/\/scitation.aip.org\/content\/aip\/journal\/jap\/109\/1\/10.1063\/1.3524405\" target=\"_blank\" rel=\"noopener\">voir JAP vol 109<\/a>), afin de mieux comprendre les propri\u00e9t\u00e9s de la mati\u00e8re \u00e0 cette \u00e9chelle.<\/p>\n<\/div>\n<\/div><\/div><\/div><\/div><\/div><\/div><\/div>","protected":false},"excerpt":{"rendered":"<p>Par Hubert Klein Le gecko a, au bout de ses pattes des millions de petits poils (les setae) de quelques centaines de nanom\u00e8tres de diam\u00e8tre, plus fins que des cheveux humains. Ces poils assurent un contact tr\u00e8s \u00e9troit avec les surfaces, m\u00eame rugueuses. Ces tr\u00e8s faibles distances entre l&#8217;extr\u00e9mit\u00e9 du poil et la surface de <\/p>\n","protected":false},"author":1,"featured_media":321,"parent":3148,"menu_order":1,"comment_status":"closed","ping_status":"closed","template":"","meta":[],"aioseo_notices":[],"_links":{"self":[{"href":"https:\/\/www.cinam.univ-mrs.fr\/cinam\/en\/wp-json\/wp\/v2\/pages\/3155"}],"collection":[{"href":"https:\/\/www.cinam.univ-mrs.fr\/cinam\/en\/wp-json\/wp\/v2\/pages"}],"about":[{"href":"https:\/\/www.cinam.univ-mrs.fr\/cinam\/en\/wp-json\/wp\/v2\/types\/page"}],"author":[{"embeddable":true,"href":"https:\/\/www.cinam.univ-mrs.fr\/cinam\/en\/wp-json\/wp\/v2\/users\/1"}],"replies":[{"embeddable":true,"href":"https:\/\/www.cinam.univ-mrs.fr\/cinam\/en\/wp-json\/wp\/v2\/comments?post=3155"}],"version-history":[{"count":0,"href":"https:\/\/www.cinam.univ-mrs.fr\/cinam\/en\/wp-json\/wp\/v2\/pages\/3155\/revisions"}],"up":[{"embeddable":true,"href":"https:\/\/www.cinam.univ-mrs.fr\/cinam\/en\/wp-json\/wp\/v2\/pages\/3148"}],"wp:featuredmedia":[{"embeddable":true,"href":"https:\/\/www.cinam.univ-mrs.fr\/cinam\/en\/wp-json\/wp\/v2\/media\/321"}],"wp:attachment":[{"href":"https:\/\/www.cinam.univ-mrs.fr\/cinam\/en\/wp-json\/wp\/v2\/media?parent=3155"}],"curies":[{"name":"wp","href":"https:\/\/api.w.org\/{rel}","templated":true}]}}