{"id":3160,"date":"2018-12-18T19:35:57","date_gmt":"2018-12-18T18:35:57","guid":{"rendered":"http:\/\/www.cinam.univ-mrs.fr\/cinam\/science-pour-tous\/quel-est-le-lien-entre-le-corail-rouge-de-mediterranee-et-les-nanosciences\/"},"modified":"2018-12-18T19:35:57","modified_gmt":"2018-12-18T18:35:57","slug":"quel-est-le-lien-entre-le-corail-rouge-de-mediterranee-et-les-nanosciences","status":"publish","type":"page","link":"https:\/\/www.cinam.univ-mrs.fr\/cinam\/en\/events\/science-pour-tous\/quel-est-le-lien-entre-le-corail-rouge-de-mediterranee-et-les-nanosciences\/","title":{"rendered":"Quel est le lien entre le corail rouge de M\u00e9diterran\u00e9e et les nanosciences\u00a0?"},"content":{"rendered":"<div id=\"pl-3160\"  class=\"panel-layout\" ><div id=\"pg-3160-0\"  class=\"panel-grid panel-has-style\" ><div class=\"panel-row-style panel-row-style-for-3160-0\" ><div id=\"pgc-3160-0-0\"  class=\"panel-grid-cell\" ><div id=\"panel-3160-0-0-0\" class=\"so-panel widget widget_sow-editor panel-first-child panel-last-child\" data-index=\"0\" ><div\n\t\t\t\n\t\t\tclass=\"so-widget-sow-editor so-widget-sow-editor-base\"\n\t\t\t\n\t\t>\n<div class=\"siteorigin-widget-tinymce textwidget\">\n\t<p><em>Par Ang\u00e8le Ricolleau<\/em><\/p>\n<p>Le corail rouge (figure 1) est un organisme pluricellulaire constitu\u00e9 d\u2019un squelette qui est du min\u00e9ral. Ce squelette min\u00e9ral est constitu\u00e9 d\u2019un agencement de cristaux de calcite qui ont une orientation bien particuli\u00e8re et que l\u2019on ne retrouve pas dans des min\u00e9raux de calcites fabriqu\u00e9s sans l\u2019aide d\u2019un organisme biologique.<\/p>\n<p>L\u2019\u00e9tude de ce squelette fabriqu\u00e9 par un organisme biologique est tr\u00e8s int\u00e9ressante du fait de la particularit\u00e9 de son architecture min\u00e9rale \u00e0 toutes les \u00e9chelles et de la composition chimique du squelette qui cro\u00eet lentement (environ 1 mm en 10 ans) et qui enregistre ainsi les variations de son milieu.<\/p>\n<\/div>\n<\/div><\/div><\/div><div id=\"pgc-3160-0-1\"  class=\"panel-grid-cell\" ><div id=\"panel-3160-0-1-0\" class=\"so-panel widget widget_sow-editor panel-first-child panel-last-child\" data-index=\"1\" ><div\n\t\t\t\n\t\t\tclass=\"so-widget-sow-editor so-widget-sow-editor-base\"\n\t\t\t\n\t\t>\n<div class=\"siteorigin-widget-tinymce textwidget\">\n\t<p><a href=\"http:\/\/www.cinam.univ-mrs.fr\/cinam\/wp-content\/uploads\/2019\/02\/quel-est-le-lien-entre-le-corail-rouge-de-mediterranee-et-les-nanosciences-2.jpg\"><img decoding=\"async\" loading=\"lazy\" class=\"alignnone wp-image-2240 size-full\" src=\"http:\/\/www.cinam.univ-mrs.fr\/cinam\/wp-content\/uploads\/2019\/02\/quel-est-le-lien-entre-le-corail-rouge-de-mediterranee-et-les-nanosciences-2.jpg\" alt=\"Quel est le lien entre le corail rouge de M\u00e9diterran\u00e9e et les nanosciences\u00a0? 1\" width=\"500\" height=\"490\" srcset=\"https:\/\/www.cinam.univ-mrs.fr\/cinam\/wp-content\/uploads\/2019\/02\/quel-est-le-lien-entre-le-corail-rouge-de-mediterranee-et-les-nanosciences-2.jpg 500w, https:\/\/www.cinam.univ-mrs.fr\/cinam\/wp-content\/uploads\/2019\/02\/quel-est-le-lien-entre-le-corail-rouge-de-mediterranee-et-les-nanosciences-2-300x294.jpg 300w\" sizes=\"(max-width: 500px) 100vw, 500px\" \/><\/a><\/p>\n<\/div>\n<\/div><\/div><\/div><\/div><\/div><div id=\"pg-3160-1\"  class=\"panel-grid panel-has-style\" ><div class=\"blueRow panel-row-style panel-row-style-for-3160-1\" ><div id=\"pgc-3160-1-0\"  class=\"panel-grid-cell\" ><div id=\"panel-3160-1-0-0\" class=\"so-panel widget widget_sow-editor panel-first-child panel-last-child\" data-index=\"2\" ><div\n\t\t\t\n\t\t\tclass=\"so-widget-sow-editor so-widget-sow-editor-base\"\n\t\t\t\n\t\t>\n<div class=\"siteorigin-widget-tinymce textwidget\">\n\t<p><a href=\"http:\/\/www.cinam.univ-mrs.fr\/cinam\/wp-content\/uploads\/2019\/02\/quel-est-le-lien-entre-le-corail-rouge-de-mediterranee-et-les-nanosciences.jpg\"><img decoding=\"async\" loading=\"lazy\" class=\"alignnone wp-image-2238 size-full\" src=\"http:\/\/www.cinam.univ-mrs.fr\/cinam\/wp-content\/uploads\/2019\/02\/quel-est-le-lien-entre-le-corail-rouge-de-mediterranee-et-les-nanosciences.jpg\" alt=\"Quel est le lien entre le corail rouge de M\u00e9diterran\u00e9e et les nanosciences\u00a0?\" width=\"600\" height=\"502\" srcset=\"https:\/\/www.cinam.univ-mrs.fr\/cinam\/wp-content\/uploads\/2019\/02\/quel-est-le-lien-entre-le-corail-rouge-de-mediterranee-et-les-nanosciences.jpg 600w, https:\/\/www.cinam.univ-mrs.fr\/cinam\/wp-content\/uploads\/2019\/02\/quel-est-le-lien-entre-le-corail-rouge-de-mediterranee-et-les-nanosciences-300x251.jpg 300w\" sizes=\"(max-width: 600px) 100vw, 600px\" \/><\/a><\/p>\n<\/div>\n<\/div><\/div><\/div><div id=\"pgc-3160-1-1\"  class=\"panel-grid-cell\" ><div id=\"panel-3160-1-1-0\" class=\"so-panel widget widget_sow-editor panel-first-child panel-last-child\" data-index=\"3\" ><div class=\"panel-widget-style panel-widget-style-for-3160-1-1-0\" ><div\n\t\t\t\n\t\t\tclass=\"so-widget-sow-editor so-widget-sow-editor-base\"\n\t\t\t\n\t\t>\n<div class=\"siteorigin-widget-tinymce textwidget\">\n\t<p>On peut d\u00e9couper une tranche dans ce squelette (figure 2a) et l\u2019observer \u00e0 l\u2019\u0153il nu. Puis, on peut l\u2019observer \u00e0 l\u2019aide d\u2019un microscope optique qui grossit l\u2019image (figure 2b). On peut ainsi voir diff\u00e9rentes couleurs qui indiquent diff\u00e9rentes orientations de nos cristaux de calcite dans le squelette.<\/p>\n<p>On pousse l\u2019\u00e9tude en utilisant un microscope \u00e9lectronique \u00e0 balayage pour observer notre tranche. Le microscope \u00e9lectronique faisant la m\u00eame chose qu\u2019un microscope optique, c\u2019est-\u00e0-dire qu\u2019il grossit l\u2019image, mais en utilisant des \u00e9lectrons comme source \u00e0 la place de la lumi\u00e8re visible dans le cas du microscope optique.<\/p>\n<p>La lumi\u00e8re visible peut \u00eatre assimilable \u00e0 une onde et l\u2019on peut d\u00e9finir sa longueur d\u2019onde. Il en est de m\u00eame pour les \u00e9lectrons qui ont une longueur d\u2019onde plus petite et qui permettent donc d\u2019agrandir encore plus l\u2019image dans un microscope \u00e9lectronique. Notre tranche de squelette peut ainsi nous appara\u00eetre 1000 fois plus grande. Ceci a permis de voir que le squelette contient des min\u00e9raux individuels d\u2019une taille d\u2019environ 100 nm (\u00e9quivalent \u00e0 la taille d\u2019un virus ou \u00e0 1\/1000\u00e8me du diam\u00e8tre d\u2019un cheveu) agenc\u00e9 en filaments d\u2019une taille de quelque microm\u00e8tres (1\/100\u00e8me du diam\u00e8tre d\u2019un cheveu) (figure 2 c et d).<\/p>\n<\/div>\n<\/div><\/div><\/div><\/div><\/div><\/div><div id=\"pg-3160-2\"  class=\"panel-grid panel-no-style\" ><div id=\"pgc-3160-2-0\"  class=\"panel-grid-cell\" ><div id=\"panel-3160-2-0-0\" class=\"so-panel widget widget_sow-editor panel-first-child panel-last-child\" data-index=\"4\" ><div\n\t\t\t\n\t\t\tclass=\"so-widget-sow-editor so-widget-sow-editor-base\"\n\t\t\t\n\t\t>\n<div class=\"siteorigin-widget-tinymce textwidget\">\n\t<p>La calcite observ\u00e9e dans le squelette de corail rouge est particuli\u00e8re en comparaison de la calcite fabriqu\u00e9e sans l\u2019aide de la biologie. La calcite est constitu\u00e9e d\u2019atomes de calcium, de carbone et d\u2019oxyg\u00e8ne. En plus d\u2019avoir une m\u00eame orientation des grains dans le squelette, la calcite du corail rouge contient environ 10% de magn\u00e9sium ainsi que d\u2019autres \u00e9l\u00e9ments chimiques comme le soufre et le strontium. La concentration en magn\u00e9sium et autres \u00e9l\u00e9ments chimiques pr\u00e9sents dans les grains va d\u00e9pendre de l\u2019environnement du corail (temp\u00e9rature de l\u2019eau, pH, pollution).<\/p>\n<p>Pour en savoir plus sur le\u00a0<a href=\"http:\/\/www.cnrs.fr\/fr\/pdf\/corailrouge\/index.html#\/1\/\">corail rouge ...<\/a><\/p>\n<\/div>\n<\/div><\/div><\/div><\/div><\/div>","protected":false},"excerpt":{"rendered":"<p>Par Ang\u00e8le Ricolleau Le corail rouge (figure 1) est un organisme pluricellulaire constitu\u00e9 d\u2019un squelette qui est du min\u00e9ral. Ce squelette min\u00e9ral est constitu\u00e9 d\u2019un agencement de cristaux de calcite qui ont une orientation bien particuli\u00e8re et que l\u2019on ne retrouve pas dans des min\u00e9raux de calcites fabriqu\u00e9s sans l\u2019aide d\u2019un organisme biologique. L\u2019\u00e9tude de <\/p>\n","protected":false},"author":1,"featured_media":339,"parent":3148,"menu_order":6,"comment_status":"closed","ping_status":"closed","template":"","meta":[],"aioseo_notices":[],"_links":{"self":[{"href":"https:\/\/www.cinam.univ-mrs.fr\/cinam\/en\/wp-json\/wp\/v2\/pages\/3160"}],"collection":[{"href":"https:\/\/www.cinam.univ-mrs.fr\/cinam\/en\/wp-json\/wp\/v2\/pages"}],"about":[{"href":"https:\/\/www.cinam.univ-mrs.fr\/cinam\/en\/wp-json\/wp\/v2\/types\/page"}],"author":[{"embeddable":true,"href":"https:\/\/www.cinam.univ-mrs.fr\/cinam\/en\/wp-json\/wp\/v2\/users\/1"}],"replies":[{"embeddable":true,"href":"https:\/\/www.cinam.univ-mrs.fr\/cinam\/en\/wp-json\/wp\/v2\/comments?post=3160"}],"version-history":[{"count":0,"href":"https:\/\/www.cinam.univ-mrs.fr\/cinam\/en\/wp-json\/wp\/v2\/pages\/3160\/revisions"}],"up":[{"embeddable":true,"href":"https:\/\/www.cinam.univ-mrs.fr\/cinam\/en\/wp-json\/wp\/v2\/pages\/3148"}],"wp:featuredmedia":[{"embeddable":true,"href":"https:\/\/www.cinam.univ-mrs.fr\/cinam\/en\/wp-json\/wp\/v2\/media\/339"}],"wp:attachment":[{"href":"https:\/\/www.cinam.univ-mrs.fr\/cinam\/en\/wp-json\/wp\/v2\/media?parent=3160"}],"curies":[{"name":"wp","href":"https:\/\/api.w.org\/{rel}","templated":true}]}}