{"id":5044,"date":"2019-01-09T14:43:26","date_gmt":"2019-01-09T13:43:26","guid":{"rendered":"http:\/\/www.cinam.univ-mrs.fr\/cinam\/nanofabrication-2\/"},"modified":"2025-07-09T14:25:13","modified_gmt":"2025-07-09T12:25:13","slug":"nanofabrication-2","status":"publish","type":"page","link":"https:\/\/www.cinam.univ-mrs.fr\/cinam\/en\/nanofabrication-2\/","title":{"rendered":"Nanofabrication"},"content":{"rendered":"<div id=\"pl-5044\"  class=\"panel-layout\" ><div id=\"pg-5044-0\"  class=\"panel-grid panel-has-style\" ><div class=\"panel-row-style panel-row-style-for-5044-0\" ><div id=\"pgc-5044-0-0\"  class=\"panel-grid-cell\" ><div id=\"panel-5044-0-0-0\" class=\"so-panel widget widget_sow-button panel-first-child panel-last-child\" data-index=\"0\" ><div\n\t\t\t\n\t\t\tclass=\"so-widget-sow-button so-widget-sow-button-wire-c80fcc640494-5044\"\n\t\t\t\n\t\t><div class=\"ow-button-base ow-button-align-center\">\n\t<a\n\thref=\"http:\/\/www.cinam.univ-mrs.fr\/cinam\/en\/team\/planete\/#more1\"\n\t\tclass=\"ow-icon-placement-left ow-button-hover\" \t>\n\t\t<span>\n\t\t\t\n\t\t\tPLANETE\t\t<\/span>\n\t<\/a>\n<\/div>\n<\/div><\/div><\/div><div id=\"pgc-5044-0-1\"  class=\"panel-grid-cell\" ><div id=\"panel-5044-0-1-0\" class=\"so-panel widget widget_sow-button panel-first-child panel-last-child\" data-index=\"1\" ><div\n\t\t\t\n\t\t\tclass=\"so-widget-sow-button so-widget-sow-button-wire-76247c1f155d-5044\"\n\t\t\t\n\t\t><div class=\"ow-button-base ow-button-align-center\">\n\t<a\n\thref=\"http:\/\/www.cinam.univ-mrs.fr\/cinam\/en\/nanofabrication-2\/\"\n\t\tclass=\"ow-icon-placement-left ow-button-hover\" \t>\n\t\t<span>\n\t\t\t\n\t\t\tNanofab\t\t<\/span>\n\t<\/a>\n<\/div>\n<\/div><\/div><\/div><div id=\"pgc-5044-0-2\"  class=\"panel-grid-cell\" ><div id=\"panel-5044-0-2-0\" class=\"so-panel widget widget_sow-button panel-first-child panel-last-child\" data-index=\"2\" ><div\n\t\t\t\n\t\t\tclass=\"so-widget-sow-button so-widget-sow-button-wire-c80fcc640494-5044\"\n\t\t\t\n\t\t><div class=\"ow-button-base ow-button-align-center\">\n\t<a\n\thref=\"http:\/\/www.cinam.univ-mrs.fr\/cinam\/en\/lithography\/\"\n\t\tclass=\"ow-icon-placement-left ow-button-hover\" \t>\n\t\t<span>\n\t\t\t\n\t\t\tLithography\t\t<\/span>\n\t<\/a>\n<\/div>\n<\/div><\/div><\/div><div id=\"pgc-5044-0-3\"  class=\"panel-grid-cell\" ><div id=\"panel-5044-0-3-0\" class=\"so-panel widget widget_sow-button panel-first-child panel-last-child\" data-index=\"3\" ><div\n\t\t\t\n\t\t\tclass=\"so-widget-sow-button so-widget-sow-button-wire-c80fcc640494-5044\"\n\t\t\t\n\t\t><div class=\"ow-button-base ow-button-align-center\">\n\t<a\n\thref=\"http:\/\/www.cinam.univ-mrs.fr\/cinam\/en\/deposition\/\"\n\t\tclass=\"ow-icon-placement-left ow-button-hover\" \t>\n\t\t<span>\n\t\t\t\n\t\t\tDeposition\t\t<\/span>\n\t<\/a>\n<\/div>\n<\/div><\/div><\/div><div id=\"pgc-5044-0-4\"  class=\"panel-grid-cell\" ><div id=\"panel-5044-0-4-0\" class=\"so-panel widget widget_sow-button panel-first-child panel-last-child\" data-index=\"4\" ><div\n\t\t\t\n\t\t\tclass=\"so-widget-sow-button so-widget-sow-button-wire-c80fcc640494-5044\"\n\t\t\t\n\t\t><div class=\"ow-button-base ow-button-align-center\">\n\t<a\n\thref=\"http:\/\/www.cinam.univ-mrs.fr\/cinam\/en\/etching\/\"\n\t\tclass=\"ow-icon-placement-left ow-button-hover\" \t>\n\t\t<span>\n\t\t\t\n\t\t\tEtching\t\t<\/span>\n\t<\/a>\n<\/div>\n<\/div><\/div><\/div><div id=\"pgc-5044-0-5\"  class=\"panel-grid-cell\" ><div id=\"panel-5044-0-5-0\" class=\"so-panel widget widget_sow-button panel-first-child panel-last-child\" data-index=\"5\" ><div\n\t\t\t\n\t\t\tclass=\"so-widget-sow-button so-widget-sow-button-wire-c80fcc640494-5044\"\n\t\t\t\n\t\t><div class=\"ow-button-base ow-button-align-center\">\n\t<a\n\thref=\"#\"\n\t\tclass=\"ow-icon-placement-left ow-button-hover\" \t>\n\t\t<span>\n\t\t\t\n\t\t\tMetrology\t\t<\/span>\n\t<\/a>\n<\/div>\n<\/div><\/div><\/div><\/div><\/div><div id=\"pg-5044-1\"  class=\"panel-grid panel-no-style\" ><div id=\"pgc-5044-1-0\"  class=\"panel-grid-cell\" ><div id=\"panel-5044-1-0-0\" class=\"so-panel widget widget_sow-headline panel-first-child panel-last-child\" data-index=\"6\" ><div\n\t\t\t\n\t\t\tclass=\"so-widget-sow-headline so-widget-sow-headline-default-98dc6fff397f-5044\"\n\t\t\t\n\t\t><div class=\"sow-headline-container \">\n\t<h3 class='sow-headline'>Nanofabrication<\/h3>\t\t\t\t\t<div class=\"decoration\">\n\t\t\t\t\t\t<div class=\"decoration-inside\"><\/div>\n\t\t\t\t\t<\/div>\n\t\t\t\t\t<\/div>\n<\/div><\/div><\/div><\/div><div id=\"pg-5044-2\"  class=\"panel-grid panel-has-style\" ><div class=\"panel-row-style panel-row-style-for-5044-2\" ><div id=\"pgc-5044-2-0\"  class=\"panel-grid-cell\" ><div id=\"panel-5044-2-0-0\" class=\"so-panel widget widget_sow-slider panel-first-child\" data-index=\"7\" ><div\n\t\t\t\n\t\t\tclass=\"so-widget-sow-slider so-widget-sow-slider-default-6d39609536fd-5044\"\n\t\t\t\n\t\t>\t\t\t\t<div class=\"sow-slider-base\" style=\"display: none\" tabindex=\"0\">\n\t\t\t\t\t<ul\n\t\t\t\t\tclass=\"sow-slider-images\"\n\t\t\t\t\tdata-settings=\"{&quot;pagination&quot;:true,&quot;speed&quot;:800,&quot;timeout&quot;:4000,&quot;paused&quot;:false,&quot;pause_on_hover&quot;:false,&quot;swipe&quot;:true,&quot;nav_always_show_desktop&quot;:&quot;&quot;,&quot;nav_always_show_mobile&quot;:&quot;&quot;,&quot;breakpoint&quot;:&quot;780px&quot;,&quot;unmute&quot;:false,&quot;anchor&quot;:null}\"\n\t\t\t\t\t\t\t\t\t\tdata-anchor-id=\"\"\n\t\t\t\t>\t\t<li class=\"sow-slider-image\" style=\"visibility: visible;\" >\n\t\t\t\t\t\t<div class=\"sow-slider-image-container\">\n\t\t\t\t<div class=\"sow-slider-image-wrapper\" style=\"max-width: 416px\">\n\t\t\t\t\t\t\t\t\t\t<div class=\"sow-slider-image-foreground-wrapper\">\n\t\t\t\t\t\t<img width=\"416\" height=\"314\" src=\"https:\/\/www.cinam.univ-mrs.fr\/cinam\/wp-content\/uploads\/2019\/01\/nanofabrication-4.png\" class=\"sow-slider-foreground-image\" alt=\"Nanofabrication 3\" decoding=\"async\" loading=\"lazy\" style=\"\" srcset=\"https:\/\/www.cinam.univ-mrs.fr\/cinam\/wp-content\/uploads\/2019\/01\/nanofabrication-4.png 416w, https:\/\/www.cinam.univ-mrs.fr\/cinam\/wp-content\/uploads\/2019\/01\/nanofabrication-4-300x226.png 300w\" sizes=\"100vw\" \/>\t\t\t\t\t<\/div>\n\t\t\t\t\t\t\t\t\t<\/div>\n\t\t\t<\/div>\n\t\t\t\t\t<\/li>\n\t\t\t\t<li class=\"sow-slider-image\" style=\"visibility: hidden;\" >\n\t\t\t\t\t\t<div class=\"sow-slider-image-container\">\n\t\t\t\t<div class=\"sow-slider-image-wrapper\" style=\"max-width: 416px\">\n\t\t\t\t\t\t\t\t\t\t<div class=\"sow-slider-image-foreground-wrapper\">\n\t\t\t\t\t\t<img width=\"416\" height=\"318\" src=\"https:\/\/www.cinam.univ-mrs.fr\/cinam\/wp-content\/uploads\/2019\/01\/nanofabrication-5.png\" class=\"sow-slider-foreground-image\" alt=\"Nanofabrication 4\" decoding=\"async\" loading=\"lazy\" style=\"\" srcset=\"https:\/\/www.cinam.univ-mrs.fr\/cinam\/wp-content\/uploads\/2019\/01\/nanofabrication-5.png 416w, https:\/\/www.cinam.univ-mrs.fr\/cinam\/wp-content\/uploads\/2019\/01\/nanofabrication-5-300x229.png 300w\" sizes=\"100vw\" \/>\t\t\t\t\t<\/div>\n\t\t\t\t\t\t\t\t\t<\/div>\n\t\t\t<\/div>\n\t\t\t\t\t<\/li>\n\t\t<\/ul>\t\t\t\t<ol class=\"sow-slider-pagination\">\n\t\t\t\t\t\t\t\t\t\t\t<li><a href=\"#\" data-goto=\"0\" aria-label=\"display slide 1\"><\/a><\/li>\n\t\t\t\t\t\t\t\t\t\t\t<li><a href=\"#\" data-goto=\"1\" aria-label=\"display slide 2\"><\/a><\/li>\n\t\t\t\t\t\t\t\t\t<\/ol>\n\n\t\t\t\t<div class=\"sow-slide-nav sow-slide-nav-next\">\n\t\t\t\t\t<a href=\"#\" data-goto=\"next\" aria-label=\"next slide\" data-action=\"next\">\n\t\t\t\t\t\t<em class=\"sow-sld-icon-thin-right\"><\/em>\n\t\t\t\t\t<\/a>\n\t\t\t\t<\/div>\n\n\t\t\t\t<div class=\"sow-slide-nav sow-slide-nav-prev\">\n\t\t\t\t\t<a href=\"#\" data-goto=\"previous\" aria-label=\"previous slide\" data-action=\"prev\">\n\t\t\t\t\t\t<em class=\"sow-sld-icon-thin-left\"><\/em>\n\t\t\t\t\t<\/a>\n\t\t\t\t<\/div>\n\t\t\t\t<\/div><\/div><\/div><div id=\"panel-5044-2-0-1\" class=\"so-panel widget widget_sow-editor panel-last-child\" data-index=\"8\" ><div\n\t\t\t\n\t\t\tclass=\"so-widget-sow-editor so-widget-sow-editor-base\"\n\t\t\t\n\t\t>\n<div class=\"siteorigin-widget-tinymce textwidget\">\n\t<h4 style=\"text-align: center\">Plasmonic structures, LP3 - CINaM collaboration<\/h4>\n<p style=\"text-align: center\">Gold nanostructure arrays obtained by e-beam lithography<\/p>\n<\/div>\n<\/div><\/div><\/div><div id=\"pgc-5044-2-1\"  class=\"panel-grid-cell\" ><div id=\"panel-5044-2-1-0\" class=\"so-panel widget widget_sow-slider panel-first-child\" data-index=\"9\" ><div\n\t\t\t\n\t\t\tclass=\"so-widget-sow-slider so-widget-sow-slider-default-6d39609536fd-5044\"\n\t\t\t\n\t\t>\t\t\t\t<div class=\"sow-slider-base\" style=\"display: none\" tabindex=\"0\">\n\t\t\t\t\t<ul\n\t\t\t\t\tclass=\"sow-slider-images\"\n\t\t\t\t\tdata-settings=\"{&quot;pagination&quot;:true,&quot;speed&quot;:800,&quot;timeout&quot;:4000,&quot;paused&quot;:false,&quot;pause_on_hover&quot;:false,&quot;swipe&quot;:true,&quot;nav_always_show_desktop&quot;:&quot;&quot;,&quot;nav_always_show_mobile&quot;:&quot;&quot;,&quot;breakpoint&quot;:&quot;780px&quot;,&quot;unmute&quot;:false,&quot;anchor&quot;:null}\"\n\t\t\t\t\t\t\t\t\t\tdata-anchor-id=\"\"\n\t\t\t\t>\t\t<li class=\"sow-slider-image\" style=\"visibility: visible;\" >\n\t\t\t\t\t\t<div class=\"sow-slider-image-container\">\n\t\t\t\t<div class=\"sow-slider-image-wrapper\" style=\"max-width: 412px\">\n\t\t\t\t\t\t\t\t\t\t<div class=\"sow-slider-image-foreground-wrapper\">\n\t\t\t\t\t\t<img width=\"412\" height=\"314\" src=\"https:\/\/www.cinam.univ-mrs.fr\/cinam\/wp-content\/uploads\/2019\/01\/nanofabrication-6.png\" class=\"sow-slider-foreground-image\" alt=\"Nanofabrication 5\" decoding=\"async\" loading=\"lazy\" style=\"\" srcset=\"https:\/\/www.cinam.univ-mrs.fr\/cinam\/wp-content\/uploads\/2019\/01\/nanofabrication-6.png 412w, https:\/\/www.cinam.univ-mrs.fr\/cinam\/wp-content\/uploads\/2019\/01\/nanofabrication-6-300x229.png 300w\" sizes=\"100vw\" \/>\t\t\t\t\t<\/div>\n\t\t\t\t\t\t\t\t\t<\/div>\n\t\t\t<\/div>\n\t\t\t\t\t<\/li>\n\t\t<\/ul>\t\t\t\t<ol class=\"sow-slider-pagination\">\n\t\t\t\t\t\t\t\t\t\t\t<li><a href=\"#\" data-goto=\"0\" aria-label=\"display slide 1\"><\/a><\/li>\n\t\t\t\t\t\t\t\t\t<\/ol>\n\n\t\t\t\t<div class=\"sow-slide-nav sow-slide-nav-next\">\n\t\t\t\t\t<a href=\"#\" data-goto=\"next\" aria-label=\"next slide\" data-action=\"next\">\n\t\t\t\t\t\t<em class=\"sow-sld-icon-thin-right\"><\/em>\n\t\t\t\t\t<\/a>\n\t\t\t\t<\/div>\n\n\t\t\t\t<div class=\"sow-slide-nav sow-slide-nav-prev\">\n\t\t\t\t\t<a href=\"#\" data-goto=\"previous\" aria-label=\"previous slide\" data-action=\"prev\">\n\t\t\t\t\t\t<em class=\"sow-sld-icon-thin-left\"><\/em>\n\t\t\t\t\t<\/a>\n\t\t\t\t<\/div>\n\t\t\t\t<\/div><\/div><\/div><div id=\"panel-5044-2-1-1\" class=\"so-panel widget widget_sow-editor panel-last-child\" data-index=\"10\" ><div\n\t\t\t\n\t\t\tclass=\"so-widget-sow-editor so-widget-sow-editor-base\"\n\t\t\t\n\t\t>\n<div class=\"siteorigin-widget-tinymce textwidget\">\n\t<h4 style=\"text-align: center\">Deposition of nano-objects<\/h4>\n<p style=\"text-align: center\">Tungsten nanowire array<\/p>\n<\/div>\n<\/div><\/div><\/div><div id=\"pgc-5044-2-2\"  class=\"panel-grid-cell\" ><div id=\"panel-5044-2-2-0\" class=\"so-panel widget widget_sow-slider panel-first-child\" data-index=\"11\" ><div\n\t\t\t\n\t\t\tclass=\"so-widget-sow-slider so-widget-sow-slider-default-6d39609536fd-5044\"\n\t\t\t\n\t\t>\t\t\t\t<div class=\"sow-slider-base\" style=\"display: none\" tabindex=\"0\">\n\t\t\t\t\t<ul\n\t\t\t\t\tclass=\"sow-slider-images\"\n\t\t\t\t\tdata-settings=\"{&quot;pagination&quot;:true,&quot;speed&quot;:800,&quot;timeout&quot;:4000,&quot;paused&quot;:false,&quot;pause_on_hover&quot;:false,&quot;swipe&quot;:true,&quot;nav_always_show_desktop&quot;:&quot;&quot;,&quot;nav_always_show_mobile&quot;:&quot;&quot;,&quot;breakpoint&quot;:&quot;780px&quot;,&quot;unmute&quot;:false,&quot;anchor&quot;:null}\"\n\t\t\t\t\t\t\t\t\t\tdata-anchor-id=\"\"\n\t\t\t\t>\t\t<li class=\"sow-slider-image\" style=\"visibility: visible;\" >\n\t\t\t\t\t\t<div class=\"sow-slider-image-container\">\n\t\t\t\t<div class=\"sow-slider-image-wrapper\" style=\"max-width: 412px\">\n\t\t\t\t\t\t\t\t\t\t<div class=\"sow-slider-image-foreground-wrapper\">\n\t\t\t\t\t\t<img width=\"412\" height=\"314\" src=\"https:\/\/www.cinam.univ-mrs.fr\/cinam\/wp-content\/uploads\/2019\/01\/nanofabrication-8.png\" class=\"sow-slider-foreground-image\" alt=\"Nanofabrication 7\" decoding=\"async\" loading=\"lazy\" style=\"\" srcset=\"https:\/\/www.cinam.univ-mrs.fr\/cinam\/wp-content\/uploads\/2019\/01\/nanofabrication-8.png 412w, https:\/\/www.cinam.univ-mrs.fr\/cinam\/wp-content\/uploads\/2019\/01\/nanofabrication-8-300x229.png 300w\" sizes=\"100vw\" \/>\t\t\t\t\t<\/div>\n\t\t\t\t\t\t\t\t\t<\/div>\n\t\t\t<\/div>\n\t\t\t\t\t<\/li>\n\t\t\t\t<li class=\"sow-slider-image\" style=\"visibility: hidden;\" >\n\t\t\t\t\t\t<div class=\"sow-slider-image-container\">\n\t\t\t\t<div class=\"sow-slider-image-wrapper\" style=\"max-width: 410px\">\n\t\t\t\t\t\t\t\t\t\t<div class=\"sow-slider-image-foreground-wrapper\">\n\t\t\t\t\t\t<img width=\"410\" height=\"314\" src=\"https:\/\/www.cinam.univ-mrs.fr\/cinam\/wp-content\/uploads\/2019\/01\/nanofabrication-9.png\" class=\"sow-slider-foreground-image\" alt=\"Nanofabrication 8\" decoding=\"async\" loading=\"lazy\" style=\"\" srcset=\"https:\/\/www.cinam.univ-mrs.fr\/cinam\/wp-content\/uploads\/2019\/01\/nanofabrication-9.png 410w, https:\/\/www.cinam.univ-mrs.fr\/cinam\/wp-content\/uploads\/2019\/01\/nanofabrication-9-300x230.png 300w\" sizes=\"100vw\" \/>\t\t\t\t\t<\/div>\n\t\t\t\t\t\t\t\t\t<\/div>\n\t\t\t<\/div>\n\t\t\t\t\t<\/li>\n\t\t<\/ul>\t\t\t\t<ol class=\"sow-slider-pagination\">\n\t\t\t\t\t\t\t\t\t\t\t<li><a href=\"#\" data-goto=\"0\" aria-label=\"display slide 1\"><\/a><\/li>\n\t\t\t\t\t\t\t\t\t\t\t<li><a href=\"#\" data-goto=\"1\" aria-label=\"display slide 2\"><\/a><\/li>\n\t\t\t\t\t\t\t\t\t<\/ol>\n\n\t\t\t\t<div class=\"sow-slide-nav sow-slide-nav-next\">\n\t\t\t\t\t<a href=\"#\" data-goto=\"next\" aria-label=\"next slide\" data-action=\"next\">\n\t\t\t\t\t\t<em class=\"sow-sld-icon-thin-right\"><\/em>\n\t\t\t\t\t<\/a>\n\t\t\t\t<\/div>\n\n\t\t\t\t<div class=\"sow-slide-nav sow-slide-nav-prev\">\n\t\t\t\t\t<a href=\"#\" data-goto=\"previous\" aria-label=\"previous slide\" data-action=\"prev\">\n\t\t\t\t\t\t<em class=\"sow-sld-icon-thin-left\"><\/em>\n\t\t\t\t\t<\/a>\n\t\t\t\t<\/div>\n\t\t\t\t<\/div><\/div><\/div><div id=\"panel-5044-2-2-1\" class=\"so-panel widget widget_sow-editor panel-last-child\" data-index=\"12\" ><div\n\t\t\t\n\t\t\tclass=\"so-widget-sow-editor so-widget-sow-editor-base\"\n\t\t\t\n\t\t>\n<div class=\"siteorigin-widget-tinymce textwidget\">\n\t<h4 style=\"text-align: center;\">Local Focused Ion Beam (FIBID) and Electron Beam Induced Deposition (EBID)<\/h4>\n<p style=\"text-align: center;\">Tungsten nanodots deposition (EBID)<\/p>\n<\/div>\n<\/div><\/div><\/div><\/div><\/div><div id=\"pg-5044-3\"  class=\"panel-grid panel-no-style\" ><div id=\"pgc-5044-3-0\"  class=\"panel-grid-cell\" ><div id=\"panel-5044-3-0-0\" class=\"so-panel widget widget_sow-headline panel-first-child panel-last-child\" data-index=\"13\" ><div\n\t\t\t\n\t\t\tclass=\"so-widget-sow-headline so-widget-sow-headline-default-98dc6fff397f-5044\"\n\t\t\t\n\t\t><div class=\"sow-headline-container \">\n\t<h3 class='sow-headline'>Configuration of nanofabrication tools<\/h3>\t\t\t\t\t<div class=\"decoration\">\n\t\t\t\t\t\t<div class=\"decoration-inside\"><\/div>\n\t\t\t\t\t<\/div>\n\t\t\t\t\t<\/div>\n<\/div><\/div><\/div><\/div><div id=\"pg-5044-4\"  class=\"panel-grid panel-has-style\" ><div class=\"panel-row-style panel-row-style-for-5044-4\" ><div id=\"pgc-5044-4-0\"  class=\"panel-grid-cell\" ><div id=\"panel-5044-4-0-0\" class=\"so-panel widget widget_sow-editor panel-first-child panel-last-child\" data-index=\"14\" ><div\n\t\t\t\n\t\t\tclass=\"so-widget-sow-editor so-widget-sow-editor-base\"\n\t\t\t\n\t\t><h3 class=\"widget-title\">PIONEER System (RAITH GMBH)<\/h3>\n<div class=\"siteorigin-widget-tinymce textwidget\">\n\t<ul>\n<li>Hot cathode field emission electron gun (FEG)<\/li>\n<li>Electron column (100eV to 30 keV)<\/li>\n<li>Maximum e-beam current &gt;1nA<\/li>\n<li>The focused beam size &lt;2nm<\/li>\n<li>Back-scattered and secondary electron detectors (in-lens and out-lens)<\/li>\n<li>Interferometric stage 5cmx5cm (accuracy &lt;20nm)<\/li>\n<li>Tilt module 0 to 90\u00b0<\/li>\n<li>GDSII Editor<\/li>\n<\/ul>\n<p>Gas injection system (Orsay Physics)<\/p>\n<p>6 injection lines<\/p>\n<ul>\n<li>Platinum<\/li>\n<li>Tungsten<\/li>\n<li>Silicon oxide<\/li>\n<li>Xenon fluoride (for etching)<\/li>\n<li>Water vapor<\/li>\n<li>Purging line<\/li>\n<\/ul>\n<\/div>\n<\/div><\/div><\/div><div id=\"pgc-5044-4-1\"  class=\"panel-grid-cell\" ><div id=\"panel-5044-4-1-0\" class=\"so-panel widget widget_sow-editor panel-first-child panel-last-child\" data-index=\"15\" ><div\n\t\t\t\n\t\t\tclass=\"so-widget-sow-editor so-widget-sow-editor-base\"\n\t\t\t\n\t\t><h3 class=\"widget-title\">FIB-SEM Equipment (Helios 5 UC ThermoFisher)<\/h3>\n<div class=\"siteorigin-widget-tinymce textwidget\">\n\t<ul>\n<li data-start=\"85\" data-end=\"131\">\n<h4 data-start=\"87\" data-end=\"131\">Elstar electron column with UC+ technology<\/h4>\n<\/li>\n<li data-start=\"132\" data-end=\"204\">\n<h4 data-start=\"134\" data-end=\"204\">Tomahawk HT Ga\u207a focused ion beam (FIB) column with Fast Beam Blanker<\/h4>\n<\/li>\n<li data-start=\"205\" data-end=\"243\">\n<h4 data-start=\"207\" data-end=\"243\">3 gas injection systems (Pt, W, C)<\/h4>\n<\/li>\n<li data-start=\"244\" data-end=\"275\">\n<h4 data-start=\"246\" data-end=\"275\">EasyLift EX nanomanipulator<\/h4>\n<\/li>\n<li data-start=\"276\" data-end=\"308\">\n<h4 data-start=\"278\" data-end=\"308\">Oxford Ultim Max 100 mm\u00b2 EDS<\/h4>\n<\/li>\n<li data-start=\"309\" data-end=\"351\" data-is-last-node=\"\">\n<h4 data-start=\"311\" data-end=\"351\">RAITH Elphy MultiBeam lithography system<\/h4>\n<\/li>\n<\/ul>\n<\/div>\n<\/div><\/div><\/div><\/div><\/div><div id=\"pg-5044-5\"  class=\"panel-grid panel-has-style\" ><div class=\"panel-row-style panel-row-style-for-5044-5\" ><div id=\"pgc-5044-5-0\"  class=\"panel-grid-cell\" ><div id=\"panel-5044-5-0-0\" class=\"so-panel widget widget_sow-editor panel-first-child panel-last-child\" data-index=\"16\" ><div\n\t\t\t\n\t\t\tclass=\"so-widget-sow-editor so-widget-sow-editor-base\"\n\t\t\t\n\t\t>\n<div class=\"siteorigin-widget-tinymce textwidget\">\n\t<p>The Helios 5 UC system was acquired and installed in 2025. It was co-funded by the French government and local authorities (R\u00e9gion Sud and Ville de Marseille) as part of the State-Region Planning Contract (CPER 2021\u20132027) and the Priority Research Equipment and Program (PEPR Electronique).<\/p>\n<p>The PIONEER station was obtained in 2012 within the framework of a European FEDER project with the support of South PACA Region, Conseil G\u00e9n\u00e9ral des Bouches du Rh\u00f4ne, Aix-Marseille University, C'Nano PACA.<\/p>\n<p><img decoding=\"async\" loading=\"lazy\" class=\"aligncenter wp-image-1662 size-full\" src=\"http:\/\/www.cinam.univ-mrs.fr\/cinam\/wp-content\/uploads\/2019\/01\/nanofabrication.png\" alt=\"Nanofabrication\" width=\"2094\" height=\"248\" srcset=\"https:\/\/www.cinam.univ-mrs.fr\/cinam\/wp-content\/uploads\/2019\/01\/nanofabrication.png 2094w, https:\/\/www.cinam.univ-mrs.fr\/cinam\/wp-content\/uploads\/2019\/01\/nanofabrication-300x36.png 300w, https:\/\/www.cinam.univ-mrs.fr\/cinam\/wp-content\/uploads\/2019\/01\/nanofabrication-768x91.png 768w, https:\/\/www.cinam.univ-mrs.fr\/cinam\/wp-content\/uploads\/2019\/01\/nanofabrication-1024x121.png 1024w\" sizes=\"(max-width: 706px) 89vw, (max-width: 767px) 82vw, 740px\" \/><\/p>\n<\/div>\n<\/div><\/div><\/div><\/div><\/div><\/div>","protected":false},"excerpt":{"rendered":"<p>PLANETE Nanofab Lithography Deposition Etching Metrology Nanofabrication Plasmonic structures, LP3 &#8211; CINaM collaboration Gold nanostructure arrays obtained by e-beam lithography Deposition of nano-objects Tungsten nanowire array Local Focused Ion Beam (FIBID) and Electron Beam Induced Deposition (EBID) Tungsten nanodots deposition (EBID) Configuration of nanofabrication tools PIONEER System (RAITH GMBH) Hot cathode field emission electron gun <\/p>\n","protected":false},"author":14,"featured_media":0,"parent":0,"menu_order":0,"comment_status":"closed","ping_status":"closed","template":"page-templates\/full-page.php","meta":[],"aioseo_notices":[],"_links":{"self":[{"href":"https:\/\/www.cinam.univ-mrs.fr\/cinam\/en\/wp-json\/wp\/v2\/pages\/5044"}],"collection":[{"href":"https:\/\/www.cinam.univ-mrs.fr\/cinam\/en\/wp-json\/wp\/v2\/pages"}],"about":[{"href":"https:\/\/www.cinam.univ-mrs.fr\/cinam\/en\/wp-json\/wp\/v2\/types\/page"}],"author":[{"embeddable":true,"href":"https:\/\/www.cinam.univ-mrs.fr\/cinam\/en\/wp-json\/wp\/v2\/users\/14"}],"replies":[{"embeddable":true,"href":"https:\/\/www.cinam.univ-mrs.fr\/cinam\/en\/wp-json\/wp\/v2\/comments?post=5044"}],"version-history":[{"count":33,"href":"https:\/\/www.cinam.univ-mrs.fr\/cinam\/en\/wp-json\/wp\/v2\/pages\/5044\/revisions"}],"predecessor-version":[{"id":13936,"href":"https:\/\/www.cinam.univ-mrs.fr\/cinam\/en\/wp-json\/wp\/v2\/pages\/5044\/revisions\/13936"}],"wp:attachment":[{"href":"https:\/\/www.cinam.univ-mrs.fr\/cinam\/en\/wp-json\/wp\/v2\/media?parent=5044"}],"curies":[{"name":"wp","href":"https:\/\/api.w.org\/{rel}","templated":true}]}}