{"id":5985,"date":"2019-05-28T14:41:56","date_gmt":"2019-05-28T12:41:56","guid":{"rendered":"http:\/\/www.cinam.univ-mrs.fr\/cinam\/alumini-masters-2019\/"},"modified":"2025-11-05T13:17:52","modified_gmt":"2025-11-05T12:17:52","slug":"alumini-masters-2019","status":"publish","type":"page","link":"https:\/\/www.cinam.univ-mrs.fr\/cinam\/en\/alumini-masters-2019\/","title":{"rendered":"ALUMNI : MASTERS (2019-&#8230;)"},"content":{"rendered":"<div class=\"txt\">\n<div class=\"txt\">\n<p><a href=\"mailto:faycal.hamamria@etu.univ-amu.fr\">Fay\u00e7al HAMAMRIA<\/a> Master 2 en nanosciences et nanotechnologies<\/p>\n<p>Field emission from electrochemically fabricated sources<\/p>\n<p><strong>17\/02\/2025-17\/09\/2025<\/strong><\/p>\n<hr \/>\n<\/div>\n<p><a href=\"mailto:ilyass.boulefra@etu.univ-amu.fr\">Boulefra Ilyass<\/a> Polytech G\u00e9nie Biom\u00e9dicale (4A)<\/p>\n<p>Monitoring cellular interactions through image processing.<\/p>\n<p><strong>12\/04\/2025-01\/08\/2025<\/strong><\/p>\n<hr \/>\n<p><a href=\"mailto:Franceisraeechchafi520@gmail.com\">Israe Echchcafi<\/a>\u00a0 Polytech G\u00e9nie Biom\u00e9dicale (4A)<\/p>\n<p>Modelling of droplet evaporation in the presence of neighbouring droplets.<\/p>\n<p><strong>12\/04\/2025-01\/08\/2025<\/strong><\/p>\n<hr \/>\n<p><a href=\"mailto:gihane.EL-KHIRI@etu.univ-amu.fr\">Gihane El-Khiri<\/a>, Master 2 chimie Analyse chimique et spectroscopie<\/p>\n<p>Effect of an electric field or laser pulse on crystallisation. Statistical and modelling studies.<\/p>\n<p><strong>3\/02\/2025-31\/07\/2025<\/strong><\/p>\n<hr \/>\n<p><a href=\"mailto:hounkpatiurbain6@gmail.com\">Tinhie Marius<\/a> M2 Master Physique Photonique (UNA, C\u00f4te d&#8217;Ivoire)<\/p>\n<p>Towards more sustainable rechargeable cells and batteries.<\/p>\n<p><strong>28\/04\/2025-30\/06\/2025<\/strong><\/p>\n<hr \/>\n<p><a href=\"mailto:hounkpatiurbain6@gmail.com\">Houkpati Urbain<\/a> M2 Energies renouvelables et Habitat (Kara, Togo)<\/p>\n<p>Towards more sustainable rechargeable cells and batteries.<\/p>\n<p><strong>28\/04\/2025-30\/06\/2025<\/strong><\/p>\n<hr \/>\n<p><a href=\"mailto:mabafei9331@gmail.com\">Mabafei Essohana<\/a> M2 Energies renouvelables et Habitat (Kara, Togo)<\/p>\n<p>Electrically assisted mechanical generator.<\/p>\n<p><strong>28\/04\/2025-30\/06\/2025<\/strong><\/p>\n<hr \/>\n<p><a href=\"mailto:sounanpatrice92@gmail.com\">N&#8217;Kongon Patrice Sounan<\/a> M2 physique-chimie (UJLog, C\u00f4te d&#8217;Ivoire)<\/p>\n<p>Electrically assisted mechanical generator.<\/p>\n<p><strong>30\/04\/2025-30\/06\/2025<\/strong><\/p>\n<hr \/>\n<p><a href=\"mailto:bambasfa19@gmail.com\">Bamba Ibrahim<\/a> M2 Master Physique Photonique (UNA, C\u00f4te d&#8217;Ivoire)<\/p>\n<p>Viscosity measurement by AFM.<\/p>\n<p><strong>22\/04\/2025-30\/06\/2025<\/strong><\/p>\n<hr \/>\n<p><a href=\"mailto:adamanacanabo0501@gmail.com\">Nacanabo Adama<\/a> M2 Master Physique Photonique (UNA, C\u00f4te d&#8217;Ivoire)<\/p>\n<p>Real-time image analysis.<\/p>\n<p><strong>22\/04\/2025-30\/06\/2025<\/strong><\/p>\n<hr \/>\n<p><a href=\"mailto:anna.rdrz@outlook.com\">Anna Rodriguez:<\/a> Master 1, 4A ESITech Rouen<\/p>\n<p>Finite element simulation of the jetting dynamic in LIFT process for the optimization of the 3D printing resolution .<\/p>\n<p><strong>21\/05\/2024-21\/09\/2024<\/strong><\/p>\n<hr \/>\n<p><a href=\"mailto:audrey.KWEKEU-KWEDJIN@etu.univ-amu.fr\">Audrey Kwekeu Kwedjin:<\/a>\u00a0 Polytech Marseille GBM (5A)<\/p>\n<p>Modeling droplet generation in microfluidics for biomedical applications.<\/p>\n<p><strong>02\/04\/2024-04\/10\/2024<\/strong><\/p>\n<hr \/>\n<p><a href=\"mailto:lihuafei326@gmail.com\">Huafei LI:<\/a>\u00a0 Master 2 m\u00e9canique des fluides (MF2A), Sorbonne Universist\u00e9<\/p>\n<p>Design of an analgesic chest drain.<\/p>\n<p><strong>25\/03\/2024-30\/08\/2024<\/strong><\/p>\n<hr \/>\n<\/div>\n<p><a href=\"mailto:mohamed.reguig@etu.univ-amu.fr\">Mohamed Reguig:<\/a> Master 1<\/p>\n<p>Measurement of flow regimes in the new coaxial ion source.<\/p>\n<p><strong>22\/04\/2024-31\/05\/2024<\/strong><\/p>\n<hr \/>\n<p><a href=\"mailto:hugo.chatelard@etu.univ-amu.fr\">Hugo Chatelard:<\/a> Master 1 Nanosciences et nanotechnologies<\/p>\n<p>Influence of the viscosity of the dispersed medium on drop generation in microfluidics.<\/p>\n<p><strong>02\/04\/2024-26\/07\/2024<\/strong><\/p>\n<hr \/>\n<p><a href=\"mailto:chaimae.el-mokaddem@etu.univ-amu.fr\">Chaimae El Mokaddem:<\/a> Master 1 Nanosciences et nanotechnologies<\/p>\n<p>Preparation and characterization of electron and ion sources by electrochemical and micro-fluidic means.<\/p>\n<p><strong>02\/04\/2024-26\/07\/2024<\/strong><\/p>\n<hr \/>\n<p><a href=\"mailto:aanantharaj9876@gmail.com\">Aanantharaj Kumaran:<\/a> Master 2 Erasmus Mundus BIOPHAM (Bio and Pharmaceutical Material Science)<\/p>\n<p>Triggering nucleation of crystals of pharmaceutical interest in nanodroplets in a microfluidic set-up<\/p>\n<p><strong>15\/02\/2024-31\/07\/2024<\/strong><\/p>\n<hr \/>\n<p><a href=\"mailto:lucie.corral@etu.univ-amu.fr\">Lucie CORRAL:<\/a> Polytech Chateau Gombert (5A)<\/p>\n<p>Mechanical properties of membranes under flow<\/p>\n<p><strong>06\/03\/2023-13\/09\/2023<\/strong><\/p>\n<hr \/>\n<p><a href=\"mailto:yassine.touati@etu.umontpellier.fr\">Yassine TOUATI<\/a> : Polytech Montpellier (5A)<\/p>\n<p>Design of an analgesic chest drain<\/p>\n<p><strong>13\/03\/2023-25\/08\/2023<\/strong><\/p>\n<hr \/>\n<p><a href=\"mailto:nathalia.LOPES-LIMA-SANTOS@etu.univ-amu.fr\">Nathalia LOPES LIMA SANTOS:<\/a> Polytech GBM (4A)<\/p>\n<p>Study of crystallization by contraction of microdroplets in a microfluidic system<\/p>\n<p><strong>09\/05\/2023-28\/07\/2023<\/strong><\/p>\n<hr \/>\n<p><a href=\"mailto:imane.benzine@etu.univ-amu.fr\">Imane Benzine:<\/a>\u00a0 Polytech GBM 4A<\/p>\n<p>Image analysis of sessile drops<\/p>\n<p><strong>09\/05\/ 2022-29\/07\/2022<\/strong><\/p>\n<hr \/>\n<p><a href=\"mailto:soulayman.boussarhane@etu.univ-amu.fr\">Soulayman Boussarhane:<\/a>\u00a0 Polytech GBM 4A<\/p>\n<p>Image analysis of drops in tubes<\/p>\n<p><strong>09\/05\/ 2022-29\/07\/2022<\/strong><\/p>\n<hr \/>\n<p><a href=\"mailto:sylia.benslimane@etu.univ-amu.fr\">Sylia Benslimane<\/a>: Master 1 Nanosciences et Nanotechnologies<\/p>\n<p>Electrochemical deposition of Iridium and Paladium on ultrafine tungsten tip<\/p>\n<p><strong>28\/ 03\/2022-29\/07\/2022<\/strong><\/p>\n<hr \/>\n<p><a href=\"mailto:laurencich@cinam.univ-mrs.fr\">Marine Laurencich<\/a>: Master 2 Nanosciences et Nanotechnologies \u2013 Parcours Ing\u00e9nierie des Mat\u00e9riaux et Nanotechnologies<\/p>\n<p>Source d&#8217;\u00e9lectrons isolant sur conducteur : caract\u00e9risation et optimisation<\/p>\n<p><strong>6\/09\/ 2021-5\/09\/2022<\/strong><\/p>\n<hr \/>\n<p><a href=\"mailto:lilian.charrier@outlook.fr\">Lilian Charrier<\/a>: L3 MIASHS<\/p>\n<p>Crystal nucleation: a rare and stochastic event<\/p>\n<p><strong>28\/01\/2022-30\/04\/2022<\/strong><\/p>\n<hr \/>\n<p><a href=\"mailto:wagner.gregoireer@gmail.com\">Gr\u00e9goire Wagner<\/a>: Master 2 Nanosciences et Nanotechnologies \u2013 Parcours Ing\u00e9nierie des Mat\u00e9riaux et Nanotechnologies<\/p>\n<p>Increase in hydrogen gas production with a strong local field<\/p>\n<p><strong>3\/03\/ 2022-30\/07\/2022<\/strong><\/p>\n<hr \/>\n<p><a href=\"mailto:msahazi-ahamada.ALI@etu.univ-amu.fr\">Ali Msahazi Ahamada<\/a>: Master 1 Nanosciences et Nanotechnologies<\/p>\n<p>Development of a fibered force probe for a frequency modulation AFM<\/p>\n<p><strong>02\/05\/ 2022-10\/06\/2022<\/strong><\/p>\n<hr \/>\n<p><a href=\"mailto:axele.felloneau@etu.univ-amu.fr\">Axelle Felloneau<\/a>: Master 1 BTI<\/p>\n<p>Modelling a venous valve<\/p>\n<p><strong>28\/03\/ 2022-27\/05\/2022<\/strong><\/p>\n<hr \/>\n<p><a href=\"mailto:marine.Laurencich@etu.univ-amu.fr\">Marine Laurencich<\/a>: Master 1 IMN<\/p>\n<p>Ionisation de champ par une structure isolante sur conducteur<\/p>\n<p><strong>1\/04\/ 2021-30\/07\/2021<\/strong><\/p>\n<hr \/>\n<p><a href=\"mailto:maxime.barbet@etu.univ-amu.fr\">Maxime Barbet<\/a>: Master 2 Ing\u00e9nierie des Mat\u00e9riaux et Nanotechnologies<\/p>\n<p>Nano \u00e9lectrodes en microfluidique: influence du champ \u00e9lectrique sur la nucl\u00e9ation<\/p>\n<p><strong>1\/02\/ 2021-31\/07\/2021<\/strong><\/p>\n<hr \/>\n<p><a href=\"mailto:matthieu.rocheron@etu.univ-amu.fr\">Matthieu Rocheron<\/a>: Master 1 IMN<\/p>\n<p>Measuring the viscosity\/density gradient occurring at the vicinity of an interface between two liquids<\/p>\n<p><strong>8\/03\/ 2021-02\/07\/2021<\/strong><\/p>\n<hr \/>\n<p><a href=\"mailto:djouher.bedrane@etu.univ-amu.fr\">Djouher Bedrane<\/a>: Master 2 Nanosciences<\/p>\n<p>Field ionisation and point sources: Advantages and implementation of a coaxial ion source<\/p>\n<p><strong>23\/03\/ 2020-18\/09\/2020<\/strong><\/p>\n<hr \/>\n<p><a href=\"mailto:jeremy.tampere@orange.fr\">J\u00e9r\u00e9my Tamp\u00e8re<\/a>\u00a0: Master 2 Chimie Sp\u00e9cialisation Cristallisation<\/p>\n<p>Approche exp\u00e9rimentale de la cristallisation en solution par microfluidique<\/p>\n<p><strong>03\/02\/ 2020-10\/07\/2020<\/strong><\/p>\n<hr \/>\n<p>Ana\u00a0Sandoval : M2 Economie de l&#8217;\u00e9nergie et des ressources naturelles<\/p>\n<p><em>Mobilit\u00e9 \u00e9lectrique coupl\u00e9e aux \u00e9nergies renouvelables<\/em><\/p>\n<p><strong>01\/04\/2019-30\/08\/2019<\/strong><\/p>\n<hr \/>\n<p>Thomas Bachour : El\u00e9ve ing\u00e9nieur Polytech Mat\u00e9riaux<\/p>\n<p><em>Mobilit\u00e9 \u00e9lectrique coupl\u00e9e aux \u00e9nergies renouvelables<\/em><\/p>\n<p><strong>01\/04\/2019-30\/08\/2019<\/strong><\/p>\n<hr \/>\n<p><a href=\"mailto:colomes.cecilia@gmail.com\">Cecilia Colomes<\/a> : Master 1 Nanosciences et Nanotechnologies<\/p>\n<p>Etude de la g\u00e9n\u00e9ration de billes de gel en microfluidique<\/p>\n<p><strong>01\/04\/2019-31\/07\/2019<\/strong><\/p>\n<hr \/>\n<p><a href=\"mailto:benyamin.makhloufi@hotmail.fr\">Benyamin Makhloufi<\/a> : Master 1 Nanosciences et Nanotechnologies<\/p>\n<p>Etude de la g\u00e9n\u00e9ration de gouttes de volume nanom\u00e9trique<\/p>\n<p><strong>01\/04\/2019-31\/07\/2019<\/strong><\/p>\n<hr \/>\n<p><a href=\"mailto:julien.sauvageot@centrale-marseille.fr\">Julien Sauvageot:<\/a> Ecole Centrale Marseille<\/p>\n<p>Interfa\u00e7age de cam\u00e9ra pour d\u00e9tection en mode comptage<\/p>\n<p><strong>03\/06\/2019-26\/07\/2019<\/strong><\/p>\n<hr \/>\n<p><a href=\"mailto:lepinay.simon@gmail.com\">Simon Lepinay<\/a>: Master 2 Chimie Sp\u00e9cialisation Cristallisation<\/p>\n<p>Microfluidique \u00e0 architecture ouverte \u00e0 base de nanocapillaires : approche<br \/>\nexp\u00e9rimentale de la nucl\u00e9ation de cristaux en solution par confinement<\/p>\n<p><strong>04\/02\/ 2019-12\/07\/2019<\/strong><\/p>\n<hr \/>\n<p><a href=\"mailto:jeremy.thomat@gmail.com\">J\u00e9r\u00e9my Thomat<\/a>: BTS Conception de Produits Industriels<\/p>\n<p>Conception d\u2019un analyseur h\u00e9misph\u00e9rique en \u00e9nergie<\/p>\n<p><strong>27\/05\/2019 &#8211; 06\/07\/2019<\/strong><\/p>\n<hr \/>\n<p><a href=\"mailto:maxime.imbert32@gmail.com\">Maxime Imbert<\/a>: Master 1 <span class=\"st\">bio-ing\u00e9nierie des tissus et des implants<\/span><\/p>\n<p>Simulation COMSOL d&#8217;une pompe microfluidique<\/p>\n<p><strong>28\/03\/2019-15\/05\/2019<\/strong><\/p>\n<hr \/>\n<p>Romain Buisson: Master 2 Bio-ing\u00e9nierie des Tissus et des Implants\u2013 Aix-Marseille Universit\u00e9<\/p>\n<p><strong>2018<\/strong><\/p>\n<hr \/>\n<p>Hajar Blladi: Master 2 G\u00e9nie Biom\u00e9dical &#8211; Polytech Marseille<\/p>\n<p><strong>2018<\/strong><\/p>\n<hr \/>\n<p>Paulin Ngounstop, Master 2 Ecole des Mines d&#8217;Al\u00e8s<\/p>\n<p><strong>2016<\/strong><\/p>\n<hr \/>\n<p>Marin Jourdan: Master 2 Chimie Sp\u00e9cialisation Cristallisation<\/p>\n<p>Approche statistique de la nucl\u00e9ation : mesure de temps d\u2019induction en milieu confin\u00e9<\/p>\n<p><strong>1\/03\/2015 &#8211; 31\/07\/2015<\/strong><\/p>\n<hr \/>\n<p>Guillem Peybern\u00e8s: Master 2 Bio-ing\u00e9nierie des Tissus et des Implants\u2013 Aix-Marseille Universit\u00e9<\/p>\n<p><strong>2015<\/strong><\/p>\n<p>&nbsp;<\/p>\n","protected":false},"excerpt":{"rendered":"<p>Fay\u00e7al HAMAMRIA Master 2 en nanosciences et nanotechnologies Field emission from electrochemically fabricated sources 17\/02\/2025-17\/09\/2025 Boulefra Ilyass Polytech G\u00e9nie Biom\u00e9dicale (4A) Monitoring cellular interactions through image processing. 12\/04\/2025-01\/08\/2025 Israe Echchcafi\u00a0 Polytech G\u00e9nie Biom\u00e9dicale (4A) Modelling of droplet evaporation in the presence of neighbouring droplets. 12\/04\/2025-01\/08\/2025 Gihane El-Khiri, Master 2 chimie Analyse chimique et spectroscopie Effect <\/p>\n","protected":false},"author":5,"featured_media":0,"parent":0,"menu_order":0,"comment_status":"closed","ping_status":"closed","template":"","meta":[],"aioseo_notices":[],"_links":{"self":[{"href":"https:\/\/www.cinam.univ-mrs.fr\/cinam\/en\/wp-json\/wp\/v2\/pages\/5985"}],"collection":[{"href":"https:\/\/www.cinam.univ-mrs.fr\/cinam\/en\/wp-json\/wp\/v2\/pages"}],"about":[{"href":"https:\/\/www.cinam.univ-mrs.fr\/cinam\/en\/wp-json\/wp\/v2\/types\/page"}],"author":[{"embeddable":true,"href":"https:\/\/www.cinam.univ-mrs.fr\/cinam\/en\/wp-json\/wp\/v2\/users\/5"}],"replies":[{"embeddable":true,"href":"https:\/\/www.cinam.univ-mrs.fr\/cinam\/en\/wp-json\/wp\/v2\/comments?post=5985"}],"version-history":[{"count":24,"href":"https:\/\/www.cinam.univ-mrs.fr\/cinam\/en\/wp-json\/wp\/v2\/pages\/5985\/revisions"}],"predecessor-version":[{"id":14075,"href":"https:\/\/www.cinam.univ-mrs.fr\/cinam\/en\/wp-json\/wp\/v2\/pages\/5985\/revisions\/14075"}],"wp:attachment":[{"href":"https:\/\/www.cinam.univ-mrs.fr\/cinam\/en\/wp-json\/wp\/v2\/media?parent=5985"}],"curies":[{"name":"wp","href":"https:\/\/api.w.org\/{rel}","templated":true}]}}