{"id":7831,"date":"2020-10-20T11:33:50","date_gmt":"2020-10-20T09:33:50","guid":{"rendered":"http:\/\/www.cinam.univ-mrs.fr\/cinam\/?page_id=7831"},"modified":"2021-06-22T14:54:11","modified_gmt":"2021-06-22T12:54:11","slug":"jeol-jsm-7900f","status":"publish","type":"page","link":"https:\/\/www.cinam.univ-mrs.fr\/cinam\/en\/jeol-jsm-7900f\/","title":{"rendered":"JEOL JSM-7900F"},"content":{"rendered":"<div id=\"pl-7831\"  class=\"panel-layout\" ><div id=\"pg-7831-0\"  class=\"panel-grid panel-has-style\" ><div class=\"panel-row-style panel-row-style-for-7831-0\" ><div id=\"pgc-7831-0-0\"  class=\"panel-grid-cell\" ><div id=\"panel-7831-0-0-0\" class=\"so-panel widget widget_sow-button panel-first-child panel-last-child\" data-index=\"0\" ><div\n\t\t\t\n\t\t\tclass=\"so-widget-sow-button so-widget-sow-button-wire-7ff549ac4a37-7831\"\n\t\t\t\n\t\t><div class=\"ow-button-base ow-button-align-center\">\n\t<a\n\thref=\"http:\/\/www.cinam.univ-mrs.fr\/cinam\/en\/team\/service-microscopie-electronique\/\"\n\t\tclass=\"ow-icon-placement-left ow-button-hover\" \t>\n\t\t<span>\n\t\t\t\n\t\t\tPlateform<br \/>Home\t\t<\/span>\n\t<\/a>\n<\/div>\n<\/div><\/div><\/div><div id=\"pgc-7831-0-1\"  class=\"panel-grid-cell\" ><div id=\"panel-7831-0-1-0\" class=\"so-panel widget widget_sow-button panel-first-child panel-last-child\" data-index=\"1\" ><div\n\t\t\t\n\t\t\tclass=\"so-widget-sow-button so-widget-sow-button-wire-93acc227363e-7831\"\n\t\t\t\n\t\t><div class=\"ow-button-base ow-button-align-center\">\n\t<a\n\thref=\"http:\/\/www.cinam.univ-mrs.fr\/cinam\/en\/jeol-jsm-7900f\/\"\n\t\tclass=\"ow-icon-placement-left ow-button-hover\" \t>\n\t\t<span>\n\t\t\t\n\t\t\tJEOL<br \/>JSM-7900F\t\t<\/span>\n\t<\/a>\n<\/div>\n<\/div><\/div><\/div><div id=\"pgc-7831-0-2\"  class=\"panel-grid-cell\" ><div id=\"panel-7831-0-2-0\" class=\"so-panel widget widget_sow-button panel-first-child panel-last-child\" data-index=\"2\" ><div\n\t\t\t\n\t\t\tclass=\"so-widget-sow-button so-widget-sow-button-wire-7ff549ac4a37-7831\"\n\t\t\t\n\t\t><div class=\"ow-button-base ow-button-align-center\">\n\t<a\n\thref=\"http:\/\/www.cinam.univ-mrs.fr\/cinam\/en\/jeol-jem-2010\/\"\n\t\tclass=\"ow-icon-placement-left ow-button-hover\" \t>\n\t\t<span>\n\t\t\t\n\t\t\tJEOL<br \/> JEM-2010\t\t<\/span>\n\t<\/a>\n<\/div>\n<\/div><\/div><\/div><div id=\"pgc-7831-0-3\"  class=\"panel-grid-cell\" ><div id=\"panel-7831-0-3-0\" class=\"so-panel widget widget_sow-button panel-first-child panel-last-child\" data-index=\"3\" ><div\n\t\t\t\n\t\t\tclass=\"so-widget-sow-button so-widget-sow-button-wire-7ff549ac4a37-7831\"\n\t\t\t\n\t\t><div class=\"ow-button-base ow-button-align-center\">\n\t<a\n\thref=\"http:\/\/www.cinam.univ-mrs.fr\/cinam\/jeol-jem-2100f\/\"\n\t\tclass=\"ow-icon-placement-left ow-button-hover\" \t>\n\t\t<span>\n\t\t\t\n\t\t\tJEOL<br \/> JEM-2100F\t\t<\/span>\n\t<\/a>\n<\/div>\n<\/div><\/div><\/div><\/div><\/div><div id=\"pg-7831-1\"  class=\"panel-grid panel-has-style\" ><div class=\"panel-row-style panel-row-style-for-7831-1\" ><div id=\"pgc-7831-1-0\"  class=\"panel-grid-cell\" ><div id=\"panel-7831-1-0-0\" class=\"so-panel widget widget_sow-headline panel-first-child panel-last-child\" data-index=\"4\" ><div\n\t\t\t\n\t\t\tclass=\"so-widget-sow-headline so-widget-sow-headline-default-98dc6fff397f-7831\"\n\t\t\t\n\t\t><div class=\"sow-headline-container \">\n\t<h3 class='sow-headline'>Performances<\/h3>\t\t\t\t\t<div class=\"decoration\">\n\t\t\t\t\t\t<div class=\"decoration-inside\"><\/div>\n\t\t\t\t\t<\/div>\n\t\t\t\t\t<\/div>\n<\/div><\/div><\/div><\/div><\/div><div id=\"pg-7831-2\"  class=\"panel-grid panel-no-style\" ><div id=\"pgc-7831-2-0\"  class=\"panel-grid-cell\" ><div id=\"panel-7831-2-0-0\" class=\"so-panel widget widget_sow-editor panel-first-child panel-last-child\" data-index=\"5\" ><div\n\t\t\t\n\t\t\tclass=\"so-widget-sow-editor so-widget-sow-editor-base\"\n\t\t\t\n\t\t><h3 class=\"widget-title\">Resolution<\/h3>\n<div class=\"siteorigin-widget-tinymce textwidget\">\n\t<ul>\n<li>0.6 nm at 15 KV guaranteed<\/li>\n<li>0.7 nm at 1KV guaranteed<\/li>\n<li>1.0 nm at 0.5kV guaranteed<\/li>\n<\/ul>\n<\/div>\n<\/div><\/div><\/div><div id=\"pgc-7831-2-1\"  class=\"panel-grid-cell\" ><div id=\"panel-7831-2-1-0\" class=\"so-panel widget widget_sow-editor panel-first-child panel-last-child\" data-index=\"6\" ><div\n\t\t\t\n\t\t\tclass=\"so-widget-sow-editor so-widget-sow-editor-base\"\n\t\t\t\n\t\t><h3 class=\"widget-title\">Magnification<\/h3>\n<div class=\"siteorigin-widget-tinymce textwidget\">\n\t<ul>\n<li>10x to 19.000x in LDF mode<\/li>\n<li>60x to 1.000.000x in SEM mode<\/li>\n<\/ul>\n<\/div>\n<\/div><\/div><\/div><div id=\"pgc-7831-2-2\"  class=\"panel-grid-cell\" ><div id=\"panel-7831-2-2-0\" class=\"so-panel widget widget_sow-editor panel-first-child panel-last-child\" data-index=\"7\" ><div\n\t\t\t\n\t\t\tclass=\"so-widget-sow-editor so-widget-sow-editor-base\"\n\t\t\t\n\t\t><h3 class=\"widget-title\">Probe current<\/h3>\n<div class=\"siteorigin-widget-tinymce textwidget\">\n\t<ul>\n<li>10-12\u00a0 to\u00a0 5\u00d710-7 A<\/li>\n<\/ul>\n<\/div>\n<\/div><\/div><\/div><\/div><div id=\"pg-7831-3\"  class=\"panel-grid panel-no-style\" ><div id=\"pgc-7831-3-0\"  class=\"panel-grid-cell\" ><div id=\"panel-7831-3-0-0\" class=\"so-panel widget widget_sow-headline panel-first-child panel-last-child\" data-index=\"8\" ><div\n\t\t\t\n\t\t\tclass=\"so-widget-sow-headline so-widget-sow-headline-default-98dc6fff397f-7831\"\n\t\t\t\n\t\t><div class=\"sow-headline-container \">\n\t<h3 class='sow-headline'>Emission<\/h3>\t\t\t\t\t<div class=\"decoration\">\n\t\t\t\t\t\t<div class=\"decoration-inside\"><\/div>\n\t\t\t\t\t<\/div>\n\t\t\t\t\t<\/div>\n<\/div><\/div><\/div><\/div><div id=\"pg-7831-4\"  class=\"panel-grid panel-no-style\" ><div id=\"pgc-7831-4-0\"  class=\"panel-grid-cell\" ><div id=\"panel-7831-4-0-0\" class=\"so-panel widget widget_sow-editor panel-first-child panel-last-child\" data-index=\"9\" ><div\n\t\t\t\n\t\t\tclass=\"so-widget-sow-editor so-widget-sow-editor-base\"\n\t\t\t\n\t\t>\n<div class=\"siteorigin-widget-tinymce textwidget\">\n\t<ul>\n<li>Type : In-Lens Schottky field-emission<\/li>\n<li>Cathode : ZrO\/W<\/li>\n<li>Accelerating Voltage :\n<ul>\n<li>from 0.5 to 30 KV (SEM)<\/li>\n<li>from 10V (GB\/GBSH)<\/li>\n<\/ul>\n<\/li>\n<\/ul>\n<\/div>\n<\/div><\/div><\/div><div id=\"pgc-7831-4-1\"  class=\"panel-grid-cell\" ><div id=\"panel-7831-4-1-0\" class=\"so-panel widget widget_sow-editor panel-first-child panel-last-child\" data-index=\"10\" ><div\n\t\t\t\n\t\t\tclass=\"so-widget-sow-editor so-widget-sow-editor-base\"\n\t\t\t\n\t\t>\n<div class=\"siteorigin-widget-tinymce textwidget\">\n\t<p><a href=\"http:\/\/www.cinam.univ-mrs.fr\/cinam\/wp-content\/uploads\/2020\/10\/20200513_112231.jpg\"><img decoding=\"async\" loading=\"lazy\" class=\"alignnone wp-image-7822\" src=\"http:\/\/www.cinam.univ-mrs.fr\/cinam\/wp-content\/uploads\/2020\/10\/20200513_112231-1024x472.jpg\" alt=\"JEOL JSM-7900F\" width=\"651\" height=\"300\" srcset=\"https:\/\/www.cinam.univ-mrs.fr\/cinam\/wp-content\/uploads\/2020\/10\/20200513_112231-1024x472.jpg 1024w, https:\/\/www.cinam.univ-mrs.fr\/cinam\/wp-content\/uploads\/2020\/10\/20200513_112231-300x138.jpg 300w, https:\/\/www.cinam.univ-mrs.fr\/cinam\/wp-content\/uploads\/2020\/10\/20200513_112231-768x354.jpg 768w\" sizes=\"(max-width: 651px) 100vw, 651px\" \/><\/a><\/p>\n<\/div>\n<\/div><\/div><\/div><\/div><div id=\"pg-7831-5\"  class=\"panel-grid panel-no-style\" ><div id=\"pgc-7831-5-0\"  class=\"panel-grid-cell\" ><div id=\"panel-7831-5-0-0\" class=\"so-panel widget widget_sow-headline panel-first-child panel-last-child\" data-index=\"11\" ><div\n\t\t\t\n\t\t\tclass=\"so-widget-sow-headline so-widget-sow-headline-default-98dc6fff397f-7831\"\n\t\t\t\n\t\t><div class=\"sow-headline-container \">\n\t<h3 class='sow-headline'>Detectors<\/h3>\t\t\t\t\t<div class=\"decoration\">\n\t\t\t\t\t\t<div class=\"decoration-inside\"><\/div>\n\t\t\t\t\t<\/div>\n\t\t\t\t\t<\/div>\n<\/div><\/div><\/div><\/div><div id=\"pg-7831-6\"  class=\"panel-grid panel-no-style\" ><div id=\"pgc-7831-6-0\"  class=\"panel-grid-cell\" ><div id=\"panel-7831-6-0-0\" class=\"so-panel widget widget_sow-editor panel-first-child panel-last-child\" data-index=\"12\" ><div\n\t\t\t\n\t\t\tclass=\"so-widget-sow-editor so-widget-sow-editor-base\"\n\t\t\t\n\t\t>\n<div class=\"siteorigin-widget-tinymce textwidget\">\n\t<ul>\n<li>Secondary electrons : 1 chamber detector (LED) and 2 in-Lens detectors (USD + UED)<\/li>\n<li>Backscattered electrons : 1 solid-detector (BED) and 1 filterable detector(UED)<\/li>\n<li>Low Vacuum Mode : variable pressure from 10 to 300Pa with dedicated detectors : 1 secondary eletrons + 1 backscattered electrons<\/li>\n<li>STEM detector (DEBEN) annular multi-channels (BF, HAADF and DF)<\/li>\n<li>Photons X : 1 XFlash 6|60 detector (Br\u00fcker) usable in Low Vacuum + 1 annular Flat-Quad detector (Br\u00fcker)<\/li>\n<\/ul>\n<\/div>\n<\/div><\/div><\/div><div id=\"pgc-7831-6-1\"  class=\"panel-grid-cell\" ><div id=\"panel-7831-6-1-0\" class=\"so-panel widget widget_sow-image panel-first-child panel-last-child\" data-index=\"13\" ><div\n\t\t\t\n\t\t\tclass=\"so-widget-sow-image so-widget-sow-image-default-6ec9e3772f75-7831\"\n\t\t\t\n\t\t>\n\n<div class=\"sow-image-container\">\n\t\t<img src=\"https:\/\/www.cinam.univ-mrs.fr\/cinam\/wp-content\/uploads\/2021\/02\/cartographie-laitier-1240x900.png\" width=\"1240\" height=\"900\" sizes=\"(max-width: 706px) 89vw, (max-width: 767px) 82vw, 740px\" title=\"Cartography 1h Flatquad 5kV on dairy\" alt=\"\" loading=\"lazy\" \t\tclass=\"so-widget-image\"\/>\n\t<\/div>\n\n<\/div><\/div><\/div><\/div><div id=\"pg-7831-7\"  class=\"panel-grid panel-no-style\" ><div id=\"pgc-7831-7-0\"  class=\"panel-grid-cell\" ><div id=\"panel-7831-7-0-0\" class=\"so-panel widget widget_sow-editor panel-first-child panel-last-child\" data-index=\"14\" ><div\n\t\t\t\n\t\t\tclass=\"so-widget-sow-editor so-widget-sow-editor-base\"\n\t\t\t\n\t\t><h3 class=\"widget-title\">Roughness analysis \/ Photogrammetry<\/h3>\n<div class=\"siteorigin-widget-tinymce textwidget\">\n\t<p>The Mex (Alicona) software allows to calculate the appropriate angles of inclination for the roughness analysis of a sample according to its nature. Then it allows to perform roughness analysis, 3D modeling, measuring height differences, etc.<\/p>\n<figure id=\"attachment_8110\" aria-describedby=\"caption-attachment-8110\" style=\"width: 300px\" class=\"wp-caption alignleft\"><a href=\"http:\/\/www.cinam.univ-mrs.fr\/cinam\/wp-content\/uploads\/2021\/01\/mex.png\"><img decoding=\"async\" loading=\"lazy\" class=\"wp-image-8110 size-medium\" src=\"http:\/\/www.cinam.univ-mrs.fr\/cinam\/wp-content\/uploads\/2021\/01\/mex-300x260.png\" alt=\"\" width=\"300\" height=\"260\" srcset=\"https:\/\/www.cinam.univ-mrs.fr\/cinam\/wp-content\/uploads\/2021\/01\/mex-300x260.png 300w, https:\/\/www.cinam.univ-mrs.fr\/cinam\/wp-content\/uploads\/2021\/01\/mex.png 514w\" sizes=\"(max-width: 300px) 100vw, 300px\" \/><\/a><figcaption id=\"caption-attachment-8110\" class=\"wp-caption-text\">example of application of Mex: 3D reconstruction of a diatomaceous earth<\/figcaption><\/figure>\n<\/div>\n<\/div><\/div><\/div><\/div><div id=\"pg-7831-8\"  class=\"panel-grid panel-no-style\" ><div id=\"pgc-7831-8-0\"  class=\"panel-grid-cell\" ><div id=\"panel-7831-8-0-0\" class=\"so-panel widget widget_sow-editor panel-first-child panel-last-child\" data-index=\"15\" ><div\n\t\t\t\n\t\t\tclass=\"so-widget-sow-editor so-widget-sow-editor-base\"\n\t\t\t\n\t\t>\n<div class=\"siteorigin-widget-tinymce textwidget\">\n\t<p><a href=\"http:\/\/www.cinam.univ-mrs.fr\/cinam\/wp-content\/uploads\/2020\/10\/specif-sem.png\" target=\"_blank\" rel=\"noopener\"><img decoding=\"async\" loading=\"lazy\" class=\"alignnone wp-image-7885 size-thumbnail\" title=\"Sp\u00e9cifications JEOL JSM-790F CINaM\" src=\"http:\/\/www.cinam.univ-mrs.fr\/cinam\/wp-content\/uploads\/2020\/10\/specif-sem-150x150.png\" alt=\"\" width=\"150\" height=\"150\" srcset=\"https:\/\/www.cinam.univ-mrs.fr\/cinam\/wp-content\/uploads\/2020\/10\/specif-sem-150x150.png 150w, https:\/\/www.cinam.univ-mrs.fr\/cinam\/wp-content\/uploads\/2020\/10\/specif-sem-600x600.png 600w\" sizes=\"(max-width: 150px) 100vw, 150px\" \/><\/a><\/p>\n<\/div>\n<\/div><\/div><\/div><div id=\"pgc-7831-8-1\"  class=\"panel-grid-cell\" ><div id=\"panel-7831-8-1-0\" class=\"so-panel widget widget_sow-editor panel-first-child panel-last-child\" data-index=\"16\" ><div\n\t\t\t\n\t\t\tclass=\"so-widget-sow-editor so-widget-sow-editor-base\"\n\t\t\t\n\t\t>\n<div class=\"siteorigin-widget-tinymce textwidget\">\n\t<p><a href=\"http:\/\/www.cinam.univ-mrs.fr\/cinam\/wp-content\/uploads\/2020\/10\/RX-7900F.jpg\" target=\"_blank\" rel=\"noopener\"><img decoding=\"async\" loading=\"lazy\" class=\"alignnone wp-image-7896 size-thumbnail\" title=\"Syst\u00e8me Br\u00fcker install\u00e9\" src=\"http:\/\/www.cinam.univ-mrs.fr\/cinam\/wp-content\/uploads\/2020\/10\/RX-7900F-150x150.jpg\" alt=\"\" width=\"150\" height=\"150\" \/><\/a><\/p>\n<\/div>\n<\/div><\/div><\/div><div id=\"pgc-7831-8-2\"  class=\"panel-grid-cell\" ><div id=\"panel-7831-8-2-0\" class=\"so-panel widget widget_sow-editor panel-first-child panel-last-child\" data-index=\"17\" ><div\n\t\t\t\n\t\t\tclass=\"so-widget-sow-editor so-widget-sow-editor-base\"\n\t\t\t\n\t\t>\n<div class=\"siteorigin-widget-tinymce textwidget\">\n\t<p><a href=\"http:\/\/www.cinam.univ-mrs.fr\/cinam\/wp-content\/uploads\/2020\/10\/RX-7900F.png\" target=\"_blank\" rel=\"noopener\"><img decoding=\"async\" loading=\"lazy\" class=\"alignnone wp-image-7898 size-thumbnail\" title=\"Sch\u00e9ma du syst\u00e8me Br\u00fcker\" src=\"http:\/\/www.cinam.univ-mrs.fr\/cinam\/wp-content\/uploads\/2020\/10\/RX-7900F-150x150.png\" alt=\"\" width=\"150\" height=\"150\" srcset=\"https:\/\/www.cinam.univ-mrs.fr\/cinam\/wp-content\/uploads\/2020\/10\/RX-7900F-150x150.png 150w, https:\/\/www.cinam.univ-mrs.fr\/cinam\/wp-content\/uploads\/2020\/10\/RX-7900F-600x600.png 600w\" sizes=\"(max-width: 150px) 100vw, 150px\" \/><\/a><\/p>\n<\/div>\n<\/div><\/div><\/div><div id=\"pgc-7831-8-3\"  class=\"panel-grid-cell\" ><div id=\"panel-7831-8-3-0\" class=\"so-panel widget widget_sow-editor panel-first-child panel-last-child\" data-index=\"18\" ><div\n\t\t\t\n\t\t\tclass=\"so-widget-sow-editor so-widget-sow-editor-base\"\n\t\t\t\n\t\t>\n<div class=\"siteorigin-widget-tinymce textwidget\">\n\t<p><a href=\"http:\/\/www.cinam.univ-mrs.fr\/cinam\/wp-content\/uploads\/2020\/10\/XFlash.jpg\" target=\"_blank\" rel=\"noopener\"><img decoding=\"async\" loading=\"lazy\" class=\"alignnone wp-image-7900 size-thumbnail\" title=\"XFlash 6|60\" src=\"http:\/\/www.cinam.univ-mrs.fr\/cinam\/wp-content\/uploads\/2020\/10\/XFlash-150x150.jpg\" alt=\"\" width=\"150\" height=\"150\" srcset=\"https:\/\/www.cinam.univ-mrs.fr\/cinam\/wp-content\/uploads\/2020\/10\/XFlash-150x150.jpg 150w, https:\/\/www.cinam.univ-mrs.fr\/cinam\/wp-content\/uploads\/2020\/10\/XFlash-300x300.jpg 300w, https:\/\/www.cinam.univ-mrs.fr\/cinam\/wp-content\/uploads\/2020\/10\/XFlash.jpg 394w\" sizes=\"(max-width: 150px) 100vw, 150px\" \/><\/a><\/p>\n<\/div>\n<\/div><\/div><\/div><div id=\"pgc-7831-8-4\"  class=\"panel-grid-cell\" ><div id=\"panel-7831-8-4-0\" class=\"so-panel widget widget_sow-editor panel-first-child panel-last-child\" data-index=\"19\" ><div\n\t\t\t\n\t\t\tclass=\"so-widget-sow-editor so-widget-sow-editor-base\"\n\t\t\t\n\t\t>\n<div class=\"siteorigin-widget-tinymce textwidget\">\n\t<p><a href=\"http:\/\/www.cinam.univ-mrs.fr\/cinam\/wp-content\/uploads\/2020\/10\/FQ2.jpg\" target=\"_blank\" rel=\"noopener\"><img decoding=\"async\" loading=\"lazy\" class=\"alignnone wp-image-7892 size-thumbnail\" title=\"FlatQuad\" src=\"http:\/\/www.cinam.univ-mrs.fr\/cinam\/wp-content\/uploads\/2020\/10\/FQ2-150x150.jpg\" alt=\"\" width=\"150\" height=\"150\" \/><\/a><\/p>\n<\/div>\n<\/div><\/div><\/div><div id=\"pgc-7831-8-5\"  class=\"panel-grid-cell\" ><div id=\"panel-7831-8-5-0\" class=\"so-panel widget widget_sow-editor panel-first-child panel-last-child\" data-index=\"20\" ><div\n\t\t\t\n\t\t\tclass=\"so-widget-sow-editor so-widget-sow-editor-base\"\n\t\t\t\n\t\t>\n<div class=\"siteorigin-widget-tinymce textwidget\">\n\t<p><a href=\"http:\/\/www.cinam.univ-mrs.fr\/cinam\/wp-content\/uploads\/2020\/10\/RX-images.png\" target=\"_blank\" rel=\"noopener\"><img decoding=\"async\" loading=\"lazy\" class=\"alignnone wp-image-7894 size-thumbnail\" title=\"Exemple de cartographie\" src=\"http:\/\/www.cinam.univ-mrs.fr\/cinam\/wp-content\/uploads\/2020\/10\/RX-images-150x150.png\" alt=\"\" width=\"150\" height=\"150\" srcset=\"https:\/\/www.cinam.univ-mrs.fr\/cinam\/wp-content\/uploads\/2020\/10\/RX-images-150x150.png 150w, https:\/\/www.cinam.univ-mrs.fr\/cinam\/wp-content\/uploads\/2020\/10\/RX-images-600x600.png 600w\" sizes=\"(max-width: 150px) 100vw, 150px\" \/><\/a><\/p>\n<\/div>\n<\/div><\/div><\/div><div id=\"pgc-7831-8-6\"  class=\"panel-grid-cell\" ><div id=\"panel-7831-8-6-0\" class=\"so-panel widget widget_sow-editor panel-first-child panel-last-child\" data-index=\"21\" ><div\n\t\t\t\n\t\t\tclass=\"so-widget-sow-editor so-widget-sow-editor-base\"\n\t\t\t\n\t\t>\n<div class=\"siteorigin-widget-tinymce textwidget\">\n\t<p><a href=\"http:\/\/www.cinam.univ-mrs.fr\/cinam\/wp-content\/uploads\/2021\/02\/Scorie-valauria-14coloris\u00e9e.png\" target=\"_blank\" rel=\"noopener\"><img decoding=\"async\" loading=\"lazy\" class=\"alignnone wp-image-8212 size-thumbnail\" src=\"http:\/\/www.cinam.univ-mrs.fr\/cinam\/wp-content\/uploads\/2021\/02\/Scorie-valauria-14coloris\u00e9e-150x150.png\" alt=\"\" width=\"150\" height=\"150\" srcset=\"https:\/\/www.cinam.univ-mrs.fr\/cinam\/wp-content\/uploads\/2021\/02\/Scorie-valauria-14coloris\u00e9e-150x150.png 150w, https:\/\/www.cinam.univ-mrs.fr\/cinam\/wp-content\/uploads\/2021\/02\/Scorie-valauria-14coloris\u00e9e-600x600.png 600w\" sizes=\"(max-width: 150px) 100vw, 150px\" \/><\/a><\/p>\n<\/div>\n<\/div><\/div><\/div><div id=\"pgc-7831-8-7\"  class=\"panel-grid-cell\" ><div id=\"panel-7831-8-7-0\" class=\"so-panel widget widget_sow-editor panel-first-child panel-last-child\" data-index=\"22\" ><div\n\t\t\t\n\t\t\tclass=\"so-widget-sow-editor so-widget-sow-editor-base\"\n\t\t\t\n\t\t>\n<div class=\"siteorigin-widget-tinymce textwidget\">\n\t<p><a href=\"http:\/\/www.cinam.univ-mrs.fr\/cinam\/wp-content\/uploads\/2021\/02\/grenat.png\" target=\"_blank\" rel=\"noopener\"><img decoding=\"async\" loading=\"lazy\" class=\"alignnone wp-image-8233 size-thumbnail\" src=\"http:\/\/www.cinam.univ-mrs.fr\/cinam\/wp-content\/uploads\/2021\/02\/grenat-150x150.png\" alt=\"\" width=\"150\" height=\"150\" srcset=\"https:\/\/www.cinam.univ-mrs.fr\/cinam\/wp-content\/uploads\/2021\/02\/grenat-150x150.png 150w, https:\/\/www.cinam.univ-mrs.fr\/cinam\/wp-content\/uploads\/2021\/02\/grenat-600x600.png 600w\" sizes=\"(max-width: 150px) 100vw, 150px\" \/><\/a><\/p>\n<\/div>\n<\/div><\/div><\/div><div id=\"pgc-7831-8-8\"  class=\"panel-grid-cell panel-grid-cell-empty\" ><\/div><div id=\"pgc-7831-8-9\"  class=\"panel-grid-cell panel-grid-cell-empty\" ><\/div><div id=\"pgc-7831-8-10\"  class=\"panel-grid-cell panel-grid-cell-empty panel-grid-cell-mobile-last\" ><\/div><div id=\"pgc-7831-8-11\"  class=\"panel-grid-cell panel-grid-cell-empty\" ><\/div><\/div><\/div>","protected":false},"excerpt":{"rendered":"<p>PlateformHome JEOLJSM-7900F JEOL JEM-2010 JEOL JEM-2100F Performances Resolution 0.6 nm at 15 KV guaranteed 0.7 nm at 1KV guaranteed 1.0 nm at 0.5kV guaranteed Magnification 10x to 19.000x in LDF mode 60x to 1.000.000x in SEM mode Probe current 10-12\u00a0 to\u00a0 5\u00d710-7 A Emission Type : In-Lens Schottky field-emission Cathode : ZrO\/W Accelerating Voltage : <\/p>\n","protected":false},"author":23,"featured_media":0,"parent":0,"menu_order":0,"comment_status":"closed","ping_status":"closed","template":"page-templates\/full-page.php","meta":[],"aioseo_notices":[],"_links":{"self":[{"href":"https:\/\/www.cinam.univ-mrs.fr\/cinam\/en\/wp-json\/wp\/v2\/pages\/7831"}],"collection":[{"href":"https:\/\/www.cinam.univ-mrs.fr\/cinam\/en\/wp-json\/wp\/v2\/pages"}],"about":[{"href":"https:\/\/www.cinam.univ-mrs.fr\/cinam\/en\/wp-json\/wp\/v2\/types\/page"}],"author":[{"embeddable":true,"href":"https:\/\/www.cinam.univ-mrs.fr\/cinam\/en\/wp-json\/wp\/v2\/users\/23"}],"replies":[{"embeddable":true,"href":"https:\/\/www.cinam.univ-mrs.fr\/cinam\/en\/wp-json\/wp\/v2\/comments?post=7831"}],"version-history":[{"count":18,"href":"https:\/\/www.cinam.univ-mrs.fr\/cinam\/en\/wp-json\/wp\/v2\/pages\/7831\/revisions"}],"predecessor-version":[{"id":8884,"href":"https:\/\/www.cinam.univ-mrs.fr\/cinam\/en\/wp-json\/wp\/v2\/pages\/7831\/revisions\/8884"}],"wp:attachment":[{"href":"https:\/\/www.cinam.univ-mrs.fr\/cinam\/en\/wp-json\/wp\/v2\/media?parent=7831"}],"curies":[{"name":"wp","href":"https:\/\/api.w.org\/{rel}","templated":true}]}}