{"id":11376,"date":"2022-11-21T13:16:46","date_gmt":"2022-11-21T12:16:46","guid":{"rendered":"http:\/\/www.cinam.univ-mrs.fr\/cinam\/?page_id=11376"},"modified":"2022-11-22T14:46:53","modified_gmt":"2022-11-22T13:46:53","slug":"projet-physique-urbaine","status":"publish","type":"page","link":"https:\/\/www.cinam.univ-mrs.fr\/cinam\/projet-physique-urbaine\/","title":{"rendered":"Projet : Physique Urbaine"},"content":{"rendered":"<p>Contact: <a href=\"mailto:philippe.dumas@univ-amu.fr\">Ph. Dumas<\/a><\/p>\n<p>Le principal objectif est de construire et valider un mod\u00e8le \u00abbottom-up\u00bb qui, \u00e0 partir d\u2019indicateurs de proximit\u00e9 urbains locaux, pr\u00e9dira l\u2019essentiel des options de mobilit\u00e9 quotidienne des habitants d\u2019un quartier. Puis de relier ces choix locaux aux \u00e9missions globales (de CO2, de polluants, de temps perdu\u2026). Gr\u00e2ce \u00e0 ces outils, nous interrogerons la pertinence et l\u2019efficience en termes de lutte contre les \u00e9missions, de sch\u00e9mas d\u2019organisation urbaine, en particulier ceux pr\u00f4nant une proximit\u00e9 urbaine (re)trouv\u00e9e, comme le concept de la ville du \u00bc d\u2019heure dans laquelle des solutions de proximit\u00e9 existent pour les principaux lieux de visite indispensables \u00e0 l\u2019exercice de nos fonctions sociales \u00e9l\u00e9mentaires. Pour mener \u00e0 bien ce projet, nous proposons de croiser les regards des Sciences Humaines et Sociales (socio-\u00e9conomie) et de la Physique (statistique) en nous appuyant sur des enqu\u00eates et sur les acc\u00e8s aux donn\u00e9es num\u00e9riques.<\/p>\n<figure id=\"attachment_11428\" aria-describedby=\"caption-attachment-11428\" style=\"width: 888px\" class=\"wp-caption alignnone\"><img decoding=\"async\" loading=\"lazy\" class=\"size-full wp-image-11428\" src=\"https:\/\/www.cinam.univ-mrs.fr\/cinam\/wp-content\/uploads\/2022\/11\/carteQGIS.png\" alt=\"\" width=\"888\" height=\"826\" srcset=\"https:\/\/www.cinam.univ-mrs.fr\/cinam\/wp-content\/uploads\/2022\/11\/carteQGIS.png 888w, https:\/\/www.cinam.univ-mrs.fr\/cinam\/wp-content\/uploads\/2022\/11\/carteQGIS-300x279.png 300w, https:\/\/www.cinam.univ-mrs.fr\/cinam\/wp-content\/uploads\/2022\/11\/carteQGIS-768x714.png 768w\" sizes=\"(max-width: 706px) 89vw, (max-width: 767px) 82vw, 740px\" \/><figcaption id=\"caption-attachment-11428\" class=\"wp-caption-text\">A partir de donn\u00e9es ouvertes (ici : INSEE_BPE2020), on peut extraire, \u00e0 l&rsquo;\u00e9chelle d&rsquo;un carroyage de 200m, des cartes de densit\u00e9 d&rsquo;un \u00e9quipement (ici : \u00e9cole \u00e9l\u00e9mentaire). Les cartes de divers \u00e9quipement contribueront \u00e0 l&rsquo;\u00e9laboration de nappes de proximit\u00e9 pour une des 6 fonctions sociales (en l&rsquo;occurrence : s&rsquo;\u00e9duquer). Une offre de services de proximit\u00e9 est-elle corr\u00e9l\u00e9e \u00e0 une mobilit\u00e9 r\u00e9duite ? A moins d&rsquo;\u00e9missions ?<\/figcaption><\/figure>\n<p><strong>Projet men\u00e9 en collaboration avec F.Rychen, AMSE, AMU<\/strong><\/p>\n","protected":false},"excerpt":{"rendered":"<p>Contact: Ph. Dumas Le principal objectif est de construire et valider un mod\u00e8le \u00abbottom-up\u00bb qui, \u00e0 partir d\u2019indicateurs de proximit\u00e9 urbains locaux, pr\u00e9dira l\u2019essentiel des options de mobilit\u00e9 quotidienne des habitants d\u2019un quartier. Puis de relier ces choix locaux aux \u00e9missions globales (de CO2, de polluants, de temps perdu\u2026). Gr\u00e2ce \u00e0 ces outils, nous interrogerons <\/p>\n","protected":false},"author":5,"featured_media":0,"parent":0,"menu_order":0,"comment_status":"closed","ping_status":"closed","template":"","meta":[],"aioseo_notices":[],"_links":{"self":[{"href":"https:\/\/www.cinam.univ-mrs.fr\/cinam\/wp-json\/wp\/v2\/pages\/11376"}],"collection":[{"href":"https:\/\/www.cinam.univ-mrs.fr\/cinam\/wp-json\/wp\/v2\/pages"}],"about":[{"href":"https:\/\/www.cinam.univ-mrs.fr\/cinam\/wp-json\/wp\/v2\/types\/page"}],"author":[{"embeddable":true,"href":"https:\/\/www.cinam.univ-mrs.fr\/cinam\/wp-json\/wp\/v2\/users\/5"}],"replies":[{"embeddable":true,"href":"https:\/\/www.cinam.univ-mrs.fr\/cinam\/wp-json\/wp\/v2\/comments?post=11376"}],"version-history":[{"count":6,"href":"https:\/\/www.cinam.univ-mrs.fr\/cinam\/wp-json\/wp\/v2\/pages\/11376\/revisions"}],"predecessor-version":[{"id":11430,"href":"https:\/\/www.cinam.univ-mrs.fr\/cinam\/wp-json\/wp\/v2\/pages\/11376\/revisions\/11430"}],"wp:attachment":[{"href":"https:\/\/www.cinam.univ-mrs.fr\/cinam\/wp-json\/wp\/v2\/media?parent=11376"}],"curies":[{"name":"wp","href":"https:\/\/api.w.org\/{rel}","templated":true}]}}