{"id":131,"date":"2018-12-12T16:04:28","date_gmt":"2018-12-12T15:04:28","guid":{"rendered":"http:\/\/www.cinam.univ-mrs.fr\/cinam\/?page_id=131"},"modified":"2020-11-13T14:33:06","modified_gmt":"2020-11-13T13:33:06","slug":"les-formations","status":"publish","type":"page","link":"https:\/\/www.cinam.univ-mrs.fr\/cinam\/enseignement\/les-formations\/","title":{"rendered":"Les formations"},"content":{"rendered":"<div id=\"pl-131\"  class=\"panel-layout\" ><div id=\"pg-131-0\"  class=\"panel-grid panel-has-style\" ><div class=\"blueRow panel-row-style panel-row-style-for-131-0\" ><div id=\"pgc-131-0-0\"  class=\"panel-grid-cell\" ><div id=\"panel-131-0-0-0\" class=\"so-panel widget widget_sow-editor panel-first-child panel-last-child\" data-index=\"0\" ><div class=\"panel-widget-style panel-widget-style-for-131-0-0-0\" ><div\n\t\t\t\n\t\t\tclass=\"so-widget-sow-editor so-widget-sow-editor-base\"\n\t\t\t\n\t\t>\n<div class=\"siteorigin-widget-tinymce textwidget\">\n\t<h2>Master Nanosciences et Nanotechnologies \u2013 Aix Marseille Universit\u00e9<\/h2>\n<p>Le master Nanosciences et Nanotechnologies est une formation de haut niveau pour comprendre, concevoir, \u00e9laborer et mettre en \u0153uvre les mat\u00e9riaux et nanomat\u00e9riaux dans des domaines porteurs comme la nano-ing\u00e9nierie, la nano\u00e9lectronique, l\u2019\u00e9nergie ou la sant\u00e9.<\/p>\n<p>Cette formation permet une insertion sur le march\u00e9 du travail \u00e0 BAC+5 ou une poursuite d\u2019\u00e9tudes en doctorat.<\/p>\n<p>Le CINaM est l\u2019un des 4 laboratoires porteurs de ce master. Des stages en M1 (6 semaines) et M2 (4 mois) peuvent y \u00eatre r\u00e9alis\u00e9s ainsi qu\u2019une th\u00e8se de doctorat.<\/p>\n<\/div>\n<\/div><\/div><\/div><\/div><div id=\"pgc-131-0-1\"  class=\"panel-grid-cell\" ><div id=\"panel-131-0-1-0\" class=\"so-panel widget widget_sow-editor panel-first-child panel-last-child\" data-index=\"1\" ><div\n\t\t\t\n\t\t\tclass=\"so-widget-sow-editor so-widget-sow-editor-base\"\n\t\t\t\n\t\t>\n<div class=\"siteorigin-widget-tinymce textwidget\">\n\t<h4><\/h4>\n<h4><img decoding=\"async\" loading=\"lazy\" class=\"alignnone size-medium wp-image-2018\" src=\"http:\/\/www.cinam.univ-mrs.fr\/cinam\/wp-content\/uploads\/2018\/11\/ingenierie-moleculaire-et-materiaux-fonctionnels-3-300x214.jpg\" alt=\"Ing\u00e9nierie mol\u00e9culaire et mat\u00e9riaux fonctionnels 6\" width=\"300\" height=\"214\" srcset=\"https:\/\/www.cinam.univ-mrs.fr\/cinam\/wp-content\/uploads\/2018\/11\/ingenierie-moleculaire-et-materiaux-fonctionnels-3-300x214.jpg 300w, https:\/\/www.cinam.univ-mrs.fr\/cinam\/wp-content\/uploads\/2018\/11\/ingenierie-moleculaire-et-materiaux-fonctionnels-3.jpg 626w\" sizes=\"(max-width: 300px) 100vw, 300px\" \/><\/h4>\n<h4>Responsable<\/h4>\n<pre>Laurence Masson, PR\n<a href=\"mailto:masson@cinam.univ-mrs.fr\">masson@cinam.univ-mrs.fr<\/a>\n+33 (0)6 09 89 16 14<\/pre>\n<h4><a href=\"https:\/\/physique-sciences.univ-amu.fr\/master-nanosciences-nanotechnologies\" target=\"_blank\" rel=\"noopener\">En Savoir Plus<\/a><\/h4>\n<h4><a href=\"http:\/\/www.cinam.univ-mrs.fr\/cinam\/wp-content\/uploads\/2019\/02\/master-nanosciences_2019_FINALE_Salon_Master.pdf\" target=\"_blank\" rel=\"noopener\">La Plaquette<\/a><\/h4>\n<\/div>\n<\/div><\/div><\/div><\/div><\/div><div id=\"pg-131-1\"  class=\"panel-grid panel-has-style\" ><div class=\"blueRow panel-row-style panel-row-style-for-131-1\" ><div id=\"pgc-131-1-0\"  class=\"panel-grid-cell\" ><div id=\"panel-131-1-0-0\" class=\"so-panel widget widget_sow-editor panel-first-child panel-last-child\" data-index=\"2\" ><div class=\"panel-widget-style panel-widget-style-for-131-1-0-0\" ><div\n\t\t\t\n\t\t\tclass=\"so-widget-sow-editor so-widget-sow-editor-base\"\n\t\t\t\n\t\t>\n<div class=\"siteorigin-widget-tinymce textwidget\">\n\t<h2>Master Chimie \u2013 Aix Marseille Universit\u00e9<\/h2>\n<p>Le master Chimie a pour objectif de former des professionnels et des experts chimistes de haut niveau dans l\u2019\u00e9laboration d\u2019architectures mol\u00e9culaires complexes, en chimie du vivant et dans les techniques de spectrom\u00e9tries et analyses chimiques. Les domaines d\u2019applications sont aussi vari\u00e9s que la catalyse, les mat\u00e9riaux innovants, la chimie verte et la chimie m\u00e9dicinale.<\/p>\n<p>&nbsp;<\/p>\n<\/div>\n<\/div><\/div><\/div><\/div><div id=\"pgc-131-1-1\"  class=\"panel-grid-cell\" ><div id=\"panel-131-1-1-0\" class=\"so-panel widget widget_sow-editor panel-first-child panel-last-child\" data-index=\"3\" ><div\n\t\t\t\n\t\t\tclass=\"so-widget-sow-editor so-widget-sow-editor-base\"\n\t\t\t\n\t\t>\n<div class=\"siteorigin-widget-tinymce textwidget\">\n\t<h4><\/h4>\n<h4><\/h4>\n<h4>Responsable<\/h4>\n<pre>Laurent Commeiras, PR\n<\/pre>\n<h4><a href=\"https:\/\/chimie-sciences.univ-amu.fr\/master-chimie\">En Savoir Plus<\/a><\/h4>\n<h4><a href=\"https:\/\/chimie-sciences.univ-amu.fr\/sites\/chimie-sciences.univ-amu.fr\/files\/plaquette_sciences_chimie_master.pdf\">La Plaquette<\/a><\/h4>\n<\/div>\n<\/div><\/div><\/div><\/div><\/div><div id=\"pg-131-2\"  class=\"panel-grid panel-has-style\" ><div class=\"blueRow panel-row-style panel-row-style-for-131-2\" ><div id=\"pgc-131-2-0\"  class=\"panel-grid-cell\" ><div id=\"panel-131-2-0-0\" class=\"so-panel widget widget_sow-editor panel-first-child panel-last-child\" data-index=\"4\" ><div class=\"panel-widget-style panel-widget-style-for-131-2-0-0\" ><div\n\t\t\t\n\t\t\tclass=\"so-widget-sow-editor so-widget-sow-editor-base\"\n\t\t\t\n\t\t>\n<div class=\"siteorigin-widget-tinymce textwidget\">\n\t<h2>Master de Physique \u2013 Aix Marseille Universit\u00e9<\/h2>\n<p>L\u2019objectif du master de Physique est de donner une formation de haut niveau en physique fondamentale et exp\u00e9rimentale couvrant un tr\u00e8s vaste domaine de la Physique. Ce master permet, par le choix d\u2019options en 1<sup>\u00e8re<\/sup> et 2<sup>\u00e8me<\/sup> ann\u00e9e, de r\u00e9aliser au CINaM des stages en M1 (6 semaines) et M2 (4 mois) ou de candidater pour une th\u00e8se de doctorat.<\/p>\n<p>&nbsp;<\/p>\n<\/div>\n<\/div><\/div><\/div><\/div><div id=\"pgc-131-2-1\"  class=\"panel-grid-cell\" ><div id=\"panel-131-2-1-0\" class=\"so-panel widget widget_sow-editor panel-first-child panel-last-child\" data-index=\"5\" ><div\n\t\t\t\n\t\t\tclass=\"so-widget-sow-editor so-widget-sow-editor-base\"\n\t\t\t\n\t\t>\n<div class=\"siteorigin-widget-tinymce textwidget\">\n\t<h4><\/h4>\n<h4><\/h4>\n<h4>Responsable<\/h4>\n<pre>Laurent Raymond ( CPT )\n<a href=\"mailto:laurent.raymond@univ-amu.fr\">laurent.raymond@univ-amu.fr\u00a0<\/a><\/pre>\n<h4><a href=\"https:\/\/physique-sciences.univ-amu.fr\/master-physique\">En Savoir Plus<\/a><\/h4>\n<h4><\/h4>\n<p>&nbsp;<\/p>\n<h4><\/h4>\n<\/div>\n<\/div><\/div><\/div><\/div><\/div><div id=\"pg-131-3\"  class=\"panel-grid panel-has-style\" ><div class=\"blueRow panel-row-style panel-row-style-for-131-3\" ><div id=\"pgc-131-3-0\"  class=\"panel-grid-cell\" ><div id=\"panel-131-3-0-0\" class=\"so-panel widget widget_sow-editor panel-first-child panel-last-child\" data-index=\"6\" ><div class=\"panel-widget-style panel-widget-style-for-131-3-0-0\" ><div\n\t\t\t\n\t\t\tclass=\"so-widget-sow-editor so-widget-sow-editor-base\"\n\t\t\t\n\t\t>\n<div class=\"siteorigin-widget-tinymce textwidget\">\n\t<h2>Polytech \u2013 Aix Marseille Universit\u00e9<\/h2>\n<p>Polytech Marseille\u00a0 appartient au r\u00e9seau Polytech des \u00e9coles d\u2019ing\u00e9nieurs universitaires et a rejoint en 2016 la conf\u00e9rence des grandes \u00e9coles. Polytech Marseille propose 8 d\u00e9partements de formations d\u2019ing\u00e9nieurs dont deux li\u00e9s au CINaM<\/p>\n<p><a href=\"https:\/\/polytech.univ-amu.fr\/formations\/cycle-ingenieur\/materiaux\">Le d\u00e9partement MAT\u00c9RIAUX<\/a> qui forme des ing\u00e9nieurs avec les connaissances et le savoir-faire en technologies et nanotechnologies d\u2019\u00e9laboration, de caract\u00e9risation et d\u2019expertise des surfaces et interfaces, des mat\u00e9riaux massifs et des couches minces.<\/p>\n<p><a href=\"https:\/\/polytech.univ-amu.fr\/formations\/cycle-ingenieur\/genie-biomedical\">Le d\u00e9partement G\u00e9nie Biom\u00e9dical<\/a> qui forme des ing\u00e9nieurs sp\u00e9cialistes des Dispositifs M\u00e9dicaux pour l'H\u00f4pital et pour l'Industrie avec des aspects Recherches et D\u00e9veloppement, comme en micro et nanotechnologies pour la Sant\u00e9.<\/p>\n<p>&nbsp;<\/p>\n<p>&nbsp;<\/p>\n<p>&nbsp;<\/p>\n<\/div>\n<\/div><\/div><\/div><\/div><div id=\"pgc-131-3-1\"  class=\"panel-grid-cell\" ><div id=\"panel-131-3-1-0\" class=\"so-panel widget widget_sow-editor panel-first-child panel-last-child\" data-index=\"7\" ><div\n\t\t\t\n\t\t\tclass=\"so-widget-sow-editor so-widget-sow-editor-base\"\n\t\t\t\n\t\t>\n<div class=\"siteorigin-widget-tinymce textwidget\">\n\t<h4>Responsables<\/h4>\n<p>Directrice du d\u00e9partement Mat\u00e9riaux:<\/p>\n<p>Suzanne Giorgio, PR<\/p>\n<p><a href=\"mailto:suzanne.giorgio@univ-amu.fr\">suzanne.giorgio@univ-amu.fr<\/a><\/p>\n<p>Directeur des \u00e9tudes:<\/p>\n<p>Jean Manuel Raimundo, PR<\/p>\n<p><a href=\"mailto:jean-manuel.raimundo@univ-amu.fr\">jean-manuel.raimundo@univ-amu.fr<\/a><\/p>\n<p>Directrice du d\u00e9partement G\u00e9nie Biom\u00e9dical<\/p>\n<p>Nadine Candoni, PR<\/p>\n<p><a href=\"mailto:nadine.candoni@univ-amu.fr\">nadine.candoni@univ-amu.fr<\/a><\/p>\n<h4><\/h4>\n<h4><\/h4>\n<\/div>\n<\/div><\/div><\/div><\/div><\/div><div id=\"pg-131-4\"  class=\"panel-grid panel-has-style\" ><div class=\"blueRow panel-row-style panel-row-style-for-131-4\" ><div id=\"pgc-131-4-0\"  class=\"panel-grid-cell\" ><div id=\"panel-131-4-0-0\" class=\"so-panel widget widget_sow-editor panel-first-child panel-last-child\" data-index=\"8\" ><div class=\"panel-widget-style panel-widget-style-for-131-4-0-0\" ><div\n\t\t\t\n\t\t\tclass=\"so-widget-sow-editor so-widget-sow-editor-base\"\n\t\t\t\n\t\t>\n<div class=\"siteorigin-widget-tinymce textwidget\">\n\t<h2>Licence de Physique \u2013 Aix Marseille Universit\u00e9<\/h2>\n<p>La <a href=\"https:\/\/formations.univ-amu.fr\/ME3SPH.html\">licence de Physique<\/a> est une formation g\u00e9n\u00e9raliste en physique fondamentale avec une approche \u00e0 la fois th\u00e9orique et exp\u00e9rimentale et une ouverture vers d\u2019autres domaines scientifiques. Elle se d\u00e9cline en quatre parcours : \u00ab Physique et Mod\u00e9lisation \u00bb, \u00ab Physique et ses interactions \u00bb, \u00ab Physique-Chimie \u00bb et \u00ab Plurisciences\u00bb.<\/p>\n<p>Accessible via les portails <a href=\"https:\/\/sciences.univ-amu.fr\/formation_2018-2022\/portail-marie-curie\">Marie Curie<\/a> et <a href=\"https:\/\/sciences.univ-amu.fr\/formation_2018-2022\/portail-rene-descartes\">Descartes<\/a> de 1<sup>\u00e8re<\/sup> ann\u00e9e de licence, cette formation permet d\u2019acqu\u00e9rir la formation et les comp\u00e9tences n\u00e9cessaires pour une poursuite d\u2019\u00e9tudes dans l\u2019un des diff\u00e9rents masters propos\u00e9s au sein de notre universit\u00e9, et en particulier les masters \u00ab\u00a0<a href=\"https:\/\/physique-sciences.univ-amu.fr\/master-physique\">Physique<\/a>\u00bb et \u00ab\u00a0<a href=\"https:\/\/physique-sciences.univ-amu.fr\/master-nanosciences-nanotechnologies\">Nanosciences et nanotechnologies<\/a> \u00bb.<\/p>\n<p>&nbsp;<\/p>\n<p>&nbsp;<\/p>\n<\/div>\n<\/div><\/div><\/div><\/div><div id=\"pgc-131-4-1\"  class=\"panel-grid-cell\" ><div id=\"panel-131-4-1-0\" class=\"so-panel widget widget_sow-editor panel-first-child panel-last-child\" data-index=\"9\" ><div\n\t\t\t\n\t\t\tclass=\"so-widget-sow-editor so-widget-sow-editor-base\"\n\t\t\t\n\t\t>\n<div class=\"siteorigin-widget-tinymce textwidget\">\n\t<h4>Responsables<\/h4>\n<p>Laure Siozade-Lamoine, MC<\/p>\n<p><a href=\"mailto:laure.siozade@univ-amu.fr\">laure.siozade@univ-amu.fr<\/a><\/p>\n<p>Micha\u00ebl Texier, MC<\/p>\n<p><a href=\"mailto:michael.texier@univ-amu.fr\">michael.texier@univ-amu.fr<\/a><\/p>\n<h4><a href=\"https:\/\/physique-sciences.univ-amu.fr\/licence-physique\">En Savoir Plus<\/a><\/h4>\n<h4><a href=\"https:\/\/physique-sciences.univ-amu.fr\/sites\/physique-sciences.univ-amu.fr\/files\/physique_0.pdf\">Plaquette<\/a><\/h4>\n<h4><\/h4>\n<\/div>\n<\/div><\/div><\/div><\/div><\/div><div id=\"pg-131-5\"  class=\"panel-grid panel-has-style\" ><div class=\"blueRow panel-row-style panel-row-style-for-131-5\" ><div id=\"pgc-131-5-0\"  class=\"panel-grid-cell\" ><div id=\"panel-131-5-0-0\" class=\"so-panel widget widget_sow-editor panel-first-child panel-last-child\" data-index=\"10\" ><div class=\"panel-widget-style panel-widget-style-for-131-5-0-0\" ><div\n\t\t\t\n\t\t\tclass=\"so-widget-sow-editor so-widget-sow-editor-base\"\n\t\t\t\n\t\t>\n<div class=\"siteorigin-widget-tinymce textwidget\">\n\t<h2>Licence de Chimie \u2013 Aix Marseille Universit\u00e9<\/h2>\n<p>La<a href=\"https:\/\/chimie-sciences.univ-amu.fr\/licence-chimie\"> licence de Chimie<\/a> est une formation g\u00e9n\u00e9raliste qui permet d\u2019acqu\u00e9rir de solides connaissances th\u00e9oriques et exp\u00e9rimentales dans les diff\u00e9rents domaines de la chimie. Elle se d\u00e9cline en trois parcours\u00a0: \u00ab\u00a0Chimie\u00a0\u00bb, \u00ab\u00a0Physique-Chimie\u00a0\u00bb et \u00ab\u00a0G\u00e9nie des proc\u00e9d\u00e9s\u00a0\u00bb.<\/p>\n<p>Accessible via les portails <a href=\"https:\/\/sciences.univ-amu.fr\/formation_2018-2022\/portail-marie-curie\">Marie Curie<\/a> et <a href=\"https:\/\/sciences.univ-amu.fr\/formation_2018-2022\/portail-louis-pasteur\">Louis Pasteur<\/a> de 1<sup>\u00e8re<\/sup> ann\u00e9e de licence, cette formation permet d\u2019acqu\u00e9rir la formation et les comp\u00e9tences n\u00e9cessaires pour une poursuite d\u2019\u00e9tudes dans l\u2019un des diff\u00e9rents masters propos\u00e9s au sein de notre universit\u00e9, et en particulier les masters \u00ab\u00a0<a href=\"https:\/\/chimie-sciences.univ-amu.fr\/master-chimie\">Chimie <\/a>\u00bb et \u00ab\u00a0<a href=\"https:\/\/physique-sciences.univ-amu.fr\/master-nanosciences-nanotechnologies\">Nanosciences et nanotechnologies<\/a> \u00a0\u00bb.<\/p>\n<p>&nbsp;<\/p>\n<p>&nbsp;<\/p>\n<\/div>\n<\/div><\/div><\/div><\/div><div id=\"pgc-131-5-1\"  class=\"panel-grid-cell\" ><div id=\"panel-131-5-1-0\" class=\"so-panel widget widget_sow-editor panel-first-child panel-last-child\" data-index=\"11\" ><div\n\t\t\t\n\t\t\tclass=\"so-widget-sow-editor so-widget-sow-editor-base\"\n\t\t\t\n\t\t>\n<div class=\"siteorigin-widget-tinymce textwidget\">\n\t<h4>Responsable<\/h4>\n<p>Gilles Qu\u00e9l\u00e9ver, MCU<\/p>\n<p><a href=\"mailto:gilles.quelever@univ-amu.fr\">gilles.quelever@univ-amu.fr<\/a><\/p>\n<p>&nbsp;<\/p>\n<h4><a href=\"https:\/\/chimie-sciences.univ-amu.fr\/licence-chimie\">En Savoir Plus<\/a><\/h4>\n<h4><a href=\"https:\/\/chimie-sciences.univ-amu.fr\/sites\/chimie-sciences.univ-amu.fr\/files\/chimie.pdf\">Plaquette<\/a><\/h4>\n<h4><\/h4>\n<\/div>\n<\/div><\/div><\/div><\/div><\/div><div id=\"pg-131-6\"  class=\"panel-grid panel-has-style\" ><div class=\"blueRow panel-row-style panel-row-style-for-131-6\" ><div id=\"pgc-131-6-0\"  class=\"panel-grid-cell\" ><div id=\"panel-131-6-0-0\" class=\"so-panel widget widget_sow-editor panel-first-child panel-last-child\" data-index=\"12\" ><div class=\"panel-widget-style panel-widget-style-for-131-6-0-0\" ><div\n\t\t\t\n\t\t\tclass=\"so-widget-sow-editor so-widget-sow-editor-base\"\n\t\t\t\n\t\t>\n<div class=\"siteorigin-widget-tinymce textwidget\">\n\t<h2>Master Bio-Ing\u00e9nierie des Tissus et des Implants<\/h2>\n<h2>\u00a0 Staps\u00a0 -\u00a0 AMU<\/h2>\n<p>&nbsp;<\/p>\n<p>Le Master Bio-Ing\u00e9nierie des Tissus et des Implants forme des \u00e9tudiants avec le savoir-faire et les connaissances sur les dispositifs qui miment des tissus du corps humain ou qui y sont implant\u00e9s pour l'\u00e9valuation de leur impact sur la sant\u00e9.<\/p>\n<\/div>\n<\/div><\/div><\/div><\/div><div id=\"pgc-131-6-1\"  class=\"panel-grid-cell\" ><div id=\"panel-131-6-1-0\" class=\"so-panel widget widget_sow-editor panel-first-child panel-last-child\" data-index=\"13\" ><div\n\t\t\t\n\t\t\tclass=\"so-widget-sow-editor so-widget-sow-editor-base\"\n\t\t\t\n\t\t>\n<div class=\"siteorigin-widget-tinymce textwidget\">\n\t<h4><\/h4>\n<h4><\/h4>\n<h4>Responsable<\/h4>\n<p>Patrick CHABRAND<\/p>\n<p><a href=\"mailto:patrick.chabrand@univ-amu.fr\">patrick.chabrand@univ-amu.fr<\/a><\/p>\n<p>&nbsp;<\/p>\n<h4><a href=\"https:\/\/formations.univ-amu.fr\/ME5FIE-PRFIE5AC.html\">En Savoir Plus<\/a><\/h4>\n<h4><\/h4>\n<p>&nbsp;<\/p>\n<h4><\/h4>\n<\/div>\n<\/div><\/div><\/div><\/div><\/div><div id=\"pg-131-7\"  class=\"panel-grid panel-has-style\" ><div class=\"blueRow panel-row-style panel-row-style-for-131-7\" ><div id=\"pgc-131-7-0\"  class=\"panel-grid-cell\" ><div id=\"panel-131-7-0-0\" class=\"so-panel widget widget_sow-editor panel-first-child panel-last-child\" data-index=\"14\" ><div class=\"panel-widget-style panel-widget-style-for-131-7-0-0\" ><div\n\t\t\t\n\t\t\tclass=\"so-widget-sow-editor so-widget-sow-editor-base\"\n\t\t\t\n\t\t>\n<div class=\"siteorigin-widget-tinymce textwidget\">\n\t<h2>Master R\u00e9seaux et T\u00e9l\u00e9communications\u00a0 - AMU<\/h2>\n<p>Le master R\u00e9seaux et T\u00e9l\u00e9communications forme des Ing\u00e9nieurs dans les domaines de l\u2019Architecture R\u00e9seaux, la Cybers\u00e9curit\u00e9, l\u2019IoT, le Cloud, les Data Centers, la ToIP\u2026<\/p>\n<\/div>\n<\/div><\/div><\/div><\/div><div id=\"pgc-131-7-1\"  class=\"panel-grid-cell\" ><div id=\"panel-131-7-1-0\" class=\"so-panel widget widget_sow-editor panel-first-child panel-last-child\" data-index=\"15\" ><div\n\t\t\t\n\t\t\tclass=\"so-widget-sow-editor so-widget-sow-editor-base\"\n\t\t\t\n\t\t>\n<div class=\"siteorigin-widget-tinymce textwidget\">\n\t<h4><\/h4>\n<h4><\/h4>\n<h4>Responsable<\/h4>\n<pre>Didier Tonneau\n<\/pre>\n<h4><a href=\"https:\/\/formations.univ-amu.fr\/ME5SRT.html\">En Savoir Plus<\/a><\/h4>\n<h4><\/h4>\n<\/div>\n<\/div><\/div><\/div><\/div><\/div><div id=\"pg-131-8\"  class=\"panel-grid panel-no-style\" ><div id=\"pgc-131-8-0\"  class=\"panel-grid-cell\" ><div id=\"panel-131-8-0-0\" class=\"so-panel widget widget_sow-editor panel-first-child panel-last-child\" data-index=\"16\" ><div class=\"panel-widget-style panel-widget-style-for-131-8-0-0\" ><div\n\t\t\t\n\t\t\tclass=\"so-widget-sow-editor so-widget-sow-editor-base\"\n\t\t\t\n\t\t>\n<div class=\"siteorigin-widget-tinymce textwidget\">\n\t<h1><span style=\"color: #333399;\">Formations<\/span> <span style=\"color: #ff0000;\">CNRS<\/span><\/h1>\n<\/div>\n<\/div><\/div><\/div><\/div><\/div><div id=\"pg-131-9\"  class=\"panel-grid panel-no-style\" ><div id=\"pgc-131-9-0\"  class=\"panel-grid-cell\" ><div id=\"panel-131-9-0-0\" class=\"so-panel widget widget_sow-editor panel-first-child panel-last-child\" data-index=\"17\" ><div\n\t\t\t\n\t\t\tclass=\"so-widget-sow-editor so-widget-sow-editor-base\"\n\t\t\t\n\t\t>\n<div class=\"siteorigin-widget-tinymce textwidget\">\n\t<div class=\"groupetitre\">\n<h2>Cristallisation\u00a0: recherche des conditions de cristallisation et des polymorphes \u00e0 l'aide de montages exp\u00e9rimentaux microfluidiques et multi-puits<\/h2>\n<\/div>\n<p class=\"spip\">Le CINaM organise chaque ann\u00e9e un stage sur la cristallisation \u00e0 destination de techniciens, ing\u00e9nieurs et chercheurs du monde acad\u00e9mique ou industrielle<\/p>\n<h4 class=\"spip\"><a href=\"https:\/\/cnrsformation.cnrs.fr\/cristallisation-recherche-des-conditions-de-cristallisation-et-des-polymorphes?mc=Cristallisation\"  target=\"_blank\" rel=\"noopener\">En Savoir Plus<\/a><\/h4>\n<\/div>\n<\/div><\/div><\/div><\/div><\/div>","protected":false},"excerpt":{"rendered":"<p>Master Nanosciences et Nanotechnologies \u2013 Aix Marseille Universit\u00e9 Le master Nanosciences et Nanotechnologies est une formation de haut niveau pour comprendre, concevoir, \u00e9laborer et mettre en \u0153uvre les mat\u00e9riaux et nanomat\u00e9riaux dans des domaines porteurs comme la nano-ing\u00e9nierie, la nano\u00e9lectronique, l\u2019\u00e9nergie ou la sant\u00e9. Cette formation permet une insertion sur le march\u00e9 du travail \u00e0 <\/p>\n","protected":false},"author":1,"featured_media":84,"parent":126,"menu_order":2,"comment_status":"closed","ping_status":"closed","template":"","meta":[],"aioseo_notices":[],"_links":{"self":[{"href":"https:\/\/www.cinam.univ-mrs.fr\/cinam\/wp-json\/wp\/v2\/pages\/131"}],"collection":[{"href":"https:\/\/www.cinam.univ-mrs.fr\/cinam\/wp-json\/wp\/v2\/pages"}],"about":[{"href":"https:\/\/www.cinam.univ-mrs.fr\/cinam\/wp-json\/wp\/v2\/types\/page"}],"author":[{"embeddable":true,"href":"https:\/\/www.cinam.univ-mrs.fr\/cinam\/wp-json\/wp\/v2\/users\/1"}],"replies":[{"embeddable":true,"href":"https:\/\/www.cinam.univ-mrs.fr\/cinam\/wp-json\/wp\/v2\/comments?post=131"}],"version-history":[{"count":113,"href":"https:\/\/www.cinam.univ-mrs.fr\/cinam\/wp-json\/wp\/v2\/pages\/131\/revisions"}],"predecessor-version":[{"id":7941,"href":"https:\/\/www.cinam.univ-mrs.fr\/cinam\/wp-json\/wp\/v2\/pages\/131\/revisions\/7941"}],"up":[{"embeddable":true,"href":"https:\/\/www.cinam.univ-mrs.fr\/cinam\/wp-json\/wp\/v2\/pages\/126"}],"wp:featuredmedia":[{"embeddable":true,"href":"https:\/\/www.cinam.univ-mrs.fr\/cinam\/wp-json\/wp\/v2\/media\/84"}],"wp:attachment":[{"href":"https:\/\/www.cinam.univ-mrs.fr\/cinam\/wp-json\/wp\/v2\/media?parent=131"}],"curies":[{"name":"wp","href":"https:\/\/api.w.org\/{rel}","templated":true}]}}