{"id":15,"date":"2018-11-29T14:43:41","date_gmt":"2018-11-29T13:43:41","guid":{"rendered":"http:\/\/www.cinam.univ-mrs.fr\/cinam\/?page_id=15"},"modified":"2019-02-15T17:01:26","modified_gmt":"2019-02-15T16:01:26","slug":"presentation-enseignement","status":"publish","type":"page","link":"https:\/\/www.cinam.univ-mrs.fr\/cinam\/enseignement\/presentation-enseignement\/","title":{"rendered":"Le CINAM et l&rsquo;Enseignement"},"content":{"rendered":"<h3>Le CINaM s\u2019investit dans la formation depuis la diffusion scientifique destin\u00e9e aux scolaires ou au grand public jusqu\u2019\u00e0 la formation doctorale, en passant par tous les stades de l\u2019enseignement universitaire au sein d\u2019Aix-Marseille Universit\u00e9.<\/h3>\n<p>Nous sommes fortement impliqu\u00e9s dans les enseignements de licence de physique ( D\u00e9partement de Physique) et de licence de chimie (D\u00e9partement de Chimie) de l\u2019UFR Sciences, mais \u00e9galement dans les fili\u00e8res G\u00e9nie Biom\u00e9dical et Mat\u00e9riaux de formation d\u2019ing\u00e9nieurs de l\u2019\u00e9cole polytechnique universitaire de Marseille (Polytech Marseille) et enfin de l\u2019IUT.<\/p>\n<p>Les masters du site dans lesquels nous intervenons sont les masters Nanosciences et Nanotechnologies, et Chimie.<br \/>\nLe CINaM est laboratoire d\u2019accueil de l\u2019ED352 (Physique et Sciences de la Mati\u00e8re) et de l\u2019ED250 (Sciences Chimiques). Une trentaine au moins de docteurs sont issus des \u00e9quipes du CINaM chaque ann\u00e9e.<br \/>\nEn outre, par ses implications dans les p\u00f4les de comp\u00e9titivit\u00e9 (Cap\u00e9nergies, SCS ), le laboratoire contribue aux transferts de savoir et \u00e0 adapter la formation aux besoins r\u00e9gionaux.<\/p>\n<h5>Vous cherchez un stage ou voulez rejoindre le laboratoire et participer \u00e0 la recherche ?<\/h5>\n<h5>&#8211; <a href=\"https:\/\/www.cinam.univ-mrs.fr\/cinam\/le-centre\/contacts-acces\/\">Contactez-nous !<\/a><\/h5>\n<h5><a href=\"https:\/\/www.cinam.univ-mrs.fr\/cinam\/articles\/these-et-postdoc\/\">&#8211; Retrouvez toutes nos propositions de th\u00e8se et de post-doctorats<\/a><\/h5>\n","protected":false},"excerpt":{"rendered":"<p>Le CINaM s\u2019investit dans la formation depuis la diffusion scientifique destin\u00e9e aux scolaires ou au grand public jusqu\u2019\u00e0 la formation doctorale, en passant par tous les stades de l\u2019enseignement universitaire au sein d\u2019Aix-Marseille Universit\u00e9. Nous sommes fortement impliqu\u00e9s dans les enseignements de licence de physique ( D\u00e9partement de Physique) et de licence de chimie (D\u00e9partement <\/p>\n","protected":false},"author":1,"featured_media":56,"parent":126,"menu_order":1,"comment_status":"closed","ping_status":"closed","template":"","meta":[],"aioseo_notices":[],"_links":{"self":[{"href":"https:\/\/www.cinam.univ-mrs.fr\/cinam\/wp-json\/wp\/v2\/pages\/15"}],"collection":[{"href":"https:\/\/www.cinam.univ-mrs.fr\/cinam\/wp-json\/wp\/v2\/pages"}],"about":[{"href":"https:\/\/www.cinam.univ-mrs.fr\/cinam\/wp-json\/wp\/v2\/types\/page"}],"author":[{"embeddable":true,"href":"https:\/\/www.cinam.univ-mrs.fr\/cinam\/wp-json\/wp\/v2\/users\/1"}],"replies":[{"embeddable":true,"href":"https:\/\/www.cinam.univ-mrs.fr\/cinam\/wp-json\/wp\/v2\/comments?post=15"}],"version-history":[{"count":15,"href":"https:\/\/www.cinam.univ-mrs.fr\/cinam\/wp-json\/wp\/v2\/pages\/15\/revisions"}],"predecessor-version":[{"id":3643,"href":"https:\/\/www.cinam.univ-mrs.fr\/cinam\/wp-json\/wp\/v2\/pages\/15\/revisions\/3643"}],"up":[{"embeddable":true,"href":"https:\/\/www.cinam.univ-mrs.fr\/cinam\/wp-json\/wp\/v2\/pages\/126"}],"wp:featuredmedia":[{"embeddable":true,"href":"https:\/\/www.cinam.univ-mrs.fr\/cinam\/wp-json\/wp\/v2\/media\/56"}],"wp:attachment":[{"href":"https:\/\/www.cinam.univ-mrs.fr\/cinam\/wp-json\/wp\/v2\/media?parent=15"}],"curies":[{"name":"wp","href":"https:\/\/api.w.org\/{rel}","templated":true}]}}