{"id":1616,"date":"2019-01-09T13:46:09","date_gmt":"2019-01-09T12:46:09","guid":{"rendered":"http:\/\/www.cinam.univ-mrs.fr\/cinam\/?page_id=1616"},"modified":"2022-09-12T10:02:40","modified_gmt":"2022-09-12T08:02:40","slug":"lithography","status":"publish","type":"page","link":"https:\/\/www.cinam.univ-mrs.fr\/cinam\/lithography\/","title":{"rendered":"Lithographie"},"content":{"rendered":"<div id=\"pl-1616\"  class=\"panel-layout\" ><div id=\"pg-1616-0\"  class=\"panel-grid panel-has-style\" ><div class=\"panel-row-style panel-row-style-for-1616-0\" ><div id=\"pgc-1616-0-0\"  class=\"panel-grid-cell\" ><div id=\"panel-1616-0-0-0\" class=\"so-panel widget widget_sow-button panel-first-child panel-last-child\" data-index=\"0\" ><div\n\t\t\t\n\t\t\tclass=\"so-widget-sow-button so-widget-sow-button-wire-c80fcc640494-1616\"\n\t\t\t\n\t\t><div class=\"ow-button-base ow-button-align-center\">\n\t<a\n\thref=\"http:\/\/www.cinam.univ-mrs.fr\/cinam\/team\/planete\/#more1\"\n\t\tclass=\"ow-icon-placement-left ow-button-hover\" \t>\n\t\t<span>\n\t\t\t\n\t\t\tAccueil\t\t<\/span>\n\t<\/a>\n<\/div>\n<\/div><\/div><\/div><div id=\"pgc-1616-0-1\"  class=\"panel-grid-cell\" ><div id=\"panel-1616-0-1-0\" class=\"so-panel widget widget_sow-button panel-first-child panel-last-child\" data-index=\"1\" ><div\n\t\t\t\n\t\t\tclass=\"so-widget-sow-button so-widget-sow-button-wire-c80fcc640494-1616\"\n\t\t\t\n\t\t><div class=\"ow-button-base ow-button-align-center\">\n\t<a\n\thref=\"http:\/\/www.cinam.univ-mrs.fr\/cinam\/nanofabrication\/\"\n\t\tclass=\"ow-icon-placement-left ow-button-hover\" \t>\n\t\t<span>\n\t\t\t\n\t\t\tNanofab\t\t<\/span>\n\t<\/a>\n<\/div>\n<\/div><\/div><\/div><div id=\"pgc-1616-0-2\"  class=\"panel-grid-cell\" ><div id=\"panel-1616-0-2-0\" class=\"so-panel widget widget_sow-button panel-first-child panel-last-child\" data-index=\"2\" ><div\n\t\t\t\n\t\t\tclass=\"so-widget-sow-button so-widget-sow-button-wire-76247c1f155d-1616\"\n\t\t\t\n\t\t><div class=\"ow-button-base ow-button-align-center\">\n\t<a\n\thref=\"http:\/\/www.cinam.univ-mrs.fr\/cinam\/lithography\/\"\n\t\tclass=\"ow-icon-placement-left ow-button-hover\" \t>\n\t\t<span>\n\t\t\t\n\t\t\tLithographie\t\t<\/span>\n\t<\/a>\n<\/div>\n<\/div><\/div><\/div><div id=\"pgc-1616-0-3\"  class=\"panel-grid-cell\" ><div id=\"panel-1616-0-3-0\" class=\"so-panel widget widget_sow-button panel-first-child panel-last-child\" data-index=\"3\" ><div\n\t\t\t\n\t\t\tclass=\"so-widget-sow-button so-widget-sow-button-wire-c80fcc640494-1616\"\n\t\t\t\n\t\t><div class=\"ow-button-base ow-button-align-center\">\n\t<a\n\thref=\"http:\/\/www.cinam.univ-mrs.fr\/cinam\/depot\/\"\n\t\tclass=\"ow-icon-placement-left ow-button-hover\" \t>\n\t\t<span>\n\t\t\t\n\t\t\tD\u00e9p\u00f4t\t\t<\/span>\n\t<\/a>\n<\/div>\n<\/div><\/div><\/div><div id=\"pgc-1616-0-4\"  class=\"panel-grid-cell\" ><div id=\"panel-1616-0-4-0\" class=\"so-panel widget widget_sow-button panel-first-child panel-last-child\" data-index=\"4\" ><div\n\t\t\t\n\t\t\tclass=\"so-widget-sow-button so-widget-sow-button-wire-c80fcc640494-1616\"\n\t\t\t\n\t\t><div class=\"ow-button-base ow-button-align-center\">\n\t<a\n\thref=\"http:\/\/www.cinam.univ-mrs.fr\/cinam\/gravure\/\"\n\t\tclass=\"ow-icon-placement-left ow-button-hover\" \t>\n\t\t<span>\n\t\t\t\n\t\t\tGravure\t\t<\/span>\n\t<\/a>\n<\/div>\n<\/div><\/div><\/div><div id=\"pgc-1616-0-5\"  class=\"panel-grid-cell\" ><div id=\"panel-1616-0-5-0\" class=\"so-panel widget widget_sow-button panel-first-child panel-last-child\" data-index=\"5\" ><div\n\t\t\t\n\t\t\tclass=\"so-widget-sow-button so-widget-sow-button-wire-c80fcc640494-1616\"\n\t\t\t\n\t\t><div class=\"ow-button-base ow-button-align-center\">\n\t<a\n\thref=\"#\"\n\t\tclass=\"ow-icon-placement-left ow-button-hover\" \t>\n\t\t<span>\n\t\t\t\n\t\t\tM\u00e9trologie\t\t<\/span>\n\t<\/a>\n<\/div>\n<\/div><\/div><\/div><\/div><\/div><div id=\"pg-1616-1\"  class=\"panel-grid panel-no-style\" ><div id=\"pgc-1616-1-0\"  class=\"panel-grid-cell\" ><div id=\"panel-1616-1-0-0\" class=\"so-panel widget widget_sow-headline panel-first-child panel-last-child\" data-index=\"6\" ><div\n\t\t\t\n\t\t\tclass=\"so-widget-sow-headline so-widget-sow-headline-default-98dc6fff397f-1616\"\n\t\t\t\n\t\t><div class=\"sow-headline-container \">\n\t<h3 class='sow-headline'>Lithographies optique et assist\u00e9e par faisceau d'\u00e9lectrons<\/h3>\t\t\t\t\t<div class=\"decoration\">\n\t\t\t\t\t\t<div class=\"decoration-inside\"><\/div>\n\t\t\t\t\t<\/div>\n\t\t\t\t\t<\/div>\n<\/div><\/div><\/div><\/div><div id=\"pg-1616-2\"  class=\"panel-grid panel-has-style\" ><div class=\"panel-row-style panel-row-style-for-1616-2\" ><div id=\"pgc-1616-2-0\"  class=\"panel-grid-cell\" ><div id=\"panel-1616-2-0-0\" class=\"so-panel widget widget_sow-editor panel-first-child panel-last-child\" data-index=\"7\" ><div\n\t\t\t\n\t\t\tclass=\"so-widget-sow-editor so-widget-sow-editor-base\"\n\t\t\t\n\t\t>\n<div class=\"siteorigin-widget-tinymce textwidget\">\n\t<p><img decoding=\"async\" loading=\"lazy\" class=\"alignnone wp-image-1625 size-full\" src=\"http:\/\/www.cinam.univ-mrs.fr\/cinam\/wp-content\/uploads\/2019\/01\/lithography.png\" alt=\"Lithography\" width=\"700\" height=\"533\" srcset=\"https:\/\/www.cinam.univ-mrs.fr\/cinam\/wp-content\/uploads\/2019\/01\/lithography.png 700w, https:\/\/www.cinam.univ-mrs.fr\/cinam\/wp-content\/uploads\/2019\/01\/lithography-300x228.png 300w\" sizes=\"(max-width: 700px) 100vw, 700px\" \/><\/p>\n<p style=\"text-align: center\">Lignes de m\u00e9tal<br \/>\n(largeur &lt; 20 nm)<\/p>\n<\/div>\n<\/div><\/div><\/div><div id=\"pgc-1616-2-1\"  class=\"panel-grid-cell\" ><div id=\"panel-1616-2-1-0\" class=\"so-panel widget widget_sow-editor panel-first-child panel-last-child\" data-index=\"8\" ><div\n\t\t\t\n\t\t\tclass=\"so-widget-sow-editor so-widget-sow-editor-base\"\n\t\t\t\n\t\t>\n<div class=\"siteorigin-widget-tinymce textwidget\">\n\t<p><img decoding=\"async\" loading=\"lazy\" class=\"alignnone wp-image-1627 size-full\" src=\"http:\/\/www.cinam.univ-mrs.fr\/cinam\/wp-content\/uploads\/2019\/01\/lithography-2.png\" alt=\"Lithography 1\" width=\"704\" height=\"533\" srcset=\"https:\/\/www.cinam.univ-mrs.fr\/cinam\/wp-content\/uploads\/2019\/01\/lithography-2.png 704w, https:\/\/www.cinam.univ-mrs.fr\/cinam\/wp-content\/uploads\/2019\/01\/lithography-2-300x227.png 300w\" sizes=\"(max-width: 704px) 100vw, 704px\" \/><\/p>\n<p style=\"text-align: center\">Nanoplots de m\u00e9tal Cr\/Au<br \/>\n(diam\u00e8tre &lt; 50 nm)<\/p>\n<\/div>\n<\/div><\/div><\/div><div id=\"pgc-1616-2-2\"  class=\"panel-grid-cell\" ><div id=\"panel-1616-2-2-0\" class=\"so-panel widget widget_sow-editor panel-first-child panel-last-child\" data-index=\"9\" ><div\n\t\t\t\n\t\t\tclass=\"so-widget-sow-editor so-widget-sow-editor-base\"\n\t\t\t\n\t\t>\n<div class=\"siteorigin-widget-tinymce textwidget\">\n\t<p><img decoding=\"async\" loading=\"lazy\" class=\"alignnone wp-image-1629 size-full\" src=\"http:\/\/www.cinam.univ-mrs.fr\/cinam\/wp-content\/uploads\/2019\/01\/lithography-3.png\" alt=\"Lithography 2\" width=\"970\" height=\"735\" srcset=\"https:\/\/www.cinam.univ-mrs.fr\/cinam\/wp-content\/uploads\/2019\/01\/lithography-3.png 970w, https:\/\/www.cinam.univ-mrs.fr\/cinam\/wp-content\/uploads\/2019\/01\/lithography-3-300x227.png 300w, https:\/\/www.cinam.univ-mrs.fr\/cinam\/wp-content\/uploads\/2019\/01\/lithography-3-768x582.png 768w\" sizes=\"(max-width: 706px) 89vw, (max-width: 767px) 82vw, 740px\" \/><\/p>\n<p style=\"text-align: center\">Alignement de deux niveaux par lithographie \u00e9lectronique<\/p>\n<\/div>\n<\/div><\/div><\/div><\/div><\/div><div id=\"pg-1616-3\"  class=\"panel-grid panel-has-style\" ><div class=\"panel-row-style panel-row-style-for-1616-3\" ><div id=\"pgc-1616-3-0\"  class=\"panel-grid-cell\" ><div id=\"panel-1616-3-0-0\" class=\"so-panel widget widget_sow-editor panel-first-child panel-last-child\" data-index=\"10\" ><div\n\t\t\t\n\t\t\tclass=\"so-widget-sow-editor so-widget-sow-editor-base\"\n\t\t\t\n\t\t><h3 class=\"widget-title\">Syst\u00e8me Pioneer<\/h3>\n<div class=\"siteorigin-widget-tinymce textwidget\">\n\t<ul>\n<li>Source FEG (cathode chaude \u00e0 \u00e9mission de champ)<\/li>\n<li>Colonne \u00e9lectronique (100eV \u00e0 30 keV)<\/li>\n<li>Taille de sonde &lt;2nm<\/li>\n<li>R\u00e9solution &lt;20nm<\/li>\n<li>Platine interf\u00e9rom\u00e9trique 5cmx5cm (pr\u00e9cision &lt;20nm)<\/li>\n<li>R\u00e9-alignement &lt;20nm<\/li>\n<\/ul>\n<\/div>\n<\/div><\/div><\/div><div id=\"pgc-1616-3-1\"  class=\"panel-grid-cell\" ><div id=\"panel-1616-3-1-0\" class=\"so-panel widget widget_sow-editor panel-first-child panel-last-child\" data-index=\"11\" ><div\n\t\t\t\n\t\t\tclass=\"so-widget-sow-editor so-widget-sow-editor-base\"\n\t\t\t\n\t\t><h3 class=\"widget-title\">Aligneur de masques MJB4 (S\u00fcss Microtec)<\/h3>\n<div class=\"siteorigin-widget-tinymce textwidget\">\n\t<ul>\n<li>Lithographie UV<\/li>\n<li>Lumi\u00e8re filtr\u00e9e 365nm<\/li>\n<li>R\u00e9solution 0,8\u00b5m<\/li>\n<li>Taille de wafers jusqu\u2019\u00e0 100mm<\/li>\n<li>R\u00e9-alignement &lt;1\u00b5m<\/li>\n<\/ul>\n<\/div>\n<\/div><\/div><\/div><div id=\"pgc-1616-3-2\"  class=\"panel-grid-cell\" ><div id=\"panel-1616-3-2-0\" class=\"so-panel widget widget_sow-editor panel-first-child panel-last-child\" data-index=\"12\" ><div\n\t\t\t\n\t\t\tclass=\"so-widget-sow-editor so-widget-sow-editor-base\"\n\t\t\t\n\t\t><h3 class=\"widget-title\">Lithographie sans masques \u00b5MLA (Heidelberg)<\/h3>\n<div class=\"siteorigin-widget-tinymce textwidget\">\n\t<ul>\n<li>Lithographie UV sans masque<\/li>\n<li>Lumi\u00e8re 365nm<\/li>\n<li>R\u00e9solution 1 \u00b5m<\/li>\n<li>Taille de wafers jusqu\u2019\u00e0 100mm<\/li>\n<li>R\u00e9-alignement 1 \u00b5m<\/li>\n<\/ul>\n<\/div>\n<\/div><\/div><\/div><\/div><\/div><\/div>","protected":false},"excerpt":{"rendered":"<p>Accueil Nanofab Lithographie D\u00e9p\u00f4t Gravure M\u00e9trologie Lithographies optique et assist\u00e9e par faisceau d&rsquo;\u00e9lectrons Lignes de m\u00e9tal (largeur &lt; 20 nm) Nanoplots de m\u00e9tal Cr\/Au (diam\u00e8tre &lt; 50 nm) Alignement de deux niveaux par lithographie \u00e9lectronique Syst\u00e8me Pioneer Source FEG (cathode chaude \u00e0 \u00e9mission de champ) Colonne \u00e9lectronique (100eV \u00e0 30 keV) Taille de sonde &lt;2nm <\/p>\n","protected":false},"author":14,"featured_media":0,"parent":0,"menu_order":0,"comment_status":"closed","ping_status":"closed","template":"page-templates\/full-page.php","meta":[],"aioseo_notices":[],"_links":{"self":[{"href":"https:\/\/www.cinam.univ-mrs.fr\/cinam\/wp-json\/wp\/v2\/pages\/1616"}],"collection":[{"href":"https:\/\/www.cinam.univ-mrs.fr\/cinam\/wp-json\/wp\/v2\/pages"}],"about":[{"href":"https:\/\/www.cinam.univ-mrs.fr\/cinam\/wp-json\/wp\/v2\/types\/page"}],"author":[{"embeddable":true,"href":"https:\/\/www.cinam.univ-mrs.fr\/cinam\/wp-json\/wp\/v2\/users\/14"}],"replies":[{"embeddable":true,"href":"https:\/\/www.cinam.univ-mrs.fr\/cinam\/wp-json\/wp\/v2\/comments?post=1616"}],"version-history":[{"count":54,"href":"https:\/\/www.cinam.univ-mrs.fr\/cinam\/wp-json\/wp\/v2\/pages\/1616\/revisions"}],"predecessor-version":[{"id":10696,"href":"https:\/\/www.cinam.univ-mrs.fr\/cinam\/wp-json\/wp\/v2\/pages\/1616\/revisions\/10696"}],"wp:attachment":[{"href":"https:\/\/www.cinam.univ-mrs.fr\/cinam\/wp-json\/wp\/v2\/media?parent=1616"}],"curies":[{"name":"wp","href":"https:\/\/api.w.org\/{rel}","templated":true}]}}