{"id":1786,"date":"2019-01-09T16:25:20","date_gmt":"2019-01-09T15:25:20","guid":{"rendered":"http:\/\/www.cinam.univ-mrs.fr\/cinam\/?page_id=1786"},"modified":"2022-05-06T09:22:41","modified_gmt":"2022-05-06T07:22:41","slug":"jeol-jem-2010","status":"publish","type":"page","link":"https:\/\/www.cinam.univ-mrs.fr\/cinam\/jeol-jem-2010\/","title":{"rendered":"JEOL JEM-2010"},"content":{"rendered":"<div id=\"pl-1786\"  class=\"panel-layout\" ><div id=\"pg-1786-0\"  class=\"panel-grid panel-has-style\" ><div class=\"panel-row-style panel-row-style-for-1786-0\" ><div id=\"pgc-1786-0-0\"  class=\"panel-grid-cell\" ><div id=\"panel-1786-0-0-0\" class=\"so-panel widget widget_sow-button panel-first-child panel-last-child\" data-index=\"0\" ><div\n\t\t\t\n\t\t\tclass=\"so-widget-sow-button so-widget-sow-button-wire-7ff549ac4a37-1786\"\n\t\t\t\n\t\t><div class=\"ow-button-base ow-button-align-center\">\n\t<a\n\thref=\"http:\/\/www.cinam.univ-mrs.fr\/cinam\/team\/service-microscopie-electronique\/\"\n\t\tclass=\"ow-icon-placement-left ow-button-hover\" \t>\n\t\t<span>\n\t\t\t\n\t\t\tAccueil<br \/>Plateforme\t\t<\/span>\n\t<\/a>\n<\/div>\n<\/div><\/div><\/div><div id=\"pgc-1786-0-1\"  class=\"panel-grid-cell\" ><div id=\"panel-1786-0-1-0\" class=\"so-panel widget widget_sow-button panel-first-child panel-last-child\" data-index=\"1\" ><div\n\t\t\t\n\t\t\tclass=\"so-widget-sow-button so-widget-sow-button-wire-7ff549ac4a37-1786\"\n\t\t\t\n\t\t><div class=\"ow-button-base ow-button-align-center\">\n\t<a\n\thref=\"http:\/\/www.cinam.univ-mrs.fr\/cinam\/jeol-jsm-7900f\/\"\n\t\tclass=\"ow-icon-placement-left ow-button-hover\" \t>\n\t\t<span>\n\t\t\t\n\t\t\tJEOL<br \/>JSM-7900F\t\t<\/span>\n\t<\/a>\n<\/div>\n<\/div><\/div><\/div><div id=\"pgc-1786-0-2\"  class=\"panel-grid-cell\" ><div id=\"panel-1786-0-2-0\" class=\"so-panel widget widget_sow-button panel-first-child panel-last-child\" data-index=\"2\" ><div\n\t\t\t\n\t\t\tclass=\"so-widget-sow-button so-widget-sow-button-wire-93acc227363e-1786\"\n\t\t\t\n\t\t><div class=\"ow-button-base ow-button-align-center\">\n\t<a\n\thref=\"http:\/\/www.cinam.univ-mrs.fr\/cinam\/jeol-jem-2010\/\"\n\t\tclass=\"ow-icon-placement-left ow-button-hover\" \t>\n\t\t<span>\n\t\t\t\n\t\t\tJEOL<br \/> JEM-2010\t\t<\/span>\n\t<\/a>\n<\/div>\n<\/div><\/div><\/div><div id=\"pgc-1786-0-3\"  class=\"panel-grid-cell\" ><div id=\"panel-1786-0-3-0\" class=\"so-panel widget widget_sow-button panel-first-child panel-last-child\" data-index=\"3\" ><div\n\t\t\t\n\t\t\tclass=\"so-widget-sow-button so-widget-sow-button-wire-7ff549ac4a37-1786\"\n\t\t\t\n\t\t><div class=\"ow-button-base ow-button-align-center\">\n\t<a\n\thref=\"http:\/\/www.cinam.univ-mrs.fr\/cinam\/jeol-jem-2100f\/\"\n\t\tclass=\"ow-icon-placement-left ow-button-hover\" \t>\n\t\t<span>\n\t\t\t\n\t\t\tJEOL<br \/> JEM-2100F\t\t<\/span>\n\t<\/a>\n<\/div>\n<\/div><\/div><\/div><\/div><\/div><div id=\"pg-1786-1\"  class=\"panel-grid panel-has-style\" ><div class=\"panel-row-style panel-row-style-for-1786-1\" ><div id=\"pgc-1786-1-0\"  class=\"panel-grid-cell\" ><div id=\"panel-1786-1-0-0\" class=\"so-panel widget widget_sow-headline panel-first-child\" data-index=\"4\" ><div\n\t\t\t\n\t\t\tclass=\"so-widget-sow-headline so-widget-sow-headline-default-98dc6fff397f-1786\"\n\t\t\t\n\t\t><div class=\"sow-headline-container \">\n\t<h3 class='sow-headline'>Performances<\/h3>\t\t\t\t\t<div class=\"decoration\">\n\t\t\t\t\t\t<div class=\"decoration-inside\"><\/div>\n\t\t\t\t\t<\/div>\n\t\t\t\t\t<\/div>\n<\/div><\/div><div id=\"panel-1786-1-0-1\" class=\"so-panel widget widget_sow-editor\" data-index=\"5\" ><div\n\t\t\t\n\t\t\tclass=\"so-widget-sow-editor so-widget-sow-editor-base\"\n\t\t\t\n\t\t>\n<div class=\"siteorigin-widget-tinymce textwidget\">\n\t<ul>\n<li>R\u00e9solution : 0.23 nm point \u00e0 point<\/li>\n<li>Grandissement : 2000x \u00e0 1200000x<\/li>\n<li>Camera : GATAN Ultrascan 1000XP (2k x 2k)<\/li>\n<\/ul>\n<\/div>\n<\/div><\/div><div id=\"panel-1786-1-0-2\" class=\"so-panel widget widget_sow-headline\" data-index=\"6\" ><div\n\t\t\t\n\t\t\tclass=\"so-widget-sow-headline so-widget-sow-headline-default-98dc6fff397f-1786\"\n\t\t\t\n\t\t><div class=\"sow-headline-container \">\n\t<h3 class='sow-headline'>\u00c9mission <\/h3>\t\t\t\t\t<div class=\"decoration\">\n\t\t\t\t\t\t<div class=\"decoration-inside\"><\/div>\n\t\t\t\t\t<\/div>\n\t\t\t\t\t<\/div>\n<\/div><\/div><div id=\"panel-1786-1-0-3\" class=\"so-panel widget widget_sow-editor\" data-index=\"7\" ><div\n\t\t\t\n\t\t\tclass=\"so-widget-sow-editor so-widget-sow-editor-base\"\n\t\t\t\n\t\t>\n<div class=\"siteorigin-widget-tinymce textwidget\">\n\t<ul>\n<li>Type : Filament<\/li>\n<li>Cathode : LaB6<\/li>\n<li>Tension d\u2019acc\u00e9l\u00e9ration : 200 KV<\/li>\n<\/ul>\n<\/div>\n<\/div><\/div><div id=\"panel-1786-1-0-4\" class=\"so-panel widget widget_sow-headline\" data-index=\"8\" ><div\n\t\t\t\n\t\t\tclass=\"so-widget-sow-headline so-widget-sow-headline-default-98dc6fff397f-1786\"\n\t\t\t\n\t\t><div class=\"sow-headline-container \">\n\t<h3 class='sow-headline'>Module Tomographie<\/h3>\t\t\t\t\t<div class=\"decoration\">\n\t\t\t\t\t\t<div class=\"decoration-inside\"><\/div>\n\t\t\t\t\t<\/div>\n\t\t\t\t\t<\/div>\n<\/div><\/div><div id=\"panel-1786-1-0-5\" class=\"so-panel widget widget_sow-editor\" data-index=\"9\" ><div\n\t\t\t\n\t\t\tclass=\"so-widget-sow-editor so-widget-sow-editor-base\"\n\t\t\t\n\t\t>\n<div class=\"siteorigin-widget-tinymce textwidget\">\n\t<ul>\n<li>Porte objet Tilt rotation Gatan<\/li>\n<\/ul>\n<\/div>\n<\/div><\/div><div id=\"panel-1786-1-0-6\" class=\"so-panel widget widget_sow-headline\" data-index=\"10\" ><div\n\t\t\t\n\t\t\tclass=\"so-widget-sow-headline so-widget-sow-headline-default-98dc6fff397f-1786\"\n\t\t\t\n\t\t><div class=\"sow-headline-container \">\n\t<h3 class='sow-headline'>Mode analytique<\/h3>\t\t\t\t\t<div class=\"decoration\">\n\t\t\t\t\t\t<div class=\"decoration-inside\"><\/div>\n\t\t\t\t\t<\/div>\n\t\t\t\t\t<\/div>\n<\/div><\/div><div id=\"panel-1786-1-0-7\" class=\"so-panel widget widget_sow-editor\" data-index=\"11\" ><div\n\t\t\t\n\t\t\tclass=\"so-widget-sow-editor so-widget-sow-editor-base\"\n\t\t\t\n\t\t>\n<div class=\"siteorigin-widget-tinymce textwidget\">\n\t<ul>\n<li>Syst\u00e8me QUANTAX de Bruker avec d\u00e9tecteur Xflash SDD associ\u00e9 \u00e0 un semi-STEM<\/li>\n<\/ul>\n<\/div>\n<\/div><\/div><div id=\"panel-1786-1-0-8\" class=\"so-panel widget widget_sow-headline\" data-index=\"12\" ><div\n\t\t\t\n\t\t\tclass=\"so-widget-sow-headline so-widget-sow-headline-default-98dc6fff397f-1786\"\n\t\t\t\n\t\t><div class=\"sow-headline-container \">\n\t<h3 class='sow-headline'>Module Environnemental<\/h3>\t\t\t\t\t<div class=\"decoration\">\n\t\t\t\t\t\t<div class=\"decoration-inside\"><\/div>\n\t\t\t\t\t<\/div>\n\t\t\t\t\t<\/div>\n<\/div><\/div><div id=\"panel-1786-1-0-9\" class=\"so-panel widget widget_sow-editor panel-last-child\" data-index=\"13\" ><div\n\t\t\t\n\t\t\tclass=\"so-widget-sow-editor so-widget-sow-editor-base\"\n\t\t\t\n\t\t>\n<div class=\"siteorigin-widget-tinymce textwidget\">\n\t<ul>\n<li>Porte objet liquide chauffant POSEIDON (Protochips)<\/li>\n<\/ul>\n<\/div>\n<\/div><\/div><\/div><div id=\"pgc-1786-1-1\"  class=\"panel-grid-cell\" ><div id=\"panel-1786-1-1-0\" class=\"so-panel widget widget_sow-editor panel-first-child\" data-index=\"14\" ><div\n\t\t\t\n\t\t\tclass=\"so-widget-sow-editor so-widget-sow-editor-base\"\n\t\t\t\n\t\t>\n<div class=\"siteorigin-widget-tinymce textwidget\">\n\t<p><img decoding=\"async\" loading=\"lazy\" class=\"aligncenter wp-image-1798 size-large\" src=\"http:\/\/www.cinam.univ-mrs.fr\/cinam\/wp-content\/uploads\/2019\/01\/jeol-jem-2010-2-683x1024.jpg\" alt=\"JEOL JEM-2010 1\" width=\"525\" height=\"787\" srcset=\"https:\/\/www.cinam.univ-mrs.fr\/cinam\/wp-content\/uploads\/2019\/01\/jeol-jem-2010-2-683x1024.jpg 683w, https:\/\/www.cinam.univ-mrs.fr\/cinam\/wp-content\/uploads\/2019\/01\/jeol-jem-2010-2-200x300.jpg 200w, https:\/\/www.cinam.univ-mrs.fr\/cinam\/wp-content\/uploads\/2019\/01\/jeol-jem-2010-2-768x1152.jpg 768w, https:\/\/www.cinam.univ-mrs.fr\/cinam\/wp-content\/uploads\/2019\/01\/jeol-jem-2010-2.jpg 984w\" sizes=\"(max-width: 525px) 100vw, 525px\" \/><\/p>\n<\/div>\n<\/div><\/div><div id=\"panel-1786-1-1-1\" class=\"so-panel widget widget_sow-editor\" data-index=\"15\" ><div\n\t\t\t\n\t\t\tclass=\"so-widget-sow-editor so-widget-sow-editor-base\"\n\t\t\t\n\t\t>\n<div class=\"siteorigin-widget-tinymce textwidget\">\n\t<p><a href=\"http:\/\/www.cinam.univ-mrs.fr\/cinam\/wp-content\/uploads\/2019\/01\/jeol-jem-2010-3.jpg\"><img decoding=\"async\" loading=\"lazy\" class=\"aligncenter wp-image-1802 size-medium\" src=\"http:\/\/www.cinam.univ-mrs.fr\/cinam\/wp-content\/uploads\/2019\/01\/jeol-jem-2010-3-300x200.jpg\" alt=\"JEOL JEM-2010 2\" width=\"300\" height=\"200\" srcset=\"https:\/\/www.cinam.univ-mrs.fr\/cinam\/wp-content\/uploads\/2019\/01\/jeol-jem-2010-3-300x200.jpg 300w, https:\/\/www.cinam.univ-mrs.fr\/cinam\/wp-content\/uploads\/2019\/01\/jeol-jem-2010-3-768x512.jpg 768w, https:\/\/www.cinam.univ-mrs.fr\/cinam\/wp-content\/uploads\/2019\/01\/jeol-jem-2010-3-1024x683.jpg 1024w, https:\/\/www.cinam.univ-mrs.fr\/cinam\/wp-content\/uploads\/2019\/01\/jeol-jem-2010-3-272x182.jpg 272w, https:\/\/www.cinam.univ-mrs.fr\/cinam\/wp-content\/uploads\/2019\/01\/jeol-jem-2010-3.jpg 1476w\" sizes=\"(max-width: 300px) 100vw, 300px\" \/><\/a><\/p>\n<\/div>\n<\/div><\/div><div id=\"panel-1786-1-1-2\" class=\"so-panel widget widget_sow-editor panel-last-child\" data-index=\"16\" ><div\n\t\t\t\n\t\t\tclass=\"so-widget-sow-editor so-widget-sow-editor-base\"\n\t\t\t\n\t\t>\n<div class=\"siteorigin-widget-tinymce textwidget\">\n\t<p><a href=\"http:\/\/www.cinam.univ-mrs.fr\/cinam\/wp-content\/uploads\/2021\/01\/protochips-1.jpg\"><img decoding=\"async\" loading=\"lazy\" class=\"aligncenter wp-image-8131 size-medium\" src=\"http:\/\/www.cinam.univ-mrs.fr\/cinam\/wp-content\/uploads\/2021\/01\/protochips-1-300x138.jpg\" alt=\"\" width=\"300\" height=\"138\" srcset=\"https:\/\/www.cinam.univ-mrs.fr\/cinam\/wp-content\/uploads\/2021\/01\/protochips-1-300x138.jpg 300w, https:\/\/www.cinam.univ-mrs.fr\/cinam\/wp-content\/uploads\/2021\/01\/protochips-1-768x354.jpg 768w, https:\/\/www.cinam.univ-mrs.fr\/cinam\/wp-content\/uploads\/2021\/01\/protochips-1-1024x472.jpg 1024w\" sizes=\"(max-width: 300px) 100vw, 300px\" \/><\/a><\/p>\n<\/div>\n<\/div><\/div><\/div><\/div><\/div><\/div>","protected":false},"excerpt":{"rendered":"<p>R\u00e9solution : 0.23 nm point \u00e0 point Grandissement : 2000x \u00e0 1200000x Camera : GATAN Ultrascan 1000XP (2k x 2k) Type : Filament Cathode : LaB6 Tension d\u2019acc\u00e9l\u00e9ration : 200 KV Porte objet Tilt rotation Gatan Syst\u00e8me QUANTAX de Bruker avec d\u00e9tecteur Xflash SDD associ\u00e9 \u00e0 un semi-STEM Porte objet liquide chauffant POSEIDON (Protochips)<\/p>\n","protected":false},"author":23,"featured_media":0,"parent":0,"menu_order":0,"comment_status":"closed","ping_status":"closed","template":"page-templates\/full-page.php","meta":[],"aioseo_notices":[],"_links":{"self":[{"href":"https:\/\/www.cinam.univ-mrs.fr\/cinam\/wp-json\/wp\/v2\/pages\/1786"}],"collection":[{"href":"https:\/\/www.cinam.univ-mrs.fr\/cinam\/wp-json\/wp\/v2\/pages"}],"about":[{"href":"https:\/\/www.cinam.univ-mrs.fr\/cinam\/wp-json\/wp\/v2\/types\/page"}],"author":[{"embeddable":true,"href":"https:\/\/www.cinam.univ-mrs.fr\/cinam\/wp-json\/wp\/v2\/users\/23"}],"replies":[{"embeddable":true,"href":"https:\/\/www.cinam.univ-mrs.fr\/cinam\/wp-json\/wp\/v2\/comments?post=1786"}],"version-history":[{"count":52,"href":"https:\/\/www.cinam.univ-mrs.fr\/cinam\/wp-json\/wp\/v2\/pages\/1786\/revisions"}],"predecessor-version":[{"id":10278,"href":"https:\/\/www.cinam.univ-mrs.fr\/cinam\/wp-json\/wp\/v2\/pages\/1786\/revisions\/10278"}],"wp:attachment":[{"href":"https:\/\/www.cinam.univ-mrs.fr\/cinam\/wp-json\/wp\/v2\/media?parent=1786"}],"curies":[{"name":"wp","href":"https:\/\/api.w.org\/{rel}","templated":true}]}}