{"id":1827,"date":"2019-01-09T17:06:31","date_gmt":"2019-01-09T16:06:31","guid":{"rendered":"http:\/\/www.cinam.univ-mrs.fr\/cinam\/?page_id=1827"},"modified":"2019-04-12T15:01:06","modified_gmt":"2019-04-12T13:01:06","slug":"lt-stm-qplus","status":"publish","type":"page","link":"https:\/\/www.cinam.univ-mrs.fr\/cinam\/lt-stm-qplus\/","title":{"rendered":"LT STM-Qplus"},"content":{"rendered":"<div id=\"pl-1827\"  class=\"panel-layout\" ><div id=\"pg-1827-0\"  class=\"panel-grid panel-has-style\" ><div class=\"panel-row-style panel-row-style-for-1827-0\" ><div id=\"pgc-1827-0-0\"  class=\"panel-grid-cell\" ><div id=\"panel-1827-0-0-0\" class=\"so-panel widget widget_sow-button panel-first-child panel-last-child\" data-index=\"0\" ><div\n\t\t\t\n\t\t\tclass=\"so-widget-sow-button so-widget-sow-button-wire-7ff549ac4a37-1827\"\n\t\t\t\n\t\t><div class=\"ow-button-base ow-button-align-center\">\n\t<a\n\thref=\"http:\/\/www.cinam.univ-mrs.fr\/cinam\/team\/service-microscopie-a-champ-proche\/\"\n\t\tclass=\"ow-icon-placement-left ow-button-hover\" \t>\n\t\t<span>\n\t\t\t\n\t\t\tAccueil <br \/>Plateforme\t\t<\/span>\n\t<\/a>\n<\/div>\n<\/div><\/div><\/div><div id=\"pgc-1827-0-1\"  class=\"panel-grid-cell\" ><div id=\"panel-1827-0-1-0\" class=\"so-panel widget widget_sow-button panel-first-child panel-last-child\" data-index=\"1\" ><div\n\t\t\t\n\t\t\tclass=\"so-widget-sow-button so-widget-sow-button-wire-93acc227363e-1827\"\n\t\t\t\n\t\t><div class=\"ow-button-base ow-button-align-center\">\n\t<a\n\thref=\"http:\/\/www.cinam.univ-mrs.fr\/cinam\/lt-stm-qplus\/\"\n\t\tclass=\"ow-icon-placement-left ow-button-hover\" \t>\n\t\t<span>\n\t\t\t\n\t\t\tLT STM-<br \/>Qplus\t\t<\/span>\n\t<\/a>\n<\/div>\n<\/div><\/div><\/div><div id=\"pgc-1827-0-2\"  class=\"panel-grid-cell\" ><div id=\"panel-1827-0-2-0\" class=\"so-panel widget widget_sow-button panel-first-child panel-last-child\" data-index=\"2\" ><div\n\t\t\t\n\t\t\tclass=\"so-widget-sow-button so-widget-sow-button-wire-7ff549ac4a37-1827\"\n\t\t\t\n\t\t><div class=\"ow-button-base ow-button-align-center\">\n\t<a\n\thref=\"http:\/\/www.cinam.univ-mrs.fr\/cinam\/vt-stm\/\"\n\t\tclass=\"ow-icon-placement-left ow-button-hover\" \t>\n\t\t<span>\n\t\t\t\n\t\t\tVT<br \/> STM\t\t<\/span>\n\t<\/a>\n<\/div>\n<\/div><\/div><\/div><div id=\"pgc-1827-0-3\"  class=\"panel-grid-cell\" ><div id=\"panel-1827-0-3-0\" class=\"so-panel widget widget_sow-button panel-first-child panel-last-child\" data-index=\"3\" ><div\n\t\t\t\n\t\t\tclass=\"so-widget-sow-button so-widget-sow-button-wire-7ff549ac4a37-1827\"\n\t\t\t\n\t\t><div class=\"ow-button-base ow-button-align-center\">\n\t<a\n\thref=\"http:\/\/www.cinam.univ-mrs.fr\/cinam\/nanoscope-iii\/\"\n\t\tclass=\"ow-icon-placement-left ow-button-hover\" \t>\n\t\t<span>\n\t\t\t\n\t\t\tNanoScope<br \/> III\t\t<\/span>\n\t<\/a>\n<\/div>\n<\/div><\/div><\/div><div id=\"pgc-1827-0-4\"  class=\"panel-grid-cell\" ><div id=\"panel-1827-0-4-0\" class=\"so-panel widget widget_sow-button panel-first-child panel-last-child\" data-index=\"4\" ><div\n\t\t\t\n\t\t\tclass=\"so-widget-sow-button so-widget-sow-button-wire-7ff549ac4a37-1827\"\n\t\t\t\n\t\t><div class=\"ow-button-base ow-button-align-center\">\n\t<a\n\thref=\"http:\/\/www.cinam.univ-mrs.fr\/cinam\/xe-100\/\"\n\t\tclass=\"ow-icon-placement-left ow-button-hover\" \t>\n\t\t<span>\n\t\t\t\n\t\t\tXE-<br \/>100 \u00a0\t\t<\/span>\n\t<\/a>\n<\/div>\n<\/div><\/div><\/div><\/div><\/div><div id=\"pg-1827-1\"  class=\"panel-grid panel-has-style\" ><div class=\"panel-row-style panel-row-style-for-1827-1\" ><div id=\"pgc-1827-1-0\"  class=\"panel-grid-cell\" ><div id=\"panel-1827-1-0-0\" class=\"so-panel widget widget_sow-headline panel-first-child\" data-index=\"5\" ><div\n\t\t\t\n\t\t\tclass=\"so-widget-sow-headline so-widget-sow-headline-default-98dc6fff397f-1827\"\n\t\t\t\n\t\t><div class=\"sow-headline-container \">\n\t\t\t\t\t\t<div class=\"decoration\">\n\t\t\t\t\t\t<div class=\"decoration-inside\"><\/div>\n\t\t\t\t\t<\/div>\n\t\t\t\t\t<\/div>\n<\/div><\/div><div id=\"panel-1827-1-0-1\" class=\"so-panel widget widget_sow-editor panel-last-child\" data-index=\"6\" ><div\n\t\t\t\n\t\t\tclass=\"so-widget-sow-editor so-widget-sow-editor-base\"\n\t\t\t\n\t\t>\n<div class=\"siteorigin-widget-tinymce textwidget\">\n\t<h5><strong>Scanner pi\u00e9zo\u00e9lectrique&nbsp;: <\/strong><\/h5>\n<p><strong>Gamme de balayage X\/Y\/Z&nbsp;en fonction de la temp\u00e9rature&nbsp;:<\/strong><\/p>\n<p>300K&nbsp;: 10 \u00b5m x 10 \u00b5m x 1 \u00b5m<br \/>\n100K&nbsp;: 4 \u00b5m x 4 \u00b5m x 0.4 \u00b5m<br \/>\n5 K&nbsp;: 1.8 \u00b5m x 1.8 \u00b5m x 0.2 \u00b5m<\/p>\n<h5><strong>Course X\/Y\/Z<\/strong>&nbsp;:<\/h5>\n<p>5 mm x 5 mm x 10 mm<\/p>\n<h5><strong>R\u00e9solution en Z<\/strong>&nbsp;:<\/h5>\n<p>&lt; 5 pm<\/p>\n<h5><strong>Courant Tunnel<\/strong>&nbsp;:<\/h5>\n<p>&lt; 1pA \u2013 300 nA<\/p>\n<h5><strong>Tension de polarisation<\/strong>&nbsp;:<\/h5>\n<p>\u00b1 0.5 mV \u00e0 \u00b1 10 V appliqu\u00e9 \u00e0 la pointe, \u00e9chantillon \u00e0 la masse.<\/p>\n<h5><strong>Gamme de temp\u00e9rature d\u2019utilisation de l\u2019\u00e9tage microscope&nbsp;: <\/strong><\/h5>\n<p>&lt;= 5K \u00e0 Ta, autonomie &gt; 50h \u00e0 5K et &gt; 200h \u00e0 77K.<\/p>\n<h5><strong>Pr\u00e9paration d\u2019\u00e9chantillons&nbsp;:&nbsp;<\/strong><\/h5>\n<p>Les \u00e9tudes peuvent \u00eatre r\u00e9alis\u00e9es sur tout type d\u2019\u00e9chantillons : conducteurs ou semi-conducteurs en mode STM et isolants en mode AFM Qplus.<\/p>\n<h5><strong>Contraintes de<\/strong>&nbsp;<strong>pr\u00e9paration d\u2019\u00e9chantillons&nbsp;:&nbsp;<\/strong><\/h5>\n<p>Taille maximale 7mm x7mm, \u00e9paisseur &lt; 6mm<\/p>\n<h5><strong>Milieu de travail<\/strong>&nbsp;:<\/h5>\n<p>Ultra-vide<\/p>\n<h5><strong>Accessibilit\u00e9&nbsp;<\/strong>:<\/h5>\n<p>Limit\u00e9, apr\u00e8s avis de faisabilit\u00e9 par le responsable scientifique (C. Becker) et disponibilit\u00e9 de l\u2019appareillage.<\/p>\n<\/div>\n<\/div><\/div><\/div><div id=\"pgc-1827-1-1\"  class=\"panel-grid-cell\" ><div id=\"panel-1827-1-1-0\" class=\"so-panel widget widget_sow-editor panel-first-child panel-last-child\" data-index=\"7\" ><div\n\t\t\t\n\t\t\tclass=\"so-widget-sow-editor so-widget-sow-editor-base\"\n\t\t\t\n\t\t>\n<div class=\"siteorigin-widget-tinymce textwidget\">\n\t<p>\t&nbsp;<br \/>\n&nbsp;<br \/>\n<img decoding=\"async\" loading=\"lazy\" class=\"alignnone wp-image-1591 size-full\" src=\"http:\/\/www.cinam.univ-mrs.fr\/cinam\/wp-content\/uploads\/2018\/10\/service-microscopie-a-champ-proche-13.jpg\" alt=\"Service microscopie \u00e0 champ proche 12\" width=\"810\" height=\"540\" srcset=\"https:\/\/www.cinam.univ-mrs.fr\/cinam\/wp-content\/uploads\/2018\/10\/service-microscopie-a-champ-proche-13.jpg 810w, https:\/\/www.cinam.univ-mrs.fr\/cinam\/wp-content\/uploads\/2018\/10\/service-microscopie-a-champ-proche-13-300x200.jpg 300w, https:\/\/www.cinam.univ-mrs.fr\/cinam\/wp-content\/uploads\/2018\/10\/service-microscopie-a-champ-proche-13-768x512.jpg 768w, https:\/\/www.cinam.univ-mrs.fr\/cinam\/wp-content\/uploads\/2018\/10\/service-microscopie-a-champ-proche-13-272x182.jpg 272w\" sizes=\"(max-width: 706px) 89vw, (max-width: 767px) 82vw, 740px\" \/><\/p>\n<\/div>\n<\/div><\/div><\/div><\/div><\/div><\/div>","protected":false},"excerpt":{"rendered":"<p>Scanner pi\u00e9zo\u00e9lectrique&nbsp;: Gamme de balayage X\/Y\/Z&nbsp;en fonction de la temp\u00e9rature&nbsp;: 300K&nbsp;: 10 \u00b5m x 10 \u00b5m x 1 \u00b5m 100K&nbsp;: 4 \u00b5m x 4 \u00b5m x 0.4 \u00b5m 5 K&nbsp;: 1.8 \u00b5m x 1.8 \u00b5m x 0.2 \u00b5m Course X\/Y\/Z&nbsp;: 5 mm x 5 mm x 10 mm R\u00e9solution en Z&nbsp;: &lt; 5 pm Courant <\/p>\n","protected":false},"author":15,"featured_media":0,"parent":0,"menu_order":0,"comment_status":"closed","ping_status":"closed","template":"page-templates\/full-page.php","meta":[],"aioseo_notices":[],"_links":{"self":[{"href":"https:\/\/www.cinam.univ-mrs.fr\/cinam\/wp-json\/wp\/v2\/pages\/1827"}],"collection":[{"href":"https:\/\/www.cinam.univ-mrs.fr\/cinam\/wp-json\/wp\/v2\/pages"}],"about":[{"href":"https:\/\/www.cinam.univ-mrs.fr\/cinam\/wp-json\/wp\/v2\/types\/page"}],"author":[{"embeddable":true,"href":"https:\/\/www.cinam.univ-mrs.fr\/cinam\/wp-json\/wp\/v2\/users\/15"}],"replies":[{"embeddable":true,"href":"https:\/\/www.cinam.univ-mrs.fr\/cinam\/wp-json\/wp\/v2\/comments?post=1827"}],"version-history":[{"count":52,"href":"https:\/\/www.cinam.univ-mrs.fr\/cinam\/wp-json\/wp\/v2\/pages\/1827\/revisions"}],"predecessor-version":[{"id":5495,"href":"https:\/\/www.cinam.univ-mrs.fr\/cinam\/wp-json\/wp\/v2\/pages\/1827\/revisions\/5495"}],"wp:attachment":[{"href":"https:\/\/www.cinam.univ-mrs.fr\/cinam\/wp-json\/wp\/v2\/media?parent=1827"}],"curies":[{"name":"wp","href":"https:\/\/api.w.org\/{rel}","templated":true}]}}