{"id":1832,"date":"2019-01-09T17:08:52","date_gmt":"2019-01-09T16:08:52","guid":{"rendered":"http:\/\/www.cinam.univ-mrs.fr\/cinam\/?page_id=1832"},"modified":"2019-04-12T15:01:47","modified_gmt":"2019-04-12T13:01:47","slug":"vt-stm","status":"publish","type":"page","link":"https:\/\/www.cinam.univ-mrs.fr\/cinam\/vt-stm\/","title":{"rendered":"VT STM"},"content":{"rendered":"<div id=\"pl-1832\"  class=\"panel-layout\" ><div id=\"pg-1832-0\"  class=\"panel-grid panel-has-style\" ><div class=\"panel-row-style panel-row-style-for-1832-0\" ><div id=\"pgc-1832-0-0\"  class=\"panel-grid-cell\" ><div id=\"panel-1832-0-0-0\" class=\"so-panel widget widget_sow-button panel-first-child panel-last-child\" data-index=\"0\" ><div\n\t\t\t\n\t\t\tclass=\"so-widget-sow-button so-widget-sow-button-wire-7ff549ac4a37-1832\"\n\t\t\t\n\t\t><div class=\"ow-button-base ow-button-align-center\">\n\t<a\n\thref=\"http:\/\/www.cinam.univ-mrs.fr\/cinam\/team\/service-microscopie-a-champ-proche\/\"\n\t\tclass=\"ow-icon-placement-left ow-button-hover\" \t>\n\t\t<span>\n\t\t\t\n\t\t\tAccueil <br \/>Plateforme\t\t<\/span>\n\t<\/a>\n<\/div>\n<\/div><\/div><\/div><div id=\"pgc-1832-0-1\"  class=\"panel-grid-cell\" ><div id=\"panel-1832-0-1-0\" class=\"so-panel widget widget_sow-button panel-first-child panel-last-child\" data-index=\"1\" ><div\n\t\t\t\n\t\t\tclass=\"so-widget-sow-button so-widget-sow-button-wire-7ff549ac4a37-1832\"\n\t\t\t\n\t\t><div class=\"ow-button-base ow-button-align-center\">\n\t<a\n\thref=\"http:\/\/www.cinam.univ-mrs.fr\/cinam\/lt-stm-qplus\/\"\n\t\tclass=\"ow-icon-placement-left ow-button-hover\" \t>\n\t\t<span>\n\t\t\t\n\t\t\tLT STM-<br \/>Qplus\t\t<\/span>\n\t<\/a>\n<\/div>\n<\/div><\/div><\/div><div id=\"pgc-1832-0-2\"  class=\"panel-grid-cell\" ><div id=\"panel-1832-0-2-0\" class=\"so-panel widget widget_sow-button panel-first-child panel-last-child\" data-index=\"2\" ><div\n\t\t\t\n\t\t\tclass=\"so-widget-sow-button so-widget-sow-button-wire-93acc227363e-1832\"\n\t\t\t\n\t\t><div class=\"ow-button-base ow-button-align-center\">\n\t<a\n\thref=\"http:\/\/www.cinam.univ-mrs.fr\/cinam\/vt-stm\/\"\n\t\tclass=\"ow-icon-placement-left ow-button-hover\" \t>\n\t\t<span>\n\t\t\t\n\t\t\tVT<br \/> STM\t\t<\/span>\n\t<\/a>\n<\/div>\n<\/div><\/div><\/div><div id=\"pgc-1832-0-3\"  class=\"panel-grid-cell\" ><div id=\"panel-1832-0-3-0\" class=\"so-panel widget widget_sow-button panel-first-child panel-last-child\" data-index=\"3\" ><div\n\t\t\t\n\t\t\tclass=\"so-widget-sow-button so-widget-sow-button-wire-7ff549ac4a37-1832\"\n\t\t\t\n\t\t><div class=\"ow-button-base ow-button-align-center\">\n\t<a\n\thref=\"http:\/\/www.cinam.univ-mrs.fr\/cinam\/nanoscope-iii\/\"\n\t\tclass=\"ow-icon-placement-left ow-button-hover\" \t>\n\t\t<span>\n\t\t\t\n\t\t\tNanoScope<br \/> III\t\t<\/span>\n\t<\/a>\n<\/div>\n<\/div><\/div><\/div><div id=\"pgc-1832-0-4\"  class=\"panel-grid-cell\" ><div id=\"panel-1832-0-4-0\" class=\"so-panel widget widget_sow-button panel-first-child panel-last-child\" data-index=\"4\" ><div\n\t\t\t\n\t\t\tclass=\"so-widget-sow-button so-widget-sow-button-wire-7ff549ac4a37-1832\"\n\t\t\t\n\t\t><div class=\"ow-button-base ow-button-align-center\">\n\t<a\n\thref=\"http:\/\/www.cinam.univ-mrs.fr\/cinam\/xe-100\/\"\n\t\tclass=\"ow-icon-placement-left ow-button-hover\" \t>\n\t\t<span>\n\t\t\t\n\t\t\tXE-<br \/>100 \u00a0\t\t<\/span>\n\t<\/a>\n<\/div>\n<\/div><\/div><\/div><\/div><\/div><div id=\"pg-1832-1\"  class=\"panel-grid panel-has-style\" ><div class=\"panel-row-style panel-row-style-for-1832-1\" ><div id=\"pgc-1832-1-0\"  class=\"panel-grid-cell\" ><div id=\"panel-1832-1-0-0\" class=\"so-panel widget widget_sow-headline panel-first-child\" data-index=\"5\" ><div\n\t\t\t\n\t\t\tclass=\"so-widget-sow-headline so-widget-sow-headline-default-98dc6fff397f-1832\"\n\t\t\t\n\t\t><div class=\"sow-headline-container \">\n\t\t\t\t\t\t<div class=\"decoration\">\n\t\t\t\t\t\t<div class=\"decoration-inside\"><\/div>\n\t\t\t\t\t<\/div>\n\t\t\t\t\t<\/div>\n<\/div><\/div><div id=\"panel-1832-1-0-1\" class=\"so-panel widget widget_sow-editor panel-last-child\" data-index=\"6\" ><div\n\t\t\t\n\t\t\tclass=\"so-widget-sow-editor so-widget-sow-editor-base\"\n\t\t\t\n\t\t>\n<div class=\"siteorigin-widget-tinymce textwidget\">\n\t<h5><strong>Scanner pi\u00e9zo\u00e9lectrique :\u00a0<\/strong><\/h5>\n<p><strong>Gamme de balayage X\/Y\/Z :<\/strong><\/p>\n<p>15 \u00b5m x 15\u00b5m x 1.5 \u00b5m<\/p>\n<h5><strong>Course X\/Y\/Z<\/strong>\u00a0:<\/h5>\n<p>10 mm x 10 mm x 10 mm<\/p>\n<h5><strong>R\u00e9solution en Z<\/strong>\u00a0:<\/h5>\n<p>&lt; 10 pm<\/p>\n<h5><strong>Courant Tunnel<\/strong>\u00a0:<\/h5>\n<p>&lt; 1pA \u2013 300 nA, Bruit du courant tunnel\u00a0: 0.2 pA RMS<\/p>\n<h5><strong>Tension de polarisation<\/strong>\u00a0:<\/h5>\n<p>\u00b1 5 mV \u00e0 \u00b1 10 V appliqu\u00e9 \u00e0 la pointe, \u00e9chantillon \u00e0 la masse.<\/p>\n<h5><strong>Gamme de temp\u00e9rature d\u2019utilisation de l\u2019\u00e9tage microscope<\/strong>\u00a0:<\/h5>\n<p>Avec le cryostat \u00e0 He liquide\u00a0:<br \/>\n25 K \u2013 Ta (Temp. ambiante) avec les supports d\u2019\u00e9chantillons pour le refroidissement.<br \/>\n100K \u2013 Ta avec de l\u2019azote liquide et les supports d\u2019\u00e9chantillons pour le refroidissement.<br \/>\n45 K \u2013 1500 K avec les supports d\u2019\u00e9chantillons pour chauffage par courant direct.<\/p>\n<h5><strong>Pr\u00e9paration d\u2019\u00e9chantillons\u00a0:\u00a0<\/strong><\/h5>\n<p>Les \u00e9tudes peuvent \u00eatre r\u00e9alis\u00e9es sur tous type d\u2019\u00e9chantillons conducteurs ou semi-conducteurs.<\/p>\n<h5><strong>Contraintes de<\/strong>\u00a0<strong>pr\u00e9paration d\u2019\u00e9chantillons\u00a0:\u00a0<\/strong><\/h5>\n<p>Taille maximale 7mm x7mm, \u00e9paisseur &lt; 6mm<\/p>\n<h5><strong>Milieu de travail<\/strong>\u00a0:<\/h5>\n<p>Ultra-vide<\/p>\n<h5><strong>Accessibilit\u00e9\u00a0<\/strong>:<\/h5>\n<p>En libre service apr\u00e8s formation par le responsable technique. Les contraintes li\u00e9es \u00e0 l\u2019ultra-vide et \u00e0 la pr\u00e9paration des \u00e9chantillons font que le temps de manipulation impartis \u00e0 chaque demandeur est de 3 semaines cons\u00e9cutives reconductibles selon les disponibilit\u00e9s de l\u2019instrument.<\/p>\n<\/div>\n<\/div><\/div><\/div><div id=\"pgc-1832-1-1\"  class=\"panel-grid-cell\" ><div id=\"panel-1832-1-1-0\" class=\"so-panel widget widget_sow-editor panel-first-child panel-last-child\" data-index=\"7\" ><div\n\t\t\t\n\t\t\tclass=\"so-widget-sow-editor so-widget-sow-editor-base\"\n\t\t\t\n\t\t>\n<div class=\"siteorigin-widget-tinymce textwidget\">\n\t<p>&nbsp;<br \/>\n&nbsp;<br \/>\n<img decoding=\"async\" loading=\"lazy\" class=\"alignnone wp-image-1593 size-large\" src=\"http:\/\/www.cinam.univ-mrs.fr\/cinam\/wp-content\/uploads\/2018\/10\/service-microscopie-a-champ-proche-14-1024x682.jpg\" alt=\"Service microscopie \u00e0 champ proche 13\" width=\"525\" height=\"350\" srcset=\"https:\/\/www.cinam.univ-mrs.fr\/cinam\/wp-content\/uploads\/2018\/10\/service-microscopie-a-champ-proche-14-1024x682.jpg 1024w, https:\/\/www.cinam.univ-mrs.fr\/cinam\/wp-content\/uploads\/2018\/10\/service-microscopie-a-champ-proche-14-300x200.jpg 300w, https:\/\/www.cinam.univ-mrs.fr\/cinam\/wp-content\/uploads\/2018\/10\/service-microscopie-a-champ-proche-14-768x512.jpg 768w, https:\/\/www.cinam.univ-mrs.fr\/cinam\/wp-content\/uploads\/2018\/10\/service-microscopie-a-champ-proche-14-272x182.jpg 272w, https:\/\/www.cinam.univ-mrs.fr\/cinam\/wp-content\/uploads\/2018\/10\/service-microscopie-a-champ-proche-14.jpg 1181w\" sizes=\"(max-width: 525px) 100vw, 525px\" \/><\/p>\n<\/div>\n<\/div><\/div><\/div><\/div><\/div><\/div>","protected":false},"excerpt":{"rendered":"<p>Scanner pi\u00e9zo\u00e9lectrique :\u00a0 Gamme de balayage X\/Y\/Z : 15 \u00b5m x 15\u00b5m x 1.5 \u00b5m Course X\/Y\/Z\u00a0: 10 mm x 10 mm x 10 mm R\u00e9solution en Z\u00a0: &lt; 10 pm Courant Tunnel\u00a0: &lt; 1pA \u2013 300 nA, Bruit du courant tunnel\u00a0: 0.2 pA RMS Tension de polarisation\u00a0: \u00b1 5 mV \u00e0 \u00b1 10 V <\/p>\n","protected":false},"author":15,"featured_media":0,"parent":0,"menu_order":0,"comment_status":"closed","ping_status":"closed","template":"page-templates\/full-page.php","meta":[],"aioseo_notices":[],"_links":{"self":[{"href":"https:\/\/www.cinam.univ-mrs.fr\/cinam\/wp-json\/wp\/v2\/pages\/1832"}],"collection":[{"href":"https:\/\/www.cinam.univ-mrs.fr\/cinam\/wp-json\/wp\/v2\/pages"}],"about":[{"href":"https:\/\/www.cinam.univ-mrs.fr\/cinam\/wp-json\/wp\/v2\/types\/page"}],"author":[{"embeddable":true,"href":"https:\/\/www.cinam.univ-mrs.fr\/cinam\/wp-json\/wp\/v2\/users\/15"}],"replies":[{"embeddable":true,"href":"https:\/\/www.cinam.univ-mrs.fr\/cinam\/wp-json\/wp\/v2\/comments?post=1832"}],"version-history":[{"count":23,"href":"https:\/\/www.cinam.univ-mrs.fr\/cinam\/wp-json\/wp\/v2\/pages\/1832\/revisions"}],"predecessor-version":[{"id":5497,"href":"https:\/\/www.cinam.univ-mrs.fr\/cinam\/wp-json\/wp\/v2\/pages\/1832\/revisions\/5497"}],"wp:attachment":[{"href":"https:\/\/www.cinam.univ-mrs.fr\/cinam\/wp-json\/wp\/v2\/media?parent=1832"}],"curies":[{"name":"wp","href":"https:\/\/api.w.org\/{rel}","templated":true}]}}