{"id":1836,"date":"2019-01-09T17:11:15","date_gmt":"2019-01-09T16:11:15","guid":{"rendered":"http:\/\/www.cinam.univ-mrs.fr\/cinam\/?page_id=1836"},"modified":"2019-04-12T15:02:36","modified_gmt":"2019-04-12T13:02:36","slug":"nanoscope-iii","status":"publish","type":"page","link":"https:\/\/www.cinam.univ-mrs.fr\/cinam\/nanoscope-iii\/","title":{"rendered":"NanoScope III"},"content":{"rendered":"<div id=\"pl-1836\"  class=\"panel-layout\" ><div id=\"pg-1836-0\"  class=\"panel-grid panel-has-style\" ><div class=\"panel-row-style panel-row-style-for-1836-0\" ><div id=\"pgc-1836-0-0\"  class=\"panel-grid-cell\" ><div id=\"panel-1836-0-0-0\" class=\"so-panel widget widget_sow-button panel-first-child panel-last-child\" data-index=\"0\" ><div\n\t\t\t\n\t\t\tclass=\"so-widget-sow-button so-widget-sow-button-wire-7ff549ac4a37-1836\"\n\t\t\t\n\t\t><div class=\"ow-button-base ow-button-align-center\">\n\t<a\n\thref=\"http:\/\/www.cinam.univ-mrs.fr\/cinam\/team\/service-microscopie-a-champ-proche\/\"\n\t\tclass=\"ow-icon-placement-left ow-button-hover\" \t>\n\t\t<span>\n\t\t\t\n\t\t\tAccueil <br \/>Plateforme\t\t<\/span>\n\t<\/a>\n<\/div>\n<\/div><\/div><\/div><div id=\"pgc-1836-0-1\"  class=\"panel-grid-cell\" ><div id=\"panel-1836-0-1-0\" class=\"so-panel widget widget_sow-button panel-first-child panel-last-child\" data-index=\"1\" ><div\n\t\t\t\n\t\t\tclass=\"so-widget-sow-button so-widget-sow-button-wire-7ff549ac4a37-1836\"\n\t\t\t\n\t\t><div class=\"ow-button-base ow-button-align-center\">\n\t<a\n\thref=\"http:\/\/www.cinam.univ-mrs.fr\/cinam\/lt-stm-qplus\/\"\n\t\tclass=\"ow-icon-placement-left ow-button-hover\" \t>\n\t\t<span>\n\t\t\t\n\t\t\tLT STM-<br \/>Qplus\t\t<\/span>\n\t<\/a>\n<\/div>\n<\/div><\/div><\/div><div id=\"pgc-1836-0-2\"  class=\"panel-grid-cell\" ><div id=\"panel-1836-0-2-0\" class=\"so-panel widget widget_sow-button panel-first-child panel-last-child\" data-index=\"2\" ><div\n\t\t\t\n\t\t\tclass=\"so-widget-sow-button so-widget-sow-button-wire-7ff549ac4a37-1836\"\n\t\t\t\n\t\t><div class=\"ow-button-base ow-button-align-center\">\n\t<a\n\thref=\"http:\/\/www.cinam.univ-mrs.fr\/cinam\/vt-stm\/\"\n\t\tclass=\"ow-icon-placement-left ow-button-hover\" \t>\n\t\t<span>\n\t\t\t\n\t\t\tVT<br \/> STM\t\t<\/span>\n\t<\/a>\n<\/div>\n<\/div><\/div><\/div><div id=\"pgc-1836-0-3\"  class=\"panel-grid-cell\" ><div id=\"panel-1836-0-3-0\" class=\"so-panel widget widget_sow-button panel-first-child panel-last-child\" data-index=\"3\" ><div\n\t\t\t\n\t\t\tclass=\"so-widget-sow-button so-widget-sow-button-wire-93acc227363e-1836\"\n\t\t\t\n\t\t><div class=\"ow-button-base ow-button-align-center\">\n\t<a\n\thref=\"http:\/\/www.cinam.univ-mrs.fr\/cinam\/nanoscope-iii\/\"\n\t\tclass=\"ow-icon-placement-left ow-button-hover\" \t>\n\t\t<span>\n\t\t\t\n\t\t\tNanoScope<br \/> III\t\t<\/span>\n\t<\/a>\n<\/div>\n<\/div><\/div><\/div><div id=\"pgc-1836-0-4\"  class=\"panel-grid-cell\" ><div id=\"panel-1836-0-4-0\" class=\"so-panel widget widget_sow-button panel-first-child panel-last-child\" data-index=\"4\" ><div\n\t\t\t\n\t\t\tclass=\"so-widget-sow-button so-widget-sow-button-wire-7ff549ac4a37-1836\"\n\t\t\t\n\t\t><div class=\"ow-button-base ow-button-align-center\">\n\t<a\n\thref=\"http:\/\/www.cinam.univ-mrs.fr\/cinam\/xe-100\/\"\n\t\tclass=\"ow-icon-placement-left ow-button-hover\" \t>\n\t\t<span>\n\t\t\t\n\t\t\tXE-<br \/>100 \u00a0\t\t<\/span>\n\t<\/a>\n<\/div>\n<\/div><\/div><\/div><\/div><\/div><div id=\"pg-1836-1\"  class=\"panel-grid panel-has-style\" ><div class=\"panel-row-style panel-row-style-for-1836-1\" ><div id=\"pgc-1836-1-0\"  class=\"panel-grid-cell\" ><div id=\"panel-1836-1-0-0\" class=\"so-panel widget widget_sow-headline panel-first-child\" data-index=\"5\" ><div\n\t\t\t\n\t\t\tclass=\"so-widget-sow-headline so-widget-sow-headline-default-98dc6fff397f-1836\"\n\t\t\t\n\t\t><div class=\"sow-headline-container \">\n\t\t\t\t\t\t<div class=\"decoration\">\n\t\t\t\t\t\t<div class=\"decoration-inside\"><\/div>\n\t\t\t\t\t<\/div>\n\t\t\t\t\t<\/div>\n<\/div><\/div><div id=\"panel-1836-1-0-1\" class=\"so-panel widget widget_sow-editor panel-last-child\" data-index=\"6\" ><div\n\t\t\t\n\t\t\tclass=\"so-widget-sow-editor so-widget-sow-editor-base\"\n\t\t\t\n\t\t>\n<div class=\"siteorigin-widget-tinymce textwidget\">\n\t<h5><strong>Rep\u00e9rage :<\/strong><\/h5>\n<p>Cam\u00e9ra CCD 500x<\/p>\n<h5><strong>Scanner pi\u00e9zo\u00e9lectrique\u00a0:<\/strong><\/h5>\n<p>- Scanner E \/ Gamme de balayage X\/Y\/Z\u00a0: 10 \u00b5m x 10\u00b5m x 2.5 \u00b5m<br \/>\n- Scanner J \/ Gamme de balayage X\/Y\/Z :\u00a0125 \u00b5m x 125\u00b5m x 5 \u00b5m<\/p>\n<h5><strong>Mode de fonctionnement\u00a0:<\/strong><\/h5>\n<p>Mode contact\u00a0: morphologie de surface, force de friction\u2026.<br \/>\nMode r\u00e9sonants\u00a0: mode tapping, contraste de phase\u2026<\/p>\n<h5><strong>Pr\u00e9paration d\u2019\u00e9chantillons\u00a0:\u00a0<\/strong><\/h5>\n<p>Les \u00e9tudes peuvent \u00eatre r\u00e9alis\u00e9es sur tous type d\u2019\u00e9chantillons (m\u00e9taux, polym\u00e8re, mol\u00e9cules absorb\u00e9e\u2026) \u00e9chantillons sous forme de pi\u00e8ces, de films, de fibres, de poudres\u2026<\/p>\n<h5><strong>Contraintes de<\/strong>\u00a0<strong>pr\u00e9paration d\u2019\u00e9chantillons\u00a0:\u00a0<\/strong><\/h5>\n<p>Taille maximale 1cm x 1cm, \u00e9paisseur &lt; 6mm<\/p>\n<h5><strong>Milieu de travail<\/strong>\u00a0:<\/h5>\n<p>Air<\/p>\n<h5><strong>Accessibilit\u00e9\u00a0<\/strong>:<\/h5>\n<p>Les manipulations sont assur\u00e9es par le responsable technique apr\u00e8s avoir pris rendez-vous.<\/p>\n<\/div>\n<\/div><\/div><\/div><div id=\"pgc-1836-1-1\"  class=\"panel-grid-cell\" ><div id=\"panel-1836-1-1-0\" class=\"so-panel widget widget_sow-editor panel-first-child panel-last-child\" data-index=\"7\" ><div\n\t\t\t\n\t\t\tclass=\"so-widget-sow-editor so-widget-sow-editor-base\"\n\t\t\t\n\t\t>\n<div class=\"siteorigin-widget-tinymce textwidget\">\n\t<p>&nbsp;<br \/>\n&nbsp;<br \/>\n<img decoding=\"async\" loading=\"lazy\" class=\"alignnone wp-image-1595 size-large\" src=\"http:\/\/www.cinam.univ-mrs.fr\/cinam\/wp-content\/uploads\/2018\/10\/service-microscopie-a-champ-proche-15-1024x683.jpg\" alt=\"Service microscopie \u00e0 champ proche 14\" width=\"525\" height=\"350\" srcset=\"https:\/\/www.cinam.univ-mrs.fr\/cinam\/wp-content\/uploads\/2018\/10\/service-microscopie-a-champ-proche-15-1024x683.jpg 1024w, https:\/\/www.cinam.univ-mrs.fr\/cinam\/wp-content\/uploads\/2018\/10\/service-microscopie-a-champ-proche-15-300x200.jpg 300w, https:\/\/www.cinam.univ-mrs.fr\/cinam\/wp-content\/uploads\/2018\/10\/service-microscopie-a-champ-proche-15-768x512.jpg 768w, https:\/\/www.cinam.univ-mrs.fr\/cinam\/wp-content\/uploads\/2018\/10\/service-microscopie-a-champ-proche-15-272x182.jpg 272w\" sizes=\"(max-width: 525px) 100vw, 525px\" \/><\/p>\n<\/div>\n<\/div><\/div><\/div><\/div><\/div><\/div>","protected":false},"excerpt":{"rendered":"<p>Rep\u00e9rage : Cam\u00e9ra CCD 500x Scanner pi\u00e9zo\u00e9lectrique\u00a0: &#8211; Scanner E \/ Gamme de balayage X\/Y\/Z\u00a0: 10 \u00b5m x 10\u00b5m x 2.5 \u00b5m &#8211; Scanner J \/ Gamme de balayage X\/Y\/Z :\u00a0125 \u00b5m x 125\u00b5m x 5 \u00b5m Mode de fonctionnement\u00a0: Mode contact\u00a0: morphologie de surface, force de friction\u2026. Mode r\u00e9sonants\u00a0: mode tapping, contraste de phase\u2026 <\/p>\n","protected":false},"author":15,"featured_media":0,"parent":0,"menu_order":0,"comment_status":"closed","ping_status":"closed","template":"page-templates\/full-page.php","meta":[],"aioseo_notices":[],"_links":{"self":[{"href":"https:\/\/www.cinam.univ-mrs.fr\/cinam\/wp-json\/wp\/v2\/pages\/1836"}],"collection":[{"href":"https:\/\/www.cinam.univ-mrs.fr\/cinam\/wp-json\/wp\/v2\/pages"}],"about":[{"href":"https:\/\/www.cinam.univ-mrs.fr\/cinam\/wp-json\/wp\/v2\/types\/page"}],"author":[{"embeddable":true,"href":"https:\/\/www.cinam.univ-mrs.fr\/cinam\/wp-json\/wp\/v2\/users\/15"}],"replies":[{"embeddable":true,"href":"https:\/\/www.cinam.univ-mrs.fr\/cinam\/wp-json\/wp\/v2\/comments?post=1836"}],"version-history":[{"count":28,"href":"https:\/\/www.cinam.univ-mrs.fr\/cinam\/wp-json\/wp\/v2\/pages\/1836\/revisions"}],"predecessor-version":[{"id":5499,"href":"https:\/\/www.cinam.univ-mrs.fr\/cinam\/wp-json\/wp\/v2\/pages\/1836\/revisions\/5499"}],"wp:attachment":[{"href":"https:\/\/www.cinam.univ-mrs.fr\/cinam\/wp-json\/wp\/v2\/media?parent=1836"}],"curies":[{"name":"wp","href":"https:\/\/api.w.org\/{rel}","templated":true}]}}