{"id":1847,"date":"2019-01-09T17:24:50","date_gmt":"2019-01-09T16:24:50","guid":{"rendered":"http:\/\/www.cinam.univ-mrs.fr\/cinam\/?page_id=1847"},"modified":"2019-04-12T14:50:03","modified_gmt":"2019-04-12T12:50:03","slug":"dispositif-de-diffraction-monte-sur-anode-tournante-cu-rigaku-ru-200bh","status":"publish","type":"page","link":"https:\/\/www.cinam.univ-mrs.fr\/cinam\/dispositif-de-diffraction-monte-sur-anode-tournante-cu-rigaku-ru-200bh\/","title":{"rendered":"Dispositif de diffraction mont\u00e9 sur anode tournante Cu, Rigaku RU 200BH"},"content":{"rendered":"<div id=\"pl-1847\"  class=\"panel-layout\" ><div id=\"pg-1847-0\"  class=\"panel-grid panel-has-style\" ><div class=\"panel-row-style panel-row-style-for-1847-0\" ><div id=\"pgc-1847-0-0\"  class=\"panel-grid-cell\" ><div id=\"panel-1847-0-0-0\" class=\"so-panel widget widget_sow-button panel-first-child panel-last-child\" data-index=\"0\" ><div\n\t\t\t\n\t\t\tclass=\"so-widget-sow-button so-widget-sow-button-wire-7ff549ac4a37-1847\"\n\t\t\t\n\t\t><div class=\"ow-button-base ow-button-align-center\">\n\t<a\n\thref=\"http:\/\/www.cinam.univ-mrs.fr\/cinam\/team\/service-rayons-x\/\"\n\t\tclass=\"ow-icon-placement-left ow-button-hover\" \t>\n\t\t<span>\n\t\t\t\n\t\t\tAccueil <br \/>Plateforme\t\t<\/span>\n\t<\/a>\n<\/div>\n<\/div><\/div><\/div><div id=\"pgc-1847-0-1\"  class=\"panel-grid-cell\" ><div id=\"panel-1847-0-1-0\" class=\"so-panel widget widget_sow-button panel-first-child panel-last-child\" data-index=\"1\" ><div\n\t\t\t\n\t\t\tclass=\"so-widget-sow-button so-widget-sow-button-wire-93acc227363e-1847\"\n\t\t\t\n\t\t><div class=\"ow-button-base ow-button-align-center\">\n\t<a\n\thref=\"http:\/\/www.cinam.univ-mrs.fr\/cinam\/dispositif-de-diffraction-monte-sur-anode-tournante-cu-rigaku-ru-200bh\/\"\n\t\tclass=\"ow-icon-placement-left ow-button-hover\" \t>\n\t\t<span>\n\t\t\t\n\t\t\tDispositif de<br \/> diffraction\t\t<\/span>\n\t<\/a>\n<\/div>\n<\/div><\/div><\/div><div id=\"pgc-1847-0-2\"  class=\"panel-grid-cell\" ><div id=\"panel-1847-0-2-0\" class=\"so-panel widget widget_sow-button panel-first-child panel-last-child\" data-index=\"2\" ><div\n\t\t\t\n\t\t\tclass=\"so-widget-sow-button so-widget-sow-button-wire-7ff549ac4a37-1847\"\n\t\t\t\n\t\t><div class=\"ow-button-base ow-button-align-center\">\n\t<a\n\thref=\"http:\/\/www.cinam.univ-mrs.fr\/cinam\/diffractometre-type-q-q-panalytical-xpert-pro-mpd\/\"\n\t\tclass=\"ow-icon-placement-left ow-button-hover\" \t>\n\t\t<span>\n\t\t\t\n\t\t\tDiffractom\u00e8tre<br \/> type \u019f \u2013 \u019f\t\t<\/span>\n\t<\/a>\n<\/div>\n<\/div><\/div><\/div><div id=\"pgc-1847-0-3\"  class=\"panel-grid-cell\" ><div id=\"panel-1847-0-3-0\" class=\"so-panel widget widget_sow-button panel-first-child panel-last-child\" data-index=\"3\" ><div\n\t\t\t\n\t\t\tclass=\"so-widget-sow-button so-widget-sow-button-wire-7ff549ac4a37-1847\"\n\t\t\t\n\t\t><div class=\"ow-button-base ow-button-align-center\">\n\t<a\n\thref=\"http:\/\/www.cinam.univ-mrs.fr\/cinam\/diffractometre-de-poudre-inel\/\"\n\t\tclass=\"ow-icon-placement-left ow-button-hover\" \t>\n\t\t<span>\n\t\t\t\n\t\t\tDiffractom\u00e8tre<br \/> INEL\t\t<\/span>\n\t<\/a>\n<\/div>\n<\/div><\/div><\/div><div id=\"pgc-1847-0-4\"  class=\"panel-grid-cell\" ><div id=\"panel-1847-0-4-0\" class=\"so-panel widget widget_sow-button panel-first-child panel-last-child\" data-index=\"4\" ><div\n\t\t\t\n\t\t\tclass=\"so-widget-sow-button so-widget-sow-button-wire-7ff549ac4a37-1847\"\n\t\t\t\n\t\t><div class=\"ow-button-base ow-button-align-center\">\n\t<a\n\thref=\"http:\/\/www.cinam.univ-mrs.fr\/cinam\/dispositif-compact-saxs-hecus-m-brawn\/\"\n\t\tclass=\"ow-icon-placement-left ow-button-hover\" \t>\n\t\t<span>\n\t\t\t\n\t\t\tDispositif <br \/>compact SAXS\t\t<\/span>\n\t<\/a>\n<\/div>\n<\/div><\/div><\/div><\/div><\/div><div id=\"pg-1847-1\"  class=\"panel-grid panel-no-style\" ><div id=\"pgc-1847-1-0\"  class=\"panel-grid-cell\" ><div id=\"panel-1847-1-0-0\" class=\"so-panel widget widget_sow-headline panel-first-child panel-last-child\" data-index=\"5\" ><div\n\t\t\t\n\t\t\tclass=\"so-widget-sow-headline so-widget-sow-headline-default-98dc6fff397f-1847\"\n\t\t\t\n\t\t><div class=\"sow-headline-container \">\n\t<h3 class='sow-headline'>Optiques type multicouche, focalisante ou <br \/>collimatante et d\u00e9tecteur 2D, Mar 345<\/h3>\t\t\t\t\t<div class=\"decoration\">\n\t\t\t\t\t\t<div class=\"decoration-inside\"><\/div>\n\t\t\t\t\t<\/div>\n\t\t\t\t\t<\/div>\n<\/div><\/div><\/div><\/div><div id=\"pg-1847-2\"  class=\"panel-grid panel-has-style\" ><div class=\"panel-row-style panel-row-style-for-1847-2\" ><div id=\"pgc-1847-2-0\"  class=\"panel-grid-cell panel-grid-cell-mobile-last\" ><div id=\"panel-1847-2-0-0\" class=\"so-panel widget widget_sow-editor panel-first-child panel-last-child\" data-index=\"6\" ><div\n\t\t\t\n\t\t\tclass=\"so-widget-sow-editor so-widget-sow-editor-base\"\n\t\t\t\n\t\t>\n<div class=\"siteorigin-widget-tinymce textwidget\">\n\t<h5>Utilis\u00e9 principalement pour la diffraction sur :<\/h5>\n<ul>\n<li>des \u00e9chantillons pr\u00e9sentant un tr\u00e8s faible signal (poudres en tr\u00e8s faible quantit\u00e9, moins de 1 \u00b5l, ou mal cristallis\u00e9es, couches minces..)<\/li>\n<li>des \u00e9chantillons avec une forte orientation pr\u00e9f\u00e9rentielle et des monocristaux<\/li>\n<\/ul>\n<h5>Le dispositif est \u00e9galement utilis\u00e9 pour la micro-diffraction, avec une taille du faisceau minimale d'environ 50 x 50 \u00b5m<sup>2<\/sup>.<\/h5>\n<figure id=\"attachment_2466\" aria-describedby=\"caption-attachment-2466\" style=\"width: 935px\" class=\"wp-caption alignnone\"><img decoding=\"async\" loading=\"lazy\" class=\"wp-image-2466 size-full\" src=\"http:\/\/www.cinam.univ-mrs.fr\/cinam\/wp-content\/uploads\/2019\/02\/dispositif-de-diffraction-monte-sur-anode-tournante-cu-rigaku-ru-200bh-3.jpg\" alt=\"Dispositif de diffraction mont\u00e9 sur anode tournante Cu, Rigaku RU 200BH 2\" width=\"935\" height=\"423\" srcset=\"https:\/\/www.cinam.univ-mrs.fr\/cinam\/wp-content\/uploads\/2019\/02\/dispositif-de-diffraction-monte-sur-anode-tournante-cu-rigaku-ru-200bh-3.jpg 935w, https:\/\/www.cinam.univ-mrs.fr\/cinam\/wp-content\/uploads\/2019\/02\/dispositif-de-diffraction-monte-sur-anode-tournante-cu-rigaku-ru-200bh-3-300x136.jpg 300w, https:\/\/www.cinam.univ-mrs.fr\/cinam\/wp-content\/uploads\/2019\/02\/dispositif-de-diffraction-monte-sur-anode-tournante-cu-rigaku-ru-200bh-3-768x347.jpg 768w\" sizes=\"(max-width: 706px) 89vw, (max-width: 767px) 82vw, 740px\" \/><figcaption id=\"caption-attachment-2466\" class=\"wp-caption-text\">Image g\u00e9n\u00e9rale \u00e0 gauche et d\u00e9tail de la partie principale, \u00e0 droite<\/figcaption><\/figure>\n<\/div>\n<\/div><\/div><\/div><div id=\"pgc-1847-2-1\"  class=\"panel-grid-cell panel-grid-cell-empty\" ><\/div><\/div><\/div><\/div>","protected":false},"excerpt":{"rendered":"<p>Accueil Plateforme Dispositif de diffraction Diffractom\u00e8tre type \u019f \u2013 \u019f Diffractom\u00e8tre INEL Dispositif compact SAXS Optiques type multicouche, focalisante ou collimatante et d\u00e9tecteur 2D, Mar 345 Utilis\u00e9 principalement pour la diffraction sur : des \u00e9chantillons pr\u00e9sentant un tr\u00e8s faible signal (poudres en tr\u00e8s faible quantit\u00e9, moins de 1 \u00b5l, ou mal cristallis\u00e9es, couches minces..) des <\/p>\n","protected":false},"author":2,"featured_media":0,"parent":0,"menu_order":0,"comment_status":"closed","ping_status":"closed","template":"page-templates\/full-page.php","meta":[],"aioseo_notices":[],"_links":{"self":[{"href":"https:\/\/www.cinam.univ-mrs.fr\/cinam\/wp-json\/wp\/v2\/pages\/1847"}],"collection":[{"href":"https:\/\/www.cinam.univ-mrs.fr\/cinam\/wp-json\/wp\/v2\/pages"}],"about":[{"href":"https:\/\/www.cinam.univ-mrs.fr\/cinam\/wp-json\/wp\/v2\/types\/page"}],"author":[{"embeddable":true,"href":"https:\/\/www.cinam.univ-mrs.fr\/cinam\/wp-json\/wp\/v2\/users\/2"}],"replies":[{"embeddable":true,"href":"https:\/\/www.cinam.univ-mrs.fr\/cinam\/wp-json\/wp\/v2\/comments?post=1847"}],"version-history":[{"count":65,"href":"https:\/\/www.cinam.univ-mrs.fr\/cinam\/wp-json\/wp\/v2\/pages\/1847\/revisions"}],"predecessor-version":[{"id":5470,"href":"https:\/\/www.cinam.univ-mrs.fr\/cinam\/wp-json\/wp\/v2\/pages\/1847\/revisions\/5470"}],"wp:attachment":[{"href":"https:\/\/www.cinam.univ-mrs.fr\/cinam\/wp-json\/wp\/v2\/media?parent=1847"}],"curies":[{"name":"wp","href":"https:\/\/api.w.org\/{rel}","templated":true}]}}