{"id":1860,"date":"2019-01-09T17:31:56","date_gmt":"2019-01-09T16:31:56","guid":{"rendered":"http:\/\/www.cinam.univ-mrs.fr\/cinam\/?page_id=1860"},"modified":"2019-04-12T14:50:50","modified_gmt":"2019-04-12T12:50:50","slug":"diffractometre-type-q-q-panalytical-xpert-pro-mpd","status":"publish","type":"page","link":"https:\/\/www.cinam.univ-mrs.fr\/cinam\/diffractometre-type-q-q-panalytical-xpert-pro-mpd\/","title":{"rendered":"Diffractom\u00e8tre type \u019f &#8211; \u019f, Panalytical X&rsquo;Pert Pro MPD"},"content":{"rendered":"<div id=\"pl-1860\"  class=\"panel-layout\" ><div id=\"pg-1860-0\"  class=\"panel-grid panel-has-style\" ><div class=\"panel-row-style panel-row-style-for-1860-0\" ><div id=\"pgc-1860-0-0\"  class=\"panel-grid-cell\" ><div id=\"panel-1860-0-0-0\" class=\"so-panel widget widget_sow-button panel-first-child panel-last-child\" data-index=\"0\" ><div\n\t\t\t\n\t\t\tclass=\"so-widget-sow-button so-widget-sow-button-wire-7ff549ac4a37-1860\"\n\t\t\t\n\t\t><div class=\"ow-button-base ow-button-align-center\">\n\t<a\n\thref=\"http:\/\/www.cinam.univ-mrs.fr\/cinam\/team\/service-rayons-x\/\"\n\t\tclass=\"ow-icon-placement-left ow-button-hover\" \t>\n\t\t<span>\n\t\t\t\n\t\t\tAccueil <br \/>Plateforme\t\t<\/span>\n\t<\/a>\n<\/div>\n<\/div><\/div><\/div><div id=\"pgc-1860-0-1\"  class=\"panel-grid-cell\" ><div id=\"panel-1860-0-1-0\" class=\"so-panel widget widget_sow-button panel-first-child panel-last-child\" data-index=\"1\" ><div\n\t\t\t\n\t\t\tclass=\"so-widget-sow-button so-widget-sow-button-wire-7ff549ac4a37-1860\"\n\t\t\t\n\t\t><div class=\"ow-button-base ow-button-align-center\">\n\t<a\n\thref=\"http:\/\/www.cinam.univ-mrs.fr\/cinam\/dispositif-de-diffraction-monte-sur-anode-tournante-cu-rigaku-ru-200bh\/\"\n\t\tclass=\"ow-icon-placement-left ow-button-hover\" \t>\n\t\t<span>\n\t\t\t\n\t\t\tDispositif de<br \/> diffraction\t\t<\/span>\n\t<\/a>\n<\/div>\n<\/div><\/div><\/div><div id=\"pgc-1860-0-2\"  class=\"panel-grid-cell\" ><div id=\"panel-1860-0-2-0\" class=\"so-panel widget widget_sow-button panel-first-child panel-last-child\" data-index=\"2\" ><div\n\t\t\t\n\t\t\tclass=\"so-widget-sow-button so-widget-sow-button-wire-93acc227363e-1860\"\n\t\t\t\n\t\t><div class=\"ow-button-base ow-button-align-center\">\n\t<a\n\thref=\"http:\/\/www.cinam.univ-mrs.fr\/cinam\/diffractometre-type-q-q-panalytical-xpert-pro-mpd\/\"\n\t\tclass=\"ow-icon-placement-left ow-button-hover\" \t>\n\t\t<span>\n\t\t\t\n\t\t\tDiffractom\u00e8tre<br \/> type \u019f \u2013 \u019f\t\t<\/span>\n\t<\/a>\n<\/div>\n<\/div><\/div><\/div><div id=\"pgc-1860-0-3\"  class=\"panel-grid-cell\" ><div id=\"panel-1860-0-3-0\" class=\"so-panel widget widget_sow-button panel-first-child panel-last-child\" data-index=\"3\" ><div\n\t\t\t\n\t\t\tclass=\"so-widget-sow-button so-widget-sow-button-wire-7ff549ac4a37-1860\"\n\t\t\t\n\t\t><div class=\"ow-button-base ow-button-align-center\">\n\t<a\n\thref=\"http:\/\/www.cinam.univ-mrs.fr\/cinam\/diffractometre-de-poudre-inel\/\"\n\t\tclass=\"ow-icon-placement-left ow-button-hover\" \t>\n\t\t<span>\n\t\t\t\n\t\t\tDiffractom\u00e8tre<br \/> INEL\t\t<\/span>\n\t<\/a>\n<\/div>\n<\/div><\/div><\/div><div id=\"pgc-1860-0-4\"  class=\"panel-grid-cell\" ><div id=\"panel-1860-0-4-0\" class=\"so-panel widget widget_sow-button panel-first-child panel-last-child\" data-index=\"4\" ><div\n\t\t\t\n\t\t\tclass=\"so-widget-sow-button so-widget-sow-button-wire-7ff549ac4a37-1860\"\n\t\t\t\n\t\t><div class=\"ow-button-base ow-button-align-center\">\n\t<a\n\thref=\"http:\/\/www.cinam.univ-mrs.fr\/cinam\/dispositif-compact-saxs-hecus-m-brawn\/\"\n\t\tclass=\"ow-icon-placement-left ow-button-hover\" \t>\n\t\t<span>\n\t\t\t\n\t\t\tDispositif <br \/>compact SAXS\t\t<\/span>\n\t<\/a>\n<\/div>\n<\/div><\/div><\/div><\/div><\/div><div id=\"pg-1860-1\"  class=\"panel-grid panel-no-style\" ><div id=\"pgc-1860-1-0\"  class=\"panel-grid-cell\" ><div id=\"panel-1860-1-0-0\" class=\"so-panel widget widget_sow-headline panel-first-child panel-last-child\" data-index=\"5\" ><div\n\t\t\t\n\t\t\tclass=\"so-widget-sow-headline so-widget-sow-headline-default-98dc6fff397f-1860\"\n\t\t\t\n\t\t><div class=\"sow-headline-container \">\n\t<h3 class='sow-headline'>Tube RX Cu, d\u00e9tecteur rapide Xcelerator et d\u00e9tecteur ponctuel proportionnel, stage motoris\u00e9 X-Y-Z et platine de rotation<\/h3>\t\t\t\t\t<div class=\"decoration\">\n\t\t\t\t\t\t<div class=\"decoration-inside\"><\/div>\n\t\t\t\t\t<\/div>\n\t\t\t\t\t<\/div>\n<\/div><\/div><\/div><\/div><div id=\"pg-1860-2\"  class=\"panel-grid panel-has-style\" ><div class=\"panel-row-style panel-row-style-for-1860-2\" ><div id=\"pgc-1860-2-0\"  class=\"panel-grid-cell\" ><div id=\"panel-1860-2-0-0\" class=\"so-panel widget widget_sow-editor panel-first-child panel-last-child\" data-index=\"6\" ><div\n\t\t\t\n\t\t\tclass=\"so-widget-sow-editor so-widget-sow-editor-base\"\n\t\t\t\n\t\t>\n<div class=\"siteorigin-widget-tinymce textwidget\">\n\t<ul>\n<li><strong>Utilis\u00e9 pour la diffraction sur des \u00e9chantillons avec un signal important (poudre en quantit\u00e9 suffisante, couches minces) et mesures de r\u00e9flectivit\u00e9 X (XRR).<\/strong><\/li>\n<\/ul>\n<figure id=\"attachment_1530\" aria-describedby=\"caption-attachment-1530\" style=\"width: 960px\" class=\"wp-caption alignleft\"><img decoding=\"async\" loading=\"lazy\" class=\"wp-image-1530 size-full\" src=\"http:\/\/www.cinam.univ-mrs.fr\/cinam\/wp-content\/uploads\/2018\/09\/diffraction-des-rayons-x-4.jpg\" alt=\"Diffraction des rayons X 3\" width=\"960\" height=\"440\" srcset=\"https:\/\/www.cinam.univ-mrs.fr\/cinam\/wp-content\/uploads\/2018\/09\/diffraction-des-rayons-x-4.jpg 960w, https:\/\/www.cinam.univ-mrs.fr\/cinam\/wp-content\/uploads\/2018\/09\/diffraction-des-rayons-x-4-300x138.jpg 300w, https:\/\/www.cinam.univ-mrs.fr\/cinam\/wp-content\/uploads\/2018\/09\/diffraction-des-rayons-x-4-768x352.jpg 768w\" sizes=\"(max-width: 706px) 89vw, (max-width: 767px) 82vw, 740px\" \/><figcaption id=\"caption-attachment-1530\" class=\"wp-caption-text\">Image g\u00e9n\u00e9rale \u00e0 gauche et d\u00e9tail du diffractom\u00e8tre, \u00e0 droite<\/figcaption><\/figure>\n<\/div>\n<\/div><\/div><\/div><\/div><\/div><\/div>","protected":false},"excerpt":{"rendered":"<p>Accueil Plateforme Dispositif de diffraction Diffractom\u00e8tre type \u019f \u2013 \u019f Diffractom\u00e8tre INEL Dispositif compact SAXS Tube RX Cu, d\u00e9tecteur rapide Xcelerator et d\u00e9tecteur ponctuel proportionnel, stage motoris\u00e9 X-Y-Z et platine de rotation Utilis\u00e9 pour la diffraction sur des \u00e9chantillons avec un signal important (poudre en quantit\u00e9 suffisante, couches minces) et mesures de r\u00e9flectivit\u00e9 X (XRR). <\/p>\n","protected":false},"author":2,"featured_media":0,"parent":0,"menu_order":0,"comment_status":"closed","ping_status":"closed","template":"page-templates\/full-page.php","meta":[],"aioseo_notices":[],"_links":{"self":[{"href":"https:\/\/www.cinam.univ-mrs.fr\/cinam\/wp-json\/wp\/v2\/pages\/1860"}],"collection":[{"href":"https:\/\/www.cinam.univ-mrs.fr\/cinam\/wp-json\/wp\/v2\/pages"}],"about":[{"href":"https:\/\/www.cinam.univ-mrs.fr\/cinam\/wp-json\/wp\/v2\/types\/page"}],"author":[{"embeddable":true,"href":"https:\/\/www.cinam.univ-mrs.fr\/cinam\/wp-json\/wp\/v2\/users\/2"}],"replies":[{"embeddable":true,"href":"https:\/\/www.cinam.univ-mrs.fr\/cinam\/wp-json\/wp\/v2\/comments?post=1860"}],"version-history":[{"count":19,"href":"https:\/\/www.cinam.univ-mrs.fr\/cinam\/wp-json\/wp\/v2\/pages\/1860\/revisions"}],"predecessor-version":[{"id":5472,"href":"https:\/\/www.cinam.univ-mrs.fr\/cinam\/wp-json\/wp\/v2\/pages\/1860\/revisions\/5472"}],"wp:attachment":[{"href":"https:\/\/www.cinam.univ-mrs.fr\/cinam\/wp-json\/wp\/v2\/media?parent=1860"}],"curies":[{"name":"wp","href":"https:\/\/api.w.org\/{rel}","templated":true}]}}