{"id":19,"date":"2018-11-29T14:44:04","date_gmt":"2018-11-29T13:44:04","guid":{"rendered":"http:\/\/www.cinam.univ-mrs.fr\/cinam\/?page_id=19"},"modified":"2019-03-11T15:11:18","modified_gmt":"2019-03-11T14:11:18","slug":"science-pour-tous","status":"publish","type":"page","link":"https:\/\/www.cinam.univ-mrs.fr\/cinam\/evenements\/science-pour-tous\/","title":{"rendered":"Science pour Tous"},"content":{"rendered":"<div id=\"pl-19\"  class=\"panel-layout\" ><div id=\"pg-19-0\"  class=\"panel-grid panel-no-style\" ><div id=\"pgc-19-0-0\"  class=\"panel-grid-cell panel-grid-cell-empty\" ><\/div><div id=\"pgc-19-0-1\"  class=\"panel-grid-cell panel-grid-cell-mobile-last\" ><div id=\"panel-19-0-1-0\" class=\"so-panel widget widget_sow-editor panel-first-child\" data-index=\"0\" ><div\n\t\t\t\n\t\t\tclass=\"so-widget-sow-editor so-widget-sow-editor-base\"\n\t\t\t\n\t\t>\n<div class=\"siteorigin-widget-tinymce textwidget\">\n\t<h4 style=\"text-align: center;\">Curieux de sciences, bienvenus sur ce site !<\/h4>\n<p style=\"text-align: center;\">Vous y d\u00e9couvrirez quelques sujets de recherche d\u00e9velopp\u00e9s au CINaM et expliqu\u00e9s pour le plus grand nombre.<\/p>\n<p style=\"text-align: center;\">L\u2019objectif de ce site n\u2019est pas de donner des explications sur les nanosciences en g\u00e9n\u00e9ral, mais de montrer quelles sont les recherches men\u00e9es dans notre laboratoire. Vous y trouverez donc des dossiers par th\u00e8mes et une galerie d\u2019images scientifiques.<\/p>\n<\/div>\n<\/div><\/div><div id=\"panel-19-0-1-1\" class=\"so-panel widget widget_sow-headline panel-last-child\" data-index=\"1\" ><div\n\t\t\t\n\t\t\tclass=\"so-widget-sow-headline so-widget-sow-headline-default-ea0af4cf39ae-19\"\n\t\t\t\n\t\t><div class=\"sow-headline-container \">\n\t\t\t\t\t\t<div class=\"decoration\">\n\t\t\t\t\t\t<div class=\"decoration-inside\"><\/div>\n\t\t\t\t\t<\/div>\n\t\t\t\t\t<\/div>\n<\/div><\/div><\/div><div id=\"pgc-19-0-2\"  class=\"panel-grid-cell panel-grid-cell-empty\" ><\/div><\/div><div id=\"pg-19-1\"  class=\"panel-grid panel-no-style\" ><div id=\"pgc-19-1-0\"  class=\"panel-grid-cell\" ><div id=\"panel-19-1-0-0\" class=\"so-panel widget widget_sow-editor panel-first-child panel-last-child\" data-index=\"2\" ><div\n\t\t\t\n\t\t\tclass=\"so-widget-sow-editor so-widget-sow-editor-base\"\n\t\t\t\n\t\t>\n<div class=\"siteorigin-widget-tinymce textwidget\">\n\t<h4>Contact<\/h4>\n<ul>\n<li><strong>Valerie Juv\u00e9nal<\/strong>\u00a0<a href=\"mailto:juvenal@cinam.univ-mrs.fr\">(juvenal@cinam.univ-mrs.fr)<\/a>\u00a0<br \/>\nCorrespondante communication pour le CINaM-CNRS<\/li>\n<li><strong>Evelyne Salan\u00e7on<\/strong>\u00a0<a href=\"mailto:salancon@cinam.univ-mrs.fr\">(salancon@cinam.univ-mrs.fr)<\/a>\u00a0<br \/>\nCorrespondante CST (Culture Sciences et Technologie) pour Aix Marseille Universit\u00e9<\/li>\n<\/ul>\n<p>&nbsp;<\/p>\n<\/div>\n<\/div><\/div><\/div><div id=\"pgc-19-1-1\"  class=\"panel-grid-cell\" ><div id=\"panel-19-1-1-0\" class=\"so-panel widget widget_sow-editor panel-first-child panel-last-child\" data-index=\"3\" ><div\n\t\t\t\n\t\t\tclass=\"so-widget-sow-editor so-widget-sow-editor-base\"\n\t\t\t\n\t\t>\n<div class=\"siteorigin-widget-tinymce textwidget\">\n\t<h4>Les auteurs<\/h4>\n<ul>\n<li>Hubert Klein\u00a0<a href=\"mailto:klein@cinam.univ-mrs.fr\">(klein@cinam.univ-mrs.fr)<\/a><\/li>\n<li>Evelyne Salan\u00e7on\u00a0<a href=\"mailto:salancon@cinam.univ-mrs.fr\">(salancon@cinam.univ-mrs.fr)<\/a><\/li>\n<li>Antony D'Al\u00e9o\u00a0<a href=\"mailto:daleo@cinam.univ-mrs.fr\">(daleo@cinam.univ-mrs.fr)<\/a><\/li>\n<li>Myriam Roy\u00a0<a href=\"mailto:roy@cinam.univ-mrs.fr\">(roy@cinam.univ-mrs.fr)<\/a><\/li>\n<li>Gilles Qu\u00e9l\u00e9ver\u00a0<a href=\"mailto:quelever@cinam.univ-mrs.fr\">(quelever@cinam.univ-mrs.fr)<\/a><\/li>\n<li>Alexandre Zappelli\u00a0<a href=\"mailto:zappelli@cinam.univ-mrs.fr\">(zappelli@cinam.univ-mrs.fr)<\/a><\/li>\n<li>Ang\u00e8le Ricolleau<a href=\"mailto:ricolleau@cinam.univ-mrs.fr\">(ricolleau@cinam.univ-mrs.fr)<\/a><\/li>\n<\/ul>\n<p>&nbsp;<\/p>\n<\/div>\n<\/div><\/div><\/div><\/div><div id=\"pg-19-2\"  class=\"panel-grid panel-no-style\" ><div id=\"pgc-19-2-0\"  class=\"panel-grid-cell panel-grid-cell-empty\" ><\/div><div id=\"pgc-19-2-1\"  class=\"panel-grid-cell panel-grid-cell-mobile-last\" ><div id=\"panel-19-2-1-0\" class=\"so-panel widget widget_sow-headline panel-first-child panel-last-child\" data-index=\"4\" ><div\n\t\t\t\n\t\t\tclass=\"so-widget-sow-headline so-widget-sow-headline-default-ea0af4cf39ae-19\"\n\t\t\t\n\t\t><div class=\"sow-headline-container \">\n\t\t\t\t\t\t<div class=\"decoration\">\n\t\t\t\t\t\t<div class=\"decoration-inside\"><\/div>\n\t\t\t\t\t<\/div>\n\t\t\t\t\t<\/div>\n<\/div><\/div><\/div><div id=\"pgc-19-2-2\"  class=\"panel-grid-cell panel-grid-cell-empty\" ><\/div><\/div><\/div>","protected":false},"excerpt":{"rendered":"<p>Curieux de sciences, bienvenus sur ce site ! Vous y d\u00e9couvrirez quelques sujets de recherche d\u00e9velopp\u00e9s au CINaM et expliqu\u00e9s pour le plus grand nombre. L\u2019objectif de ce site n\u2019est pas de donner des explications sur les nanosciences en g\u00e9n\u00e9ral, mais de montrer quelles sont les recherches men\u00e9es dans notre laboratoire. Vous y trouverez donc <\/p>\n","protected":false},"author":1,"featured_media":0,"parent":3890,"menu_order":6,"comment_status":"closed","ping_status":"closed","template":"page-templates\/children-list.php","meta":[],"aioseo_notices":[],"_links":{"self":[{"href":"https:\/\/www.cinam.univ-mrs.fr\/cinam\/wp-json\/wp\/v2\/pages\/19"}],"collection":[{"href":"https:\/\/www.cinam.univ-mrs.fr\/cinam\/wp-json\/wp\/v2\/pages"}],"about":[{"href":"https:\/\/www.cinam.univ-mrs.fr\/cinam\/wp-json\/wp\/v2\/types\/page"}],"author":[{"embeddable":true,"href":"https:\/\/www.cinam.univ-mrs.fr\/cinam\/wp-json\/wp\/v2\/users\/1"}],"replies":[{"embeddable":true,"href":"https:\/\/www.cinam.univ-mrs.fr\/cinam\/wp-json\/wp\/v2\/comments?post=19"}],"version-history":[{"count":16,"href":"https:\/\/www.cinam.univ-mrs.fr\/cinam\/wp-json\/wp\/v2\/pages\/19\/revisions"}],"predecessor-version":[{"id":2911,"href":"https:\/\/www.cinam.univ-mrs.fr\/cinam\/wp-json\/wp\/v2\/pages\/19\/revisions\/2911"}],"up":[{"embeddable":true,"href":"https:\/\/www.cinam.univ-mrs.fr\/cinam\/wp-json\/wp\/v2\/pages\/3890"}],"wp:attachment":[{"href":"https:\/\/www.cinam.univ-mrs.fr\/cinam\/wp-json\/wp\/v2\/media?parent=19"}],"curies":[{"name":"wp","href":"https:\/\/api.w.org\/{rel}","templated":true}]}}