{"id":3,"date":"2018-11-29T09:54:23","date_gmt":"2018-11-29T08:54:23","guid":{"rendered":"http:\/\/web.cinam.univ-mrs.fr\/cinam\/?page_id=3"},"modified":"2019-02-28T08:27:14","modified_gmt":"2019-02-28T07:27:14","slug":"mentions-legales","status":"publish","type":"page","link":"https:\/\/www.cinam.univ-mrs.fr\/cinam\/mentions-legales\/","title":{"rendered":"Mentions l\u00e9gales"},"content":{"rendered":"<h1>Mentions l\u00e9gales<\/h1>\n<h3>Informations l\u00e9gales<\/h3>\n<p>CINaM &#8211; CNRS<br \/>\nCampus de luminy &#8211; Case 913<br \/>\n13288 MARSEILLE Cedex 09<br \/>\nTel : 04 91 17 28 00<\/p>\n<ul>\n<li>Directeur de la publication : Antoine Petit<\/li>\n<li>Directeur de la R\u00e9daction : Pierre M\u00fcller directeur du Centre Interdisciplinaire de Nanoscience de Marseille<\/li>\n<\/ul>\n<h3>Protection des informations nominatives<\/h3>\n<p>Conform\u00e9ment \u00e0 la loi n\u00b0 78-17 du 6 janvier 1978, relative \u00e0 l\u2019Informatique, aux fichiers et aux Libert\u00e9s (articles 38, 39, 40), vous disposez d\u2019un droit d\u2019acc\u00e8s, de rectification et de suppression des donn\u00e9es vous concernant, en ligne sur ce site. Pour exercer ce droit, vous pouvez vous adresser au webmaster.<\/p>\n<h3>Clause de non-responsabilit\u00e9<\/h3>\n<p>La responsabilit\u00e9 du CINaM ne peut, en aucune mani\u00e8re, \u00eatre engag\u00e9e quant au contenu des informations figurant sur ce site ou aux cons\u00e9quences pouvant r\u00e9sulter de leur utilisation ou interpr\u00e9tation.<\/p>\n<h3>Propri\u00e9t\u00e9 intellectuelle<\/h3>\n<p>Le site du CINaM est une oeuvre de cr\u00e9ation, propri\u00e9t\u00e9 exclusive du CINaM, prot\u00e9g\u00e9 par la l\u00e9gislation fran\u00e7aise et internationale sur le droit de la propri\u00e9t\u00e9 intellectuelle. Aucune reproduction ou repr\u00e9sentation ne peut \u00eatre r\u00e9alis\u00e9e en contravention avec les droits du CINaM issus de la l\u00e9gislation susvis\u00e9e.<\/p>\n<h3>Liens hypertextes<\/h3>\n<p>La mise en place de liens hypertextes par des tiers vers des pages ou des documents diffus\u00e9s sur le site du CINaM, est autoris\u00e9e sous r\u00e9serve que les liens ne contreviennent pas aux int\u00e9r\u00eats du CINaM, et, qu\u2019ils garantissent la possibilit\u00e9 pour l\u2019utilisateur d\u2019identifier l\u2019origine et l\u2019auteur du document.<\/p>\n<h3>Cr\u00e9dit<\/h3>\n<ul>\n<li>Webdesign : <a title=\"Webdesigner freelance Marseille\" href=\"https:\/\/raphaelwittmann.net\/\" target=\"_blank\" rel=\"noopener\">Rapha\u00ebl Wittmann<\/a><\/li>\n<li>Gestion de projet : <a href=\"https:\/\/www.bioself-communication.com\/\" target=\"_blank\" rel=\"noopener\">Delphine Dauga<\/a><\/li>\n<\/ul>\n","protected":false},"excerpt":{"rendered":"<p>Mentions l\u00e9gales Informations l\u00e9gales CINaM &#8211; CNRS Campus de luminy &#8211; Case 913 13288 MARSEILLE Cedex 09 Tel : 04 91 17 28 00 Directeur de la publication : Antoine Petit Directeur de la R\u00e9daction : Pierre M\u00fcller directeur du Centre Interdisciplinaire de Nanoscience de Marseille Protection des informations nominatives Conform\u00e9ment \u00e0 la loi n\u00b0 <\/p>\n","protected":false},"author":1,"featured_media":0,"parent":0,"menu_order":50,"comment_status":"closed","ping_status":"closed","template":"","meta":[],"aioseo_notices":[],"_links":{"self":[{"href":"https:\/\/www.cinam.univ-mrs.fr\/cinam\/wp-json\/wp\/v2\/pages\/3"}],"collection":[{"href":"https:\/\/www.cinam.univ-mrs.fr\/cinam\/wp-json\/wp\/v2\/pages"}],"about":[{"href":"https:\/\/www.cinam.univ-mrs.fr\/cinam\/wp-json\/wp\/v2\/types\/page"}],"author":[{"embeddable":true,"href":"https:\/\/www.cinam.univ-mrs.fr\/cinam\/wp-json\/wp\/v2\/users\/1"}],"replies":[{"embeddable":true,"href":"https:\/\/www.cinam.univ-mrs.fr\/cinam\/wp-json\/wp\/v2\/comments?post=3"}],"version-history":[{"count":10,"href":"https:\/\/www.cinam.univ-mrs.fr\/cinam\/wp-json\/wp\/v2\/pages\/3\/revisions"}],"predecessor-version":[{"id":502,"href":"https:\/\/www.cinam.univ-mrs.fr\/cinam\/wp-json\/wp\/v2\/pages\/3\/revisions\/502"}],"wp:attachment":[{"href":"https:\/\/www.cinam.univ-mrs.fr\/cinam\/wp-json\/wp\/v2\/media?parent=3"}],"curies":[{"name":"wp","href":"https:\/\/api.w.org\/{rel}","templated":true}]}}