{"id":397,"date":"2018-12-19T17:43:48","date_gmt":"2018-12-19T16:43:48","guid":{"rendered":"http:\/\/www.cinam.univ-mrs.fr\/cinam\/?page_id=397"},"modified":"2024-03-12T08:22:23","modified_gmt":"2024-03-12T07:22:23","slug":"le-mot-du-directeur","status":"publish","type":"page","link":"https:\/\/www.cinam.univ-mrs.fr\/cinam\/le-centre\/presentation\/le-mot-du-directeur\/","title":{"rendered":"Le mot du directeur"},"content":{"rendered":"<div id=\"pl-397\"  class=\"panel-layout\" ><div id=\"pg-397-0\"  class=\"panel-grid panel-no-style\" ><div id=\"pgc-397-0-0\"  class=\"panel-grid-cell\" ><div id=\"panel-397-0-0-0\" class=\"so-panel widget widget_sow-editor panel-first-child panel-last-child\" data-index=\"0\" ><div\n\t\t\t\n\t\t\tclass=\"so-widget-sow-editor so-widget-sow-editor-base\"\n\t\t\t\n\t\t>\n<div class=\"siteorigin-widget-tinymce textwidget\">\n\t<p>La cr\u00e9ation<a href=\"#_edn1\" name=\"_ednref1\">[i]<\/a>, en 2008, du Centre Interdisciplinaire de Nanoscience de Marseille (CINaM) r\u00e9sultait de la conviction d\u2019une n\u00e9cessaire forte synergie entre physiciens et chimistes pour conduire des recherches de haut niveau en nanoscience et plus particuli\u00e8rement dans le domaine des <strong>nanomat\u00e9riaux <\/strong>(mol\u00e9cules, agr\u00e9gats, nanoparticules, films minces, nano-objets\u2026) et de l\u2018\u00e9tude de leurs propri\u00e9t\u00e9s \u00e0 diff\u00e9rentes \u00e9chelles.<\/p>\n<p>Au moment o\u00f9 d\u00e9bute un nouveau contrat quinquennal (2024), de nombreuses activit\u00e9s du CINaM rel\u00e8vent toujours de la synth\u00e8se, caract\u00e9risation et \u00e9tude des propri\u00e9t\u00e9s de nanomat\u00e9riaux mais de nombreux travaux concernent maintenant l\u2019assemblage et l\u2019organisation de nanoobjets (de synth\u00e8se, naturels ou relevant des sciences du vivant) pouvant conduire \u00e0 des ph\u00e9nom\u00e8nes collectifs.\u00a0 Par ailleurs, les activit\u00e9s de physique et de chimie aux fronti\u00e8res des sciences de la vie et de la sant\u00e9 ont pris un essor important permettant \u00e0 notre centre de d\u00e9velopper des activit\u00e9s de <strong>nanom\u00e9decine<\/strong> avec une \u00e9quipe labellis\u00e9e par la Ligue contre le cancer et une \u00e9quipe de recherche lab\u00e9lis\u00e9e par l\u2019 INSERM (ERL 1326).<\/p>\n<p>La politique scientifique du CINaM s\u2019inscrit dans une d\u00e9marche de <strong>science impliqu\u00e9e<\/strong> dans la soci\u00e9t\u00e9. Cela signifie que nos activit\u00e9s fondamentales de physique et de chimie sont \u00e0 l\u2019\u00e9coute de probl\u00e8mes soci\u00e9taux, notre approche interdisciplinaire nous permettant d\u2019aborder collectivement des probl\u00e8mes complexes en lien avec des enjeux soci\u00e9taux majeurs relatifs \u00e0 la transition \u00e9nerg\u00e9tique (stockage et conversion d\u2019\u00e9nergie, mat\u00e9riaux pour la sobri\u00e9t\u00e9 \u00e9nerg\u00e9tique\u2026), l\u2019\u00e9lectronique du futur (mat\u00e9riaux bidimensionnels, spintronique, ferro\u00efques\u2026), la sant\u00e9 (nanom\u00e9dicaments, vectorisation, th\u00e9ranostique\u2026), l\u2019environnement (capteurs, mat\u00e9riaux naturels\u2026) ou l\u2019ing\u00e9nierie du vivant (dynamique des syst\u00e8mes vivants, objets biologiques\u2026)<\/p>\n<p>Le fonctionnement du CINaM est bas\u00e9 sur cinq d\u00e9partements scientifiques (NM, IMMF, SSP, TSN, PIV) recouvrant des activit\u00e9s tout autant <strong>exp\u00e9rimentales<\/strong> (gr\u00e2ce \u00e0 un parc instrumental de haut niveau), que <strong>th\u00e9oriques<\/strong> (b\u00e9n\u00e9ficiant d\u2019un large panel de m\u00e9thodes de mod\u00e9lisations et de simulations). Le centre b\u00e9n\u00e9ficie \u00e9galement de nombreux services d\u2019appui et\/ou plateformes techniques (dont la centrale de nanofabrication PLANETE).\u00a0 D\u2019importants projets d\u2019\u00e9quipement dans le cadre du CPER\/FEDER en cours vont nous permettre d\u2019accroitre nos capacit\u00e9s d\u2019\u00e9tude des propri\u00e9t\u00e9s spectroscopiques (\u00e9lectroniques et chimiques) des mat\u00e9riaux (projet PRISM).<\/p>\n<p>Soulignons enfin notre ouverture accrue vers le monde socio-\u00e9conomique avec la cr\u00e9ation r\u00e9cente (2023) d\u2019un laboratoire commun IOPV \u00ab\u00a0Indoor Organic PhotoVoltaics LABoratory \u00bb avec Dracula technologies et la cr\u00e9ation en cours de trois startups.<\/p>\n<p>Environ <strong>180<\/strong> personnels (chercheurs, enseignant chercheurs, ing\u00e9nieurs, techniciens, administratifs, doctorants et \u00e9tudiants) forment la richesse du CINaM.<\/p>\n<p>Les tutelles du laboratoire sont Aix Marseille Universit\u00e9 (AMU) et le CNRS (rattachement principal INP, rattachement secondaire INC).<\/p>\n<p><a href=\"#_ednref1\" name=\"_edn1\">[i]<\/a> L\u2019histoire du CINaM d\u00e9marre en fait en 1980 avec la cr\u00e9ation par le Professeur R. Kern du Centre de Recherches sur les M\u00e9canismes de la Croissance Cristalline (CRMC2) enrichi par des fusions successives avec l\u2019int\u00e9gration en 1988 du Laboratoire Surfaces Interfaces, en 2004 du Groupe de Physique des Etats Condens\u00e9s puis en 2008 du Groupe de Chimie Organique et des Mat\u00e9riaux Mol\u00e9culaires (GCOM2).<\/p>\n<p><a href=\"http:\/\/www.cinam.univ-mrs.fr\/cinam\/le-centre\/presentation\/organigrammes\/\">Voir les organigrammes du CINaM<\/a><\/p>\n<\/div>\n<\/div><\/div><\/div><div id=\"pgc-397-0-1\"  class=\"panel-grid-cell\" ><div id=\"panel-397-0-1-0\" class=\"so-panel widget widget_sow-editor panel-first-child\" data-index=\"1\" ><div\n\t\t\t\n\t\t\tclass=\"so-widget-sow-editor so-widget-sow-editor-base\"\n\t\t\t\n\t\t>\n<div class=\"siteorigin-widget-tinymce textwidget\">\n\t<figure id=\"attachment_341\" aria-describedby=\"caption-attachment-341\" style=\"width: 525px\" class=\"wp-caption alignnone\"><a href=\"http:\/\/www.cinam.univ-mrs.fr\/cinam\/wp-content\/uploads\/2018\/12\/presentation.jpg\"><img decoding=\"async\" loading=\"lazy\" class=\"wp-image-341 size-large\" src=\"http:\/\/www.cinam.univ-mrs.fr\/cinam\/wp-content\/uploads\/2018\/12\/presentation-1024x461.jpg\" alt=\"Pr\u00e9sentation\" width=\"525\" height=\"236\" srcset=\"https:\/\/www.cinam.univ-mrs.fr\/cinam\/wp-content\/uploads\/2018\/12\/presentation-1024x461.jpg 1024w, https:\/\/www.cinam.univ-mrs.fr\/cinam\/wp-content\/uploads\/2018\/12\/presentation-300x135.jpg 300w, https:\/\/www.cinam.univ-mrs.fr\/cinam\/wp-content\/uploads\/2018\/12\/presentation-768x346.jpg 768w, https:\/\/www.cinam.univ-mrs.fr\/cinam\/wp-content\/uploads\/2018\/12\/presentation.jpg 2000w\" sizes=\"(max-width: 525px) 100vw, 525px\" \/><\/a><figcaption id=\"caption-attachment-341\" class=\"wp-caption-text\">Le b\u00e2timent central du CINaM con\u00e7u en 1974 par le cabinet d\u2019architecte Charon, Delage, Gu\u00e9roult et Rubin, sous le regard vigilant de Raymond Kern, montre une architecture innovante en b\u00e9ton banch\u00e9. Sa construction a \u00e9t\u00e9 achev\u00e9e en 1979.<\/figcaption><\/figure>\n<\/div>\n<\/div><\/div><div id=\"panel-397-0-1-1\" class=\"so-panel widget widget_sow-editor\" data-index=\"2\" ><div\n\t\t\t\n\t\t\tclass=\"so-widget-sow-editor so-widget-sow-editor-base\"\n\t\t\t\n\t\t>\n<div class=\"siteorigin-widget-tinymce textwidget\">\n\t<figure id=\"attachment_381\" aria-describedby=\"caption-attachment-381\" style=\"width: 768px\" class=\"wp-caption alignnone\"><a href=\"http:\/\/www.cinam.univ-mrs.fr\/cinam\/wp-content\/uploads\/2018\/12\/presentation-6.jpg\"><img decoding=\"async\" loading=\"lazy\" class=\"size-full wp-image-381\" src=\"http:\/\/www.cinam.univ-mrs.fr\/cinam\/wp-content\/uploads\/2018\/12\/presentation-6.jpg\" alt=\"Pr\u00e9sentation 5\" width=\"768\" height=\"346\" srcset=\"https:\/\/www.cinam.univ-mrs.fr\/cinam\/wp-content\/uploads\/2018\/12\/presentation-6.jpg 768w, https:\/\/www.cinam.univ-mrs.fr\/cinam\/wp-content\/uploads\/2018\/12\/presentation-6-300x135.jpg 300w\" sizes=\"(max-width: 706px) 89vw, (max-width: 767px) 82vw, 740px\" \/><\/a><figcaption id=\"caption-attachment-381\" class=\"wp-caption-text\">Deux d\u00e9partements du CINaM sont h\u00e9berg\u00e9s dans un b\u00e2timent de l\u2019Universit\u00e9, r\u00e9cemment r\u00e9nov\u00e9.<\/figcaption><\/figure>\n<\/div>\n<\/div><\/div><div id=\"panel-397-0-1-2\" class=\"so-panel widget widget_sow-editor\" data-index=\"3\" ><div\n\t\t\t\n\t\t\tclass=\"so-widget-sow-editor so-widget-sow-editor-base\"\n\t\t\t\n\t\t>\n<div class=\"siteorigin-widget-tinymce textwidget\">\n\t<figure id=\"attachment_357\" aria-describedby=\"caption-attachment-357\" style=\"width: 525px\" class=\"wp-caption alignnone\"><a href=\"http:\/\/www.cinam.univ-mrs.fr\/cinam\/wp-content\/uploads\/2018\/12\/presentation-5.jpg\"><img decoding=\"async\" loading=\"lazy\" class=\"size-large wp-image-357\" src=\"http:\/\/www.cinam.univ-mrs.fr\/cinam\/wp-content\/uploads\/2018\/12\/presentation-5-1024x461.jpg\" alt=\"Pr\u00e9sentation 4\" width=\"525\" height=\"236\" srcset=\"https:\/\/www.cinam.univ-mrs.fr\/cinam\/wp-content\/uploads\/2018\/12\/presentation-5-1024x461.jpg 1024w, https:\/\/www.cinam.univ-mrs.fr\/cinam\/wp-content\/uploads\/2018\/12\/presentation-5-300x135.jpg 300w, https:\/\/www.cinam.univ-mrs.fr\/cinam\/wp-content\/uploads\/2018\/12\/presentation-5-768x346.jpg 768w, https:\/\/www.cinam.univ-mrs.fr\/cinam\/wp-content\/uploads\/2018\/12\/presentation-5.jpg 2000w\" sizes=\"(max-width: 525px) 100vw, 525px\" \/><\/a><figcaption id=\"caption-attachment-357\" class=\"wp-caption-text\">Une plateforme technologique, associ\u00e9e au laboratoire, a \u00e9t\u00e9 inaugur\u00e9e en 2009<\/figcaption><\/figure>\n<\/div>\n<\/div><\/div><div id=\"panel-397-0-1-3\" class=\"so-panel widget widget_sow-editor\" data-index=\"4\" ><div\n\t\t\t\n\t\t\tclass=\"so-widget-sow-editor so-widget-sow-editor-base\"\n\t\t\t\n\t\t>\n<div class=\"siteorigin-widget-tinymce textwidget\">\n\t<figure id=\"attachment_350\" aria-describedby=\"caption-attachment-350\" style=\"width: 525px\" class=\"wp-caption alignnone\"><a href=\"http:\/\/www.cinam.univ-mrs.fr\/cinam\/wp-content\/uploads\/2018\/12\/presentation-3.jpg\"><img decoding=\"async\" loading=\"lazy\" class=\"wp-image-350 size-large\" src=\"http:\/\/www.cinam.univ-mrs.fr\/cinam\/wp-content\/uploads\/2018\/12\/presentation-3-1024x461.jpg\" alt=\"Pr\u00e9sentation 2\" width=\"525\" height=\"236\" srcset=\"https:\/\/www.cinam.univ-mrs.fr\/cinam\/wp-content\/uploads\/2018\/12\/presentation-3-1024x461.jpg 1024w, https:\/\/www.cinam.univ-mrs.fr\/cinam\/wp-content\/uploads\/2018\/12\/presentation-3-300x135.jpg 300w, https:\/\/www.cinam.univ-mrs.fr\/cinam\/wp-content\/uploads\/2018\/12\/presentation-3-768x346.jpg 768w, https:\/\/www.cinam.univ-mrs.fr\/cinam\/wp-content\/uploads\/2018\/12\/presentation-3.jpg 2000w\" sizes=\"(max-width: 525px) 100vw, 525px\" \/><\/a><figcaption id=\"caption-attachment-350\" class=\"wp-caption-text\">\u00c0 gauche : Microscope \u00e9lectronique en transmission. \u00c0 droite : STM-basse temp\u00e9rature<\/figcaption><\/figure>\n<\/div>\n<\/div><\/div><div id=\"panel-397-0-1-4\" class=\"so-panel widget widget_sow-editor panel-last-child\" data-index=\"5\" ><div\n\t\t\t\n\t\t\tclass=\"so-widget-sow-editor so-widget-sow-editor-base\"\n\t\t\t\n\t\t>\n<div class=\"siteorigin-widget-tinymce textwidget\">\n\t<figure id=\"attachment_354\" aria-describedby=\"caption-attachment-354\" style=\"width: 525px\" class=\"wp-caption alignnone\"><a href=\"http:\/\/www.cinam.univ-mrs.fr\/cinam\/wp-content\/uploads\/2018\/12\/presentation-4.jpg\"><img decoding=\"async\" loading=\"lazy\" class=\"wp-image-354 size-large\" src=\"http:\/\/www.cinam.univ-mrs.fr\/cinam\/wp-content\/uploads\/2018\/12\/presentation-4-1024x461.jpg\" alt=\"Pr\u00e9sentation 3\" width=\"525\" height=\"236\" srcset=\"https:\/\/www.cinam.univ-mrs.fr\/cinam\/wp-content\/uploads\/2018\/12\/presentation-4-1024x461.jpg 1024w, https:\/\/www.cinam.univ-mrs.fr\/cinam\/wp-content\/uploads\/2018\/12\/presentation-4-300x135.jpg 300w, https:\/\/www.cinam.univ-mrs.fr\/cinam\/wp-content\/uploads\/2018\/12\/presentation-4-768x346.jpg 768w, https:\/\/www.cinam.univ-mrs.fr\/cinam\/wp-content\/uploads\/2018\/12\/presentation-4.jpg 2000w\" sizes=\"(max-width: 525px) 100vw, 525px\" \/><\/a><figcaption id=\"caption-attachment-354\" class=\"wp-caption-text\">Un campus au coeur du site exceptionnel des Calanques. Au large, l\u2019\u00eele de Riou. Photographie prise du Col de la Candelle \u00e0 une heure de marche du laboratoire.<\/figcaption><\/figure>\n<\/div>\n<\/div><\/div><\/div><\/div><\/div>","protected":false},"excerpt":{"rendered":"<p>La cr\u00e9ation[i], en 2008, du Centre Interdisciplinaire de Nanoscience de Marseille (CINaM) r\u00e9sultait de la conviction d\u2019une n\u00e9cessaire forte synergie entre physiciens et chimistes pour conduire des recherches de haut niveau en nanoscience et plus particuli\u00e8rement dans le domaine des nanomat\u00e9riaux (mol\u00e9cules, agr\u00e9gats, nanoparticules, films minces, nano-objets\u2026) et de l\u2018\u00e9tude de leurs propri\u00e9t\u00e9s \u00e0 diff\u00e9rentes <\/p>\n","protected":false},"author":1,"featured_media":0,"parent":65,"menu_order":1,"comment_status":"closed","ping_status":"closed","template":"page-templates\/full-page.php","meta":[],"aioseo_notices":[],"_links":{"self":[{"href":"https:\/\/www.cinam.univ-mrs.fr\/cinam\/wp-json\/wp\/v2\/pages\/397"}],"collection":[{"href":"https:\/\/www.cinam.univ-mrs.fr\/cinam\/wp-json\/wp\/v2\/pages"}],"about":[{"href":"https:\/\/www.cinam.univ-mrs.fr\/cinam\/wp-json\/wp\/v2\/types\/page"}],"author":[{"embeddable":true,"href":"https:\/\/www.cinam.univ-mrs.fr\/cinam\/wp-json\/wp\/v2\/users\/1"}],"replies":[{"embeddable":true,"href":"https:\/\/www.cinam.univ-mrs.fr\/cinam\/wp-json\/wp\/v2\/comments?post=397"}],"version-history":[{"count":9,"href":"https:\/\/www.cinam.univ-mrs.fr\/cinam\/wp-json\/wp\/v2\/pages\/397\/revisions"}],"predecessor-version":[{"id":12849,"href":"https:\/\/www.cinam.univ-mrs.fr\/cinam\/wp-json\/wp\/v2\/pages\/397\/revisions\/12849"}],"up":[{"embeddable":true,"href":"https:\/\/www.cinam.univ-mrs.fr\/cinam\/wp-json\/wp\/v2\/pages\/65"}],"wp:attachment":[{"href":"https:\/\/www.cinam.univ-mrs.fr\/cinam\/wp-json\/wp\/v2\/media?parent=397"}],"curies":[{"name":"wp","href":"https:\/\/api.w.org\/{rel}","templated":true}]}}