{"id":4338,"date":"2019-04-02T11:30:20","date_gmt":"2019-04-02T09:30:20","guid":{"rendered":"http:\/\/www.cinam.univ-mrs.fr\/cinam\/?page_id=4338"},"modified":"2025-02-13T10:24:13","modified_gmt":"2025-02-13T09:24:13","slug":"ssp-pls-nucl","status":"publish","type":"page","link":"https:\/\/www.cinam.univ-mrs.fr\/cinam\/ssp-pls-nucl\/","title":{"rendered":"Projet: Nucl\u00e9ation en milieux confin\u00e9s"},"content":{"rendered":"<div id=\"pl-4338\"  class=\"panel-layout\" ><div id=\"pg-4338-0\"  class=\"panel-grid panel-no-style\" ><div id=\"pgc-4338-0-0\"  class=\"panel-grid-cell\" ><div id=\"panel-4338-0-0-0\" class=\"so-panel widget widget_sow-editor panel-first-child\" data-index=\"0\" ><div\n\t\t\t\n\t\t\tclass=\"so-widget-sow-editor so-widget-sow-editor-base\"\n\t\t\t\n\t\t>\n<div class=\"siteorigin-widget-tinymce textwidget\">\n\t<p><a href=\"mailto:romain.grossier@cnrs.fr\">Contact: R. Grossier<\/a><\/p>\n<p>La nucl\u00e9ation est influenc\u00e9e par la taille du syst\u00e8me dans lequel elle proc\u00e8de. C\u2019est ce que nous avons d\u2019abord abord\u00e9 th\u00e9oriquement, et que nous exploitons actuellement via des exp\u00e9rimentations d\u00e9di\u00e9es \u00e0 l\u2019\u00e9tude de ce confinement et de ce qu\u2019il pourrait nous apprendre sur la physique de la nucl\u00e9ation. Ainsi, nous \u00e9tudions la nucl\u00e9ation de cristaux au sein de petites gouttes gr\u00e2ce au d\u00e9veloppement et \u00e0 l\u2019utilisation d\u2019un syst\u00e8me microfluidique ad hoc (Figures 1 et 2).<\/p>\n<p>Le syst\u00e8me microfluidique g\u00e9n\u00e8re des matrices de gouttes aqueuses d\u00e9pos\u00e9es, sans tensioactifs, couvrant l\u2019ensemble de la gamme femtoLitre-picoLitre, recouvertes d\u2019un film d\u2019huile et observ\u00e9es de mani\u00e8re simultan\u00e9e par microscopie optique. Sous l\u2019action d\u2019une diffusion s\u00e9lective du solvant depuis la goutte vers l\u2019huile, la contraction de la goutte concentre le solut\u00e9 jusqu\u2019\u00e0 l\u2019av\u00e8nement d\u2019un unique \u00e9v\u00e8nement de nucl\u00e9ation. La croissance explosive de ce germe, du fait des fortes sursaturations atteignables en milieu confin\u00e9, est imm\u00e9diatement d\u00e9tectable par l\u2019utilisation d\u2019une technique de traitement d\u2019image d\u00e9velopp\u00e9e sp\u00e9cifiquement \u00e0 cette fin, l\u2019observation simultan\u00e9e de centaines de gouttes, n\u00e9cessaire pour des aspects statistiques en conservant une bonne r\u00e9solution temporelle, emp\u00eachant de b\u00e9n\u00e9ficier d\u2019une grande r\u00e9solution spatiale par goutte. Cette technique de d\u00e9tection passe par la r\u00e9duction de l\u2019information spatiale, sur chaque image pour chaque goutte, de l\u2019ensemble [goutte individuelle + environnement proche] \u00e0 un simple scalaire : l\u2019\u00e9cart-type de la distribution des niveaux de gris de cet ensemble. Le signal ainsi obtenu nous permet la d\u00e9tection de la nucl\u00e9ation dans chaque goutte, mais met \u00e9galement en \u00e9vidence, sous certaines conditions de contraction, des communications inter-gouttes, totalement invisibles aux techniques usuelles de traitement d\u2019image. En se pla\u00e7ant dans des conditions d\u2019ind\u00e9pendance des gouttes (pas de communications), nous obtenons des mesures de temps d\u2019induction particuli\u00e8rement pr\u00e9cises et reproductibles (Figure 3). Au-del\u00e0 de l\u2019\u00e9tude de la nucl\u00e9ation et du confinement, ces approches pr\u00e9sentent un int\u00e9r\u00eat dans le criblage des conditions de cristallisation ou dans le criblage et le contr\u00f4le du polymorphisme.<\/p>\n<figure id=\"attachment_10062\" aria-describedby=\"caption-attachment-10062\" style=\"width: 525px\" class=\"wp-caption alignnone\"><img decoding=\"async\" loading=\"lazy\" class=\"wp-image-10062 size-large\" src=\"http:\/\/www.cinam.univ-mrs.fr\/cinam\/wp-content\/uploads\/2022\/03\/Matrice-Sigma-DITs.002-1024x418.png\" alt=\"\" width=\"525\" height=\"214\" srcset=\"https:\/\/www.cinam.univ-mrs.fr\/cinam\/wp-content\/uploads\/2022\/03\/Matrice-Sigma-DITs.002-1024x418.png 1024w, https:\/\/www.cinam.univ-mrs.fr\/cinam\/wp-content\/uploads\/2022\/03\/Matrice-Sigma-DITs.002-300x122.png 300w, https:\/\/www.cinam.univ-mrs.fr\/cinam\/wp-content\/uploads\/2022\/03\/Matrice-Sigma-DITs.002-768x314.png 768w, https:\/\/www.cinam.univ-mrs.fr\/cinam\/wp-content\/uploads\/2022\/03\/Matrice-Sigma-DITs.002.png 1580w\" sizes=\"(max-width: 525px) 100vw, 525px\" \/><figcaption id=\"caption-attachment-10062\" class=\"wp-caption-text\">Figure 3: Haut - \u00c9volution temporelle (contraction) d\u2019une ligne de gouttes d\u00e9pos\u00e9es (extraite d\u2019une matrice). Bas gauche - \u00c9volution temporelle de l\u2019\u00e9cart-type de deux \u00ab r\u00e9gions d\u2019int\u00e9r\u00eat \u00bb (ensemble goutte individuelle + environnement proche) et mise en \u00e9vidence d\u2019une communication (oscillation du signal corr\u00e9l\u00e9e \u00e0 la nucl\u00e9ation dans une goutte voisine). Bas centre - Densit\u00e9 de probabilit\u00e9 cumul\u00e9e de nucl\u00e9ation pour chaque ligne d\u2019une matrice de gouttes. Bas droite - Densit\u00e9 de probabilit\u00e9 cumul\u00e9e adimensionnalis\u00e9e par le taux de contraction individuel de chaque goutte.<\/figcaption><\/figure>\n<p><a href=\"http:\/\/www.cinam.univ-mrs.fr\/pro_perso\/veesler\/?page=video\">Voir plus de vid\u00e9os<\/a><\/p>\n<h4><\/h4>\n<\/div>\n<\/div><\/div><div id=\"panel-4338-0-0-1\" class=\"so-panel widget widget_sow-slider panel-last-child\" data-index=\"1\" ><div\n\t\t\t\n\t\t\tclass=\"so-widget-sow-slider so-widget-sow-slider-default-71d5c9d9c341-4338\"\n\t\t\t\n\t\t>\t\t\t\t<div class=\"sow-slider-base\" style=\"display: none\" tabindex=\"0\">\n\t\t\t\t\t<ul\n\t\t\t\t\tclass=\"sow-slider-images\"\n\t\t\t\t\tdata-settings=\"{&quot;pagination&quot;:true,&quot;speed&quot;:&quot;800&quot;,&quot;timeout&quot;:&quot;4000&quot;,&quot;paused&quot;:false,&quot;pause_on_hover&quot;:false,&quot;swipe&quot;:&quot;&quot;,&quot;nav_always_show_desktop&quot;:true,&quot;nav_always_show_mobile&quot;:true,&quot;breakpoint&quot;:&quot;780px&quot;,&quot;unmute&quot;:false,&quot;anchor&quot;:null}\"\n\t\t\t\t\t\t\t\t\t\tdata-anchor-id=\"\"\n\t\t\t\t>\t\t<li class=\"sow-slider-image\" style=\"visibility: visible;\" >\n\t\t\t\t\t\t<img width=\"600\" height=\"277\" src=\"https:\/\/www.cinam.univ-mrs.fr\/cinam\/wp-content\/uploads\/2019\/04\/plateforme-microfluidic-e1555508644189.jpg\" class=\"sow-slider-background-image\" alt=\"\" decoding=\"async\" loading=\"lazy\" style=\"\" sizes=\"100vw\" \/>\t\t<\/li>\n\t\t\t\t<li class=\"sow-slider-image\" style=\"visibility: hidden;\" >\n\t\t\t\t\t\t<img width=\"999\" height=\"608\" src=\"https:\/\/www.cinam.univ-mrs.fr\/cinam\/wp-content\/uploads\/2018\/11\/local-probes-and-sources.jpg\" class=\"sow-slider-background-image\" alt=\"Sources et Sondes Ponctuelles 30\" decoding=\"async\" loading=\"lazy\" style=\"\" srcset=\"https:\/\/www.cinam.univ-mrs.fr\/cinam\/wp-content\/uploads\/2018\/11\/local-probes-and-sources.jpg 999w, https:\/\/www.cinam.univ-mrs.fr\/cinam\/wp-content\/uploads\/2018\/11\/local-probes-and-sources-300x183.jpg 300w, https:\/\/www.cinam.univ-mrs.fr\/cinam\/wp-content\/uploads\/2018\/11\/local-probes-and-sources-768x467.jpg 768w\" sizes=\"100vw\" \/>\t\t<\/li>\n\t\t\t\t<li class=\"sow-slider-image\" style=\"visibility: hidden;\" >\n\t\t\t\t\t\t<img width=\"1131\" height=\"539\" src=\"https:\/\/www.cinam.univ-mrs.fr\/cinam\/wp-content\/uploads\/2025\/02\/plateforme_nov2022_24.jpg\" class=\"sow-slider-background-image\" alt=\"\" decoding=\"async\" loading=\"lazy\" style=\"\" srcset=\"https:\/\/www.cinam.univ-mrs.fr\/cinam\/wp-content\/uploads\/2025\/02\/plateforme_nov2022_24.jpg 1131w, https:\/\/www.cinam.univ-mrs.fr\/cinam\/wp-content\/uploads\/2025\/02\/plateforme_nov2022_24-300x143.jpg 300w, https:\/\/www.cinam.univ-mrs.fr\/cinam\/wp-content\/uploads\/2025\/02\/plateforme_nov2022_24-1024x488.jpg 1024w, https:\/\/www.cinam.univ-mrs.fr\/cinam\/wp-content\/uploads\/2025\/02\/plateforme_nov2022_24-768x366.jpg 768w\" sizes=\"100vw\" \/>\t\t<\/li>\n\t\t<\/ul>\t\t\t\t<ol class=\"sow-slider-pagination\">\n\t\t\t\t\t\t\t\t\t\t\t<li><a href=\"#\" data-goto=\"0\" aria-label=\"afficher la diapositive 1\"><\/a><\/li>\n\t\t\t\t\t\t\t\t\t\t\t<li><a href=\"#\" data-goto=\"1\" aria-label=\"afficher la diapositive 2\"><\/a><\/li>\n\t\t\t\t\t\t\t\t\t\t\t<li><a href=\"#\" data-goto=\"2\" aria-label=\"afficher la diapositive 3\"><\/a><\/li>\n\t\t\t\t\t\t\t\t\t<\/ol>\n\n\t\t\t\t<div class=\"sow-slide-nav sow-slide-nav-next\">\n\t\t\t\t\t<a href=\"#\" data-goto=\"next\" aria-label=\"diapositive suivante\" data-action=\"next\">\n\t\t\t\t\t\t<em class=\"sow-sld-icon-thin-right\"><\/em>\n\t\t\t\t\t<\/a>\n\t\t\t\t<\/div>\n\n\t\t\t\t<div class=\"sow-slide-nav sow-slide-nav-prev\">\n\t\t\t\t\t<a href=\"#\" data-goto=\"previous\" aria-label=\"diapositive pr\u00e9c\u00e9dente\" data-action=\"prev\">\n\t\t\t\t\t\t<em class=\"sow-sld-icon-thin-left\"><\/em>\n\t\t\t\t\t<\/a>\n\t\t\t\t<\/div>\n\t\t\t\t<\/div><\/div><\/div><\/div><div id=\"pgc-4338-0-1\"  class=\"panel-grid-cell\" ><div id=\"panel-4338-0-1-0\" class=\"so-panel widget widget_media_image panel-first-child\" data-index=\"2\" ><figure style=\"width: 300px\" class=\"wp-caption alignnone\"><img width=\"300\" height=\"225\" src=\"https:\/\/www.cinam.univ-mrs.fr\/cinam\/wp-content\/uploads\/2022\/03\/montage_historique-300x225.jpg\" class=\"image wp-image-10066  attachment-medium size-medium\" alt=\"\" decoding=\"async\" loading=\"lazy\" style=\"max-width: 100%; height: auto;\" title=\"SCHEMA MICROFLUIDIQUE\" srcset=\"https:\/\/www.cinam.univ-mrs.fr\/cinam\/wp-content\/uploads\/2022\/03\/montage_historique-300x225.jpg 300w, https:\/\/www.cinam.univ-mrs.fr\/cinam\/wp-content\/uploads\/2022\/03\/montage_historique-768x576.jpg 768w, https:\/\/www.cinam.univ-mrs.fr\/cinam\/wp-content\/uploads\/2022\/03\/montage_historique.jpg 800w\" sizes=\"100vw\" \/><figcaption class=\"wp-caption-text\">Figure 1: Montage microfluidique par micro-injection<\/figcaption><\/figure><\/div><div id=\"panel-4338-0-1-1\" class=\"so-panel widget widget_media_image\" data-index=\"3\" ><figure style=\"width: 300px\" class=\"wp-caption alignnone\"><img width=\"300\" height=\"218\" src=\"https:\/\/www.cinam.univ-mrs.fr\/cinam\/wp-content\/uploads\/2018\/11\/slide-3-300x218.jpg\" class=\"image wp-image-3519  attachment-medium size-medium\" alt=\"Slide 3 1\" decoding=\"async\" loading=\"lazy\" style=\"max-width: 100%; height: auto;\" title=\"MICROGOUTTELETTES\" srcset=\"https:\/\/www.cinam.univ-mrs.fr\/cinam\/wp-content\/uploads\/2018\/11\/slide-3-300x218.jpg 300w, https:\/\/www.cinam.univ-mrs.fr\/cinam\/wp-content\/uploads\/2018\/11\/slide-3.jpg 620w\" sizes=\"100vw\" \/><figcaption class=\"wp-caption-text\">Figure 2: G\u00e9n\u00e9ration d'un r\u00e9seau de microgouttelettes de phase aqueuse  dans l'huile <\/figcaption><\/figure><\/div><div id=\"panel-4338-0-1-2\" class=\"so-panel widget widget_media_video panel-last-child\" data-index=\"4\" ><h3 class=\"widget-title\">Vid\u00e9o Nucl\u00e9ation de gouttes de NaCl<\/h3><div style=\"width:100%;\" class=\"wp-video\"><!--[if lt IE 9]><script>document.createElement('video');<\/script><![endif]-->\n<video class=\"wp-video-shortcode\" id=\"video-4338-1\" preload=\"metadata\" controls=\"controls\"><source type=\"video\/mp4\" src=\"https:\/\/www.cinam.univ-mrs.fr\/cinam\/wp-content\/uploads\/2022\/01\/Deliq-Recryst_6crystals_05.mp4?_=1\" \/><source type=\"video\/mp4\" src=\"http:\/\/www.cinam.univ-mrs.fr\/cinam\/wp-content\/uploads\/2022\/01\/Deliq-Recryst_6crystals_05.mp4?_=1\" \/><a href=\"https:\/\/www.cinam.univ-mrs.fr\/cinam\/wp-content\/uploads\/2022\/01\/Deliq-Recryst_6crystals_05.mp4\">https:\/\/www.cinam.univ-mrs.fr\/cinam\/wp-content\/uploads\/2022\/01\/Deliq-Recryst_6crystals_05.mp4<\/a><\/video><\/div><\/div><\/div><\/div><div id=\"pg-4338-1\"  class=\"panel-grid panel-no-style\" ><div id=\"pgc-4338-1-0\"  class=\"panel-grid-cell panel-grid-cell-empty\" ><\/div><\/div><\/div>","protected":false},"excerpt":{"rendered":"<p>Contact: R. Grossier La nucl\u00e9ation est influenc\u00e9e par la taille du syst\u00e8me dans lequel elle proc\u00e8de. C\u2019est ce que nous avons d\u2019abord abord\u00e9 th\u00e9oriquement, et que nous exploitons actuellement via des exp\u00e9rimentations d\u00e9di\u00e9es \u00e0 l\u2019\u00e9tude de ce confinement et de ce qu\u2019il pourrait nous apprendre sur la physique de la nucl\u00e9ation. Ainsi, nous \u00e9tudions la <\/p>\n","protected":false},"author":5,"featured_media":0,"parent":0,"menu_order":0,"comment_status":"closed","ping_status":"closed","template":"page-templates\/full-page.php","meta":[],"aioseo_notices":[],"_links":{"self":[{"href":"https:\/\/www.cinam.univ-mrs.fr\/cinam\/wp-json\/wp\/v2\/pages\/4338"}],"collection":[{"href":"https:\/\/www.cinam.univ-mrs.fr\/cinam\/wp-json\/wp\/v2\/pages"}],"about":[{"href":"https:\/\/www.cinam.univ-mrs.fr\/cinam\/wp-json\/wp\/v2\/types\/page"}],"author":[{"embeddable":true,"href":"https:\/\/www.cinam.univ-mrs.fr\/cinam\/wp-json\/wp\/v2\/users\/5"}],"replies":[{"embeddable":true,"href":"https:\/\/www.cinam.univ-mrs.fr\/cinam\/wp-json\/wp\/v2\/comments?post=4338"}],"version-history":[{"count":254,"href":"https:\/\/www.cinam.univ-mrs.fr\/cinam\/wp-json\/wp\/v2\/pages\/4338\/revisions"}],"predecessor-version":[{"id":13815,"href":"https:\/\/www.cinam.univ-mrs.fr\/cinam\/wp-json\/wp\/v2\/pages\/4338\/revisions\/13815"}],"wp:attachment":[{"href":"https:\/\/www.cinam.univ-mrs.fr\/cinam\/wp-json\/wp\/v2\/media?parent=4338"}],"curies":[{"name":"wp","href":"https:\/\/api.w.org\/{rel}","templated":true}]}}