{"id":5626,"date":"2019-04-29T23:53:02","date_gmt":"2019-04-29T21:53:02","guid":{"rendered":"http:\/\/www.cinam.univ-mrs.fr\/cinam\/?page_id=5626"},"modified":"2022-02-25T09:49:19","modified_gmt":"2022-02-25T08:49:19","slug":"nanoelectrolyse-de-leau","status":"publish","type":"page","link":"https:\/\/www.cinam.univ-mrs.fr\/cinam\/nanoelectrolyse-de-leau\/","title":{"rendered":"Projet: De la nano\u00e9lectrolyse de l\u2019eau \u00e0 la nucl\u00e9ation contr\u00f4l\u00e9e de bulles et de cristaux"},"content":{"rendered":"<div id=\"pl-5626\"  class=\"panel-layout\" ><div id=\"pg-5626-0\"  class=\"panel-grid panel-no-style\" ><div id=\"pgc-5626-0-0\"  class=\"panel-grid-cell\" ><div id=\"panel-5626-0-0-0\" class=\"so-panel widget widget_sow-editor panel-first-child panel-last-child\" data-index=\"0\" ><div\n\t\t\t\n\t\t\tclass=\"so-widget-sow-editor so-widget-sow-editor-base\"\n\t\t\t\n\t\t>\n<div class=\"siteorigin-widget-tinymce textwidget\">\n\t<p><a href=\"mailto:philippe.dumas@univ-amu.fr\">Contact: P. Dumas<\/a><\/p>\n<p><em>Des champs \u00e0 l\u2019\u00e9chelle du nanom\u00e8tre aux ph\u00e9nom\u00e8nes localis\u00e9s en solution. Projet dans lequel nous mettons en \u00e9vidence le r\u00f4le crucial du champ \u00e9lectrique \u00e0 l\u2019apex d'une pointe m\u00e9tallique pour g\u00e9n\u00e9rer localement les conditions favorables \u00e0 la nucl\u00e9ation.<\/em><\/p>\n<p>L'eau liquide peut \u00eatre d\u00e9compos\u00e9e en hydrog\u00e8ne (H<sub>2<\/sub>) et oxyg\u00e8ne (O<sub>2<\/sub>) gazeux par <strong>\u00e9lectrolyse<\/strong>. Pour se produire aux interfaces \u00e9lectrode-\u00e9lectrolyte, cette double r\u00e9action n\u00e9cessite un minimum de diff\u00e9rence de potentiel (hauteur de barri\u00e8re \u00e9nerg\u00e9tique). L'ordre de grandeur pratique de la densit\u00e9 maximale de courant \u00e9chang\u00e9 aux \u00e9lectrodes conductrices est l'A\/cm<sup>2<\/sup>. Les exp\u00e9riences que nous avons r\u00e9alis\u00e9es d\u00e9montrent que, localement, la densit\u00e9 de courant d'\u00e9lectrolyse peut d\u00e9passer la valeur moyenne de plusieurs ordres de grandeur. Pour ce faire, nous avons combin\u00e9 une \u00e9lectrode-pointe au rayon de courbure <strong>nanom\u00e9trique<\/strong> \u00e0 l'utilisation de polarisations alternatives <em>ad hoc<\/em>. Ainsi, la diff\u00e9rence de potentiel requise pour la r\u00e9action peut, \u00e0 proximit\u00e9 de l'apex, se produire sur une \u00e9paisseur d'\u00e9lectrolyte extr\u00eamement r\u00e9duite. L'ordre de grandeur du <strong>champ \u00e9lectrique<\/strong> y d\u00e9passe alors le V\/nm. C'est crucial car la demi-r\u00e9action : H<sup>+ <\/sup>+ e<sup>-<\/sup> -&gt; 1\/2 H<sub>2<\/sub> est limit\u00e9e par la probabilit\u00e9 d'effet tunnel d'un \u00e9lectron de l'\u00e9lectrode vers un proton de la solution et que cette probabilit\u00e9 augmente tr\u00e8s fortement (exponentiellement) quand l'\u00e9paisseur diminue. Sur le plan exp\u00e9rimental, la clef de cette mise en \u00e9vidence r\u00e9side dans l'exploitation d'un temps caract\u00e9ristique d'\u00e9tablissement du courant d'\u00e9lectrolyse via l'apex plus petit que via le reste de la surface, plus plate, de l'\u00e9lectrode.<\/p>\n<p>Optiquement, dans les conditions <em>ad hoc<\/em>, on observe, depuis l'apex seulement, l'\u00e9mission de bulles de gaz ayant localement nucl\u00e9\u00e9 \u00e0 partir des gaz dissous produits par la r\u00e9action d'\u00e9lectrolyse. Le <strong>champ \u00e9lectrique intense<\/strong> permet donc de <strong>localiser la nucl\u00e9ation de bulles dans l\u2019espace<\/strong>.\u00a0 Le travail actuel consiste \u00e0 d\u00e9celer la signature \u00e9lectrique de la pr\u00e9sence de ces bulles. Ce ph\u00e9nom\u00e8ne d'exaltation \u00e0 l'apex nanom\u00e9trique d'une pointe peut aussi \u00eatre mis \u00e0 profit pour d\u00e9clencher localement d\u2019autres m\u00e9canismes fondamentaux susceptibles de favoriser <strong>la nucl\u00e9ation de cristaux<\/strong>. Le but est de biaiser le caract\u00e8re <strong>stochastique<\/strong> de la nucl\u00e9ation de cristaux pour agir sur <strong>o\u00f9 et quand<\/strong> ceux-ci se d\u00e9velopperont. C\u2019est un enjeu tant fondamental qu\u2019appliqu\u00e9. En plus d\u2019en apprendre sur les m\u00e9canismes favorisant la nucl\u00e9ation, on saurait notamment o\u00f9 braquer nos meilleurs outils d'observation et quand leur demander d'\u00eatre attentifs aux tout premiers stades de la croissance.<\/p>\n<p>R\u00e9f\u00e9rences:<\/p>\n<p><a href=\"https:\/\/aip.scitation.org\/doi\/abs\/10.1063\/1.5004637\">Olives, J.; Hammadi, Z.; Morin, R.; Lapena, L., Water nanoelectrolysis: A simple model. J. Appl. Phys. 2017, 122 (24), 244902.<\/a><\/p>\n<p><a href=\"http:\/\/scitation.aip.org\/content\/aip\/journal\/apl\/109\/6\/10.1063\/1.4960098\">Hammadi, Z.; Lapena, L.; Morin, R.; Olives, J., Immobilization of a bubble in water by nanoelectrolysis. Appl. Phys. Lett. 2016, 109 (6), 064101.<\/a><\/p>\n<p><a href=\"http:\/\/dx.doi.org\/10.1039\/C4FD00274A\">Hammadi, Z.; Grossier, R.; Zhang, S.; Ikni, A.; Candoni, N.; Morin, R.; Veesler, S., Localizing and inducing primary nucleation. Faraday Discuss. 2015, 179, 489-501.<\/a><\/p>\n<p><a href=\"http:\/\/scitation.aip.org\/content\/aip\/journal\/apl\/103\/22\/10.1063\/1.4836095\">Hammadi, Z.; Morin, R.; Olives, J., Field nano-localization of gas bubble production from water electrolysis. Appl. Phys. Lett. 2013, 103 (22), 223106.<\/a><\/p>\n<p>&nbsp;<\/p>\n<\/div>\n<\/div><\/div><\/div><div id=\"pgc-5626-0-1\"  class=\"panel-grid-cell\" ><div id=\"panel-5626-0-1-0\" class=\"so-panel widget widget_media_image panel-first-child\" data-index=\"1\" ><figure style=\"width: 300px\" class=\"wp-caption alignnone\"><img width=\"300\" height=\"201\" src=\"https:\/\/www.cinam.univ-mrs.fr\/cinam\/wp-content\/uploads\/2018\/11\/phenomenes-localises-en-solution-300x201.png\" class=\"image wp-image-3493  attachment-medium size-medium\" alt=\"\" decoding=\"async\" loading=\"lazy\" style=\"max-width: 100%; height: auto;\" title=\"SOURCE PONCTUELLE\" srcset=\"https:\/\/www.cinam.univ-mrs.fr\/cinam\/wp-content\/uploads\/2018\/11\/phenomenes-localises-en-solution-300x201.png 300w, https:\/\/www.cinam.univ-mrs.fr\/cinam\/wp-content\/uploads\/2018\/11\/phenomenes-localises-en-solution-768x513.png 768w, https:\/\/www.cinam.univ-mrs.fr\/cinam\/wp-content\/uploads\/2018\/11\/phenomenes-localises-en-solution-1024x685.png 1024w, https:\/\/www.cinam.univ-mrs.fr\/cinam\/wp-content\/uploads\/2018\/11\/phenomenes-localises-en-solution-272x182.png 272w, https:\/\/www.cinam.univ-mrs.fr\/cinam\/wp-content\/uploads\/2018\/11\/phenomenes-localises-en-solution.png 1427w\" sizes=\"100vw\" \/><figcaption class=\"wp-caption-text\">Fig.1: Des param\u00e8tres particuliers d\u2019amplitude et de fr\u00e9quence appliqu\u00e9es pour d\u00e9clencher une r\u00e9action d\u2019\u00e9lectrolyse \u00e0 une \u00e9lectrode en forme de pointe permettent de n\u2019observer la g\u00e9n\u00e9ration de bulles d\u2019hydrog\u00e8ne gazeux qu\u2019\u00e0 proximit\u00e9 de l\u2019apex, l\u00e0 o\u00f9 le champ \u00e9lectrique est le plus intense.<\/figcaption><\/figure><\/div><div id=\"panel-5626-0-1-1\" class=\"so-panel widget widget_media_image\" data-index=\"2\" ><figure style=\"width: 902px\" class=\"wp-caption alignnone\"><img class=\"image \" src=\"http:\/\/www.cinam.univ-mrs.fr\/page\/veesler\/nano_electrolysis.jpg\" alt=\"\" width=\"902\" height=\"616\" \/><figcaption class=\"wp-caption-text\">Fig.2: Selon les choix des param\u00e8tres d\u2019amplitude et de fr\u00e9quence pour une \u00e9lectrolyse en courant alternatif, on observe la g\u00e9n\u00e9ration de bulles de gaz : sur toute l\u2019\u00e9lectrode, qu\u2019\u00e0 son apex ou nulle part. <\/figcaption><\/figure><\/div><div id=\"panel-5626-0-1-2\" class=\"so-panel widget widget_media_image\" data-index=\"3\" ><figure style=\"width: 296px\" class=\"wp-caption alignnone\"><img width=\"296\" height=\"251\" src=\"https:\/\/www.cinam.univ-mrs.fr\/cinam\/wp-content\/uploads\/2022\/02\/phase_conductance_spectroscopy210616.jpg\" class=\"image wp-image-9830  attachment-full size-full\" alt=\"\" decoding=\"async\" loading=\"lazy\" style=\"max-width: 100%; height: auto;\" title=\"NANO ELECTROLYSE\" sizes=\"100vw\" \/><figcaption class=\"wp-caption-text\">Fig.3: A l\u2019instar de la manifestation de l\u2019\u00e9lectrolyse au travers des bulles g\u00e9n\u00e9r\u00e9es, pour les d\u00e9celer plus t\u00f4t, on vise \u00e0 d\u00e9tecter \u00e9lectriquement ces ph\u00e9nom\u00e8nes induits par des champs localis\u00e9s \u00e0 l\u2019\u00e9chelle du nanom\u00e8tre. Ici par la signature en phase de l'\u00e9lectrolyse qui \"sculpte\" l'espace des param\u00e8tres d\u2019amplitude et de fr\u00e9quence appliqu\u00e9es pour induire les diff\u00e9rents r\u00e9gimes.<\/figcaption><\/figure><\/div><div id=\"panel-5626-0-1-3\" class=\"so-panel widget widget_media_image panel-last-child\" data-index=\"4\" ><figure style=\"width: 246px\" class=\"wp-caption alignnone\"><img width=\"246\" height=\"302\" src=\"https:\/\/www.cinam.univ-mrs.fr\/cinam\/wp-content\/uploads\/2021\/07\/pointe_lyso.jpg\" class=\"image wp-image-9016  attachment-full size-full\" alt=\"\" decoding=\"async\" loading=\"lazy\" style=\"max-width: 100%; height: auto;\" title=\"NANO ELECTROLYSE\" srcset=\"https:\/\/www.cinam.univ-mrs.fr\/cinam\/wp-content\/uploads\/2021\/07\/pointe_lyso.jpg 246w, https:\/\/www.cinam.univ-mrs.fr\/cinam\/wp-content\/uploads\/2021\/07\/pointe_lyso-244x300.jpg 244w\" sizes=\"100vw\" \/><figcaption class=\"wp-caption-text\">Fig.4: Cristallisation localis\u00e9e d'une prot\u00e9ine \u00e0 l'apex d'une pointe par un champ \u00e9lectrique localis\u00e9<\/figcaption><\/figure><\/div><\/div><\/div><\/div>","protected":false},"excerpt":{"rendered":"<p>Contact: P. Dumas Des champs \u00e0 l\u2019\u00e9chelle du nanom\u00e8tre aux ph\u00e9nom\u00e8nes localis\u00e9s en solution. Projet dans lequel nous mettons en \u00e9vidence le r\u00f4le crucial du champ \u00e9lectrique \u00e0 l\u2019apex d&rsquo;une pointe m\u00e9tallique pour g\u00e9n\u00e9rer localement les conditions favorables \u00e0 la nucl\u00e9ation. L&rsquo;eau liquide peut \u00eatre d\u00e9compos\u00e9e en hydrog\u00e8ne (H2) et oxyg\u00e8ne (O2) gazeux par \u00e9lectrolyse. <\/p>\n","protected":false},"author":5,"featured_media":0,"parent":0,"menu_order":0,"comment_status":"closed","ping_status":"closed","template":"","meta":[],"aioseo_notices":[],"_links":{"self":[{"href":"https:\/\/www.cinam.univ-mrs.fr\/cinam\/wp-json\/wp\/v2\/pages\/5626"}],"collection":[{"href":"https:\/\/www.cinam.univ-mrs.fr\/cinam\/wp-json\/wp\/v2\/pages"}],"about":[{"href":"https:\/\/www.cinam.univ-mrs.fr\/cinam\/wp-json\/wp\/v2\/types\/page"}],"author":[{"embeddable":true,"href":"https:\/\/www.cinam.univ-mrs.fr\/cinam\/wp-json\/wp\/v2\/users\/5"}],"replies":[{"embeddable":true,"href":"https:\/\/www.cinam.univ-mrs.fr\/cinam\/wp-json\/wp\/v2\/comments?post=5626"}],"version-history":[{"count":43,"href":"https:\/\/www.cinam.univ-mrs.fr\/cinam\/wp-json\/wp\/v2\/pages\/5626\/revisions"}],"predecessor-version":[{"id":9854,"href":"https:\/\/www.cinam.univ-mrs.fr\/cinam\/wp-json\/wp\/v2\/pages\/5626\/revisions\/9854"}],"wp:attachment":[{"href":"https:\/\/www.cinam.univ-mrs.fr\/cinam\/wp-json\/wp\/v2\/media?parent=5626"}],"curies":[{"name":"wp","href":"https:\/\/api.w.org\/{rel}","templated":true}]}}