{"id":5881,"date":"2019-05-28T14:40:37","date_gmt":"2019-05-28T12:40:37","guid":{"rendered":"http:\/\/www.cinam.univ-mrs.fr\/cinam\/?page_id=5881"},"modified":"2024-01-19T11:23:25","modified_gmt":"2024-01-19T10:23:25","slug":"alumini-docteurs-2009","status":"publish","type":"page","link":"https:\/\/www.cinam.univ-mrs.fr\/cinam\/alumini-docteurs-2009\/","title":{"rendered":"ALUMNI : DOCTEURS (2009-&#8230;)"},"content":{"rendered":"<div id=\"pl-5881\"  class=\"panel-layout\" ><div id=\"pg-5881-0\"  class=\"panel-grid panel-no-style\" ><div id=\"pgc-5881-0-0\"  class=\"panel-grid-cell\" ><div id=\"panel-5881-0-0-0\" class=\"so-panel widget widget_sow-editor panel-first-child panel-last-child\" data-index=\"0\" ><div\n\t\t\t\n\t\t\tclass=\"so-widget-sow-editor so-widget-sow-editor-base\"\n\t\t\t\n\t\t>\n<div class=\"siteorigin-widget-tinymce textwidget\">\n\t<p><strong class=\"spip\">DJOUHER BEDRANE\u00a0 (<a href=\"https:\/\/theses.hal.science\/tel-04346345v1\">lien vers la th\u00e8se<\/a>)<br class=\"spip\" \/><\/strong>FAISCEAU D'IONS FOCALISES A PARTIR DE SOURCE A STRUCTURE COAXIALE<strong class=\"spip\"><br \/>\n<\/strong><\/p>\n<p><em><strong>Soutenue le 27\/10\/2023<\/strong><\/em><\/p>\n<hr \/>\n<p><strong class=\"spip\">MATHILDE LAMBERT\u00a0 <a href=\"https:\/\/hal.science\/tel-04061781\">(lien vers la th\u00e8se)<\/a><\/strong> <br class=\"spip\" \/><a href=\"http:\/\/www.cinam.univ-mrs.fr\/pro_perso\/veesler\/video\/Soutenance_Mathilde_Lambert.mp4\"><strong class=\"spip\">lien vers la Vid\u00e9o de la soutenance <\/strong><\/a><strong class=\"spip\"><a href=\"https:\/\/hal.science\/tel-04061781\">(en fran\u00e7ais)<\/a><\/strong> <br class=\"spip\" \/>APPROCHE MICROFLUIDIQUE POUR CRISTALLISER LES DIFFERENTES PHASES D'UN PRINCIPE ACTIF PHARMACEUTIQUE<\/p>\n<p><em><strong>Soutenue le 29\/03\/2023<\/strong><\/em><\/p>\n<hr \/>\n<p><strong class=\"spip\">RUEL CEDENO\u00a0 <a href=\"https:\/\/tel.archives-ouvertes.fr\/tel-03634067\">(lien vers la th\u00e8se)<\/a><\/strong> <br class=\"spip\" \/><a href=\"https:\/\/drive.google.com\/file\/d\/1E4ll7hXh3mb7M_7HDLOg2Ejvj4-2Zv4f\/view?usp=sharing\"><strong class=\"spip\">lien vers la Vid\u00e9o de la soutenance (english)<\/strong> <\/a><br class=\"spip\" \/>DEVELOPMENT AND ANALYSIS OF METHODS FOR QUANTIFYING NUCLEATION KINETICS IN AGITATED CRYSTALLIZERS AND MICROFLUIDIC SYSTEMS<\/p>\n<p><em><strong>Soutenue le 27\/09\/2021<\/strong><\/em><\/p>\n<hr \/>\n<p><strong class=\"spip\">CHENG ZHANG<a href=\"https:\/\/tel.archives-ouvertes.fr\/tel-01588298\"> (<\/a><a href=\"https:\/\/tel.archives-ouvertes.fr\/tel-02474896\">lien vers la th\u00e8se)<\/a><\/strong>\u00a0<br class=\"spip\" \/>DEVELOPPEMENT D'UNE METHODE MICROFLUIDIQUE POUR LA PREPARATION DE MICROPARTICULES MIMES DE GLOBULES ROUGES AVEC UNE TAILLE ET DES PROPRIETES MECANIQUES CONTROLABLES<\/p>\n<p><em><strong>Soutenue le 06\/02\/2020<\/strong><\/em><\/p>\n<hr \/>\n<p><strong class=\"spip\">GUILLEM PEYBERNES<a href=\"https:\/\/tel.archives-ouvertes.fr\/tel-01588298\"> (<\/a><a href=\"https:\/\/tel.archives-ouvertes.fr\/tel-02349617\">lien vers la th\u00e8se)<\/a><\/strong>\u00a0<br class=\"spip\" \/>DEVELOPPEMENT D'UNE PLATEFORME MICROFLUIDIQUE VERSATILE\u00a0 POUR L\u2019ETUDE DE L'ETAT SOLIDE DE PRINCIPES\u00a0 ACTIFS PHARAMACEUTIQUES<\/p>\n<p><em><strong>Soutenue le 11\/10\/2019<br \/>\n<\/strong><\/em><\/p>\n<hr \/>\n<p><strong class=\"spip\">CHARLINE J.J. GERARD<\/strong><a href=\"https:\/\/tel.archives-ouvertes.fr\/tel-01588298\"><strong class=\"spip\"> (<\/strong><\/a><strong class=\"spip\"><a href=\"https:\/\/tel.archives-ouvertes.fr\/tel-01588298\">lien vers la th\u00e8se)<\/a><\/strong> <br class=\"spip\" \/>PLATEFORME MICROFLUIDIQUE POUR L\u2019OPTIMISATION DES CONDITIONS DE CRISTALLISATION DES PROT\u00c9INES<\/p>\n<p><em><strong>Soutenue le 23\/05\/2017<\/strong><\/em><\/p>\n<hr \/>\n<p><strong class=\"spip\">TUHITI MALINKOWSKI<\/strong><a href=\"https:\/\/tel.archives-ouvertes.fr\/tel-01230807\"><strong class=\"spip\"> (<\/strong><\/a><strong class=\"spip\"><a href=\"https:\/\/hal-amu.archives-ouvertes.fr\/tel-01419774\">lien vers la th\u00e8se)<\/a><\/strong> <br class=\"spip\" \/>ELECTROLUMINESCENCE A L'ECHELLE DU CONTACT METALLIQUE PONCTUEL<\/p>\n<p><em><strong>Soutenue le 12\/07\/2016<\/strong><\/em><\/p>\n<hr \/>\n<p><strong class=\"spip\">SHUHENG ZHANG<\/strong><a href=\"https:\/\/tel.archives-ouvertes.fr\/tel-01230807\"><strong class=\"spip\"> (<\/strong><\/a><strong class=\"spip\"><a href=\"https:\/\/tel.archives-ouvertes.fr\/tel-01230807\">lien vers la th\u00e8se)<\/a><\/strong> <br class=\"spip\" \/>APPROCHE MICROFLUIDIQUE POLYVALENTE DE LA CRISTALLISATION<\/p>\n<p><em><strong>Soutenue le 16\/10\/2015<\/strong><\/em><\/p>\n<hr \/>\n<p><strong class=\"spip\">ROLAND ROCHE\u00a0 (<\/strong><strong class=\"spip\"><a href=\"http:\/\/www.theses.fr\/2014AIXM4045\">lien vers la th\u00e8se)<\/a><\/strong> <br class=\"spip\" \/>PLATEFORME MULTIFONCTIONNELLE DE MICROSCOPIE A SONDE LOCALE SOUS ILLUMINATION<\/p>\n<p><em><strong>Soutenue le\u00a0 17\/04\/2014<\/strong><\/em><\/p>\n<hr \/>\n<p><strong class=\"spip\">FREDERIC HARB\u00a0 (<\/strong><strong class=\"spip\"><a href=\"http:\/\/www.theses.fr\/2012AIXM4073\">lien vers la th\u00e8se)<\/a><\/strong> <br class=\"spip\" \/>ETUDE D'UN SYSTEME BIOMIMETIQUE SIMPLE: DIFFUSION BROWNIENNE ET MOBILITE ELECTROPHORETIQUE D'UNE PROTEINE MEMBRANAIRE MODELE INSEREE DANS UNE BICOUCHE LIPIDIQUE SUPPORTEE<\/p>\n<p><em><strong>Soutenue le\u00a0 27\/11\/2012<\/strong><\/em><\/p>\n<hr \/>\n<p><strong class=\"spip\">MONZER ALWAN <\/strong> <br class=\"spip\" \/>Etude exp\u00e9rimentale de contacts m\u00e9talliques et mol\u00e9culaires ponctuels : de l'objet individuel aux statistiques<\/p>\n<p><em><strong>Soutenue le 25\/10\/2012<\/strong><\/em><\/p>\n<hr \/>\n<p><strong class=\"spip\">MANUEL ILDEFONSO (<\/strong><strong class=\"spip\"><a href=\"https:\/\/tel.archives-ouvertes.fr\/tel-00721436\/fr\/\">lien vers la th\u00e8se)<\/a><\/strong> <br class=\"spip\" \/>D\u00c9VELOPPEMENT D'UN OUTIL MICROFLUIDIQUE POLYVALENT POUR L'\u00c9TUDE DE LA CRISTALLISATION : APPLICATION \u00c0 LA NUCL\u00c9ATION DE PRINCIPES ACTIFS PHARMACEUTIQUES<\/p>\n<p><em><strong>Soutenue le 29\/06\/2012<\/strong><\/em><\/p>\n<hr \/>\n<p><strong class=\"spip\">Thibaud DETOISIEN (<\/strong><strong class=\"spip\"><a href=\"https:\/\/hal.archives-ouvertes.fr\/tel-02003175\">lien vers la th\u00e8se)<\/a><\/strong> <br class=\"spip\" \/>CRISTALLISATION D\u2019UN SEL PHARMACEUTIQUE : DEVELOPPEMENT DE METHODOLOGIES D\u2019ETUDE<\/p>\n<p><em><strong>Soutenue le 02\/06\/2010<\/strong><\/em><\/p>\n<hr \/>\n<p><strong class=\"spip\">EV<\/strong><strong class=\"spip\">E REVALOR (<\/strong><strong class=\"spip\"><a href=\"http:\/\/tel.archives-ouvertes.fr\/tel-00609288\/fr\/\">lien vers la th\u00e8se)<\/a><\/strong> <br class=\"spip\" \/>NUCL\u00c9ATION EN PR\u00c9SENCE DE CHAMPS EXTERNES: APPLICATION AUX PRINCIPES ACTIFS PHARMACEUTIQUES<\/p>\n<p><em><strong>Soutenue le 09\/07\/2009<\/strong><\/em><\/p>\n<hr \/>\n<p><strong class=\"spip\">THOMAS LEONI <\/strong><strong class=\"spip\">(<\/strong><strong class=\"spip\"><a href=\"https:\/\/hal-amu.archives-ouvertes.fr\/tel-00412904\">lien vers la th\u00e8se)<\/a><\/strong> <br class=\"spip\" \/>CONTRIBUTION A L'ETUDE DES CONTACTS ATOMIQUES ET MOLECULAIRES PONCTUELS<\/p>\n<p><em><strong>Soutenue le 06\/07\/2009<\/strong><\/em><\/p>\n<hr \/>\n<p>&nbsp;<\/p>\n<p>&nbsp;<\/p>\n<p>&nbsp;<\/p>\n<\/div>\n<\/div><\/div><\/div><\/div><\/div>","protected":false},"excerpt":{"rendered":"<p>DJOUHER BEDRANE\u00a0 (lien vers la th\u00e8se)FAISCEAU D&rsquo;IONS FOCALISES A PARTIR DE SOURCE A STRUCTURE COAXIALE Soutenue le 27\/10\/2023 MATHILDE LAMBERT\u00a0 (lien vers la th\u00e8se) lien vers la Vid\u00e9o de la soutenance (en fran\u00e7ais) APPROCHE MICROFLUIDIQUE POUR CRISTALLISER LES DIFFERENTES PHASES D&rsquo;UN PRINCIPE ACTIF PHARMACEUTIQUE Soutenue le 29\/03\/2023 RUEL CEDENO\u00a0 (lien vers la th\u00e8se) lien vers <\/p>\n","protected":false},"author":5,"featured_media":0,"parent":0,"menu_order":0,"comment_status":"closed","ping_status":"closed","template":"","meta":[],"aioseo_notices":[],"_links":{"self":[{"href":"https:\/\/www.cinam.univ-mrs.fr\/cinam\/wp-json\/wp\/v2\/pages\/5881"}],"collection":[{"href":"https:\/\/www.cinam.univ-mrs.fr\/cinam\/wp-json\/wp\/v2\/pages"}],"about":[{"href":"https:\/\/www.cinam.univ-mrs.fr\/cinam\/wp-json\/wp\/v2\/types\/page"}],"author":[{"embeddable":true,"href":"https:\/\/www.cinam.univ-mrs.fr\/cinam\/wp-json\/wp\/v2\/users\/5"}],"replies":[{"embeddable":true,"href":"https:\/\/www.cinam.univ-mrs.fr\/cinam\/wp-json\/wp\/v2\/comments?post=5881"}],"version-history":[{"count":27,"href":"https:\/\/www.cinam.univ-mrs.fr\/cinam\/wp-json\/wp\/v2\/pages\/5881\/revisions"}],"predecessor-version":[{"id":12507,"href":"https:\/\/www.cinam.univ-mrs.fr\/cinam\/wp-json\/wp\/v2\/pages\/5881\/revisions\/12507"}],"wp:attachment":[{"href":"https:\/\/www.cinam.univ-mrs.fr\/cinam\/wp-json\/wp\/v2\/media?parent=5881"}],"curies":[{"name":"wp","href":"https:\/\/api.w.org\/{rel}","templated":true}]}}