{"id":5896,"date":"2019-05-28T14:42:23","date_gmt":"2019-05-28T12:42:23","guid":{"rendered":"http:\/\/www.cinam.univ-mrs.fr\/cinam\/?page_id=5896"},"modified":"2025-07-01T16:08:55","modified_gmt":"2025-07-01T14:08:55","slug":"aluminipost-doc-2017","status":"publish","type":"page","link":"https:\/\/www.cinam.univ-mrs.fr\/cinam\/aluminipost-doc-2017\/","title":{"rendered":"ALUMNI:POST DOC \/ Visiteurs (2017-&#8230;)"},"content":{"rendered":"<p>&nbsp;<\/p>\n<hr \/>\n<p><strong>Dr. FREDERIC HARB<\/strong><\/p>\n<p>projet : Caract\u00e9risation de Prot\u00e9ines Membranaires<\/p>\n<p><strong>Professseur invit\u00e9 AMU de juin 2023 \u00e0 juillet 2023<\/strong><\/p>\n<hr \/>\n<p><strong>Dr. RUEL CEDENO<\/strong><\/p>\n<p>projet : Nucl\u00e9ation du KDP en microfluidique<\/p>\n<p><strong>Post-doc ANR FACET de octobre 2021 \u00e0 mars 2023<\/strong><\/p>\n<hr \/>\n<p><strong>Dr. KAREN SILVA<br \/>\n<\/strong><\/p>\n<p>projet : Microfluidique, Microparticules biomim\u00e9tiques.<\/p>\n<p><strong>ATER Polytech de octobre 2020 \u00e0 aout 2021,<\/strong><\/p>\n<hr \/>\n<p><strong>Dr. LOUIS LEFEBVRE\u00a0<\/strong><\/p>\n<p>projet : Microfluidique, Cristallisation d\u2019une mol\u00e9cule organique.<\/p>\n<p><strong>ATER Polytech de octobre 2017 \u00e0 aout 2018,<\/strong><\/p>\n<hr \/>\n<p><strong>Dr. YOUSRA TAHRI\u00a0<\/strong><\/p>\n<p>Projet : Microfluidique, Cristallisation d\u2019une mol\u00e9cule organique<\/p>\n<p><strong>ATER Polytech de octobre 2016 \u00e0 aout 2017<\/strong><\/p>\n<hr \/>\n<p><strong>Dr. AZIZA IKNI<\/strong><\/p>\n<p>Projet : Microfluidique, Cristallisation d\u2019une prot\u00e9ine membranaire en collaboration avec le LISM<\/p>\n<p><strong>ATER Polytech de f\u00e9vrier 2015 \u00e0 aout 2015 puis post-doc ANR d\u2019octobre 2015 \u00e0 septembre 2016<\/strong><\/p>\n","protected":false},"excerpt":{"rendered":"<p>&nbsp; Dr. FREDERIC HARB projet : Caract\u00e9risation de Prot\u00e9ines Membranaires Professseur invit\u00e9 AMU de juin 2023 \u00e0 juillet 2023 Dr. RUEL CEDENO projet : Nucl\u00e9ation du KDP en microfluidique Post-doc ANR FACET de octobre 2021 \u00e0 mars 2023 Dr. KAREN SILVA projet : Microfluidique, Microparticules biomim\u00e9tiques. ATER Polytech de octobre 2020 \u00e0 aout 2021, Dr. <\/p>\n","protected":false},"author":5,"featured_media":0,"parent":0,"menu_order":0,"comment_status":"closed","ping_status":"closed","template":"","meta":[],"aioseo_notices":[],"_links":{"self":[{"href":"https:\/\/www.cinam.univ-mrs.fr\/cinam\/wp-json\/wp\/v2\/pages\/5896"}],"collection":[{"href":"https:\/\/www.cinam.univ-mrs.fr\/cinam\/wp-json\/wp\/v2\/pages"}],"about":[{"href":"https:\/\/www.cinam.univ-mrs.fr\/cinam\/wp-json\/wp\/v2\/types\/page"}],"author":[{"embeddable":true,"href":"https:\/\/www.cinam.univ-mrs.fr\/cinam\/wp-json\/wp\/v2\/users\/5"}],"replies":[{"embeddable":true,"href":"https:\/\/www.cinam.univ-mrs.fr\/cinam\/wp-json\/wp\/v2\/comments?post=5896"}],"version-history":[{"count":14,"href":"https:\/\/www.cinam.univ-mrs.fr\/cinam\/wp-json\/wp\/v2\/pages\/5896\/revisions"}],"predecessor-version":[{"id":13927,"href":"https:\/\/www.cinam.univ-mrs.fr\/cinam\/wp-json\/wp\/v2\/pages\/5896\/revisions\/13927"}],"wp:attachment":[{"href":"https:\/\/www.cinam.univ-mrs.fr\/cinam\/wp-json\/wp\/v2\/media?parent=5896"}],"curies":[{"name":"wp","href":"https:\/\/api.w.org\/{rel}","templated":true}]}}