{"id":6299,"date":"2019-07-10T12:15:10","date_gmt":"2019-07-10T10:15:10","guid":{"rendered":"http:\/\/www.cinam.univ-mrs.fr\/cinam\/?page_id=6299"},"modified":"2019-07-10T12:15:10","modified_gmt":"2019-07-10T10:15:10","slug":"inter-equipe-nano-matmol","status":"publish","type":"page","link":"https:\/\/www.cinam.univ-mrs.fr\/cinam\/inter-equipe-nano-matmol\/","title":{"rendered":"Inter-\u00e9quipe Nano-MATMOL\u00a0"},"content":{"rendered":"<div id=\"pl-6299\"  class=\"panel-layout\" ><div id=\"pg-6299-0\"  class=\"panel-grid panel-no-style\" ><div id=\"pgc-6299-0-0\"  class=\"panel-grid-cell\" ><div id=\"panel-6299-0-0-0\" class=\"so-panel widget widget_sow-editor panel-first-child panel-last-child\" data-index=\"0\" ><div\n\t\t\t\n\t\t\tclass=\"so-widget-sow-editor so-widget-sow-editor-base\"\n\t\t\t\n\t\t>\n<div class=\"siteorigin-widget-tinymce textwidget\">\n\t<p>L\u2019inter-\u00e9quipe \u00ab\u00a0<strong>Nano-MAT\u00e9riaux MOL\u00e9culaires<\/strong>\u00a0\u00bb (\u00ab\u00a0<strong>Nano-MATMOL<\/strong>\u00a0\u00bb), cr\u00e9\u00e9e au 1<sup>er<\/sup> Janvier 2018, est un partenariat scientifique de deux laboratoires de Physique d\u2019Aix-Marseille Universit\u00e9\u00a0: l\u2019IM2NP (Institut Mat\u00e9riaux Micro\u00e9lectronique et Nanosciences de Provence, UMR 7334 CNRS) et le CINaM (Centre Interdisciplinaire de Nanostructures de Marseille, UMR 7325 CNRS), qui vise <strong><em>l\u2019\u00e9laboration et la<\/em><\/strong> <strong><em>caract\u00e9risation de nouveaux mat\u00e9riaux organiques nanostructur\u00e9s<\/em><\/strong> <strong><em>sur surfaces<\/em>.<\/strong><\/p>\n<\/div>\n<\/div><\/div><\/div><div id=\"pgc-6299-0-1\"  class=\"panel-grid-cell\" ><div id=\"panel-6299-0-1-0\" class=\"so-panel widget widget_sow-editor panel-first-child panel-last-child\" data-index=\"1\" ><div\n\t\t\t\n\t\t\tclass=\"so-widget-sow-editor so-widget-sow-editor-base\"\n\t\t\t\n\t\t>\n<div class=\"siteorigin-widget-tinymce textwidget\">\n\t<p><img decoding=\"async\" loading=\"lazy\" class=\"aligncenter size-full wp-image-6306\" src=\"http:\/\/www.cinam.univ-mrs.fr\/cinam\/wp-content\/uploads\/2019\/07\/im2npcinam.png\" alt=\"\" width=\"916\" height=\"531\" srcset=\"https:\/\/www.cinam.univ-mrs.fr\/cinam\/wp-content\/uploads\/2019\/07\/im2npcinam.png 916w, https:\/\/www.cinam.univ-mrs.fr\/cinam\/wp-content\/uploads\/2019\/07\/im2npcinam-300x174.png 300w, https:\/\/www.cinam.univ-mrs.fr\/cinam\/wp-content\/uploads\/2019\/07\/im2npcinam-768x445.png 768w\" sizes=\"(max-width: 706px) 89vw, (max-width: 767px) 82vw, 740px\" \/><\/p>\n<\/div>\n<\/div><\/div><\/div><\/div><div id=\"pg-6299-1\"  class=\"panel-grid panel-no-style\" ><div id=\"pgc-6299-1-0\"  class=\"panel-grid-cell\" ><div id=\"panel-6299-1-0-0\" class=\"so-panel widget widget_sow-editor panel-first-child panel-last-child\" data-index=\"2\" ><div\n\t\t\t\n\t\t\tclass=\"so-widget-sow-editor so-widget-sow-editor-base\"\n\t\t\t\n\t\t>\n<div class=\"siteorigin-widget-tinymce textwidget\">\n\t<p>Nos \u00e9tudes concernent sp\u00e9cifiquement\u00a0:<\/p>\n<ul>\n<li>les m\u00e9canismes r\u00e9gissant la cr\u00e9ation de liens entre tectons mol\u00e9culaires sur surface<\/li>\n<li>les processus fondamentaux r\u00e9gissant les propri\u00e9t\u00e9s structurales, \u00e9lectroniques et optiques de ces mat\u00e9riaux \u00e0 l\u2019\u00e9chelle mol\u00e9culaire.<\/li>\n<\/ul>\n<p>&nbsp;<\/p>\n<p>&nbsp;<\/p>\n<\/div>\n<\/div><\/div><\/div><\/div><div id=\"pg-6299-2\"  class=\"panel-grid panel-no-style\" ><div id=\"pgc-6299-2-0\"  class=\"panel-grid-cell\" ><div id=\"panel-6299-2-0-0\" class=\"so-panel widget widget_sow-editor panel-first-child panel-last-child\" data-index=\"3\" ><div\n\t\t\t\n\t\t\tclass=\"so-widget-sow-editor so-widget-sow-editor-base\"\n\t\t\t\n\t\t>\n<div class=\"siteorigin-widget-tinymce textwidget\">\n\t<p><img decoding=\"async\" loading=\"lazy\" class=\"aligncenter size-full wp-image-6313\" src=\"http:\/\/www.cinam.univ-mrs.fr\/cinam\/wp-content\/uploads\/2019\/07\/nanomatmol.jpg\" alt=\"\" width=\"5485\" height=\"3790\" srcset=\"https:\/\/www.cinam.univ-mrs.fr\/cinam\/wp-content\/uploads\/2019\/07\/nanomatmol.jpg 5485w, https:\/\/www.cinam.univ-mrs.fr\/cinam\/wp-content\/uploads\/2019\/07\/nanomatmol-300x207.jpg 300w, https:\/\/www.cinam.univ-mrs.fr\/cinam\/wp-content\/uploads\/2019\/07\/nanomatmol-768x531.jpg 768w, https:\/\/www.cinam.univ-mrs.fr\/cinam\/wp-content\/uploads\/2019\/07\/nanomatmol-1024x708.jpg 1024w\" sizes=\"(max-width: 706px) 89vw, (max-width: 767px) 82vw, 740px\" \/><\/p>\n<\/div>\n<\/div><\/div><\/div><\/div><div id=\"pg-6299-3\"  class=\"panel-grid panel-no-style\" ><div id=\"pgc-6299-3-0\"  class=\"panel-grid-cell\" ><div id=\"panel-6299-3-0-0\" class=\"so-panel widget widget_sow-editor panel-first-child panel-last-child\" data-index=\"4\" ><div\n\t\t\t\n\t\t\tclass=\"so-widget-sow-editor so-widget-sow-editor-base\"\n\t\t\t\n\t\t>\n<div class=\"siteorigin-widget-tinymce textwidget\">\n\t<p>Ces th\u00e9matiques sont d\u00e9velopp\u00e9es depuis plusieurs ann\u00e9es au sein de ces \u00e9quipes, qui jouissent aujourd\u2019hui d\u2019une reconnaissance nationale et internationale, notamment gr\u00e2ce \u00e0 la publication d\u2019\u00e9tudes pionni\u00e8res dans le domaine des r\u00e9seaux covalents sur surfaces m\u00e9talliques, ou des assemblages supramol\u00e9culaires sur isolants et m\u00e9taux.<\/p>\n<p><strong>Personnels\u00a0:<\/strong><\/p>\n<p>Les personnels impliqu\u00e9s dans Nano-MATMOL sont les suivants\u00a0:<\/p>\n<table style=\"height: 526px\" width=\"1085\">\n<tbody>\n<tr>\n<td width=\"201\"><strong>Laboratoire<\/strong><\/td>\n<td width=\"201\"><strong>D\u00e9partement \/ Equipe<\/strong><\/td>\n<td width=\"201\"><strong>Personnels<\/strong><\/td>\n<\/tr>\n<tr>\n<td width=\"201\"><a href=\"https:\/\/www.im2np.fr\/\">IM2NP<\/a><\/td>\n<td width=\"201\"><a href=\"https:\/\/www.im2np.fr\/departement-physique-echelle-nanometrique\">PHANO<\/a> \/ <a href=\"https:\/\/www.im2np.fr\/fr\/equipe-nanostructuration-nano\">Nanostructuration<\/a><\/td>\n<td width=\"201\"><a href=\"https:\/\/www.im2np.fr\/fr\/sylvain-clair\">Sylvain CLAIR<\/a> (CR)<\/p>\n<p><a href=\"https:\/\/www.im2np.fr\/fr\/christian-loppacher-voirol\">Christian LOPPACHER<\/a> (Pr.) <a href=\"https:\/\/www.im2np.fr\/fr\/frank-bocquet\">Franck BOCQUET<\/a> (MCF)<\/p>\n<p><a href=\"https:\/\/www.im2np.fr\/fr\/laurent-nony\">Laurent NONY<\/a> (MCF)<\/p>\n<p><a href=\"https:\/\/www.im2np.fr\/fr\/franck-para\">Franck PARA<\/a> (IE)<\/p>\n<\/td>\n<\/tr>\n<tr>\n<td width=\"201\"><a href=\"http:\/\/www.cinam.univ-mrs.fr\/cinam\/\">CINaM<\/a><\/td>\n<td width=\"201\"><a href=\"http:\/\/www.cinam.univ-mrs.fr\/cinam\/team\/nanomateriaux\/\">NanoMat\u00e9riaux<\/a> \/ <a href=\"http:\/\/www.cinam.univ-mrs.fr\/cinam\/team\/nanomateriaux\/2dasap\/\">2D-ASAP<\/a><\/td>\n<td width=\"201\"><a href=\"http:\/\/www.cinam.univ-mrs.fr\/cinam\/le-centre\/annuaire\/fiche-personnel\/?idu=223\">Conrad BECKER<\/a> (Pr.)<\/p>\n<p><a href=\"http:\/\/www.cinam.univ-mrs.fr\/cinam\/le-centre\/annuaire\/fiche-personnel\/?idu=338\">Thomas LEONI<\/a> (MCF)<\/p>\n<p><a href=\"http:\/\/www.cinam.univ-mrs.fr\/cinam\/le-centre\/annuaire\/fiche-personnel\/?idu=89\">Laurence MASSON<\/a> (Pr.)<\/p>\n<p><a href=\"http:\/\/www.cinam.univ-mrs.fr\/cinam\/le-centre\/annuaire\/fiche-personnel\/?idu=495\">Romain PARRET<\/a> (MCF)<\/p>\n<\/td>\n<\/tr>\n<\/tbody>\n<\/table>\n<p>Les coordinateurs de Nano-MATMOL sont Thomas Leoni pour le CINaM et Laurent Nony pour l\u2019IM2NP.<\/p>\n<p>&nbsp;<\/p>\n<p><strong>Equipements\u00a0:<\/strong><\/p>\n<ul>\n<li>B\u00e2ti UHV avec VT-AFM Omicron (nc-AFM, 77K-temp\u00e9rature ambiante) et dispositif de Spectroscopie de R\u00e9flectivit\u00e9 Diff\u00e9rentielle (DRS)<\/li>\n<li>LT-STM \/ nc-AFM S Surface Science avec cryostat en circuit ferm\u00e9 (10K, mise en service \u00e0 l\u2019automne 2019)<\/li>\n<li>LT-STM \/ nc-AFM (5K et 77K)<\/li>\n<li>VT-STM (300K-800K)<\/li>\n<\/ul>\n<p>&nbsp;<\/p>\n<p><strong>Principales collaborations\u00a0:<\/strong><\/p>\n<ul>\n<li>Fr\u00e9d\u00e9ric Fag\u00e8s \/ Elena Zaborova (CINaM, AMU, Marseille, France)\u00a0: synth\u00e8se organique<\/li>\n<li>Matt Watkins\u00a0(School of Mathematics and Physics, University of Lincoln, Lincoln, UK): calculs <em>ab initio<\/em><\/li>\n<li>St\u00e9phane Campidelli (CEA Saclay): synth\u00e8se organique<\/li>\n<\/ul>\n<p>&nbsp;<\/p>\n<p><strong>Images\u00a0:<\/strong><\/p>\n<p>&nbsp;<\/p>\n<\/div>\n<\/div><\/div><\/div><\/div><div id=\"pg-6299-4\"  class=\"panel-grid panel-no-style\" ><div id=\"pgc-6299-4-0\"  class=\"panel-grid-cell\" ><div id=\"panel-6299-4-0-0\" class=\"so-panel widget widget_sow-editor panel-first-child panel-last-child\" data-index=\"5\" ><div\n\t\t\t\n\t\t\tclass=\"so-widget-sow-editor so-widget-sow-editor-base\"\n\t\t\t\n\t\t>\n<div class=\"siteorigin-widget-tinymce textwidget\">\n\t<p><img decoding=\"async\" loading=\"lazy\" class=\"aligncenter size-full wp-image-6319\" src=\"http:\/\/www.cinam.univ-mrs.fr\/cinam\/wp-content\/uploads\/2019\/07\/Image1.png\" alt=\"\" width=\"506\" height=\"512\" srcset=\"https:\/\/www.cinam.univ-mrs.fr\/cinam\/wp-content\/uploads\/2019\/07\/Image1.png 506w, https:\/\/www.cinam.univ-mrs.fr\/cinam\/wp-content\/uploads\/2019\/07\/Image1-296x300.png 296w\" sizes=\"(max-width: 506px) 100vw, 506px\" \/><\/p>\n<\/div>\n<\/div><\/div><\/div><div id=\"pgc-6299-4-1\"  class=\"panel-grid-cell\" ><div id=\"panel-6299-4-1-0\" class=\"so-panel widget widget_sow-editor panel-first-child panel-last-child\" data-index=\"6\" ><div\n\t\t\t\n\t\t\tclass=\"so-widget-sow-editor so-widget-sow-editor-base\"\n\t\t\t\n\t\t>\n<div class=\"siteorigin-widget-tinymce textwidget\">\n\t<p><img decoding=\"async\" loading=\"lazy\" class=\"aligncenter size-full wp-image-6321\" src=\"http:\/\/www.cinam.univ-mrs.fr\/cinam\/wp-content\/uploads\/2019\/07\/Image2.png\" alt=\"\" width=\"463\" height=\"407\" srcset=\"https:\/\/www.cinam.univ-mrs.fr\/cinam\/wp-content\/uploads\/2019\/07\/Image2.png 463w, https:\/\/www.cinam.univ-mrs.fr\/cinam\/wp-content\/uploads\/2019\/07\/Image2-300x264.png 300w\" sizes=\"(max-width: 463px) 100vw, 463px\" \/><\/p>\n<\/div>\n<\/div><\/div><\/div><\/div><div id=\"pg-6299-5\"  class=\"panel-grid panel-no-style\" ><div id=\"pgc-6299-5-0\"  class=\"panel-grid-cell\" ><div id=\"panel-6299-5-0-0\" class=\"so-panel widget widget_sow-editor panel-first-child panel-last-child\" data-index=\"7\" ><div\n\t\t\t\n\t\t\tclass=\"so-widget-sow-editor so-widget-sow-editor-base\"\n\t\t\t\n\t\t>\n<div class=\"siteorigin-widget-tinymce textwidget\">\n\t<p><img decoding=\"async\" loading=\"lazy\" class=\"aligncenter size-full wp-image-6323\" src=\"http:\/\/www.cinam.univ-mrs.fr\/cinam\/wp-content\/uploads\/2019\/07\/Image3.png\" alt=\"\" width=\"472\" height=\"395\" srcset=\"https:\/\/www.cinam.univ-mrs.fr\/cinam\/wp-content\/uploads\/2019\/07\/Image3.png 472w, https:\/\/www.cinam.univ-mrs.fr\/cinam\/wp-content\/uploads\/2019\/07\/Image3-300x251.png 300w\" sizes=\"(max-width: 472px) 100vw, 472px\" \/><\/p>\n<\/div>\n<\/div><\/div><\/div><div id=\"pgc-6299-5-1\"  class=\"panel-grid-cell\" ><div id=\"panel-6299-5-1-0\" class=\"so-panel widget widget_sow-editor panel-first-child panel-last-child\" data-index=\"8\" ><div\n\t\t\t\n\t\t\tclass=\"so-widget-sow-editor so-widget-sow-editor-base\"\n\t\t\t\n\t\t>\n<div class=\"siteorigin-widget-tinymce textwidget\">\n\t<p><img decoding=\"async\" loading=\"lazy\" class=\"aligncenter size-full wp-image-6325\" src=\"http:\/\/www.cinam.univ-mrs.fr\/cinam\/wp-content\/uploads\/2019\/07\/Image4.png\" alt=\"\" width=\"394\" height=\"446\" srcset=\"https:\/\/www.cinam.univ-mrs.fr\/cinam\/wp-content\/uploads\/2019\/07\/Image4.png 394w, https:\/\/www.cinam.univ-mrs.fr\/cinam\/wp-content\/uploads\/2019\/07\/Image4-265x300.png 265w\" sizes=\"(max-width: 394px) 100vw, 394px\" \/><\/p>\n<\/div>\n<\/div><\/div><\/div><\/div><\/div>","protected":false},"excerpt":{"rendered":"<p>L\u2019inter-\u00e9quipe \u00ab\u00a0Nano-MAT\u00e9riaux MOL\u00e9culaires\u00a0\u00bb (\u00ab\u00a0Nano-MATMOL\u00a0\u00bb), cr\u00e9\u00e9e au 1er Janvier 2018, est un partenariat scientifique de deux laboratoires de Physique d\u2019Aix-Marseille Universit\u00e9\u00a0: l\u2019IM2NP (Institut Mat\u00e9riaux Micro\u00e9lectronique et Nanosciences de Provence, UMR 7334 CNRS) et le CINaM (Centre Interdisciplinaire de Nanostructures de Marseille, UMR 7325 CNRS), qui vise l\u2019\u00e9laboration et la caract\u00e9risation de nouveaux mat\u00e9riaux organiques nanostructur\u00e9s sur <\/p>\n","protected":false},"author":4,"featured_media":0,"parent":0,"menu_order":0,"comment_status":"closed","ping_status":"closed","template":"","meta":[],"aioseo_notices":[],"_links":{"self":[{"href":"https:\/\/www.cinam.univ-mrs.fr\/cinam\/wp-json\/wp\/v2\/pages\/6299"}],"collection":[{"href":"https:\/\/www.cinam.univ-mrs.fr\/cinam\/wp-json\/wp\/v2\/pages"}],"about":[{"href":"https:\/\/www.cinam.univ-mrs.fr\/cinam\/wp-json\/wp\/v2\/types\/page"}],"author":[{"embeddable":true,"href":"https:\/\/www.cinam.univ-mrs.fr\/cinam\/wp-json\/wp\/v2\/users\/4"}],"replies":[{"embeddable":true,"href":"https:\/\/www.cinam.univ-mrs.fr\/cinam\/wp-json\/wp\/v2\/comments?post=6299"}],"version-history":[{"count":24,"href":"https:\/\/www.cinam.univ-mrs.fr\/cinam\/wp-json\/wp\/v2\/pages\/6299\/revisions"}],"predecessor-version":[{"id":6895,"href":"https:\/\/www.cinam.univ-mrs.fr\/cinam\/wp-json\/wp\/v2\/pages\/6299\/revisions\/6895"}],"wp:attachment":[{"href":"https:\/\/www.cinam.univ-mrs.fr\/cinam\/wp-json\/wp\/v2\/media?parent=6299"}],"curies":[{"name":"wp","href":"https:\/\/api.w.org\/{rel}","templated":true}]}}