{"id":65,"date":"2018-12-04T19:44:29","date_gmt":"2018-12-04T18:44:29","guid":{"rendered":"http:\/\/www.cinam.univ-mrs.fr\/cinam\/?page_id=65"},"modified":"2021-04-06T13:12:46","modified_gmt":"2021-04-06T11:12:46","slug":"presentation","status":"publish","type":"page","link":"https:\/\/www.cinam.univ-mrs.fr\/cinam\/le-centre\/presentation\/","title":{"rendered":"Pr\u00e9sentation"},"content":{"rendered":"<div id=\"pl-65\"  class=\"panel-layout\" ><div id=\"pg-65-0\"  class=\"panel-grid panel-has-style\" ><div class=\"panel-row-style panel-row-style-for-65-0\" ><div id=\"pgc-65-0-0\"  class=\"panel-grid-cell\" ><div id=\"panel-65-0-0-0\" class=\"so-panel widget widget_sow-editor panel-first-child panel-last-child\" data-index=\"0\" ><div\n\t\t\t\n\t\t\tclass=\"so-widget-sow-editor so-widget-sow-editor-base\"\n\t\t\t\n\t\t>\n<div class=\"siteorigin-widget-tinymce textwidget\">\n\t<h1>Centre Interdisciplinaire de Nanoscience de Marseille<\/h1>\n<p>La nanoscience rassemble l\u2019ensemble des recherches sur des syst\u00e8mes ayant une ou plusieurs dimensions nanom\u00e9triques (un nanom\u00e8tre est un milliardi\u00e8me de m\u00e8tre). A cette \u00e9chelle les propri\u00e9t\u00e9s des mat\u00e9riaux changent sensiblement de celles qui pr\u00e9valent aux \u00e9chelles usuelles.<\/p>\n<ul>\n<li><a href=\"http:\/\/www.cinam.univ-mrs.fr\/cinam\/le-centre\/presentation\/le-mot-du-directeur\/\">Lire le mot du directeur<\/a><\/li>\n<li><a href=\"http:\/\/www.cinam.univ-mrs.fr\/cinam\/team\/direction\/\">La direction<\/a><\/li>\n<li><a href=\"http:\/\/www.cinam.univ-mrs.fr\/cinam\/le-centre\/presentation\/organigrammes\/\">Les organigrammes<\/a><\/li>\n<\/ul>\n<\/div>\n<\/div><\/div><\/div><div id=\"pgc-65-0-1\"  class=\"panel-grid-cell\" ><div id=\"panel-65-0-1-0\" class=\"so-panel widget widget_sow-slider panel-first-child panel-last-child\" data-index=\"1\" ><div\n\t\t\t\n\t\t\tclass=\"so-widget-sow-slider so-widget-sow-slider-default-f0ae9a9d037f-65\"\n\t\t\t\n\t\t>\t\t\t\t<div class=\"sow-slider-base\" style=\"display: none\" tabindex=\"0\">\n\t\t\t\t\t<ul\n\t\t\t\t\tclass=\"sow-slider-images\"\n\t\t\t\t\tdata-settings=\"{&quot;pagination&quot;:true,&quot;speed&quot;:500,&quot;timeout&quot;:3500,&quot;paused&quot;:false,&quot;pause_on_hover&quot;:false,&quot;swipe&quot;:true,&quot;nav_always_show_desktop&quot;:&quot;&quot;,&quot;nav_always_show_mobile&quot;:&quot;&quot;,&quot;breakpoint&quot;:&quot;780px&quot;,&quot;unmute&quot;:false,&quot;anchor&quot;:null}\"\n\t\t\t\t\t\t\t\t\t\tdata-anchor-id=\"\"\n\t\t\t\t>\t\t<li class=\"sow-slider-image\" style=\"visibility: visible;\" >\n\t\t\t\t\t\t<div class=\"sow-slider-image-container\">\n\t\t\t\t<div class=\"sow-slider-image-wrapper\" style=\"max-width: 900px\">\n\t\t\t\t\t\t\t\t\t\t<div class=\"sow-slider-image-foreground-wrapper\">\n\t\t\t\t\t\t<img width=\"900\" height=\"900\" src=\"https:\/\/www.cinam.univ-mrs.fr\/cinam\/wp-content\/uploads\/2019\/02\/cinam-building-ronde.jpg\" class=\"sow-slider-foreground-image\" alt=\"\" decoding=\"async\" loading=\"lazy\" style=\"\" srcset=\"https:\/\/www.cinam.univ-mrs.fr\/cinam\/wp-content\/uploads\/2019\/02\/cinam-building-ronde.jpg 900w, https:\/\/www.cinam.univ-mrs.fr\/cinam\/wp-content\/uploads\/2019\/02\/cinam-building-ronde-150x150.jpg 150w, https:\/\/www.cinam.univ-mrs.fr\/cinam\/wp-content\/uploads\/2019\/02\/cinam-building-ronde-300x300.jpg 300w, https:\/\/www.cinam.univ-mrs.fr\/cinam\/wp-content\/uploads\/2019\/02\/cinam-building-ronde-768x768.jpg 768w, https:\/\/www.cinam.univ-mrs.fr\/cinam\/wp-content\/uploads\/2019\/02\/cinam-building-ronde-600x600.jpg 600w\" sizes=\"100vw\" \/>\t\t\t\t\t<\/div>\n\t\t\t\t\t\t\t\t\t<\/div>\n\t\t\t<\/div>\n\t\t\t\t\t<\/li>\n\t\t\t\t<li class=\"sow-slider-image\" style=\"visibility: hidden;\" >\n\t\t\t\t\t\t<div class=\"sow-slider-image-container\">\n\t\t\t\t<div class=\"sow-slider-image-wrapper\" style=\"max-width: 900px\">\n\t\t\t\t\t\t\t\t\t\t<div class=\"sow-slider-image-foreground-wrapper\">\n\t\t\t\t\t\t<img width=\"900\" height=\"900\" src=\"https:\/\/www.cinam.univ-mrs.fr\/cinam\/wp-content\/uploads\/2018\/12\/presentation-12.jpg\" class=\"sow-slider-foreground-image\" alt=\"Pr\u00e9sentation 11\" decoding=\"async\" loading=\"lazy\" style=\"\" srcset=\"https:\/\/www.cinam.univ-mrs.fr\/cinam\/wp-content\/uploads\/2018\/12\/presentation-12.jpg 900w, https:\/\/www.cinam.univ-mrs.fr\/cinam\/wp-content\/uploads\/2018\/12\/presentation-12-150x150.jpg 150w, https:\/\/www.cinam.univ-mrs.fr\/cinam\/wp-content\/uploads\/2018\/12\/presentation-12-300x300.jpg 300w, https:\/\/www.cinam.univ-mrs.fr\/cinam\/wp-content\/uploads\/2018\/12\/presentation-12-768x768.jpg 768w, https:\/\/www.cinam.univ-mrs.fr\/cinam\/wp-content\/uploads\/2018\/12\/presentation-12-600x600.jpg 600w\" sizes=\"100vw\" \/>\t\t\t\t\t<\/div>\n\t\t\t\t\t\t\t\t\t<\/div>\n\t\t\t<\/div>\n\t\t\t\t\t<\/li>\n\t\t\t\t<li class=\"sow-slider-image\" style=\"visibility: hidden;\" >\n\t\t\t\t\t\t<div class=\"sow-slider-image-container\">\n\t\t\t\t<div class=\"sow-slider-image-wrapper\" style=\"max-width: 900px\">\n\t\t\t\t\t\t\t\t\t\t<div class=\"sow-slider-image-foreground-wrapper\">\n\t\t\t\t\t\t<img width=\"900\" height=\"900\" src=\"https:\/\/www.cinam.univ-mrs.fr\/cinam\/wp-content\/uploads\/2018\/12\/presentation-13.jpg\" class=\"sow-slider-foreground-image\" alt=\"Pr\u00e9sentation 12\" decoding=\"async\" loading=\"lazy\" style=\"\" srcset=\"https:\/\/www.cinam.univ-mrs.fr\/cinam\/wp-content\/uploads\/2018\/12\/presentation-13.jpg 900w, https:\/\/www.cinam.univ-mrs.fr\/cinam\/wp-content\/uploads\/2018\/12\/presentation-13-150x150.jpg 150w, https:\/\/www.cinam.univ-mrs.fr\/cinam\/wp-content\/uploads\/2018\/12\/presentation-13-300x300.jpg 300w, https:\/\/www.cinam.univ-mrs.fr\/cinam\/wp-content\/uploads\/2018\/12\/presentation-13-768x768.jpg 768w, https:\/\/www.cinam.univ-mrs.fr\/cinam\/wp-content\/uploads\/2018\/12\/presentation-13-600x600.jpg 600w\" sizes=\"100vw\" \/>\t\t\t\t\t<\/div>\n\t\t\t\t\t\t\t\t\t<\/div>\n\t\t\t<\/div>\n\t\t\t\t\t<\/li>\n\t\t<\/ul>\t\t\t\t<ol class=\"sow-slider-pagination\">\n\t\t\t\t\t\t\t\t\t\t\t<li><a href=\"#\" data-goto=\"0\" aria-label=\"afficher la diapositive 1\"><\/a><\/li>\n\t\t\t\t\t\t\t\t\t\t\t<li><a href=\"#\" data-goto=\"1\" aria-label=\"afficher la diapositive 2\"><\/a><\/li>\n\t\t\t\t\t\t\t\t\t\t\t<li><a href=\"#\" data-goto=\"2\" aria-label=\"afficher la diapositive 3\"><\/a><\/li>\n\t\t\t\t\t\t\t\t\t<\/ol>\n\n\t\t\t\t<div class=\"sow-slide-nav sow-slide-nav-next\">\n\t\t\t\t\t<a href=\"#\" data-goto=\"next\" aria-label=\"diapositive suivante\" data-action=\"next\">\n\t\t\t\t\t\t<em class=\"sow-sld-icon-ultra-thin-right\"><\/em>\n\t\t\t\t\t<\/a>\n\t\t\t\t<\/div>\n\n\t\t\t\t<div class=\"sow-slide-nav sow-slide-nav-prev\">\n\t\t\t\t\t<a href=\"#\" data-goto=\"previous\" aria-label=\"diapositive pr\u00e9c\u00e9dente\" data-action=\"prev\">\n\t\t\t\t\t\t<em class=\"sow-sld-icon-ultra-thin-left\"><\/em>\n\t\t\t\t\t<\/a>\n\t\t\t\t<\/div>\n\t\t\t\t<\/div><\/div><\/div><\/div><\/div><\/div><div id=\"pg-65-1\"  class=\"panel-grid panel-has-style\" ><div class=\"blueRow panel-row-style panel-row-style-for-65-1\" ><div id=\"pgc-65-1-0\"  class=\"panel-grid-cell\" ><div id=\"panel-65-1-0-0\" class=\"so-panel widget widget_sow-slider panel-first-child panel-last-child\" data-index=\"2\" ><div\n\t\t\t\n\t\t\tclass=\"so-widget-sow-slider so-widget-sow-slider-default-f0ae9a9d037f-65\"\n\t\t\t\n\t\t>\t\t\t\t<div class=\"sow-slider-base\" style=\"display: none\" tabindex=\"0\">\n\t\t\t\t\t<ul\n\t\t\t\t\tclass=\"sow-slider-images\"\n\t\t\t\t\tdata-settings=\"{&quot;pagination&quot;:true,&quot;speed&quot;:500,&quot;timeout&quot;:3500,&quot;paused&quot;:false,&quot;pause_on_hover&quot;:false,&quot;swipe&quot;:true,&quot;nav_always_show_desktop&quot;:&quot;&quot;,&quot;nav_always_show_mobile&quot;:&quot;&quot;,&quot;breakpoint&quot;:&quot;780px&quot;,&quot;unmute&quot;:false,&quot;anchor&quot;:null}\"\n\t\t\t\t\t\t\t\t\t\tdata-anchor-id=\"\"\n\t\t\t\t>\t\t<li class=\"sow-slider-image\" style=\"visibility: visible;\" >\n\t\t\t\t\t\t<div class=\"sow-slider-image-container\">\n\t\t\t\t<div class=\"sow-slider-image-wrapper\" style=\"max-width: 900px\">\n\t\t\t\t\t\t\t\t\t\t<div class=\"sow-slider-image-foreground-wrapper\">\n\t\t\t\t\t\t<img width=\"900\" height=\"900\" src=\"https:\/\/www.cinam.univ-mrs.fr\/cinam\/wp-content\/uploads\/2018\/12\/presentation-15.jpg\" class=\"sow-slider-foreground-image\" alt=\"Pr\u00e9sentation 14\" decoding=\"async\" loading=\"lazy\" style=\"\" srcset=\"https:\/\/www.cinam.univ-mrs.fr\/cinam\/wp-content\/uploads\/2018\/12\/presentation-15.jpg 900w, https:\/\/www.cinam.univ-mrs.fr\/cinam\/wp-content\/uploads\/2018\/12\/presentation-15-150x150.jpg 150w, https:\/\/www.cinam.univ-mrs.fr\/cinam\/wp-content\/uploads\/2018\/12\/presentation-15-300x300.jpg 300w, https:\/\/www.cinam.univ-mrs.fr\/cinam\/wp-content\/uploads\/2018\/12\/presentation-15-768x768.jpg 768w, https:\/\/www.cinam.univ-mrs.fr\/cinam\/wp-content\/uploads\/2018\/12\/presentation-15-600x600.jpg 600w\" sizes=\"100vw\" \/>\t\t\t\t\t<\/div>\n\t\t\t\t\t\t\t\t\t<\/div>\n\t\t\t<\/div>\n\t\t\t\t\t<\/li>\n\t\t\t\t<li class=\"sow-slider-image\" style=\"visibility: hidden;\" >\n\t\t\t\t\t\t<div class=\"sow-slider-image-container\">\n\t\t\t\t<div class=\"sow-slider-image-wrapper\" style=\"max-width: 900px\">\n\t\t\t\t\t\t\t\t\t\t<div class=\"sow-slider-image-foreground-wrapper\">\n\t\t\t\t\t\t<img width=\"900\" height=\"900\" src=\"https:\/\/www.cinam.univ-mrs.fr\/cinam\/wp-content\/uploads\/2018\/12\/presentation-14.jpg\" class=\"sow-slider-foreground-image\" alt=\"Pr\u00e9sentation 13\" decoding=\"async\" loading=\"lazy\" style=\"\" srcset=\"https:\/\/www.cinam.univ-mrs.fr\/cinam\/wp-content\/uploads\/2018\/12\/presentation-14.jpg 900w, https:\/\/www.cinam.univ-mrs.fr\/cinam\/wp-content\/uploads\/2018\/12\/presentation-14-150x150.jpg 150w, https:\/\/www.cinam.univ-mrs.fr\/cinam\/wp-content\/uploads\/2018\/12\/presentation-14-300x300.jpg 300w, https:\/\/www.cinam.univ-mrs.fr\/cinam\/wp-content\/uploads\/2018\/12\/presentation-14-768x768.jpg 768w, https:\/\/www.cinam.univ-mrs.fr\/cinam\/wp-content\/uploads\/2018\/12\/presentation-14-600x600.jpg 600w\" sizes=\"100vw\" \/>\t\t\t\t\t<\/div>\n\t\t\t\t\t\t\t\t\t<\/div>\n\t\t\t<\/div>\n\t\t\t\t\t<\/li>\n\t\t\t\t<li class=\"sow-slider-image\" style=\"visibility: hidden;\" >\n\t\t\t\t\t\t<div class=\"sow-slider-image-container\">\n\t\t\t\t<div class=\"sow-slider-image-wrapper\" style=\"max-width: 900px\">\n\t\t\t\t\t\t\t\t\t\t<div class=\"sow-slider-image-foreground-wrapper\">\n\t\t\t\t\t\t<img width=\"900\" height=\"900\" src=\"https:\/\/www.cinam.univ-mrs.fr\/cinam\/wp-content\/uploads\/2018\/12\/presentation-16.jpg\" class=\"sow-slider-foreground-image\" alt=\"Pr\u00e9sentation 15\" decoding=\"async\" loading=\"lazy\" style=\"\" srcset=\"https:\/\/www.cinam.univ-mrs.fr\/cinam\/wp-content\/uploads\/2018\/12\/presentation-16.jpg 900w, https:\/\/www.cinam.univ-mrs.fr\/cinam\/wp-content\/uploads\/2018\/12\/presentation-16-150x150.jpg 150w, https:\/\/www.cinam.univ-mrs.fr\/cinam\/wp-content\/uploads\/2018\/12\/presentation-16-300x300.jpg 300w, https:\/\/www.cinam.univ-mrs.fr\/cinam\/wp-content\/uploads\/2018\/12\/presentation-16-768x768.jpg 768w, https:\/\/www.cinam.univ-mrs.fr\/cinam\/wp-content\/uploads\/2018\/12\/presentation-16-600x600.jpg 600w\" sizes=\"100vw\" \/>\t\t\t\t\t<\/div>\n\t\t\t\t\t\t\t\t\t<\/div>\n\t\t\t<\/div>\n\t\t\t\t\t<\/li>\n\t\t<\/ul>\t\t\t\t<ol class=\"sow-slider-pagination\">\n\t\t\t\t\t\t\t\t\t\t\t<li><a href=\"#\" data-goto=\"0\" aria-label=\"afficher la diapositive 1\"><\/a><\/li>\n\t\t\t\t\t\t\t\t\t\t\t<li><a href=\"#\" data-goto=\"1\" aria-label=\"afficher la diapositive 2\"><\/a><\/li>\n\t\t\t\t\t\t\t\t\t\t\t<li><a href=\"#\" data-goto=\"2\" aria-label=\"afficher la diapositive 3\"><\/a><\/li>\n\t\t\t\t\t\t\t\t\t<\/ol>\n\n\t\t\t\t<div class=\"sow-slide-nav sow-slide-nav-next\">\n\t\t\t\t\t<a href=\"#\" data-goto=\"next\" aria-label=\"diapositive suivante\" data-action=\"next\">\n\t\t\t\t\t\t<em class=\"sow-sld-icon-ultra-thin-right\"><\/em>\n\t\t\t\t\t<\/a>\n\t\t\t\t<\/div>\n\n\t\t\t\t<div class=\"sow-slide-nav sow-slide-nav-prev\">\n\t\t\t\t\t<a href=\"#\" data-goto=\"previous\" aria-label=\"diapositive pr\u00e9c\u00e9dente\" data-action=\"prev\">\n\t\t\t\t\t\t<em class=\"sow-sld-icon-ultra-thin-left\"><\/em>\n\t\t\t\t\t<\/a>\n\t\t\t\t<\/div>\n\t\t\t\t<\/div><\/div><\/div><\/div><div id=\"pgc-65-1-1\"  class=\"panel-grid-cell\" ><div id=\"panel-65-1-1-0\" class=\"so-panel widget widget_sow-editor panel-first-child panel-last-child\" data-index=\"3\" ><div class=\"panel-widget-style panel-widget-style-for-65-1-1-0\" ><div\n\t\t\t\n\t\t\tclass=\"so-widget-sow-editor so-widget-sow-editor-base\"\n\t\t\t\n\t\t>\n<div class=\"siteorigin-widget-tinymce textwidget\">\n\t<h2>Une infrastructure<br \/>\net des technologies de pointe<\/h2>\n<p>Les recherches conduites au CINaM prennent en compte les aspects multi-\u00e9chelles de la structure des mat\u00e9riaux (mol\u00e9cules, agr\u00e9gats de quelques atomes, nanoparticules, films minces, objets m\u00e9soscopiques d'origine naturelle ou anthropique). Le centre est particuli\u00e8rement reconnu pour ses recherches relatives \u00e0 la conception, l'\u00e9laboration et l'\u00e9tude de nanomat\u00e9riaux, <strong>nano-objets<\/strong> ou <strong>surfaces<\/strong> nano-structur\u00e9es ainsi que pour l'\u00e9tude des <strong>ph\u00e9nom\u00e8nes confin\u00e9s<\/strong> aux \u00e9chelles nanom\u00e9triques.<\/p>\n<ul>\n<li><a href=\"http:\/\/www.cinam.univ-mrs.fr\/cinam\/recherche\/departements\/\">D\u00e9couvrir les d\u00e9partements de recherche<\/a><\/li>\n<li><a href=\"http:\/\/www.cinam.univ-mrs.fr\/cinam\/section\/plateformes\/\">Les plateformes technologiques<\/a><\/li>\n<li><a href=\"http:\/\/www.cinam.univ-mrs.fr\/cinam\/recherche\/international-relationships\/\">Collaborations internationales<\/a><\/li>\n<\/ul>\n<\/div>\n<\/div><\/div><\/div><\/div><\/div><\/div><div id=\"pg-65-2\"  class=\"panel-grid panel-no-style\" ><div id=\"pgc-65-2-0\"  class=\"panel-grid-cell\" ><div id=\"panel-65-2-0-0\" class=\"so-panel widget widget_sow-editor panel-first-child panel-last-child\" data-index=\"4\" ><div\n\t\t\t\n\t\t\tclass=\"so-widget-sow-editor so-widget-sow-editor-base\"\n\t\t\t\n\t\t>\n<div class=\"siteorigin-widget-tinymce textwidget\">\n\t<h1>Un cadre de recherche exceptionnel<\/h1>\n<p>Le CINaM est situ\u00e9 sur le campus de Luminy au c\u0153ur du\u00a0<strong>massif des calanques<\/strong>. Un premier b\u00e2timent de b\u00e9ton brut, oscillant entre massivit\u00e9 et l\u00e9g\u00e8ret\u00e9, h\u00e9berge la plupart des physiciens du centre ainsi que quelques \u00e9quipements remarquables notamment autour de la microscopie \u00e9lectronique, de la microscopie \u00e0 champ proche et d\u2019\u00e9quipements de croissance. Un second b\u00e2timent regroupe, sur quatre niveaux, la plupart des chimistes du CINaM dans des locaux enti\u00e8rement r\u00e9nov\u00e9s en 2018 et b\u00e9n\u00e9ficiant de laboratoires de chimie enti\u00e8rement \u00e9quip\u00e9s. Enfin un troisi\u00e8me b\u00e2timent accueille la plateforme technologique de micro et nanofabrication du centre (<a href=\"http:\/\/www.cinam.univ-mrs.fr\/cinam\/team\/planete\/\"><strong>PLANETE<\/strong><\/a>).<\/p>\n<p>&nbsp;<\/p>\n<ul>\n<li><a href=\"http:\/\/www.cinam.univ-mrs.fr\/cinam\/enseignement\/\">Acc\u00e9der \u00e0 la rubrique <em>Enseignement<\/em><\/a><\/li>\n<li><a href=\"http:\/\/www.cinam.univ-mrs.fr\/cinam\/enseignement\/les-formations\/\">D\u00e9couvrir les formations<\/a><\/li>\n<li><a href=\"http:\/\/www.cinam.univ-mrs.fr\/cinam\/articles\/offres-emploi\/\">Voir les offres d'emplois et de stages<\/a><\/li>\n<\/ul>\n<\/div>\n<\/div><\/div><\/div><div id=\"pgc-65-2-1\"  class=\"panel-grid-cell\" ><div id=\"panel-65-2-1-0\" class=\"so-panel widget widget_sow-slider panel-first-child panel-last-child\" data-index=\"5\" ><div class=\"panel-widget-style panel-widget-style-for-65-2-1-0\" ><div\n\t\t\t\n\t\t\tclass=\"so-widget-sow-slider so-widget-sow-slider-default-f0ae9a9d037f-65\"\n\t\t\t\n\t\t>\t\t\t\t<div class=\"sow-slider-base\" style=\"display: none\" tabindex=\"0\">\n\t\t\t\t\t<ul\n\t\t\t\t\tclass=\"sow-slider-images\"\n\t\t\t\t\tdata-settings=\"{&quot;pagination&quot;:true,&quot;speed&quot;:500,&quot;timeout&quot;:3500,&quot;paused&quot;:false,&quot;pause_on_hover&quot;:false,&quot;swipe&quot;:true,&quot;nav_always_show_desktop&quot;:&quot;&quot;,&quot;nav_always_show_mobile&quot;:&quot;&quot;,&quot;breakpoint&quot;:&quot;780px&quot;,&quot;unmute&quot;:false,&quot;anchor&quot;:null}\"\n\t\t\t\t\t\t\t\t\t\tdata-anchor-id=\"\"\n\t\t\t\t>\t\t<li class=\"sow-slider-image\" style=\"visibility: visible;\" >\n\t\t\t\t\t\t<div class=\"sow-slider-image-container\">\n\t\t\t\t<div class=\"sow-slider-image-wrapper\" style=\"max-width: 900px\">\n\t\t\t\t\t\t\t\t\t\t<div class=\"sow-slider-image-foreground-wrapper\">\n\t\t\t\t\t\t<img width=\"900\" height=\"900\" src=\"https:\/\/www.cinam.univ-mrs.fr\/cinam\/wp-content\/uploads\/2018\/12\/presentation-11.jpg\" class=\"sow-slider-foreground-image\" alt=\"Pr\u00e9sentation 10\" decoding=\"async\" loading=\"lazy\" style=\"\" srcset=\"https:\/\/www.cinam.univ-mrs.fr\/cinam\/wp-content\/uploads\/2018\/12\/presentation-11.jpg 900w, https:\/\/www.cinam.univ-mrs.fr\/cinam\/wp-content\/uploads\/2018\/12\/presentation-11-150x150.jpg 150w, https:\/\/www.cinam.univ-mrs.fr\/cinam\/wp-content\/uploads\/2018\/12\/presentation-11-300x300.jpg 300w, https:\/\/www.cinam.univ-mrs.fr\/cinam\/wp-content\/uploads\/2018\/12\/presentation-11-768x768.jpg 768w, https:\/\/www.cinam.univ-mrs.fr\/cinam\/wp-content\/uploads\/2018\/12\/presentation-11-600x600.jpg 600w\" sizes=\"100vw\" \/>\t\t\t\t\t<\/div>\n\t\t\t\t\t\t\t\t\t<\/div>\n\t\t\t<\/div>\n\t\t\t\t\t<\/li>\n\t\t\t\t<li class=\"sow-slider-image\" style=\"visibility: hidden;\" >\n\t\t\t\t\t\t<div class=\"sow-slider-image-container\">\n\t\t\t\t<div class=\"sow-slider-image-wrapper\" style=\"max-width: 900px\">\n\t\t\t\t\t\t\t\t\t\t<div class=\"sow-slider-image-foreground-wrapper\">\n\t\t\t\t\t\t<img width=\"900\" height=\"900\" src=\"https:\/\/www.cinam.univ-mrs.fr\/cinam\/wp-content\/uploads\/2018\/12\/presentation-8.jpg\" class=\"sow-slider-foreground-image\" alt=\"Pr\u00e9sentation 7\" decoding=\"async\" loading=\"lazy\" style=\"\" srcset=\"https:\/\/www.cinam.univ-mrs.fr\/cinam\/wp-content\/uploads\/2018\/12\/presentation-8.jpg 900w, https:\/\/www.cinam.univ-mrs.fr\/cinam\/wp-content\/uploads\/2018\/12\/presentation-8-150x150.jpg 150w, https:\/\/www.cinam.univ-mrs.fr\/cinam\/wp-content\/uploads\/2018\/12\/presentation-8-300x300.jpg 300w, https:\/\/www.cinam.univ-mrs.fr\/cinam\/wp-content\/uploads\/2018\/12\/presentation-8-768x768.jpg 768w, https:\/\/www.cinam.univ-mrs.fr\/cinam\/wp-content\/uploads\/2018\/12\/presentation-8-600x600.jpg 600w\" sizes=\"100vw\" \/>\t\t\t\t\t<\/div>\n\t\t\t\t\t\t\t\t\t<\/div>\n\t\t\t<\/div>\n\t\t\t\t\t<\/li>\n\t\t\t\t<li class=\"sow-slider-image\" style=\"visibility: hidden;\" >\n\t\t\t\t\t\t<div class=\"sow-slider-image-container\">\n\t\t\t\t<div class=\"sow-slider-image-wrapper\" style=\"max-width: 900px\">\n\t\t\t\t\t\t\t\t\t\t<div class=\"sow-slider-image-foreground-wrapper\">\n\t\t\t\t\t\t<img width=\"900\" height=\"900\" src=\"https:\/\/www.cinam.univ-mrs.fr\/cinam\/wp-content\/uploads\/2018\/12\/presentation-9.jpg\" class=\"sow-slider-foreground-image\" alt=\"Pr\u00e9sentation 8\" decoding=\"async\" loading=\"lazy\" style=\"\" srcset=\"https:\/\/www.cinam.univ-mrs.fr\/cinam\/wp-content\/uploads\/2018\/12\/presentation-9.jpg 900w, https:\/\/www.cinam.univ-mrs.fr\/cinam\/wp-content\/uploads\/2018\/12\/presentation-9-150x150.jpg 150w, https:\/\/www.cinam.univ-mrs.fr\/cinam\/wp-content\/uploads\/2018\/12\/presentation-9-300x300.jpg 300w, https:\/\/www.cinam.univ-mrs.fr\/cinam\/wp-content\/uploads\/2018\/12\/presentation-9-768x768.jpg 768w, https:\/\/www.cinam.univ-mrs.fr\/cinam\/wp-content\/uploads\/2018\/12\/presentation-9-600x600.jpg 600w\" sizes=\"100vw\" \/>\t\t\t\t\t<\/div>\n\t\t\t\t\t\t\t\t\t<\/div>\n\t\t\t<\/div>\n\t\t\t\t\t<\/li>\n\t\t\t\t<li class=\"sow-slider-image\" style=\"visibility: hidden;\" >\n\t\t\t\t\t\t<div class=\"sow-slider-image-container\">\n\t\t\t\t<div class=\"sow-slider-image-wrapper\" style=\"max-width: 900px\">\n\t\t\t\t\t\t\t\t\t\t<div class=\"sow-slider-image-foreground-wrapper\">\n\t\t\t\t\t\t<img width=\"900\" height=\"900\" src=\"https:\/\/www.cinam.univ-mrs.fr\/cinam\/wp-content\/uploads\/2018\/12\/presentation-10.jpg\" class=\"sow-slider-foreground-image\" alt=\"Pr\u00e9sentation 9\" decoding=\"async\" loading=\"lazy\" style=\"\" srcset=\"https:\/\/www.cinam.univ-mrs.fr\/cinam\/wp-content\/uploads\/2018\/12\/presentation-10.jpg 900w, https:\/\/www.cinam.univ-mrs.fr\/cinam\/wp-content\/uploads\/2018\/12\/presentation-10-150x150.jpg 150w, https:\/\/www.cinam.univ-mrs.fr\/cinam\/wp-content\/uploads\/2018\/12\/presentation-10-300x300.jpg 300w, https:\/\/www.cinam.univ-mrs.fr\/cinam\/wp-content\/uploads\/2018\/12\/presentation-10-768x768.jpg 768w, https:\/\/www.cinam.univ-mrs.fr\/cinam\/wp-content\/uploads\/2018\/12\/presentation-10-600x600.jpg 600w\" sizes=\"100vw\" \/>\t\t\t\t\t<\/div>\n\t\t\t\t\t\t\t\t\t<\/div>\n\t\t\t<\/div>\n\t\t\t\t\t<\/li>\n\t\t<\/ul>\t\t\t\t<ol class=\"sow-slider-pagination\">\n\t\t\t\t\t\t\t\t\t\t\t<li><a href=\"#\" data-goto=\"0\" aria-label=\"afficher la diapositive 1\"><\/a><\/li>\n\t\t\t\t\t\t\t\t\t\t\t<li><a href=\"#\" data-goto=\"1\" aria-label=\"afficher la diapositive 2\"><\/a><\/li>\n\t\t\t\t\t\t\t\t\t\t\t<li><a href=\"#\" data-goto=\"2\" aria-label=\"afficher la diapositive 3\"><\/a><\/li>\n\t\t\t\t\t\t\t\t\t\t\t<li><a href=\"#\" data-goto=\"3\" aria-label=\"afficher la diapositive 4\"><\/a><\/li>\n\t\t\t\t\t\t\t\t\t<\/ol>\n\n\t\t\t\t<div class=\"sow-slide-nav sow-slide-nav-next\">\n\t\t\t\t\t<a href=\"#\" data-goto=\"next\" aria-label=\"diapositive suivante\" data-action=\"next\">\n\t\t\t\t\t\t<em class=\"sow-sld-icon-ultra-thin-right\"><\/em>\n\t\t\t\t\t<\/a>\n\t\t\t\t<\/div>\n\n\t\t\t\t<div class=\"sow-slide-nav sow-slide-nav-prev\">\n\t\t\t\t\t<a href=\"#\" data-goto=\"previous\" aria-label=\"diapositive pr\u00e9c\u00e9dente\" data-action=\"prev\">\n\t\t\t\t\t\t<em class=\"sow-sld-icon-ultra-thin-left\"><\/em>\n\t\t\t\t\t<\/a>\n\t\t\t\t<\/div>\n\t\t\t\t<\/div><\/div><\/div><\/div><\/div><\/div><\/div>","protected":false},"excerpt":{"rendered":"<p>Centre Interdisciplinaire de Nanoscience de Marseille La nanoscience rassemble l\u2019ensemble des recherches sur des syst\u00e8mes ayant une ou plusieurs dimensions nanom\u00e9triques (un nanom\u00e8tre est un milliardi\u00e8me de m\u00e8tre). A cette \u00e9chelle les propri\u00e9t\u00e9s des mat\u00e9riaux changent sensiblement de celles qui pr\u00e9valent aux \u00e9chelles usuelles. Lire le mot du directeur La direction Les organigrammes Une infrastructure <\/p>\n","protected":false},"author":1,"featured_media":0,"parent":10,"menu_order":1,"comment_status":"closed","ping_status":"closed","template":"page-templates\/full-page.php","meta":[],"aioseo_notices":[],"_links":{"self":[{"href":"https:\/\/www.cinam.univ-mrs.fr\/cinam\/wp-json\/wp\/v2\/pages\/65"}],"collection":[{"href":"https:\/\/www.cinam.univ-mrs.fr\/cinam\/wp-json\/wp\/v2\/pages"}],"about":[{"href":"https:\/\/www.cinam.univ-mrs.fr\/cinam\/wp-json\/wp\/v2\/types\/page"}],"author":[{"embeddable":true,"href":"https:\/\/www.cinam.univ-mrs.fr\/cinam\/wp-json\/wp\/v2\/users\/1"}],"replies":[{"embeddable":true,"href":"https:\/\/www.cinam.univ-mrs.fr\/cinam\/wp-json\/wp\/v2\/comments?post=65"}],"version-history":[{"count":138,"href":"https:\/\/www.cinam.univ-mrs.fr\/cinam\/wp-json\/wp\/v2\/pages\/65\/revisions"}],"predecessor-version":[{"id":8395,"href":"https:\/\/www.cinam.univ-mrs.fr\/cinam\/wp-json\/wp\/v2\/pages\/65\/revisions\/8395"}],"up":[{"embeddable":true,"href":"https:\/\/www.cinam.univ-mrs.fr\/cinam\/wp-json\/wp\/v2\/pages\/10"}],"wp:attachment":[{"href":"https:\/\/www.cinam.univ-mrs.fr\/cinam\/wp-json\/wp\/v2\/media?parent=65"}],"curies":[{"name":"wp","href":"https:\/\/api.w.org\/{rel}","templated":true}]}}