{"id":69,"date":"2018-12-04T20:49:22","date_gmt":"2018-12-04T19:49:22","guid":{"rendered":"http:\/\/www.cinam.univ-mrs.fr\/cinam\/?page_id=69"},"modified":"2024-10-08T15:29:24","modified_gmt":"2024-10-08T13:29:24","slug":"start-%e2%80%90up","status":"publish","type":"page","link":"https:\/\/www.cinam.univ-mrs.fr\/cinam\/valorisation\/start-%e2%80%90up\/","title":{"rendered":"Start-\u00adup"},"content":{"rendered":"<div id=\"pl-69\"  class=\"panel-layout\" ><div id=\"pg-69-0\"  class=\"panel-grid panel-has-style\" ><div class=\"siteorigin-panels-stretch panel-row-style panel-row-style-for-69-0\" data-stretch-type=\"full\" ><div id=\"pgc-69-0-0\"  class=\"panel-grid-cell\" ><div id=\"panel-69-0-0-0\" class=\"so-panel widget widget_sow-slider panel-first-child panel-last-child\" data-index=\"0\" ><div\n\t\t\t\n\t\t\tclass=\"so-widget-sow-slider so-widget-sow-slider-default-6d39609536fd-69\"\n\t\t\t\n\t\t>\t\t\t\t<div class=\"sow-slider-base\" style=\"display: none\" tabindex=\"0\">\n\t\t\t\t\t<ul\n\t\t\t\t\tclass=\"sow-slider-images\"\n\t\t\t\t\tdata-settings=\"{&quot;pagination&quot;:true,&quot;speed&quot;:800,&quot;timeout&quot;:8000,&quot;paused&quot;:false,&quot;pause_on_hover&quot;:false,&quot;swipe&quot;:true,&quot;nav_always_show_desktop&quot;:&quot;&quot;,&quot;nav_always_show_mobile&quot;:&quot;&quot;,&quot;breakpoint&quot;:&quot;780px&quot;,&quot;unmute&quot;:false,&quot;anchor&quot;:null}\"\n\t\t\t\t\t\t\t\t\t\tdata-anchor-id=\"\"\n\t\t\t\t>\t\t<li class=\"sow-slider-image\" style=\"visibility: visible;\" >\n\t\t\t\t\t\t<img width=\"1302\" height=\"406\" src=\"https:\/\/www.cinam.univ-mrs.fr\/cinam\/wp-content\/uploads\/2019\/02\/start-c2adup-4.png\" class=\"sow-slider-background-image\" alt=\"Start-\u00adup 3\" decoding=\"async\" loading=\"lazy\" style=\"\" srcset=\"https:\/\/www.cinam.univ-mrs.fr\/cinam\/wp-content\/uploads\/2019\/02\/start-c2adup-4.png 1302w, https:\/\/www.cinam.univ-mrs.fr\/cinam\/wp-content\/uploads\/2019\/02\/start-c2adup-4-300x94.png 300w, https:\/\/www.cinam.univ-mrs.fr\/cinam\/wp-content\/uploads\/2019\/02\/start-c2adup-4-768x239.png 768w, https:\/\/www.cinam.univ-mrs.fr\/cinam\/wp-content\/uploads\/2019\/02\/start-c2adup-4-1024x319.png 1024w\" sizes=\"100vw\" \/>\t\t<\/li>\n\t\t<\/ul>\t\t\t\t<ol class=\"sow-slider-pagination\">\n\t\t\t\t\t\t\t\t\t\t\t<li><a href=\"#\" data-goto=\"0\" aria-label=\"afficher la diapositive 1\"><\/a><\/li>\n\t\t\t\t\t\t\t\t\t<\/ol>\n\n\t\t\t\t<div class=\"sow-slide-nav sow-slide-nav-next\">\n\t\t\t\t\t<a href=\"#\" data-goto=\"next\" aria-label=\"diapositive suivante\" data-action=\"next\">\n\t\t\t\t\t\t<em class=\"sow-sld-icon-thin-right\"><\/em>\n\t\t\t\t\t<\/a>\n\t\t\t\t<\/div>\n\n\t\t\t\t<div class=\"sow-slide-nav sow-slide-nav-prev\">\n\t\t\t\t\t<a href=\"#\" data-goto=\"previous\" aria-label=\"diapositive pr\u00e9c\u00e9dente\" data-action=\"prev\">\n\t\t\t\t\t\t<em class=\"sow-sld-icon-thin-left\"><\/em>\n\t\t\t\t\t<\/a>\n\t\t\t\t<\/div>\n\t\t\t\t<\/div><\/div><\/div><\/div><\/div><\/div><div id=\"pg-69-1\"  class=\"panel-grid panel-no-style\" ><div id=\"pgc-69-1-0\"  class=\"panel-grid-cell\" ><div id=\"panel-69-1-0-0\" class=\"so-panel widget widget_sow-image panel-first-child\" data-index=\"1\" ><div\n\t\t\t\n\t\t\tclass=\"so-widget-sow-image so-widget-sow-image-default-8b5b6f678277-69\"\n\t\t\t\n\t\t>\n\n<div class=\"sow-image-container\">\n\t\t<img src=\"https:\/\/www.cinam.univ-mrs.fr\/cinam\/wp-content\/uploads\/2022\/10\/icovell.jpg\" width=\"400\" height=\"115\" srcset=\"https:\/\/www.cinam.univ-mrs.fr\/cinam\/wp-content\/uploads\/2022\/10\/icovell.jpg 400w, https:\/\/www.cinam.univ-mrs.fr\/cinam\/wp-content\/uploads\/2022\/10\/icovell-300x86.jpg 300w\" sizes=\"(max-width: 400px) 100vw, 400px\" alt=\"\" loading=\"lazy\" \t\tclass=\"so-widget-image\"\/>\n\t<\/div>\n\n<\/div><\/div><div id=\"panel-69-1-0-1\" class=\"so-panel widget widget_sow-editor panel-last-child\" data-index=\"2\" ><div\n\t\t\t\n\t\t\tclass=\"so-widget-sow-editor so-widget-sow-editor-base\"\n\t\t\t\n\t\t><h3 class=\"widget-title\">ICOVELLL<\/h3>\n<div class=\"siteorigin-widget-tinymce textwidget\">\n\t<div class=\"siteorigin-widget-tinymce textwidget\">\n<p>ICOVELL r\u00e9v\u00e8le l\u2019aptitude m\u00e9canique des globules rouges \u00e0 voyager dans la microcirculation sanguine.<\/p>\n<p>La plateforme <b><i>dynared<\/i><\/b> d'ICOVELL fournit un marqueur m\u00e9canique qui caract\u00e9rise la d\u00e9formabilit\u00e9 de larges populations de globules en s\u2019appuyant sur des mesures sur cellule individuelle, et permet le suivi clinique de patients atteints de dr\u00e9panocytose.<\/p>\n<p>&nbsp;<\/p>\n<\/div>\n<\/div>\n<\/div><\/div><\/div><div id=\"pgc-69-1-1\"  class=\"panel-grid-cell\" ><div id=\"panel-69-1-1-0\" class=\"so-panel widget widget_sow-image panel-first-child\" data-index=\"3\" ><div\n\t\t\t\n\t\t\tclass=\"so-widget-sow-image so-widget-sow-image-default-8b5b6f678277-69\"\n\t\t\t\n\t\t>\n\n<div class=\"sow-image-container\">\n\t\t<img src=\"https:\/\/www.cinam.univ-mrs.fr\/cinam\/wp-content\/uploads\/2022\/11\/optipus.png\" width=\"400\" height=\"173\" srcset=\"https:\/\/www.cinam.univ-mrs.fr\/cinam\/wp-content\/uploads\/2022\/11\/optipus.png 400w, https:\/\/www.cinam.univ-mrs.fr\/cinam\/wp-content\/uploads\/2022\/11\/optipus-300x130.png 300w\" sizes=\"(max-width: 400px) 100vw, 400px\" alt=\"\" loading=\"lazy\" \t\tclass=\"so-widget-image\"\/>\n\t<\/div>\n\n<\/div><\/div><div id=\"panel-69-1-1-1\" class=\"so-panel widget widget_sow-editor panel-last-child\" data-index=\"4\" ><div\n\t\t\t\n\t\t\tclass=\"so-widget-sow-editor so-widget-sow-editor-base\"\n\t\t\t\n\t\t><h3 class=\"widget-title\">OPTIPUS <\/h3>\n<div class=\"siteorigin-widget-tinymce textwidget\">\n\t<p><span style=\"color: #000000;\">OPTIPUS propose une technologie photovolta\u00efque \u00e0 haut rendement et fort potentiel d'int\u00e9gration esth\u00e9tique dans les objets nomade de notre vie de tous les jours <\/span><\/p>\n<p><span style=\"color: #000000;\">L'innovation technologique d'OPTIPUS repose sur la fabrication de modules photovolta\u00efques organiques conformables \u00e0 haute performance avec des motifs, des designs et des couleurs sp\u00e9cifiques. Cela permet leur int\u00e9gration totale dans un produit, de sorte que le module devient soit invisible (int\u00e9gration discr\u00e8te), soit mis en valeur par ses couleurs, tout en affichant sa fonctionnalit\u00e9.<\/span><\/p>\n<\/div>\n<\/div><\/div><\/div><div id=\"pgc-69-1-2\"  class=\"panel-grid-cell\" ><div id=\"panel-69-1-2-0\" class=\"so-panel widget widget_sow-image panel-first-child\" data-index=\"5\" ><div\n\t\t\t\n\t\t\tclass=\"so-widget-sow-image so-widget-sow-image-default-8b5b6f678277-69\"\n\t\t\t\n\t\t>\n\n<div class=\"sow-image-container\">\n\t\t<img src=\"https:\/\/www.cinam.univ-mrs.fr\/cinam\/wp-content\/uploads\/2024\/10\/silontx.png\" width=\"1496\" height=\"986\" srcset=\"https:\/\/www.cinam.univ-mrs.fr\/cinam\/wp-content\/uploads\/2024\/10\/silontx.png 1496w, https:\/\/www.cinam.univ-mrs.fr\/cinam\/wp-content\/uploads\/2024\/10\/silontx-300x198.png 300w, https:\/\/www.cinam.univ-mrs.fr\/cinam\/wp-content\/uploads\/2024\/10\/silontx-1024x675.png 1024w, https:\/\/www.cinam.univ-mrs.fr\/cinam\/wp-content\/uploads\/2024\/10\/silontx-768x506.png 768w\" sizes=\"(max-width: 706px) 89vw, (max-width: 767px) 82vw, 740px\" alt=\"\" loading=\"lazy\" \t\tclass=\"so-widget-image\"\/>\n\t<\/div>\n\n<\/div><\/div><div id=\"panel-69-1-2-1\" class=\"so-panel widget widget_sow-editor panel-last-child\" data-index=\"6\" ><div\n\t\t\t\n\t\t\tclass=\"so-widget-sow-editor so-widget-sow-editor-base\"\n\t\t\t\n\t\t><h3 class=\"widget-title\">SILON THERAPEUTICS<\/h3>\n<div class=\"siteorigin-widget-tinymce textwidget\">\n\t<p>SILON THERAPEUTICS est le fruit de 30 ann\u00e9es de recherches de pointe en oncologie \u00e0 l'interface de la biologie et de la chimie, par le laboratoire Inserm ERLU1326 \u00ab\u00a0RNAnoTher\u00a0\u00bb du Dr Palma Rocchi. Ces travaux innovants ont permis de mettre en \u00e9vidence la voie de signalisation d\u2019Hsp27 dans la r\u00e9sistance aux traitements des cancers de la prostate et le d\u00e9veloppement d\u2019un oligonucl\u00e9otide antisens (ASO), inibiteur de l\u2019ARNm d\u2019Hsp27 (OGX-427, Apatorsen) brevet\u00e9 par l\u2019universit\u00e9 de la Colombie britanique et licenci\u00e9 par la fime canadienne Oncogenex. En partenariat avec Ionis, Apatorsen a \u00e9t\u00e9 test\u00e9 en phase clinique II dans les cancers de la prostate, du poumon, de la vessie et de l\u2019ovaire.<\/p>\n<p>SILONTX a pour objectif d\u2019am\u00e9liorer la stabilit\u00e9, biodisponibilit\u00e9 et d\u00e9livrance d\u2019Apatorsen en d\u00e9veloppant des nanoobjets polyvalents et modulables en utilisant sa technologie propri\u00e9taire bas\u00e9e sur des conjugu\u00e9s nucl\u00e9olipidiques.<\/p>\n<p>Notre objectif est de d\u00e9montrer le potentiel th\u00e9rapeutique exceptionnel de ces nanoobjets intelligents et de d\u00e9velopper un candidat m\u00e9dicament pour soigner les formes avanc\u00e9es des cancers de la prostate. Notre approche r\u00e9volutionnaire offrira un double avantage : traiter efficacement tout en diminuant la toxicit\u00e9 des traitements.<\/p>\n<p>Par sa sp\u00e9cificit\u00e9 et rapidit\u00e9 de production, cette technologie va permettre de r\u00e9volutionner les les traitements des formes avanc\u00e9es en offrant une prise en charge personnalis\u00e9e des cancers de la prostate.<\/p>\n<\/div>\n<\/div><\/div><\/div><\/div><\/div>","protected":false},"excerpt":{"rendered":"<p>ICOVELL r\u00e9v\u00e8le l\u2019aptitude m\u00e9canique des globules rouges \u00e0 voyager dans la microcirculation sanguine. La plateforme dynared d&rsquo;ICOVELL fournit un marqueur m\u00e9canique qui caract\u00e9rise la d\u00e9formabilit\u00e9 de larges populations de globules en s\u2019appuyant sur des mesures sur cellule individuelle, et permet le suivi clinique de patients atteints de dr\u00e9panocytose. &nbsp; OPTIPUS propose une technologie photovolta\u00efque \u00e0 <\/p>\n","protected":false},"author":1,"featured_media":0,"parent":17,"menu_order":1,"comment_status":"closed","ping_status":"closed","template":"page-templates\/full-page.php","meta":[],"aioseo_notices":[],"_links":{"self":[{"href":"https:\/\/www.cinam.univ-mrs.fr\/cinam\/wp-json\/wp\/v2\/pages\/69"}],"collection":[{"href":"https:\/\/www.cinam.univ-mrs.fr\/cinam\/wp-json\/wp\/v2\/pages"}],"about":[{"href":"https:\/\/www.cinam.univ-mrs.fr\/cinam\/wp-json\/wp\/v2\/types\/page"}],"author":[{"embeddable":true,"href":"https:\/\/www.cinam.univ-mrs.fr\/cinam\/wp-json\/wp\/v2\/users\/1"}],"replies":[{"embeddable":true,"href":"https:\/\/www.cinam.univ-mrs.fr\/cinam\/wp-json\/wp\/v2\/comments?post=69"}],"version-history":[{"count":49,"href":"https:\/\/www.cinam.univ-mrs.fr\/cinam\/wp-json\/wp\/v2\/pages\/69\/revisions"}],"predecessor-version":[{"id":13374,"href":"https:\/\/www.cinam.univ-mrs.fr\/cinam\/wp-json\/wp\/v2\/pages\/69\/revisions\/13374"}],"up":[{"embeddable":true,"href":"https:\/\/www.cinam.univ-mrs.fr\/cinam\/wp-json\/wp\/v2\/pages\/17"}],"wp:attachment":[{"href":"https:\/\/www.cinam.univ-mrs.fr\/cinam\/wp-json\/wp\/v2\/media?parent=69"}],"curies":[{"name":"wp","href":"https:\/\/api.w.org\/{rel}","templated":true}]}}