{"id":72,"date":"2018-12-04T20:49:44","date_gmt":"2018-12-04T19:49:44","guid":{"rendered":"http:\/\/www.cinam.univ-mrs.fr\/cinam\/?page_id=72"},"modified":"2019-02-14T19:36:15","modified_gmt":"2019-02-14T18:36:15","slug":"brevets","status":"publish","type":"page","link":"https:\/\/www.cinam.univ-mrs.fr\/cinam\/valorisation\/brevets\/","title":{"rendered":"Brevets"},"content":{"rendered":"<div id=\"pl-72\"  class=\"panel-layout\" ><div id=\"pg-72-0\"  class=\"panel-grid panel-no-style\" ><div id=\"pgc-72-0-0\"  class=\"panel-grid-cell\" ><div id=\"panel-72-0-0-0\" class=\"so-panel widget widget_sow-editor panel-first-child panel-last-child\" data-index=\"0\" ><div\n\t\t\t\n\t\t\tclass=\"so-widget-sow-editor so-widget-sow-editor-base\"\n\t\t\t\n\t\t>\n<div class=\"siteorigin-widget-tinymce textwidget\">\n\t<h5><strong>Method for making semi-conductor nanocrystals<\/strong><\/h5>\n<p><strong>Brevet\u00a0: US2012282758.\u00a0<\/strong>8 Novembre 2012.\u00a0L. Borowik, J.C. Barb\u00e9, E. Bussmann, F. Cheynis, F. Leroy, D. Mariolle, P.M\u00fcller.<\/p>\n<\/div>\n<\/div><\/div><\/div><div id=\"pgc-72-0-1\"  class=\"panel-grid-cell\" ><div id=\"panel-72-0-1-0\" class=\"so-panel widget widget_sow-editor panel-first-child panel-last-child\" data-index=\"1\" ><div\n\t\t\t\n\t\t\tclass=\"so-widget-sow-editor so-widget-sow-editor-base\"\n\t\t\t\n\t\t>\n<div class=\"siteorigin-widget-tinymce textwidget\">\n\t<h5><strong>Method for making semi-conductor nanocrystals oriented along predifined direction<\/strong><\/h5>\n<p><strong>Brevet\u00a0: US2012282759.\u00a0<\/strong>8 Novembre 2012.\u00a0L. Borowik, J.C. Barb\u00e9, E. Bussmann, F. Cheynis, F. Leroy, D. Mariolle, P.M\u00fcller.<\/p>\n<\/div>\n<\/div><\/div><\/div><div id=\"pgc-72-0-2\"  class=\"panel-grid-cell\" ><div id=\"panel-72-0-2-0\" class=\"so-panel widget widget_sow-editor panel-first-child panel-last-child\" data-index=\"2\" ><div\n\t\t\t\n\t\t\tclass=\"so-widget-sow-editor so-widget-sow-editor-base\"\n\t\t\t\n\t\t>\n<div class=\"siteorigin-widget-tinymce textwidget\">\n\t<h5>Mini-impacteur pour la collecte de mati\u00e8re<\/h5>\n<p>Enveloppe SOLEAU <strong>N\u00b0410880<\/strong> \u00e0 l\u2019I.N.P.I. \u00a0(D. Ferry).<\/p>\n<\/div>\n<\/div><\/div><\/div><\/div><div id=\"pg-72-1\"  class=\"panel-grid panel-no-style\" ><div id=\"pgc-72-1-0\"  class=\"panel-grid-cell\" ><div id=\"panel-72-1-0-0\" class=\"so-panel widget widget_sow-editor panel-first-child panel-last-child\" data-index=\"3\" ><div\n\t\t\t\n\t\t\tclass=\"so-widget-sow-editor so-widget-sow-editor-base\"\n\t\t\t\n\t\t>\n<div class=\"siteorigin-widget-tinymce textwidget\">\n\t<h5>L<strong>ogiciel Soot Expert<\/strong><\/h5>\n<p>Enveloppe SOLEAU <strong>N\u00b0425468<\/strong> \u00e0 l\u2019I.N.P.I. (D. Ferry).<\/p>\n<\/div>\n<\/div><\/div><\/div><div id=\"pgc-72-1-1\"  class=\"panel-grid-cell\" ><div id=\"panel-72-1-1-0\" class=\"so-panel widget widget_sow-editor panel-first-child panel-last-child\" data-index=\"4\" ><div\n\t\t\t\n\t\t\tclass=\"so-widget-sow-editor so-widget-sow-editor-base\"\n\t\t\t\n\t\t>\n<div class=\"siteorigin-widget-tinymce textwidget\">\n\t<h5>1\u2018Method and device for determining red blood cells deformability '<\/h5>\n<p><strong>Application N\u00b0EP18305914.6<\/strong>. 10 juillet 2018. A. Viallat, S. Atwell, E. Helfer, A. Charrier, C. Badens.<\/p>\n<\/div>\n<\/div><\/div><\/div><div id=\"pgc-72-1-2\"  class=\"panel-grid-cell\" ><div id=\"panel-72-1-2-0\" class=\"so-panel widget widget_sow-editor panel-first-child panel-last-child\" data-index=\"5\" ><div\n\t\t\t\n\t\t\tclass=\"so-widget-sow-editor so-widget-sow-editor-base\"\n\t\t\t\n\t\t>\n<div class=\"siteorigin-widget-tinymce textwidget\">\n\t<h5>Amphiphilic molecules layers<\/h5>\n<p><strong>N\u00b0 of publication: PCT\/EP2016\/074569.<\/strong> A. Charrier, J.M Raimundo, A. Kenaan, S. Lavandier.<\/p>\n<\/div>\n<\/div><\/div><\/div><\/div><div id=\"pg-72-2\"  class=\"panel-grid panel-no-style\" ><div id=\"pgc-72-2-0\"  class=\"panel-grid-cell\" ><div id=\"panel-72-2-0-0\" class=\"so-panel widget widget_sow-editor panel-first-child panel-last-child\" data-index=\"6\" ><div\n\t\t\t\n\t\t\tclass=\"so-widget-sow-editor so-widget-sow-editor-base\"\n\t\t\t\n\t\t>\n<div class=\"siteorigin-widget-tinymce textwidget\">\n\t<h5>Transistor \u00e0 effet de champ pouvant notamment \u00eatre utilis\u00e9 comme d\u00e9tecteur et proc\u00e9d\u00e9 de fabrication de ce d\u00e9tecteur<\/h5>\n<p><strong>N\u00b0 of publication: WO\/2013\/083490; EP 2 788 747 B1.<\/strong> A. Charrier, Tuyen Nguyen Duc, Herv\u00e9 Dallaporta.<\/p>\n<\/div>\n<\/div><\/div><\/div><div id=\"pgc-72-2-1\"  class=\"panel-grid-cell\" ><div id=\"panel-72-2-1-0\" class=\"so-panel widget widget_sow-editor panel-first-child panel-last-child\" data-index=\"7\" ><div\n\t\t\t\n\t\t\tclass=\"so-widget-sow-editor so-widget-sow-editor-base\"\n\t\t\t\n\t\t>\n<div class=\"siteorigin-widget-tinymce textwidget\">\n\t<h5>Device to detect the fixation of a target object on a probe object immobilized on a solid substrate and detection process<\/h5>\n<p><strong>N\u00b0 of deposition\/publication: 0451747<\/strong>. Publication date: 02.03.2006. A. Charrier, F. Thibaudau. (FR2873818, WO\/2006\/021716).<\/p>\n<\/div>\n<\/div><\/div><\/div><div id=\"pgc-72-2-2\"  class=\"panel-grid-cell\" ><div id=\"panel-72-2-2-0\" class=\"so-panel widget widget_sow-editor panel-first-child panel-last-child\" data-index=\"8\" ><div\n\t\t\t\n\t\t\tclass=\"so-widget-sow-editor so-widget-sow-editor-base\"\n\t\t\t\n\t\t>\n<div class=\"siteorigin-widget-tinymce textwidget\">\n\t<h5>Method for preparing a synthetic talc composition from a k\u00e9rolite composition<\/h5>\n<p><strong>N\u00b0 WO 2008\/009801 A2<\/strong>, aux noms de Luzenac Europe SAS et du Centre National de la Recherche Scientifique\u00a0<strong>(O. Grauby)<\/strong><\/p>\n<\/div>\n<\/div><\/div><\/div><\/div><div id=\"pg-72-3\"  class=\"panel-grid panel-no-style\" ><div id=\"pgc-72-3-0\"  class=\"panel-grid-cell\" ><div id=\"panel-72-3-0-0\" class=\"so-panel widget widget_sow-editor panel-first-child panel-last-child\" data-index=\"9\" ><div\n\t\t\t\n\t\t\tclass=\"so-widget-sow-editor so-widget-sow-editor-base\"\n\t\t\t\n\t\t>\n<div class=\"siteorigin-widget-tinymce textwidget\">\n\t<h5>Preparation of a composition of swelling T.O.T.-T.O.T. interlayer<\/h5>\n<p><strong>N\u00b0 WO 2008\/009800 A2<\/strong>, aux noms de Luzenac Europe SAS et du Centre National de la Recherche Scientifique\u00a0<strong>(O. Grauby)<\/strong><\/p>\n<\/div>\n<\/div><\/div><\/div><div id=\"pgc-72-3-1\"  class=\"panel-grid-cell\" ><div id=\"panel-72-3-1-0\" class=\"so-panel widget widget_sow-editor panel-first-child panel-last-child\" data-index=\"10\" ><div\n\t\t\t\n\t\t\tclass=\"so-widget-sow-editor so-widget-sow-editor-base\"\n\t\t\t\n\t\t>\n<div class=\"siteorigin-widget-tinymce textwidget\">\n\t<h5>Method for preparing talcose compositions comprising synthetic mineral particles containing silicon, germanium and metal.<\/h5>\n<p><strong>N\u00b0 WO 2008\/009799 A2<\/strong>, aux noms de Luzenac Europe SAS et du Centre National de la Recherche Scientifique\u00a0<strong>(O. Grauby)<\/strong><\/p>\n<\/div>\n<\/div><\/div><\/div><div id=\"pgc-72-3-2\"  class=\"panel-grid-cell\" ><div id=\"panel-72-3-2-0\" class=\"so-panel widget widget_sow-editor panel-first-child panel-last-child\" data-index=\"11\" ><div\n\t\t\t\n\t\t\tclass=\"so-widget-sow-editor so-widget-sow-editor-base\"\n\t\t\t\n\t\t>\n<div class=\"siteorigin-widget-tinymce textwidget\">\n\t<h5>Proc\u00e9d\u00e9 de pr\u00e9paration d\u2019une composition de talc synth\u00e9tique \u00e0 partir d\u2019une composition de k\u00e9rolite<\/h5>\n<p><strong>N\u00b0FR 2903682 A1<\/strong>, aux noms de Luzenac Europe SAS et du Centre National de la Recherche Scientifique\u00a0<strong>(O. Grauby)<\/strong><\/p>\n<\/div>\n<\/div><\/div><\/div><\/div><div id=\"pg-72-4\"  class=\"panel-grid panel-no-style\" ><div id=\"pgc-72-4-0\"  class=\"panel-grid-cell\" ><div id=\"panel-72-4-0-0\" class=\"so-panel widget widget_sow-editor panel-first-child panel-last-child\" data-index=\"12\" ><div\n\t\t\t\n\t\t\tclass=\"so-widget-sow-editor so-widget-sow-editor-base\"\n\t\t\t\n\t\t>\n<div class=\"siteorigin-widget-tinymce textwidget\">\n\t<h5>Pr\u00e9paration d\u2019une composition d\u2019un interstratifi\u00e9 T.O.T-T.O.T gonflant<\/h5>\n<p><strong>N\u00b0 FR 2903681 B1<\/strong>, aux noms de Luzenac Europe SAS et du Centre National de la Recherche Scientifique\u00a0<strong>(O. Grauby)<\/strong><\/p>\n<\/div>\n<\/div><\/div><\/div><div id=\"pgc-72-4-1\"  class=\"panel-grid-cell\" ><div id=\"panel-72-4-1-0\" class=\"so-panel widget widget_sow-editor panel-first-child panel-last-child\" data-index=\"13\" ><div\n\t\t\t\n\t\t\tclass=\"so-widget-sow-editor so-widget-sow-editor-base\"\n\t\t\t\n\t\t>\n<div class=\"siteorigin-widget-tinymce textwidget\">\n\t<h5>Proc\u00e9d\u00e9 de pr\u00e9paration de compositions talqueuses comprenant des particules min\u00e9rales silico\/germano-m\u00e9talliques synth\u00e9tiques<\/h5>\n<p><strong>N\u00b0FR 2903680 B1<\/strong>, aux noms de Luzenac Europe SAS et du Centre National de la Recherche Scientifique\u00a0<strong>(O. Grauby)<\/strong><\/p>\n<\/div>\n<\/div><\/div><\/div><div id=\"pgc-72-4-2\"  class=\"panel-grid-cell\" ><div id=\"panel-72-4-2-0\" class=\"so-panel widget widget_sow-editor panel-first-child panel-last-child\" data-index=\"14\" ><div\n\t\t\t\n\t\t\tclass=\"so-widget-sow-editor so-widget-sow-editor-base\"\n\t\t\t\n\t\t>\n<div class=\"siteorigin-widget-tinymce textwidget\">\n\t<h5>Mini-impacteur pour la collecte de mati\u00e8re<\/h5>\n<p>Enveloppe SOLEAU\u00a0<strong>N\u00b0410880<\/strong>\u00a0\u00e0 l\u2019I.N.P.I.\u00a0<strong>(D. Ferry)<\/strong><\/p>\n<\/div>\n<\/div><\/div><\/div><\/div><div id=\"pg-72-5\"  class=\"panel-grid panel-no-style\" ><div id=\"pgc-72-5-0\"  class=\"panel-grid-cell\" ><div id=\"panel-72-5-0-0\" class=\"so-panel widget widget_sow-editor panel-first-child panel-last-child\" data-index=\"15\" ><div\n\t\t\t\n\t\t\tclass=\"so-widget-sow-editor so-widget-sow-editor-base\"\n\t\t\t\n\t\t>\n<div class=\"siteorigin-widget-tinymce textwidget\">\n\t<h5>Logiciel Soot Expert<\/h5>\n<p>Enveloppe SOLEAU\u00a0<strong>N\u00b0425468<\/strong>\u00a0\u00e0 l\u2019I.N.P.I.\u00a0<strong>(D. Ferry)<\/strong><\/p>\n<\/div>\n<\/div><\/div><\/div><div id=\"pgc-72-5-1\"  class=\"panel-grid-cell\" ><div id=\"panel-72-5-1-0\" class=\"so-panel widget widget_sow-editor panel-first-child panel-last-child\" data-index=\"16\" ><div\n\t\t\t\n\t\t\tclass=\"so-widget-sow-editor so-widget-sow-editor-base\"\n\t\t\t\n\t\t>\n<div class=\"siteorigin-widget-tinymce textwidget\">\n\t<h5>Proc\u00e9d\u00e9 de croissance de films minces monocristallins sur wafer de saphir<\/h5>\n<p>069 \/\/ STEPPHIRE - <strong>R\u00e9f\/CNRS : DI11692-01<\/strong> - R\u00e9f\/AMU : <strong>18D051<\/strong> - D\u00e9p\u00f4t de la demande de brevet europ\u00e9en.<\/p>\n<\/div>\n<\/div><\/div><\/div><div id=\"pgc-72-5-2\"  class=\"panel-grid-cell\" ><div id=\"panel-72-5-2-0\" class=\"so-panel widget widget_sow-editor panel-first-child panel-last-child\" data-index=\"17\" ><div\n\t\t\t\n\t\t\tclass=\"so-widget-sow-editor so-widget-sow-editor-base\"\n\t\t\t\n\t\t>\n<div class=\"siteorigin-widget-tinymce textwidget\">\n\t<h5>Cellule photovolta\u00efque et son proc\u00e9d\u00e9 de fabrication<\/h5>\n<p>Brevet national, P. Pierron, S. Ben Dkhil, O. Margeat, J. Ackermann,\u00a0<strong>N\u00b0 856062<\/strong>\u00a0date de d\u00e9p\u00f4t le 29 juin 2018<\/p>\n<\/div>\n<\/div><\/div><\/div><\/div><div id=\"pg-72-6\"  class=\"panel-grid panel-no-style\" ><div id=\"pgc-72-6-0\"  class=\"panel-grid-cell\" ><div id=\"panel-72-6-0-0\" class=\"so-panel widget widget_sow-editor panel-first-child panel-last-child\" data-index=\"18\" ><div\n\t\t\t\n\t\t\tclass=\"so-widget-sow-editor so-widget-sow-editor-base\"\n\t\t\t\n\t\t>\n<div class=\"siteorigin-widget-tinymce textwidget\">\n\t<h5>Composition de polym\u00e8re conducteur et son proc\u00e9d\u00e9 de fabrication<\/h5>\n<p>Brevet national, P. Pierron, S. Ben Dkhil, O. Margeat, J. Ackermann,\u00a0<strong>N\u00b0 1856060<\/strong>\u00a0date de d\u00e9p\u00f4t le 29 juin 2018<\/p>\n<\/div>\n<\/div><\/div><\/div><div id=\"pgc-72-6-1\"  class=\"panel-grid-cell\" ><div id=\"panel-72-6-1-0\" class=\"so-panel widget widget_sow-editor panel-first-child panel-last-child\" data-index=\"19\" ><div\n\t\t\t\n\t\t\tclass=\"so-widget-sow-editor so-widget-sow-editor-base\"\n\t\t\t\n\t\t>\n<div class=\"siteorigin-widget-tinymce textwidget\">\n\t<h5>Cellules et modules solaires multicolores ainsi que LEDs en utilisant des couches photoactives structur\u00e9es compos\u00e9es de diff\u00e9rents mat\u00e9riaux photovolta\u00efques<\/h5>\n<p>Brevet international, S. Ben Dkhil, O. Margeat, C. Videlot-Ackermann, J. Ackermann, D. Duch\u00e9, L. Escoubas J.-J. Simon.\u00a0<strong>EP 17157916.2<\/strong>\u00a0, date de d\u00e9p\u00f4t : 24 f\u00e9vrier 2017<\/p>\n<\/div>\n<\/div><\/div><\/div><div id=\"pgc-72-6-2\"  class=\"panel-grid-cell\" ><div id=\"panel-72-6-2-0\" class=\"so-panel widget widget_sow-editor panel-first-child panel-last-child\" data-index=\"20\" ><div\n\t\t\t\n\t\t\tclass=\"so-widget-sow-editor so-widget-sow-editor-base\"\n\t\t\t\n\t\t>\n<div class=\"siteorigin-widget-tinymce textwidget\">\n\t<h5>Dispositif multicolore de conversion d\u2019energie et procede de strucuration tridimensionelle<\/h5>\n<p>Brevet national, Roussot, T.; Barret, M.; Pierrot P.; Duch\u00e9, D., Simon, Jean-Jacques, Escoubas L.; Ackermann, J.; Margeat, Olivier, Ben Dkhil Sadok,\u00a0<strong>No.16 50813<\/strong><\/p>\n<\/div>\n<\/div><\/div><\/div><\/div><div id=\"pg-72-7\"  class=\"panel-grid panel-no-style\" ><div id=\"pgc-72-7-0\"  class=\"panel-grid-cell\" ><div id=\"panel-72-7-0-0\" class=\"so-panel widget widget_sow-editor panel-first-child panel-last-child\" data-index=\"21\" ><div\n\t\t\t\n\t\t\tclass=\"so-widget-sow-editor so-widget-sow-editor-base\"\n\t\t\t\n\t\t>\n<div class=\"siteorigin-widget-tinymce textwidget\">\n\t<h5>Nanomat\u00e9riaux hybrides luminescents \u00e0 \u00e9mission induite par agr\u00e9gation<\/h5>\n<p>M. Hissler, P.A. Bouilt, O. Margeat, J. Ackermann, Brevet national, jour de depot:18\/06\/2014,\u00a0<strong>N\u00b0: 14173001.0-1508<\/strong><\/p>\n<\/div>\n<\/div><\/div><\/div><div id=\"pgc-72-7-1\"  class=\"panel-grid-cell\" ><div id=\"panel-72-7-1-0\" class=\"so-panel widget widget_sow-editor panel-first-child panel-last-child\" data-index=\"22\" ><div\n\t\t\t\n\t\t\tclass=\"so-widget-sow-editor so-widget-sow-editor-base\"\n\t\t\t\n\t\t>\n<div class=\"siteorigin-widget-tinymce textwidget\">\n\t<h5>A mechanism and apparatus by which visual information and\/or color images may be securely and inexpensively personalized onto physical media by selectively bleaching color components<\/h5>\n<p>J.-L. Lesur, J. Leibenguth, V. Khodorkovsky, N. Larina, V. Lokshin, M. Maciejczyk. Patent application. CNRS Ref.\u00a0<strong>No 06214-01.<\/strong><\/p>\n<\/div>\n<\/div><\/div><\/div><div id=\"pgc-72-7-2\"  class=\"panel-grid-cell\" ><div id=\"panel-72-7-2-0\" class=\"so-panel widget widget_sow-editor panel-first-child panel-last-child\" data-index=\"23\" ><div\n\t\t\t\n\t\t\tclass=\"so-widget-sow-editor so-widget-sow-editor-base\"\n\t\t\t\n\t\t>\n<div class=\"siteorigin-widget-tinymce textwidget\">\n\t<h5>Nanoporosit\u00e9 contr\u00f4l\u00e9e de films ultra-fins pour fabrication de dispositifs d\u2019optique \u00e9lectronique<\/h5>\n<p>D\u00e9claration d\u2019Invention, d\u00e9pos\u00e9e le 1er Juillet 2016, R\u00e9f CNRS\u00a0: <strong>DI 09550-01\/<\/strong> R\u00e9f SATT\u00a0: NANOPOROSITES-852, Inventeurs\u00a0: Roger MORIN, Laurent LAPENA, et Alain DEGIOVANNI<\/p>\n<p>&nbsp;<\/p>\n<\/div>\n<\/div><\/div><\/div><\/div><div id=\"pg-72-8\"  class=\"panel-grid panel-no-style\" ><div id=\"pgc-72-8-0\"  class=\"panel-grid-cell\" ><div id=\"panel-72-8-0-0\" class=\"so-panel widget widget_sow-editor panel-first-child panel-last-child\" data-index=\"24\" ><div\n\t\t\t\n\t\t\tclass=\"so-widget-sow-editor so-widget-sow-editor-base\"\n\t\t\t\n\t\t>\n<div class=\"siteorigin-widget-tinymce textwidget\">\n\t<h5>Proc\u00e9d\u00e9 de fabrication d\u2019\u00e9chantillons, dispositif pour sa mise en oeuvre et utilisations<\/h5>\n<p>Brevet fran\u00e7ais <strong>n\u00b0FR12 61037<\/strong>, 20 Novembre 2012,\u00a0 Inventeur\u00a0: Bernard Tinland<\/p>\n<\/div>\n<\/div><\/div><\/div><div id=\"pgc-72-8-1\"  class=\"panel-grid-cell\" ><div id=\"panel-72-8-1-0\" class=\"so-panel widget widget_sow-editor panel-first-child panel-last-child\" data-index=\"25\" ><div\n\t\t\t\n\t\t\tclass=\"so-widget-sow-editor so-widget-sow-editor-base\"\n\t\t\t\n\t\t>\n<div class=\"siteorigin-widget-tinymce textwidget\">\n\t<h5>Method and device for filling nanopipettes via dynamic microdistillation<\/h5>\n<p>Brevet international publi\u00e9 le 6 Juin 2013\u00a0: <strong>WO 2013\/079874<\/strong> A1, Inventors\u00a0: Bernard Tinland, Evelyne Guirleo<\/p>\n<\/div>\n<\/div><\/div><\/div><div id=\"pgc-72-8-2\"  class=\"panel-grid-cell\" ><div id=\"panel-72-8-2-0\" class=\"so-panel widget widget_sow-editor panel-first-child panel-last-child\" data-index=\"26\" ><div\n\t\t\t\n\t\t\tclass=\"so-widget-sow-editor so-widget-sow-editor-base\"\n\t\t\t\n\t\t>\n<div class=\"siteorigin-widget-tinymce textwidget\">\n\t<h5>Proc\u00e9d\u00e9 de contr\u00f4le d\u2019au moins une bulle de gaz produite de mani\u00e8re localis\u00e9e<\/h5>\n<p>Brevet Fran\u00e7ais <strong>N\u00b0\u00a01459127<\/strong>, 26 Sept 2014, d\u00e9pos\u00e9 aux noms du CNRS, AMU, Ecole Centrale Marseille, Inventeurs\u00a0: Achaoui Y, Mensah S., Hammadi Z., Morin R., Debieu, E., Payan C.<\/p>\n<p>&nbsp;<\/p>\n<\/div>\n<\/div><\/div><\/div><\/div><div id=\"pg-72-9\"  class=\"panel-grid panel-no-style\" ><div id=\"pgc-72-9-0\"  class=\"panel-grid-cell\" ><div id=\"panel-72-9-0-0\" class=\"so-panel widget widget_sow-editor panel-first-child panel-last-child\" data-index=\"27\" ><div\n\t\t\t\n\t\t\tclass=\"so-widget-sow-editor so-widget-sow-editor-base\"\n\t\t\t\n\t\t>\n<div class=\"siteorigin-widget-tinymce textwidget\">\n\t<h5>Encapsulation of phenazine and derivatives thereof, 12\/03\/2018<\/h5>\n<p>&nbsp;<\/p>\n<\/div>\n<\/div><\/div><\/div><div id=\"pgc-72-9-1\"  class=\"panel-grid-cell\" ><div id=\"panel-72-9-1-0\" class=\"so-panel widget widget_sow-editor panel-first-child panel-last-child\" data-index=\"28\" ><div\n\t\t\t\n\t\t\tclass=\"so-widget-sow-editor so-widget-sow-editor-base\"\n\t\t\t\n\t\t>\n<div class=\"siteorigin-widget-tinymce textwidget\">\n\t<h5>Biocidal materials and devices, 2018<\/h5>\n<p>&nbsp;<\/p>\n<\/div>\n<\/div><\/div><\/div><div id=\"pgc-72-9-2\"  class=\"panel-grid-cell\" ><div id=\"panel-72-9-2-0\" class=\"so-panel widget widget_sow-editor panel-first-child panel-last-child\" data-index=\"29\" ><div\n\t\t\t\n\t\t\tclass=\"so-widget-sow-editor so-widget-sow-editor-base\"\n\t\t\t\n\t\t>\n<div class=\"siteorigin-widget-tinymce textwidget\">\n\t<h5>Derivatives of phenazine useful to treat cancer, 02\/09\/2011<\/h5>\n<\/div>\n<\/div><\/div><\/div><\/div><\/div>","protected":false},"excerpt":{"rendered":"<p>Method for making semi-conductor nanocrystals Brevet\u00a0: US2012282758.\u00a08 Novembre 2012.\u00a0L. Borowik, J.C. Barb\u00e9, E. Bussmann, F. Cheynis, F. Leroy, D. Mariolle, P.M\u00fcller. Method for making semi-conductor nanocrystals oriented along predifined direction Brevet\u00a0: US2012282759.\u00a08 Novembre 2012.\u00a0L. Borowik, J.C. Barb\u00e9, E. Bussmann, F. Cheynis, F. Leroy, D. Mariolle, P.M\u00fcller. Mini-impacteur pour la collecte de mati\u00e8re Enveloppe SOLEAU N\u00b0410880 <\/p>\n","protected":false},"author":1,"featured_media":858,"parent":17,"menu_order":2,"comment_status":"closed","ping_status":"closed","template":"page-templates\/full-page.php","meta":[],"aioseo_notices":[],"_links":{"self":[{"href":"https:\/\/www.cinam.univ-mrs.fr\/cinam\/wp-json\/wp\/v2\/pages\/72"}],"collection":[{"href":"https:\/\/www.cinam.univ-mrs.fr\/cinam\/wp-json\/wp\/v2\/pages"}],"about":[{"href":"https:\/\/www.cinam.univ-mrs.fr\/cinam\/wp-json\/wp\/v2\/types\/page"}],"author":[{"embeddable":true,"href":"https:\/\/www.cinam.univ-mrs.fr\/cinam\/wp-json\/wp\/v2\/users\/1"}],"replies":[{"embeddable":true,"href":"https:\/\/www.cinam.univ-mrs.fr\/cinam\/wp-json\/wp\/v2\/comments?post=72"}],"version-history":[{"count":53,"href":"https:\/\/www.cinam.univ-mrs.fr\/cinam\/wp-json\/wp\/v2\/pages\/72\/revisions"}],"predecessor-version":[{"id":5136,"href":"https:\/\/www.cinam.univ-mrs.fr\/cinam\/wp-json\/wp\/v2\/pages\/72\/revisions\/5136"}],"up":[{"embeddable":true,"href":"https:\/\/www.cinam.univ-mrs.fr\/cinam\/wp-json\/wp\/v2\/pages\/17"}],"wp:featuredmedia":[{"embeddable":true,"href":"https:\/\/www.cinam.univ-mrs.fr\/cinam\/wp-json\/wp\/v2\/media\/858"}],"wp:attachment":[{"href":"https:\/\/www.cinam.univ-mrs.fr\/cinam\/wp-json\/wp\/v2\/media?parent=72"}],"curies":[{"name":"wp","href":"https:\/\/api.w.org\/{rel}","templated":true}]}}