{"id":74,"date":"2018-12-04T20:50:01","date_gmt":"2018-12-04T19:50:01","guid":{"rendered":"http:\/\/www.cinam.univ-mrs.fr\/cinam\/?page_id=74"},"modified":"2022-10-25T10:26:16","modified_gmt":"2022-10-25T08:26:16","slug":"contrats-industriels","status":"publish","type":"page","link":"https:\/\/www.cinam.univ-mrs.fr\/cinam\/valorisation\/contrats-industriels\/","title":{"rendered":"Contrats Industriels"},"content":{"rendered":"<div id=\"pl-74\"  class=\"panel-layout\" ><div id=\"pg-74-0\"  class=\"panel-grid panel-has-style\" ><div class=\"siteorigin-panels-stretch panel-row-style panel-row-style-for-74-0\" data-stretch-type=\"full-stretched\" ><div id=\"pgc-74-0-0\"  class=\"panel-grid-cell\" ><div id=\"panel-74-0-0-0\" class=\"so-panel widget widget_sow-slider panel-first-child panel-last-child\" data-index=\"0\" ><div\n\t\t\t\n\t\t\tclass=\"so-widget-sow-slider so-widget-sow-slider-default-6d39609536fd-74\"\n\t\t\t\n\t\t>\t\t\t\t<div class=\"sow-slider-base\" style=\"display: none\" tabindex=\"0\">\n\t\t\t\t\t<ul\n\t\t\t\t\tclass=\"sow-slider-images\"\n\t\t\t\t\tdata-settings=\"{&quot;pagination&quot;:true,&quot;speed&quot;:800,&quot;timeout&quot;:8000,&quot;paused&quot;:false,&quot;pause_on_hover&quot;:false,&quot;swipe&quot;:true,&quot;nav_always_show_desktop&quot;:&quot;&quot;,&quot;nav_always_show_mobile&quot;:&quot;&quot;,&quot;breakpoint&quot;:&quot;780px&quot;,&quot;unmute&quot;:false,&quot;anchor&quot;:null}\"\n\t\t\t\t\t\t\t\t\t\tdata-anchor-id=\"\"\n\t\t\t\t>\t\t<li class=\"sow-slider-image\" style=\"visibility: visible;\" >\n\t\t\t\t\t\t<img width=\"1302\" height=\"404\" src=\"https:\/\/www.cinam.univ-mrs.fr\/cinam\/wp-content\/uploads\/2019\/02\/contrats-industriels.png\" class=\"sow-slider-background-image\" alt=\"Contrats Industriels\" decoding=\"async\" loading=\"lazy\" style=\"\" srcset=\"https:\/\/www.cinam.univ-mrs.fr\/cinam\/wp-content\/uploads\/2019\/02\/contrats-industriels.png 1302w, https:\/\/www.cinam.univ-mrs.fr\/cinam\/wp-content\/uploads\/2019\/02\/contrats-industriels-300x93.png 300w, https:\/\/www.cinam.univ-mrs.fr\/cinam\/wp-content\/uploads\/2019\/02\/contrats-industriels-768x238.png 768w, https:\/\/www.cinam.univ-mrs.fr\/cinam\/wp-content\/uploads\/2019\/02\/contrats-industriels-1024x318.png 1024w\" sizes=\"100vw\" \/>\t\t<\/li>\n\t\t<\/ul>\t\t\t\t<ol class=\"sow-slider-pagination\">\n\t\t\t\t\t\t\t\t\t\t\t<li><a href=\"#\" data-goto=\"0\" aria-label=\"afficher la diapositive 1\"><\/a><\/li>\n\t\t\t\t\t\t\t\t\t<\/ol>\n\n\t\t\t\t<div class=\"sow-slide-nav sow-slide-nav-next\">\n\t\t\t\t\t<a href=\"#\" data-goto=\"next\" aria-label=\"diapositive suivante\" data-action=\"next\">\n\t\t\t\t\t\t<em class=\"sow-sld-icon-thin-right\"><\/em>\n\t\t\t\t\t<\/a>\n\t\t\t\t<\/div>\n\n\t\t\t\t<div class=\"sow-slide-nav sow-slide-nav-prev\">\n\t\t\t\t\t<a href=\"#\" data-goto=\"previous\" aria-label=\"diapositive pr\u00e9c\u00e9dente\" data-action=\"prev\">\n\t\t\t\t\t\t<em class=\"sow-sld-icon-thin-left\"><\/em>\n\t\t\t\t\t<\/a>\n\t\t\t\t<\/div>\n\t\t\t\t<\/div><\/div><\/div><\/div><\/div><\/div><div id=\"pg-74-1\"  class=\"panel-grid panel-no-style\" ><div id=\"pgc-74-1-0\"  class=\"panel-grid-cell\" ><div id=\"panel-74-1-0-0\" class=\"so-panel widget widget_sow-image panel-first-child\" data-index=\"1\" ><div\n\t\t\t\n\t\t\tclass=\"so-widget-sow-image so-widget-sow-image-default-8b5b6f678277-74\"\n\t\t\t\n\t\t>\n\n<div class=\"sow-image-container\">\n\t\t\t<a href=\"https:\/\/dracula-technologies.com\/fr\/layer\/\"\n\t\t\ttarget=\"_blank\" rel=\"noopener noreferrer\" \t\t>\n\t\t\t<img src=\"https:\/\/www.cinam.univ-mrs.fr\/cinam\/wp-content\/uploads\/2019\/02\/contrats-industriels-4.png\" width=\"974\" height=\"608\" srcset=\"https:\/\/www.cinam.univ-mrs.fr\/cinam\/wp-content\/uploads\/2019\/02\/contrats-industriels-4.png 974w, https:\/\/www.cinam.univ-mrs.fr\/cinam\/wp-content\/uploads\/2019\/02\/contrats-industriels-4-300x187.png 300w, https:\/\/www.cinam.univ-mrs.fr\/cinam\/wp-content\/uploads\/2019\/02\/contrats-industriels-4-768x479.png 768w\" sizes=\"(max-width: 706px) 89vw, (max-width: 767px) 82vw, 740px\" title=\"Contrats Industriels 3\" alt=\"Contrats Industriels 3\" loading=\"lazy\" \t\tclass=\"so-widget-image\"\/>\n\t<\/a><\/div>\n\n<\/div><\/div><div id=\"panel-74-1-0-1\" class=\"so-panel widget widget_sow-editor\" data-index=\"2\" ><div\n\t\t\t\n\t\t\tclass=\"so-widget-sow-editor so-widget-sow-editor-base\"\n\t\t\t\n\t\t><h3 class=\"widget-title\">DRACULA<\/h3>\n<div class=\"siteorigin-widget-tinymce textwidget\">\n\tDracula Technologies a cr\u00e9\u00e9 LAYER\u00ae, une technologie imprim\u00e9e qui g\u00e9n\u00e8re de l\u2019\u00e9nergie \u00e0 partir de la lumi\u00e8re ambiante.\n<br \/>\n<a href=\"https:\/\/dracula-technologies.com\/fr\/layer\/\" target=\"_blank\" rel=\"noopener\">En Savoir Plus<\/a><\/div>\n<\/div><\/div><div id=\"panel-74-1-0-2\" class=\"so-panel widget widget_sow-image\" data-index=\"3\" ><div\n\t\t\t\n\t\t\tclass=\"so-widget-sow-image so-widget-sow-image-default-8b5b6f678277-74\"\n\t\t\t\n\t\t>\n\n<div class=\"sow-image-container\">\n\t\t\t<a href=\"https:\/\/www.orsayphysics.com\/our-group\"\n\t\t\ttarget=\"_blank\" rel=\"noopener noreferrer\" \t\t>\n\t\t\t<img src=\"https:\/\/www.cinam.univ-mrs.fr\/cinam\/wp-content\/uploads\/2022\/10\/osayphysics.png\" width=\"468\" height=\"67\" srcset=\"https:\/\/www.cinam.univ-mrs.fr\/cinam\/wp-content\/uploads\/2022\/10\/osayphysics.png 468w, https:\/\/www.cinam.univ-mrs.fr\/cinam\/wp-content\/uploads\/2022\/10\/osayphysics-300x43.png 300w\" sizes=\"(max-width: 468px) 100vw, 468px\" alt=\"\" loading=\"lazy\" \t\tclass=\"so-widget-image\"\/>\n\t<\/a><\/div>\n\n<\/div><\/div><div id=\"panel-74-1-0-3\" class=\"so-panel widget widget_sow-editor panel-last-child\" data-index=\"4\" ><div\n\t\t\t\n\t\t\tclass=\"so-widget-sow-editor so-widget-sow-editor-base\"\n\t\t\t\n\t\t><h3 class=\"widget-title\">ORSAY PHYSICS<\/h3>\n<div class=\"siteorigin-widget-tinymce textwidget\">\n\t<p>Orsay Physics est une entreprise qui personnalise les syst\u00e8mes de faisceaux d\u2019ions focalis\u00e9s et de microscopie \u00e9lectronique \u00e0 balayage sous ultra-vide en fonction des besoins du client.<\/p>\n<p><a href=\"https:\/\/www.orsayphysics.com\/our-group\" target=\"_blank\" rel=\"noopener\">En savoir plus<\/a><\/p>\n<\/div>\n<\/div><\/div><\/div><div id=\"pgc-74-1-1\"  class=\"panel-grid-cell\" ><div id=\"panel-74-1-1-0\" class=\"so-panel widget widget_sow-image panel-first-child\" data-index=\"5\" ><div\n\t\t\t\n\t\t\tclass=\"so-widget-sow-image so-widget-sow-image-default-8b5b6f678277-74\"\n\t\t\t\n\t\t>\n\n<div class=\"sow-image-container\">\n\t\t\t<a href=\"https:\/\/www.st.com\/content\/st_com\/en.html\"\n\t\t\ttarget=\"_blank\" rel=\"noopener noreferrer\" \t\t>\n\t\t\t<img src=\"https:\/\/www.cinam.univ-mrs.fr\/cinam\/wp-content\/uploads\/2019\/02\/contrats-industriels-3.png\" width=\"974\" height=\"608\" srcset=\"https:\/\/www.cinam.univ-mrs.fr\/cinam\/wp-content\/uploads\/2019\/02\/contrats-industriels-3.png 974w, https:\/\/www.cinam.univ-mrs.fr\/cinam\/wp-content\/uploads\/2019\/02\/contrats-industriels-3-300x187.png 300w, https:\/\/www.cinam.univ-mrs.fr\/cinam\/wp-content\/uploads\/2019\/02\/contrats-industriels-3-768x479.png 768w\" sizes=\"(max-width: 706px) 89vw, (max-width: 767px) 82vw, 740px\" title=\"Contrats Industriels 2\" alt=\"Contrats Industriels 2\" loading=\"lazy\" \t\tclass=\"so-widget-image\"\/>\n\t<\/a><\/div>\n\n<\/div><\/div><div id=\"panel-74-1-1-1\" class=\"so-panel widget widget_sow-editor panel-last-child\" data-index=\"6\" ><div\n\t\t\t\n\t\t\tclass=\"so-widget-sow-editor so-widget-sow-editor-base\"\n\t\t\t\n\t\t><h3 class=\"widget-title\">STMICROELECTRONICS<\/h3>\n<div class=\"siteorigin-widget-tinymce textwidget\">\n\tSTMicroelectronics est une soci\u00e9t\u00e9 qui d\u00e9veloppe, fabrique et commercialise des puces \u00e9lectroniques.\n<br \/>\n<a href=\"https:\/\/www.st.com\/content\/st_com\/en.html\" target=\"_blank\" rel=\"noopener\">En Savoir Plus<\/a><\/div>\n<\/div><\/div><\/div><div id=\"pgc-74-1-2\"  class=\"panel-grid-cell\" ><div id=\"panel-74-1-2-0\" class=\"so-panel widget widget_sow-image panel-first-child\" data-index=\"7\" ><div\n\t\t\t\n\t\t\tclass=\"so-widget-sow-image so-widget-sow-image-default-8b5b6f678277-74\"\n\t\t\t\n\t\t>\n\n<div class=\"sow-image-container\">\n\t\t\t<a href=\"https:\/\/www.servier.fr\/\"\n\t\t\ttarget=\"_blank\" rel=\"noopener noreferrer\" \t\t>\n\t\t\t<img src=\"https:\/\/www.cinam.univ-mrs.fr\/cinam\/wp-content\/uploads\/2019\/02\/contrats-industriels-2.png\" width=\"974\" height=\"608\" srcset=\"https:\/\/www.cinam.univ-mrs.fr\/cinam\/wp-content\/uploads\/2019\/02\/contrats-industriels-2.png 974w, https:\/\/www.cinam.univ-mrs.fr\/cinam\/wp-content\/uploads\/2019\/02\/contrats-industriels-2-300x187.png 300w, https:\/\/www.cinam.univ-mrs.fr\/cinam\/wp-content\/uploads\/2019\/02\/contrats-industriels-2-768x479.png 768w\" sizes=\"(max-width: 706px) 89vw, (max-width: 767px) 82vw, 740px\" title=\"Contrats Industriels 1\" alt=\"Contrats Industriels 1\" loading=\"lazy\" \t\tclass=\"so-widget-image\"\/>\n\t<\/a><\/div>\n\n<\/div><\/div><div id=\"panel-74-1-2-1\" class=\"so-panel widget widget_sow-editor panel-last-child\" data-index=\"8\" ><div\n\t\t\t\n\t\t\tclass=\"so-widget-sow-editor so-widget-sow-editor-base\"\n\t\t\t\n\t\t><h3 class=\"widget-title\">SERVIER<\/h3>\n<div class=\"siteorigin-widget-tinymce textwidget\">\n\tServier est un groupe pharmaceutique fran\u00e7ais. \n<br \/>\n<a href=\"https:\/\/www.servier.fr\/\" target=\"_blank\" rel=\"noopener\">En Savoir Plus<\/a><\/div>\n<\/div><\/div><\/div><\/div><\/div>","protected":false},"excerpt":{"rendered":"<p>Dracula Technologies a cr\u00e9\u00e9 LAYER\u00ae, une technologie imprim\u00e9e qui g\u00e9n\u00e8re de l\u2019\u00e9nergie \u00e0 partir de la lumi\u00e8re ambiante. En Savoir Plus Orsay Physics est une entreprise qui personnalise les syst\u00e8mes de faisceaux d\u2019ions focalis\u00e9s et de microscopie \u00e9lectronique \u00e0 balayage sous ultra-vide en fonction des besoins du client. En savoir plus STMicroelectronics est une soci\u00e9t\u00e9 <\/p>\n","protected":false},"author":1,"featured_media":0,"parent":17,"menu_order":3,"comment_status":"closed","ping_status":"closed","template":"page-templates\/full-page.php","meta":[],"aioseo_notices":[],"_links":{"self":[{"href":"https:\/\/www.cinam.univ-mrs.fr\/cinam\/wp-json\/wp\/v2\/pages\/74"}],"collection":[{"href":"https:\/\/www.cinam.univ-mrs.fr\/cinam\/wp-json\/wp\/v2\/pages"}],"about":[{"href":"https:\/\/www.cinam.univ-mrs.fr\/cinam\/wp-json\/wp\/v2\/types\/page"}],"author":[{"embeddable":true,"href":"https:\/\/www.cinam.univ-mrs.fr\/cinam\/wp-json\/wp\/v2\/users\/1"}],"replies":[{"embeddable":true,"href":"https:\/\/www.cinam.univ-mrs.fr\/cinam\/wp-json\/wp\/v2\/comments?post=74"}],"version-history":[{"count":27,"href":"https:\/\/www.cinam.univ-mrs.fr\/cinam\/wp-json\/wp\/v2\/pages\/74\/revisions"}],"predecessor-version":[{"id":10857,"href":"https:\/\/www.cinam.univ-mrs.fr\/cinam\/wp-json\/wp\/v2\/pages\/74\/revisions\/10857"}],"up":[{"embeddable":true,"href":"https:\/\/www.cinam.univ-mrs.fr\/cinam\/wp-json\/wp\/v2\/pages\/17"}],"wp:attachment":[{"href":"https:\/\/www.cinam.univ-mrs.fr\/cinam\/wp-json\/wp\/v2\/media?parent=74"}],"curies":[{"name":"wp","href":"https:\/\/api.w.org\/{rel}","templated":true}]}}