{"id":9022,"date":"2021-07-15T11:13:05","date_gmt":"2021-07-15T09:13:05","guid":{"rendered":"http:\/\/www.cinam.univ-mrs.fr\/cinam\/?page_id=9022"},"modified":"2021-07-22T14:12:41","modified_gmt":"2021-07-22T12:12:41","slug":"sources-brillantes","status":"publish","type":"page","link":"https:\/\/www.cinam.univ-mrs.fr\/cinam\/sources-brillantes\/","title":{"rendered":"Sources Brillantes"},"content":{"rendered":"<div id=\"pl-9022\"  class=\"panel-layout\" ><div id=\"pg-9022-0\"  class=\"panel-grid panel-no-style\" ><div id=\"pgc-9022-0-0\"  class=\"panel-grid-cell\" ><div id=\"panel-9022-0-0-0\" class=\"so-panel widget widget_sow-editor panel-first-child panel-last-child\" data-index=\"0\" ><div\n\t\t\t\n\t\t\tclass=\"so-widget-sow-editor so-widget-sow-editor-base\"\n\t\t\t\n\t\t>\n<div class=\"siteorigin-widget-tinymce textwidget\">\n\t<p>Moins connus que les potentiels dont ils d\u00e9rivent, les champs sont pourtant essentiels dans la compr\u00e9hension (et la ma\u00eetrise) de nombreux ph\u00e9nom\u00e8nes physiques.<\/p>\n<p>Des nano-g\u00e9om\u00e9tries singuli\u00e8res permettent d\u2019exalter localement ces champs. Ainsi, on peut \u00e9laborer, \u00e9tudier et utiliser des sources extr\u00eamement brillantes d\u2019ondes-particules (\u00e9lectrons, ions, neutres, photons...). Selon nos pr\u00e9occupations, ces sources permettent de mettre en exergue et mieux comprendre le r\u00f4le clef du champ, de fabriquer un front d\u2019onde pour \u00e9clairer et \u00e9tudier un objet, tout autant que de nourrir des applications exigeantes en terme de brillance.<\/p>\n<ul>\n<li><a href=\"http:\/\/www.cinam.univ-mrs.fr\/cinam\/?page_id=9074\">Sources d'\u00e9lectrons Isolant sur Conducteur<\/a><\/li>\n<li><a href=\"http:\/\/www.cinam.univ-mrs.fr\/cinam\/?page_id=9078\">Sources d'Ions \u00e0 structure Coaxiale<\/a><\/li>\n<li><a href=\"http:\/\/www.cinam.univ-mrs.fr\/cinam\/?page_id=9090&amp;preview=true\">Sources d'Atomes de Mol\u00e9cules et d'Ions<\/a><\/li>\n<\/ul>\n<\/div>\n<\/div><\/div><\/div><\/div><\/div>","protected":false},"excerpt":{"rendered":"<p>Moins connus que les potentiels dont ils d\u00e9rivent, les champs sont pourtant essentiels dans la compr\u00e9hension (et la ma\u00eetrise) de nombreux ph\u00e9nom\u00e8nes physiques. Des nano-g\u00e9om\u00e9tries singuli\u00e8res permettent d\u2019exalter localement ces champs. Ainsi, on peut \u00e9laborer, \u00e9tudier et utiliser des sources extr\u00eamement brillantes d\u2019ondes-particules (\u00e9lectrons, ions, neutres, photons&#8230;). Selon nos pr\u00e9occupations, ces sources permettent de mettre <\/p>\n","protected":false},"author":5,"featured_media":0,"parent":0,"menu_order":0,"comment_status":"closed","ping_status":"closed","template":"","meta":[],"aioseo_notices":[],"_links":{"self":[{"href":"https:\/\/www.cinam.univ-mrs.fr\/cinam\/wp-json\/wp\/v2\/pages\/9022"}],"collection":[{"href":"https:\/\/www.cinam.univ-mrs.fr\/cinam\/wp-json\/wp\/v2\/pages"}],"about":[{"href":"https:\/\/www.cinam.univ-mrs.fr\/cinam\/wp-json\/wp\/v2\/types\/page"}],"author":[{"embeddable":true,"href":"https:\/\/www.cinam.univ-mrs.fr\/cinam\/wp-json\/wp\/v2\/users\/5"}],"replies":[{"embeddable":true,"href":"https:\/\/www.cinam.univ-mrs.fr\/cinam\/wp-json\/wp\/v2\/comments?post=9022"}],"version-history":[{"count":13,"href":"https:\/\/www.cinam.univ-mrs.fr\/cinam\/wp-json\/wp\/v2\/pages\/9022\/revisions"}],"predecessor-version":[{"id":10801,"href":"https:\/\/www.cinam.univ-mrs.fr\/cinam\/wp-json\/wp\/v2\/pages\/9022\/revisions\/10801"}],"wp:attachment":[{"href":"https:\/\/www.cinam.univ-mrs.fr\/cinam\/wp-json\/wp\/v2\/media?parent=9022"}],"curies":[{"name":"wp","href":"https:\/\/api.w.org\/{rel}","templated":true}]}}