{"id":9026,"date":"2021-07-15T11:11:58","date_gmt":"2021-07-15T09:11:58","guid":{"rendered":"http:\/\/www.cinam.univ-mrs.fr\/cinam\/?page_id=9026"},"modified":"2022-03-04T16:32:21","modified_gmt":"2022-03-04T15:32:21","slug":"manipulation-dondes","status":"publish","type":"page","link":"https:\/\/www.cinam.univ-mrs.fr\/cinam\/manipulation-dondes\/","title":{"rendered":"Manipulation du Front d&rsquo;Onde"},"content":{"rendered":"<div id=\"pl-9026\"  class=\"panel-layout\" ><div id=\"pg-9026-0\"  class=\"panel-grid panel-no-style\" ><div id=\"pgc-9026-0-0\"  class=\"panel-grid-cell\" ><div id=\"panel-9026-0-0-0\" class=\"so-panel widget widget_sow-editor panel-first-child panel-last-child\" data-index=\"0\" ><div\n\t\t\t\n\t\t\tclass=\"so-widget-sow-editor so-widget-sow-editor-base\"\n\t\t\t\n\t\t>\n<div class=\"siteorigin-widget-tinymce textwidget\">\n\t<p>\"Lorsqu\u2019elle interagit avec un objet, une onde emporte avec elle l\u2019empreinte de cet objet\"<br \/>\nLa manipulation classique d\u2019une onde se fait traditionnellement en utilisant les ph\u00e9nom\u00e8nes de r\u00e9fraction\/diffraction en optique photonique et par l\u2019utilisation de champs en optique \u00e9lectronique. \u00a0Dans notre cas, cette manipulation se fait\u00a0:<\/p>\n<p>- Au niveau de la source\u00a0: cela nous permet la mise en place d\u2019une microscopie \u00e9lectronique holographique \u00e0 basse \u00e9nergie (de la dizaine \u00e0 la centaine d\u2019eV)<br \/>\n- Au niveau du front d\u2019onde\u00a0: par un dispositif optique et\/ou \u00e9lectrooptique novateur constitu\u00e9 d\u2019une membrane transparente de porosit\u00e9 contr\u00f4l\u00e9e permettant par exemple la r\u00e9alisation de lentille de taille r\u00e9duite (quelques mm3) en optique photonique (UV, X) et \u00e9lectronique (100 eV \u00e0 1keV).<br \/>\n- Au niveau de la d\u00e9tection\u00a0: par enregistrement spatial de l\u2019intensit\u00e9 diffract\u00e9e, ce qui permet la mise en place d\u2019une imagerie micro-onde.<\/p>\n<ul>\n<li><a href=\"http:\/\/www.cinam.univ-mrs.fr\/cinam\/?page_id=9104\">Dispositif d'Optique \u00c9lectronique Plat et Poreux<\/a><\/li>\n<li><a href=\"http:\/\/www.cinam.univ-mrs.fr\/cinam\/?page_id=9148\">Micro-ondes<\/a><\/li>\n<li><a href=\"http:\/\/www.cinam.univ-mrs.fr\/cinam\/holographie-et-imagerie-electronique\/\">Holographie Electronique<\/a><\/li>\n<\/ul>\n<\/div>\n<\/div><\/div><\/div><\/div><\/div>","protected":false},"excerpt":{"rendered":"<p>\u00ab\u00a0Lorsqu\u2019elle interagit avec un objet, une onde emporte avec elle l\u2019empreinte de cet objet\u00a0\u00bb La manipulation classique d\u2019une onde se fait traditionnellement en utilisant les ph\u00e9nom\u00e8nes de r\u00e9fraction\/diffraction en optique photonique et par l\u2019utilisation de champs en optique \u00e9lectronique. \u00a0Dans notre cas, cette manipulation se fait\u00a0: &#8211; Au niveau de la source\u00a0: cela nous permet <\/p>\n","protected":false},"author":5,"featured_media":0,"parent":0,"menu_order":0,"comment_status":"closed","ping_status":"closed","template":"","meta":[],"aioseo_notices":[],"_links":{"self":[{"href":"https:\/\/www.cinam.univ-mrs.fr\/cinam\/wp-json\/wp\/v2\/pages\/9026"}],"collection":[{"href":"https:\/\/www.cinam.univ-mrs.fr\/cinam\/wp-json\/wp\/v2\/pages"}],"about":[{"href":"https:\/\/www.cinam.univ-mrs.fr\/cinam\/wp-json\/wp\/v2\/types\/page"}],"author":[{"embeddable":true,"href":"https:\/\/www.cinam.univ-mrs.fr\/cinam\/wp-json\/wp\/v2\/users\/5"}],"replies":[{"embeddable":true,"href":"https:\/\/www.cinam.univ-mrs.fr\/cinam\/wp-json\/wp\/v2\/comments?post=9026"}],"version-history":[{"count":11,"href":"https:\/\/www.cinam.univ-mrs.fr\/cinam\/wp-json\/wp\/v2\/pages\/9026\/revisions"}],"predecessor-version":[{"id":10803,"href":"https:\/\/www.cinam.univ-mrs.fr\/cinam\/wp-json\/wp\/v2\/pages\/9026\/revisions\/10803"}],"wp:attachment":[{"href":"https:\/\/www.cinam.univ-mrs.fr\/cinam\/wp-json\/wp\/v2\/media?parent=9026"}],"curies":[{"name":"wp","href":"https:\/\/api.w.org\/{rel}","templated":true}]}}