{"id":9029,"date":"2021-07-15T11:12:15","date_gmt":"2021-07-15T09:12:15","guid":{"rendered":"http:\/\/www.cinam.univ-mrs.fr\/cinam\/?page_id=9029"},"modified":"2022-02-24T16:15:31","modified_gmt":"2022-02-24T15:15:31","slug":"microscopies-et-spectroscopies-avancees","status":"publish","type":"page","link":"https:\/\/www.cinam.univ-mrs.fr\/cinam\/microscopies-et-spectroscopies-avancees\/","title":{"rendered":"Microscopies et Spectroscopies Avanc\u00e9es"},"content":{"rendered":"<p>Par-del\u00e0 d\u2019\u00eatre maintenant devenues des techniques reconnues et pr\u00e9cieuses, un apport ind\u00e9niable des microscopies \u00e0 sonde locale est d\u2019avoir r\u00e9-encourag\u00e9 une certaine audace exp\u00e9rimentale. D\u2019abord pour aborder, de mani\u00e8re innovante, les probl\u00e9matiques scientifiques de la physique des surfaces, puis rapidement celles du nanomonde. Aujourd\u2019hui, l\u2019inventivit\u00e9 et la frugalit\u00e9 qui ont rendu possible les nombreuses d\u00e9clinaisons de ces nanoscopes, permettent des approches originales qui entrent en r\u00e9sonnance avec les questions scientifiques qu\u2019aborde le d\u00e9partement SSP.<\/p>\n<ul>\n<li><a href=\"https:\/\/www.cinam.univ-mrs.fr\/cinam\/nanoelectrolyse-de-leau\/\">De la nano\u00e9lectrolyse de l\u2019eau \u00e0 la nucl\u00e9ation contr\u00f4l\u00e9e de bulles et de cristaux <\/a><\/li>\n<li><a href=\"https:\/\/www.cinam.univ-mrs.fr\/cinam\/?page_id=9104\">Dispositif d&rsquo;Optique \u00c9lectronique Plat et Poreux<\/a><\/li>\n<li><a href=\"https:\/\/www.cinam.univ-mrs.fr\/cinam\/?page_id=9135\">Sonder les Interfaces Liquide\/Liquide<\/a><\/li>\n<\/ul>\n","protected":false},"excerpt":{"rendered":"<p>Par-del\u00e0 d\u2019\u00eatre maintenant devenues des techniques reconnues et pr\u00e9cieuses, un apport ind\u00e9niable des microscopies \u00e0 sonde locale est d\u2019avoir r\u00e9-encourag\u00e9 une certaine audace exp\u00e9rimentale. D\u2019abord pour aborder, de mani\u00e8re innovante, les probl\u00e9matiques scientifiques de la physique des surfaces, puis rapidement celles du nanomonde. Aujourd\u2019hui, l\u2019inventivit\u00e9 et la frugalit\u00e9 qui ont rendu possible les nombreuses d\u00e9clinaisons <\/p>\n","protected":false},"author":5,"featured_media":0,"parent":0,"menu_order":0,"comment_status":"closed","ping_status":"closed","template":"","meta":[],"aioseo_notices":[],"_links":{"self":[{"href":"https:\/\/www.cinam.univ-mrs.fr\/cinam\/wp-json\/wp\/v2\/pages\/9029"}],"collection":[{"href":"https:\/\/www.cinam.univ-mrs.fr\/cinam\/wp-json\/wp\/v2\/pages"}],"about":[{"href":"https:\/\/www.cinam.univ-mrs.fr\/cinam\/wp-json\/wp\/v2\/types\/page"}],"author":[{"embeddable":true,"href":"https:\/\/www.cinam.univ-mrs.fr\/cinam\/wp-json\/wp\/v2\/users\/5"}],"replies":[{"embeddable":true,"href":"https:\/\/www.cinam.univ-mrs.fr\/cinam\/wp-json\/wp\/v2\/comments?post=9029"}],"version-history":[{"count":7,"href":"https:\/\/www.cinam.univ-mrs.fr\/cinam\/wp-json\/wp\/v2\/pages\/9029\/revisions"}],"predecessor-version":[{"id":9853,"href":"https:\/\/www.cinam.univ-mrs.fr\/cinam\/wp-json\/wp\/v2\/pages\/9029\/revisions\/9853"}],"wp:attachment":[{"href":"https:\/\/www.cinam.univ-mrs.fr\/cinam\/wp-json\/wp\/v2\/media?parent=9029"}],"curies":[{"name":"wp","href":"https:\/\/api.w.org\/{rel}","templated":true}]}}