{"id":9090,"date":"2021-07-22T17:00:37","date_gmt":"2021-07-22T15:00:37","guid":{"rendered":"http:\/\/www.cinam.univ-mrs.fr\/cinam\/?page_id=9090"},"modified":"2022-02-25T10:34:35","modified_gmt":"2022-02-25T09:34:35","slug":"projets-sources-datomes-de-molecules-et-dions","status":"publish","type":"page","link":"https:\/\/www.cinam.univ-mrs.fr\/cinam\/projets-sources-datomes-de-molecules-et-dions\/","title":{"rendered":"Projet: Sources d\u2019Atomes de Mol\u00e9cules et d\u2019Ions"},"content":{"rendered":"<div id=\"pl-9090\"  class=\"panel-layout\" ><div id=\"pg-9090-0\"  class=\"panel-grid panel-no-style\" ><div id=\"pgc-9090-0-0\"  class=\"panel-grid-cell\" ><div id=\"panel-9090-0-0-0\" class=\"so-panel widget widget_sow-editor panel-first-child panel-last-child\" data-index=\"0\" ><div\n\t\t\t\n\t\t\tclass=\"so-widget-sow-editor so-widget-sow-editor-base\"\n\t\t\t\n\t\t>\n<div class=\"siteorigin-widget-tinymce textwidget\">\n\t<p><a href=\"mailto:alain.degiovanni@univ-amu.fr\">Contact: A. Degiovanni<\/a><\/p>\n<p>En Collaboration avec l\u2019IM2NP (plus particuli\u00e8rement avec R. Dain\u00e9che), nous d\u00e9veloppons un nouveau type de source d\u2019atomes, de mol\u00e9cules et d\u2019ions dont la taille est de quelques dizaines de nanom\u00e8tres voire quelques nanom\u00e8tres. Nos sources sont constitu\u00e9es d\u2019un capillaire \u00e9tir\u00e9 en forme de nano-pipette. L\u2019extr\u00e9mit\u00e9 de la partie \u00e9tir\u00e9e constitue l\u2019\u00e9l\u00e9ment de base de notre source. L\u2019int\u00e9rieur du capillaire ayant \u00e9t\u00e9 au pr\u00e9alable charg\u00e9 en mat\u00e9riau constituant la source d\u2019atomes ou de mol\u00e9cules. Une polarisation de ce mat\u00e9riau ins\u00e9r\u00e9 dans le capillaire permet aussi, par ionisation de r\u00e9aliser des sources d\u2019ions. Ces sources de petite taille peuvent d\u2019une part constitu\u00e9es des sources tr\u00e8s brillantes et d\u2019autre part permettre, si elles sont int\u00e9gr\u00e9s \u00e0 des positionneurs submicrom\u00e9triques, d\u2019envisager des applications dans l\u2019\u00e9laboration de structures \u00e0 une \u00e9chelle du m\u00eame ordre de grandeur que la taille de l\u2019orifice de la nano-pipette (quelques dizaine de nanom\u00e8tres, voire quelques nanom\u00e8tres).<\/p>\n<figure id=\"attachment_9129\" aria-describedby=\"caption-attachment-9129\" style=\"width: 484px\" class=\"wp-caption alignnone\"><img decoding=\"async\" loading=\"lazy\" class=\"wp-image-9129 size-full\" src=\"http:\/\/www.cinam.univ-mrs.fr\/cinam\/wp-content\/uploads\/2021\/07\/image_source_atome.jpg\" alt=\"\" width=\"484\" height=\"359\" srcset=\"https:\/\/www.cinam.univ-mrs.fr\/cinam\/wp-content\/uploads\/2021\/07\/image_source_atome.jpg 484w, https:\/\/www.cinam.univ-mrs.fr\/cinam\/wp-content\/uploads\/2021\/07\/image_source_atome-300x223.jpg 300w\" sizes=\"(max-width: 484px) 100vw, 484px\" \/><figcaption id=\"caption-attachment-9129\" class=\"wp-caption-text\">Source positionn\u00e9e en face d\u2019une lame de Silicium<\/figcaption><\/figure>\n<\/div>\n<\/div><\/div><\/div><\/div><\/div>","protected":false},"excerpt":{"rendered":"<p>Contact: A. Degiovanni En Collaboration avec l\u2019IM2NP (plus particuli\u00e8rement avec R. Dain\u00e9che), nous d\u00e9veloppons un nouveau type de source d\u2019atomes, de mol\u00e9cules et d\u2019ions dont la taille est de quelques dizaines de nanom\u00e8tres voire quelques nanom\u00e8tres. Nos sources sont constitu\u00e9es d\u2019un capillaire \u00e9tir\u00e9 en forme de nano-pipette. L\u2019extr\u00e9mit\u00e9 de la partie \u00e9tir\u00e9e constitue l\u2019\u00e9l\u00e9ment de <\/p>\n","protected":false},"author":5,"featured_media":0,"parent":0,"menu_order":0,"comment_status":"closed","ping_status":"closed","template":"","meta":[],"aioseo_notices":[],"_links":{"self":[{"href":"https:\/\/www.cinam.univ-mrs.fr\/cinam\/wp-json\/wp\/v2\/pages\/9090"}],"collection":[{"href":"https:\/\/www.cinam.univ-mrs.fr\/cinam\/wp-json\/wp\/v2\/pages"}],"about":[{"href":"https:\/\/www.cinam.univ-mrs.fr\/cinam\/wp-json\/wp\/v2\/types\/page"}],"author":[{"embeddable":true,"href":"https:\/\/www.cinam.univ-mrs.fr\/cinam\/wp-json\/wp\/v2\/users\/5"}],"replies":[{"embeddable":true,"href":"https:\/\/www.cinam.univ-mrs.fr\/cinam\/wp-json\/wp\/v2\/comments?post=9090"}],"version-history":[{"count":7,"href":"https:\/\/www.cinam.univ-mrs.fr\/cinam\/wp-json\/wp\/v2\/pages\/9090\/revisions"}],"predecessor-version":[{"id":9881,"href":"https:\/\/www.cinam.univ-mrs.fr\/cinam\/wp-json\/wp\/v2\/pages\/9090\/revisions\/9881"}],"wp:attachment":[{"href":"https:\/\/www.cinam.univ-mrs.fr\/cinam\/wp-json\/wp\/v2\/media?parent=9090"}],"curies":[{"name":"wp","href":"https:\/\/api.w.org\/{rel}","templated":true}]}}