{"id":9135,"date":"2021-07-22T17:00:37","date_gmt":"2021-07-22T15:00:37","guid":{"rendered":"http:\/\/www.cinam.univ-mrs.fr\/cinam\/?page_id=9135"},"modified":"2022-02-25T10:31:05","modified_gmt":"2022-02-25T09:31:05","slug":"projet-sonder-les-interfaces-liquide-liquide","status":"publish","type":"page","link":"https:\/\/www.cinam.univ-mrs.fr\/cinam\/projet-sonder-les-interfaces-liquide-liquide\/","title":{"rendered":"Projet: Sonder les Interfaces Liquide \/ Liquide"},"content":{"rendered":"<div id=\"pl-9135\"  class=\"panel-layout\" ><div id=\"pg-9135-0\"  class=\"panel-grid panel-no-style\" ><div id=\"pgc-9135-0-0\"  class=\"panel-grid-cell\" ><div id=\"panel-9135-0-0-0\" class=\"so-panel widget widget_sow-editor panel-first-child panel-last-child\" data-index=\"0\" ><div\n\t\t\t\n\t\t\tclass=\"so-widget-sow-editor so-widget-sow-editor-base\"\n\t\t\t\n\t\t>\n<div class=\"siteorigin-widget-tinymce textwidget\">\n\t<p><a href=\"mailto:hubert.klein@univ-amu.fr\">Contact: H. Klein<\/a><\/p>\n<p>Les microscopes \u00e0 force atomique classique (AFM), permettent d\u2019imager des surfaces solides et de mesurer des forces d\u2019interaction. Leur conception n\u2019est pas adapt\u00e9e \u00e0 des mesures sur les interfaces entre liquides qui sont beaucoup plus souples.Nous avons d\u00e9velopp\u00e9 un AFM au design original, bas\u00e9 sur une sonde oscillante \u00e0 fibre suspendue qui permet d\u2019\u00e9tudier ces interfaces.<\/p>\n<p>Cet AFM permet des mesures quantitatives de la dissipation (frottement) ainsi que des masses de fluide d\u00e9plac\u00e9es au cours de l\u2019oscillation de la sonde. Le d\u00e9placement vertical contr\u00f4l\u00e9 de grande amplitude \u00a0permet de traverser l\u2019interface entre deux liquides et de suivre l\u2019\u00e9volution de ces signaux. On peut ainsi visualiser la formation d\u2019un m\u00e9nisque sur la sonde \u00e0 l\u2019interface entre deux liquides immiscibles, ainsi que la dissipation associ\u00e9e.<\/p>\n<p>&nbsp;<\/p>\n<p>Ce microscope permet d\u2019envisager la caract\u00e9risation et la manipulation de l\u2019interface entre deux liquides \u00e0 l\u2019\u00e9chelle locale. Dans le cadre du projet de <a href=\"http:\/\/www.cinam.univ-mrs.fr\/cinam\/ssp-pls-nucl\/\">nucl\u00e9ation en milieu confin\u00e9<\/a>, nous envisageons d\u2019utiliser la dissipation d\u2019\u00e9nergie \u00e0 l\u2019interface pour induire la nucl\u00e9ation, et caract\u00e9riser quantitativement le ph\u00e9nom\u00e8ne d\u2019apparition du germe cristallin.<\/p>\n<p>&nbsp;<\/p>\n<p>&nbsp;<\/p>\n<\/div>\n<\/div><\/div><\/div><div id=\"pgc-9135-0-1\"  class=\"panel-grid-cell\" ><div id=\"panel-9135-0-1-0\" class=\"so-panel widget widget_sow-editor panel-first-child panel-last-child\" data-index=\"1\" ><div\n\t\t\t\n\t\t\tclass=\"so-widget-sow-editor so-widget-sow-editor-base\"\n\t\t\t\n\t\t>\n<div class=\"siteorigin-widget-tinymce textwidget\">\n\t<p><img decoding=\"async\" loading=\"lazy\" class=\"wp-image-9138 size-large\" src=\"http:\/\/www.cinam.univ-mrs.fr\/cinam\/wp-content\/uploads\/2021\/07\/sonde_fibr\u00e9es_small-1024x682.jpg\" alt=\"\" width=\"525\" height=\"350\" \/><\/p>\n<p><em>Sonde fibr\u00e9e construite \u00e0 partir d\u2019un diapason de montre en quartz.\u00a0 <\/em><em>La fibre seule est immerg\u00e9e, ici au contact d\u2019une interface entre une goutte d\u2019eau et du PDMS.<\/em><\/p>\n<figure id=\"attachment_9140\" aria-describedby=\"caption-attachment-9140\" style=\"width: 525px\" class=\"wp-caption alignnone\"><img decoding=\"async\" loading=\"lazy\" class=\"wp-image-9140 size-large\" src=\"http:\/\/www.cinam.univ-mrs.fr\/cinam\/wp-content\/uploads\/2021\/07\/courbe_AFM_interface-1024x660.jpg\" alt=\"\" width=\"525\" height=\"338\" srcset=\"https:\/\/www.cinam.univ-mrs.fr\/cinam\/wp-content\/uploads\/2021\/07\/courbe_AFM_interface-1024x660.jpg 1024w, https:\/\/www.cinam.univ-mrs.fr\/cinam\/wp-content\/uploads\/2021\/07\/courbe_AFM_interface-300x193.jpg 300w, https:\/\/www.cinam.univ-mrs.fr\/cinam\/wp-content\/uploads\/2021\/07\/courbe_AFM_interface-768x495.jpg 768w, https:\/\/www.cinam.univ-mrs.fr\/cinam\/wp-content\/uploads\/2021\/07\/courbe_AFM_interface.jpg 1414w\" sizes=\"(max-width: 525px) 100vw, 525px\" \/><figcaption id=\"caption-attachment-9140\" class=\"wp-caption-text\"><em>Franchissement de l\u2019interface entre une huile PDMS et une goutte d\u2019eau. <br \/>On visualise la discontinuit\u00e9 de densit\u00e9 entre les deux liquides, ainsi que la formation (courbe bleue) et la rupture (courbe rouge) d\u2019un m\u00e9nisque d\u2019eau sur la fibre de la sonde.<\/em><\/figcaption><\/figure>\n<\/div>\n<\/div><\/div><\/div><\/div><\/div>","protected":false},"excerpt":{"rendered":"<p>Contact: H. Klein Les microscopes \u00e0 force atomique classique (AFM), permettent d\u2019imager des surfaces solides et de mesurer des forces d\u2019interaction. Leur conception n\u2019est pas adapt\u00e9e \u00e0 des mesures sur les interfaces entre liquides qui sont beaucoup plus souples.Nous avons d\u00e9velopp\u00e9 un AFM au design original, bas\u00e9 sur une sonde oscillante \u00e0 fibre suspendue qui <\/p>\n","protected":false},"author":5,"featured_media":0,"parent":0,"menu_order":0,"comment_status":"closed","ping_status":"closed","template":"","meta":[],"aioseo_notices":[],"_links":{"self":[{"href":"https:\/\/www.cinam.univ-mrs.fr\/cinam\/wp-json\/wp\/v2\/pages\/9135"}],"collection":[{"href":"https:\/\/www.cinam.univ-mrs.fr\/cinam\/wp-json\/wp\/v2\/pages"}],"about":[{"href":"https:\/\/www.cinam.univ-mrs.fr\/cinam\/wp-json\/wp\/v2\/types\/page"}],"author":[{"embeddable":true,"href":"https:\/\/www.cinam.univ-mrs.fr\/cinam\/wp-json\/wp\/v2\/users\/5"}],"replies":[{"embeddable":true,"href":"https:\/\/www.cinam.univ-mrs.fr\/cinam\/wp-json\/wp\/v2\/comments?post=9135"}],"version-history":[{"count":16,"href":"https:\/\/www.cinam.univ-mrs.fr\/cinam\/wp-json\/wp\/v2\/pages\/9135\/revisions"}],"predecessor-version":[{"id":9879,"href":"https:\/\/www.cinam.univ-mrs.fr\/cinam\/wp-json\/wp\/v2\/pages\/9135\/revisions\/9879"}],"wp:attachment":[{"href":"https:\/\/www.cinam.univ-mrs.fr\/cinam\/wp-json\/wp\/v2\/media?parent=9135"}],"curies":[{"name":"wp","href":"https:\/\/api.w.org\/{rel}","templated":true}]}}