{"id":9216,"date":"2021-07-30T18:39:41","date_gmt":"2021-07-30T16:39:41","guid":{"rendered":"http:\/\/www.cinam.univ-mrs.fr\/cinam\/?page_id=9216"},"modified":"2022-02-25T10:02:30","modified_gmt":"2022-02-25T09:02:30","slug":"projet-ecoulement-dans-les-nanopipettes","status":"publish","type":"page","link":"https:\/\/www.cinam.univ-mrs.fr\/cinam\/projet-ecoulement-dans-les-nanopipettes\/","title":{"rendered":"Projet: \u00c9coulement dans les nanopipettes"},"content":{"rendered":"<div id=\"pl-9216\"  class=\"panel-layout\" ><div id=\"pg-9216-0\"  class=\"panel-grid panel-no-style\" ><div id=\"pgc-9216-0-0\"  class=\"panel-grid-cell\" ><div id=\"panel-9216-0-0-0\" class=\"so-panel widget widget_sow-editor panel-first-child panel-last-child\" data-index=\"0\" ><div\n\t\t\t\n\t\t\tclass=\"so-widget-sow-editor so-widget-sow-editor-base\"\n\t\t\t\n\t\t>\n<div class=\"siteorigin-widget-tinymce textwidget\">\n\t<p><a href=\"mailto:evelyne.salancon@univ-amu.fr\">Contact: E. Salan\u00e7on<\/a><\/p>\n<p style=\"text-align: left\">Les nanopipettes sont des capillaires de silice pure \u00e9tir\u00e9s qui se terminent par une embouchure dont le diam\u00e8tre peut atteindre quelques nanom\u00e8tres seulement. Ces objets, facile \u00e0 fabriquer, sont tr\u00e8s utilis\u00e9s comme sondes locales en champ proche (scanning ion conductance microscopy) ou en solution directement pour la d\u00e9tection de mol\u00e9cules uniques (single molecule detection). Pourtant, la g\u00e9om\u00e9trie des nanopipettes est telle que le remplissage peut parfois poser des difficult\u00e9s\u00a0: une m\u00e9thode bas\u00e9e sur la \u00ab\u00a0microdistillation dynamique\u00a0\u00bb pr\u00e9sent\u00e9e dans le film ci-dessous a \u00e9t\u00e9 d\u00e9velopp\u00e9e. Depuis, nous nous int\u00e9ressons aux r\u00e9ponses \u00e9lectriques en solution saline de ce type d\u2019objets\u00a0; L\u00e0 encore, comme pour l\u2019\u00e9coulement du gaz, la forme des pipettes influence grandement la r\u00e9ponse \u00e9lectrique qui peut pr\u00e9senter des effets de blocage, de diode ou de r\u00e9sistivit\u00e9 selon les cas (concentration saline, forme).<\/p>\n<div style=\"width: 525px;\" class=\"wp-video\"><!--[if lt IE 9]><script>document.createElement('video');<\/script><![endif]-->\n<video class=\"wp-video-shortcode\" id=\"video-9216-1\" width=\"525\" height=\"295\" preload=\"metadata\" controls=\"controls\"><source type=\"video\/mp4\" src=\"http:\/\/www.cinam.univ-mrs.fr\/page\/veesler\/film_distil.mp4?_=1\" \/><a href=\"http:\/\/www.cinam.univ-mrs.fr\/page\/veesler\/film_distil.mp4\">http:\/\/www.cinam.univ-mrs.fr\/page\/veesler\/film_distil.mp4<\/a><\/video><\/div>\n<\/div>\n<\/div><\/div><\/div><\/div><\/div>","protected":false},"excerpt":{"rendered":"<p>Contact: E. Salan\u00e7on Les nanopipettes sont des capillaires de silice pure \u00e9tir\u00e9s qui se terminent par une embouchure dont le diam\u00e8tre peut atteindre quelques nanom\u00e8tres seulement. Ces objets, facile \u00e0 fabriquer, sont tr\u00e8s utilis\u00e9s comme sondes locales en champ proche (scanning ion conductance microscopy) ou en solution directement pour la d\u00e9tection de mol\u00e9cules uniques (single <\/p>\n","protected":false},"author":5,"featured_media":0,"parent":0,"menu_order":0,"comment_status":"closed","ping_status":"closed","template":"","meta":[],"aioseo_notices":[],"_links":{"self":[{"href":"https:\/\/www.cinam.univ-mrs.fr\/cinam\/wp-json\/wp\/v2\/pages\/9216"}],"collection":[{"href":"https:\/\/www.cinam.univ-mrs.fr\/cinam\/wp-json\/wp\/v2\/pages"}],"about":[{"href":"https:\/\/www.cinam.univ-mrs.fr\/cinam\/wp-json\/wp\/v2\/types\/page"}],"author":[{"embeddable":true,"href":"https:\/\/www.cinam.univ-mrs.fr\/cinam\/wp-json\/wp\/v2\/users\/5"}],"replies":[{"embeddable":true,"href":"https:\/\/www.cinam.univ-mrs.fr\/cinam\/wp-json\/wp\/v2\/comments?post=9216"}],"version-history":[{"count":11,"href":"https:\/\/www.cinam.univ-mrs.fr\/cinam\/wp-json\/wp\/v2\/pages\/9216\/revisions"}],"predecessor-version":[{"id":9858,"href":"https:\/\/www.cinam.univ-mrs.fr\/cinam\/wp-json\/wp\/v2\/pages\/9216\/revisions\/9858"}],"wp:attachment":[{"href":"https:\/\/www.cinam.univ-mrs.fr\/cinam\/wp-json\/wp\/v2\/media?parent=9216"}],"curies":[{"name":"wp","href":"https:\/\/api.w.org\/{rel}","templated":true}]}}