{"id":9289,"date":"2021-07-15T11:11:42","date_gmt":"2021-07-15T09:11:42","guid":{"rendered":"http:\/\/www.cinam.univ-mrs.fr\/cinam\/interets-biomedicaux\/"},"modified":"2022-03-16T09:40:24","modified_gmt":"2022-03-16T08:40:24","slug":"interets-biomedicaux","status":"publish","type":"page","link":"https:\/\/www.cinam.univ-mrs.fr\/cinam\/interets-biomedicaux\/","title":{"rendered":"Int\u00e9r\u00eats Biomedicaux"},"content":{"rendered":"<div id=\"pl-9289\"  class=\"panel-layout\" ><div id=\"pg-9289-0\"  class=\"panel-grid panel-no-style\" ><div id=\"pgc-9289-0-0\"  class=\"panel-grid-cell\" ><div id=\"panel-9289-0-0-0\" class=\"so-panel widget widget_sow-editor panel-first-child panel-last-child\" data-index=\"0\" ><div\n\t\t\t\n\t\t\tclass=\"so-widget-sow-editor so-widget-sow-editor-base\"\n\t\t\t\n\t\t>\n<div class=\"siteorigin-widget-tinymce textwidget\">\n\t<p>Les \u00e9tudes fondamentales r\u00e9alis\u00e9es en solution peuvent aider \u00e0 r\u00e9pondre \u00e0 des questions biom\u00e9dicales\u00a0: la manipulation des mol\u00e9cules individuelles (prot\u00e9ine, ADN) par l\u2019<a href=\"https:\/\/www.cinam.univ-mrs.fr\/cinam\/projet-ecoulement-dans-les-nanopipettes\/\">\u00e9coulement dans les nano-pipettes<\/a> et la <a href=\"https:\/\/www.cinam.univ-mrs.fr\/cinam\/projet-caracterisation-de-proteines-membranaires\/\">caract\u00e9risation de prot\u00e9ines membranaires<\/a> par s\u00e9paration dans une bicouche support\u00e9e. En microfluidique, la loi d\u2019\u00e9chelle que nous avons \u00e9tablie, reliant la taille des microgouttes au cisaillement tangentiel (<a href=\"https:\/\/hal.archives-ouvertes.fr\/hal-01278233\"><em>Chemical Engineering Science<\/em> 138:128-139 (2015)<\/a>), aide \u00e0 la g\u00e9n\u00e9ration de <a href=\"https:\/\/www.cinam.univ-mrs.fr\/cinam\/projet-microparticules-biomimetiques\/\">microparticules biomim\u00e9tiques<\/a> pour mimer des globules rouges ou \u00e0 l\u2019encapsulation de cristaux.<\/p>\n<p>Toutes ces exp\u00e9riences sur des syst\u00e8mes complexes sont enrichies par la <a href=\"http:\/\/www.cinam.univ-mrs.fr\/cinam\/?page_id=9484\">simulation Microfluidique<\/a> qui permet de les d\u00e9crire gr\u00e2ce \u00e0 l\u2019outil de mod\u00e9lisation par \u00e9l\u00e9ments finis COMSOL. A travers la simulation, nous nous int\u00e9ressons \u00e9galement \u00e0 d\u2019autres projets tels que l\u2019\u00e9coulement dans une diode microfluidique pour contr\u00f4ler la d\u00e9livrance de m\u00e9dicament, la chimiotaxie de cellules immunitaires, les effets de la rigidit\u00e9 de la valve veineuse dans les thromboses, l\u2019utilisation des <a href=\"http:\/\/www.cinam.univ-mrs.fr\/cinam\/?page_id=9148\">micro-ondes<\/a> pour sonder des tissus et des bio\u2011fluides et la\u00a0nucl\u00e9ation en milieu confin\u00e9.<\/p>\n<p>Gr\u00e2ce aux exp\u00e9riences et aux simulations, nous visons des dispositifs m\u00e9dicaux innovants\u00a0comme un capteur de glyc\u00e9mie non\u2011invasif, une micro-pompe \u00e0 m\u00e9dicament sans valve et des microcristaux encapsul\u00e9s pour la th\u00e9rapie localis\u00e9e et le diagnostic.<\/p>\n<ul>\n<li><a href=\"http:\/\/www.cinam.univ-mrs.fr\/cinam\/?page_id=9439&amp;preview=true\">Microparticules Biomim\u00e9tiques<\/a><\/li>\n<li><a href=\"http:\/\/www.cinam.univ-mrs.fr\/cinam\/?page_id=9484\">Simulation Microfluidique<\/a><\/li>\n<li><a href=\"http:\/\/www.cinam.univ-mrs.fr\/cinam\/?page_id=9468\">Caract\u00e9risation de Prot\u00e9ines Membranaires<\/a><\/li>\n<li><a href=\"http:\/\/www.cinam.univ-mrs.fr\/cinam\/?page_id=9216\">Ecoulement dans les Nanopipettes<\/a><\/li>\n<li><a href=\"http:\/\/www.cinam.univ-mrs.fr\/cinam\/?page_id=9148\">Micro-ondes<\/a><\/li>\n<\/ul>\n<\/div>\n<\/div><\/div><\/div><\/div><\/div>","protected":false},"excerpt":{"rendered":"<p>Les \u00e9tudes fondamentales r\u00e9alis\u00e9es en solution peuvent aider \u00e0 r\u00e9pondre \u00e0 des questions biom\u00e9dicales\u00a0: la manipulation des mol\u00e9cules individuelles (prot\u00e9ine, ADN) par l\u2019\u00e9coulement dans les nano-pipettes et la caract\u00e9risation de prot\u00e9ines membranaires par s\u00e9paration dans une bicouche support\u00e9e. En microfluidique, la loi d\u2019\u00e9chelle que nous avons \u00e9tablie, reliant la taille des microgouttes au cisaillement tangentiel <\/p>\n","protected":false},"author":5,"featured_media":0,"parent":0,"menu_order":0,"comment_status":"closed","ping_status":"closed","template":"","meta":[],"aioseo_notices":[],"_links":{"self":[{"href":"https:\/\/www.cinam.univ-mrs.fr\/cinam\/wp-json\/wp\/v2\/pages\/9289"}],"collection":[{"href":"https:\/\/www.cinam.univ-mrs.fr\/cinam\/wp-json\/wp\/v2\/pages"}],"about":[{"href":"https:\/\/www.cinam.univ-mrs.fr\/cinam\/wp-json\/wp\/v2\/types\/page"}],"author":[{"embeddable":true,"href":"https:\/\/www.cinam.univ-mrs.fr\/cinam\/wp-json\/wp\/v2\/users\/5"}],"replies":[{"embeddable":true,"href":"https:\/\/www.cinam.univ-mrs.fr\/cinam\/wp-json\/wp\/v2\/comments?post=9289"}],"version-history":[{"count":13,"href":"https:\/\/www.cinam.univ-mrs.fr\/cinam\/wp-json\/wp\/v2\/pages\/9289\/revisions"}],"predecessor-version":[{"id":10044,"href":"https:\/\/www.cinam.univ-mrs.fr\/cinam\/wp-json\/wp\/v2\/pages\/9289\/revisions\/10044"}],"wp:attachment":[{"href":"https:\/\/www.cinam.univ-mrs.fr\/cinam\/wp-json\/wp\/v2\/media?parent=9289"}],"curies":[{"name":"wp","href":"https:\/\/api.w.org\/{rel}","templated":true}]}}