{"id":9302,"date":"2021-07-22T16:59:58","date_gmt":"2021-07-22T14:59:58","guid":{"rendered":"http:\/\/www.cinam.univ-mrs.fr\/cinam\/projet-source-delectrons-isolant-sur-conducteur\/"},"modified":"2022-02-25T10:20:55","modified_gmt":"2022-02-25T09:20:55","slug":"projet-source-delectrons-isolant-sur-conducteur","status":"publish","type":"page","link":"https:\/\/www.cinam.univ-mrs.fr\/cinam\/projet-source-delectrons-isolant-sur-conducteur\/","title":{"rendered":"Projet: Source d\u2019\u00e9lectrons Isolant sur Conducteur"},"content":{"rendered":"<div id=\"pl-9302\"  class=\"panel-layout\" ><div id=\"pg-9302-0\"  class=\"panel-grid panel-no-style\" ><div id=\"pgc-9302-0-0\"  class=\"panel-grid-cell\" ><div id=\"panel-9302-0-0-0\" class=\"so-panel widget widget_sow-editor panel-first-child panel-last-child\" data-index=\"0\" ><div\n\t\t\t\n\t\t\tclass=\"so-widget-sow-editor so-widget-sow-editor-base\"\n\t\t\t\n\t\t>\n<div class=\"siteorigin-widget-tinymce textwidget\">\n\t<p><a href=\"mailto:evelyne.salancon@univ-amu.fr\">Contact: E. Salan\u00e7on<\/a><\/p>\n<p>Voici une source d\u2019\u00e9lectrons qui d\u00e9fie le physicien!<br \/>\nUn petit cristal isolant (&lt;1\u03bcm de taille lat\u00e9rale et &lt; 50nm d\u2019\u00e9paisseur) d\u00e9pos\u00e9 sur un conducteur (carbone, tungst\u00e8ne\u2026) \u00e9met des \u00e9lectrons lorsque le conducteur est polaris\u00e9 n\u00e9gativement par rapport \u00e0 un extracteur. Les caract\u00e9ristiques d\u2019\u00e9mission suivent un processus de Fowler-Nordheim sur plus de 10 ordres de grandeur avant d\u2019atteindre une saturation et les intensit\u00e9s angulaires d\u2019\u00e9mission atteignent des centaine de \u03bcA\/sr. Le champ \u00e9lectrique externe appliqu\u00e9 est de l\u2019ordre du V\/\u03bcm, ce qui pour un processus d\u2019\u00e9mission froide \u00e0 \u00e9mission de champ est tr\u00e8s surprenant. G\u00e9n\u00e9ralement, l\u2019\u00e9mission de champ requiert des champs de quelques V\/nm.<br \/>\nNous nous int\u00e9ressons, \u00e0 la fois aux applications potentielles de ce processus mais aussi \u00e0 la compr\u00e9hension fondamentale des m\u00e9canismes mis en jeu.<\/p>\n<\/div>\n<\/div><\/div><\/div><div id=\"pgc-9302-0-1\"  class=\"panel-grid-cell\" ><div id=\"panel-9302-0-1-0\" class=\"so-panel widget widget_sow-editor panel-first-child panel-last-child\" data-index=\"1\" ><div\n\t\t\t\n\t\t\tclass=\"so-widget-sow-editor so-widget-sow-editor-base\"\n\t\t\t\n\t\t>\n<div class=\"siteorigin-widget-tinymce textwidget\">\n\t<p><img decoding=\"async\" loading=\"lazy\" class=\"alignnone size-full wp-image-9094\" src=\"http:\/\/www.cinam.univ-mrs.fr\/cinam\/wp-content\/uploads\/2021\/07\/12-Salancon1Celadonite-75x50.jpg\" alt=\"\" width=\"945\" height=\"630\" srcset=\"https:\/\/www.cinam.univ-mrs.fr\/cinam\/wp-content\/uploads\/2021\/07\/12-Salancon1Celadonite-75x50.jpg 945w, https:\/\/www.cinam.univ-mrs.fr\/cinam\/wp-content\/uploads\/2021\/07\/12-Salancon1Celadonite-75x50-300x200.jpg 300w, https:\/\/www.cinam.univ-mrs.fr\/cinam\/wp-content\/uploads\/2021\/07\/12-Salancon1Celadonite-75x50-768x512.jpg 768w, https:\/\/www.cinam.univ-mrs.fr\/cinam\/wp-content\/uploads\/2021\/07\/12-Salancon1Celadonite-75x50-272x182.jpg 272w\" sizes=\"(max-width: 706px) 89vw, (max-width: 767px) 82vw, 740px\" \/><\/p>\n<\/div>\n<\/div><\/div><\/div><\/div><\/div>","protected":false},"excerpt":{"rendered":"<p>Contact: E. Salan\u00e7on Voici une source d\u2019\u00e9lectrons qui d\u00e9fie le physicien! Un petit cristal isolant (&lt;1\u03bcm de taille lat\u00e9rale et &lt; 50nm d\u2019\u00e9paisseur) d\u00e9pos\u00e9 sur un conducteur (carbone, tungst\u00e8ne\u2026) \u00e9met des \u00e9lectrons lorsque le conducteur est polaris\u00e9 n\u00e9gativement par rapport \u00e0 un extracteur. Les caract\u00e9ristiques d\u2019\u00e9mission suivent un processus de Fowler-Nordheim sur plus de 10 <\/p>\n","protected":false},"author":5,"featured_media":0,"parent":0,"menu_order":0,"comment_status":"closed","ping_status":"closed","template":"","meta":[],"aioseo_notices":[],"_links":{"self":[{"href":"https:\/\/www.cinam.univ-mrs.fr\/cinam\/wp-json\/wp\/v2\/pages\/9302"}],"collection":[{"href":"https:\/\/www.cinam.univ-mrs.fr\/cinam\/wp-json\/wp\/v2\/pages"}],"about":[{"href":"https:\/\/www.cinam.univ-mrs.fr\/cinam\/wp-json\/wp\/v2\/types\/page"}],"author":[{"embeddable":true,"href":"https:\/\/www.cinam.univ-mrs.fr\/cinam\/wp-json\/wp\/v2\/users\/5"}],"replies":[{"embeddable":true,"href":"https:\/\/www.cinam.univ-mrs.fr\/cinam\/wp-json\/wp\/v2\/comments?post=9302"}],"version-history":[{"count":3,"href":"https:\/\/www.cinam.univ-mrs.fr\/cinam\/wp-json\/wp\/v2\/pages\/9302\/revisions"}],"predecessor-version":[{"id":10802,"href":"https:\/\/www.cinam.univ-mrs.fr\/cinam\/wp-json\/wp\/v2\/pages\/9302\/revisions\/10802"}],"wp:attachment":[{"href":"https:\/\/www.cinam.univ-mrs.fr\/cinam\/wp-json\/wp\/v2\/media?parent=9302"}],"curies":[{"name":"wp","href":"https:\/\/api.w.org\/{rel}","templated":true}]}}