{"id":9468,"date":"2021-09-30T11:14:59","date_gmt":"2021-09-30T09:14:59","guid":{"rendered":"http:\/\/www.cinam.univ-mrs.fr\/cinam\/?page_id=9468"},"modified":"2022-11-21T10:55:38","modified_gmt":"2022-11-21T09:55:38","slug":"projet-caracterisation-de-proteines-membranaires","status":"publish","type":"page","link":"https:\/\/www.cinam.univ-mrs.fr\/cinam\/projet-caracterisation-de-proteines-membranaires\/","title":{"rendered":"Projet: Caract\u00e9risation de Prot\u00e9ines Membranaires"},"content":{"rendered":"<div id=\"pl-9468\"  class=\"panel-layout\" ><div id=\"pg-9468-0\"  class=\"panel-grid panel-no-style\" ><div id=\"pgc-9468-0-0\"  class=\"panel-grid-cell\" ><div id=\"panel-9468-0-0-0\" class=\"so-panel widget widget_sow-editor panel-first-child panel-last-child\" data-index=\"0\" ><div\n\t\t\t\n\t\t\tclass=\"so-widget-sow-editor so-widget-sow-editor-base\"\n\t\t\t\n\t\t>\n<div class=\"siteorigin-widget-tinymce textwidget\">\n\t<p><a href=\"mailto:stephane.veesler@cnrs.fr\">Contact: S. Veesler<\/a><\/p>\n<p>Les prot\u00e9ines membranaires sont cod\u00e9es par le tiers du code g\u00e9n\u00e9tique humain. A nos jours, on conna\u00eet l\u2019existence de 8000 prot\u00e9ines membranaires environ et que 50 structures bien r\u00e9solus. Ces prot\u00e9ines sont d\u2019une grande importance dans le domaine de la biologie ce qui m\u00e8ne les chercheurs \u00e0 \u00e9tudier la structure tridimensionnelle des prot\u00e9ines membranaires afin de comprendre le m\u00e9canisme de fonctionnement de ces derni\u00e8res et donc avoir une notion de leurs fonctions. Cependant, du fait de leur caract\u00e8re hydrophobe, la purification des prot\u00e9ines membranaires de son environnement est une man\u0153uvre tr\u00e8s difficile et qui rend l\u2019\u00e9tude de sa structure laborieuse.\u00a0 Ce projet porte sur la s\u00e9paration par \u00e9lectrophor\u00e8se des prot\u00e9ines membranaires, extraites de la membrane plasmique cellulaire, et ins\u00e9r\u00e9es dans une bicouche lipidique support\u00e9e.<\/p>\n<p><strong><em>Cette \u00e9tude <\/em><\/strong><strong><em>fait l\u2019objet d\u2019une collaboration avec l\u2019Universit\u00e9 Libanaise de Balamand\u00a0 - Dr. F. Harb Professeur invit\u00e9 AMU juin-juillet 2023<br \/>\n<\/em><\/strong><\/p>\n<\/div>\n<\/div><\/div><\/div><\/div><\/div>","protected":false},"excerpt":{"rendered":"<p>Contact: S. Veesler Les prot\u00e9ines membranaires sont cod\u00e9es par le tiers du code g\u00e9n\u00e9tique humain. A nos jours, on conna\u00eet l\u2019existence de 8000 prot\u00e9ines membranaires environ et que 50 structures bien r\u00e9solus. Ces prot\u00e9ines sont d\u2019une grande importance dans le domaine de la biologie ce qui m\u00e8ne les chercheurs \u00e0 \u00e9tudier la structure tridimensionnelle des <\/p>\n","protected":false},"author":5,"featured_media":0,"parent":0,"menu_order":0,"comment_status":"closed","ping_status":"closed","template":"","meta":[],"aioseo_notices":[],"_links":{"self":[{"href":"https:\/\/www.cinam.univ-mrs.fr\/cinam\/wp-json\/wp\/v2\/pages\/9468"}],"collection":[{"href":"https:\/\/www.cinam.univ-mrs.fr\/cinam\/wp-json\/wp\/v2\/pages"}],"about":[{"href":"https:\/\/www.cinam.univ-mrs.fr\/cinam\/wp-json\/wp\/v2\/types\/page"}],"author":[{"embeddable":true,"href":"https:\/\/www.cinam.univ-mrs.fr\/cinam\/wp-json\/wp\/v2\/users\/5"}],"replies":[{"embeddable":true,"href":"https:\/\/www.cinam.univ-mrs.fr\/cinam\/wp-json\/wp\/v2\/comments?post=9468"}],"version-history":[{"count":6,"href":"https:\/\/www.cinam.univ-mrs.fr\/cinam\/wp-json\/wp\/v2\/pages\/9468\/revisions"}],"predecessor-version":[{"id":11375,"href":"https:\/\/www.cinam.univ-mrs.fr\/cinam\/wp-json\/wp\/v2\/pages\/9468\/revisions\/11375"}],"wp:attachment":[{"href":"https:\/\/www.cinam.univ-mrs.fr\/cinam\/wp-json\/wp\/v2\/media?parent=9468"}],"curies":[{"name":"wp","href":"https:\/\/api.w.org\/{rel}","templated":true}]}}